{"id":11379,"date":"2025-01-27T16:05:51","date_gmt":"2025-01-27T14:05:51","guid":{"rendered":"https:\/\/valmeria.ee\/?page_id=11379"},"modified":"2025-04-23T16:34:46","modified_gmt":"2025-04-23T13:34:46","slug":"lillekuller","status":"publish","type":"page","link":"https:\/\/valmeria.ee\/ru\/lillekuller\/","title":{"rendered":"\u0414\u043e\u0441\u0442\u0430\u0432\u043a\u0430 \u0446\u0432\u0435\u0442\u043e\u0432"},"content":{"rendered":"<div class=\"wpb-content-wrapper\"><div class=\"vc_row wpb_row vc_row-fluid\"><div class=\"wpb_column vc_column_container vc_col-sm-6\"><div class=\"vc_column-inner\"><div class=\"wpb_wrapper\">\n\t<div  class=\"wpb_single_image wpb_content_element vc_align_left info-image\">\n\t\t\n\t\t<figure class=\"wpb_wrapper vc_figure\">\n\t\t\t<div class=\"vc_single_image-wrapper   vc_box_border_grey\"><img decoding=\"async\" class=\"vc_single_image-img\" src=\"https:\/\/valmeria.ee\/wp-content\/themes\/woodmart\/images\/lazy.svg\" data-src=\"https:\/\/valmeria.ee\/wp-content\/uploads\/2025\/01\/Delivery-600x400.webp\" width=\"600\" height=\"400\" alt=\"Delivery\" title=\"Delivery\" loading=\"lazy\" \/><\/div>\n\t\t<\/figure>\n\t<\/div>\n<\/div><\/div><\/div><div class=\"wpb_column vc_column_container vc_col-sm-6\"><div class=\"vc_column-inner\"><div class=\"wpb_wrapper\"><h2 style=\"text-align: left;font-family:Merriweather;font-weight:400;font-style:normal\" class=\"vc_custom_heading vc_do_custom_heading\" >\u0418\u043d\u0444\u043e\u0440\u043c\u0430\u0446\u0438\u044f \u043e \u0434\u043e\u0441\u0442\u0430\u0432\u043a\u0435<\/h2>\n\t<div class=\"wpb_text_column wpb_content_element\" >\n\t\t<div class=\"wpb_wrapper\">\n\t\t\t<p><span id=\"page3R_mcid14\" class=\"markedContent\"><\/span>\u041f\u043e\u0441\u044b\u043b\u043a\u0438 \u0432 \u043f\u0440\u0435\u0434\u0435\u043b\u0430\u0445 \u0422\u0430\u043b\u043b\u0438\u043d\u043d\u0430 \u043e\u0431\u044b\u0447\u043d\u043e \u043f\u0440\u0438\u0431\u044b\u0432\u0430\u044e\u0442 \u0432 \u0443\u043a\u0430\u0437\u0430\u043d\u043d\u044b\u0439 \u0432\u0430\u043c\u0438 \u043f\u0443\u043d\u043a\u0442 \u043d\u0430\u0437\u043d\u0430\u0447\u0435\u043d\u0438\u044f \u0432 \u0442\u043e\u0442 \u0436\u0435 \u0434\u0435\u043d\u044c, \u0435\u0441\u043b\u0438 \u0432\u044b \u043e\u0444\u043e\u0440\u043c\u0438\u043b\u0438 \u0437\u0430\u043a\u0430\u0437 \u0434\u043e 17:00, \u0432 \u043f\u0440\u043e\u0442\u0438\u0432\u043d\u043e\u043c \u0441\u043b\u0443\u0447\u0430\u0435 \u2014 \u0432 \u0442\u0435\u0447\u0435\u043d\u0438\u0435 \u0441\u043b\u0435\u0434\u0443\u044e\u0449\u0435\u0433\u043e \u0434\u043d\u044f.<\/p>\n\n\t\t<\/div>\n\t<\/div>\n<h2 style=\"text-align: left;font-family:Merriweather;font-weight:400;font-style:normal\" class=\"vc_custom_heading vc_do_custom_heading\" >\u0417\u043e\u043d\u044b \u0434\u043e\u0441\u0442\u0430\u0432\u043a\u0438<\/h2>\n\t<div class=\"wpb_text_column wpb_content_element\" >\n\t\t<div class=\"wpb_wrapper\">\n\t\t\t<p>\u041a\u0443\u0440\u044c\u0435\u0440 \u0446\u0432\u0435\u0442\u043e\u0447\u043d\u043e\u0433\u043e \u043c\u0430\u0433\u0430\u0437\u0438\u043d\u0430 Valmeria \u043e\u0431\u0441\u043b\u0443\u0436\u0438\u0432\u0430\u0435\u0442 \u043a\u043b\u0438\u0435\u043d\u0442\u043e\u0432 \u0432 \u0422\u0430\u043b\u043b\u0438\u043d\u043d\u0435 \u0438 \u043d\u0435\u043a\u043e\u0442\u043e\u0440\u044b\u0445 \u043d\u0430\u0441\u0435\u043b\u0435\u043d\u043d\u044b\u0445 \u043f\u0443\u043d\u043a\u0442\u0430\u0445 \u0425\u0430\u0440\u044c\u044e\u043c\u0430\u0430, \u0442\u0430\u043a\u0438\u0445 \u043a\u0430\u043a: <strong>Maardu, Muuga, Keila, Viimsi, Peetri<\/strong><\/p>\n\n\t\t<\/div>\n\t<\/div>\n<h2 style=\"text-align: left;font-family:Merriweather;font-weight:400;font-style:normal\" class=\"vc_custom_heading vc_do_custom_heading\" >\u041f\u043e\u0436\u0430\u043b\u0443\u0439\u0441\u0442\u0430, \u043e\u0431\u0440\u0430\u0442\u0438 \u0432\u043d\u0438\u043c\u0430\u043d\u0438\u0435<\/h2>\n\t<div class=\"wpb_text_column wpb_content_element\" >\n\t\t<div class=\"wpb_wrapper\">\n\t\t\t<p><span id=\"page3R_mcid14\" class=\"markedContent\"><\/span>\u0412 \u0431\u043e\u043b\u044c\u0448\u0438\u0435 \u043f\u0440\u0430\u0437\u0434\u043d\u0438\u043a\u0438 (<strong>\u0414\u0435\u043d\u044c \u0441\u0432\u044f\u0442\u043e\u0433\u043e \u0412\u0430\u043b\u0435\u043d\u0442\u0438\u043d\u0430, \u0416\u0435\u043d\u0441\u043a\u0438\u0439 \u0434\u0435\u043d\u044c, \u0414\u0435\u043d\u044c \u043c\u0430\u0442\u0435\u0440\u0438, 1 \u0441\u0435\u043d\u0442\u044f\u0431\u0440\u044f<\/strong>) \u044d\u043a\u0441\u043f\u0440\u0435\u0441\u0441-\u0434\u043e\u0441\u0442\u0430\u0432\u043a\u0438 \u043d\u0435\u0442, \u0437\u0430\u043a\u0430\u0437\u044b \u0432\u044b\u043f\u043e\u043b\u043d\u044f\u044e\u0442\u0441\u044f \u0432 \u043f\u043e\u0440\u044f\u0434\u043a\u0435 \u0436\u0438\u0432\u043e\u0439 \u043e\u0447\u0435\u0440\u0435\u0434\u0438 \u0432 \u0442\u0435\u0447\u0435\u043d\u0438\u0438 \u0434\u043d\u044f. \u041b\u0443\u0447\u0448\u0438\u043c \u0432\u0430\u0440\u0438\u0430\u043d\u0442\u043e\u043c \u0432 \u044d\u0442\u043e\u043c \u0441\u043b\u0443\u0447\u0430\u0435 \u0431\u0443\u0434\u0435\u0442 \u0431\u0440\u043e\u043d\u0438\u0440\u043e\u0432\u0430\u043d\u0438\u0435 \u0437\u0430\u0440\u0430\u043d\u0435\u0435.<\/p>\n\n\t\t<\/div>\n\t<\/div>\n<h2 style=\"text-align: left;font-family:Merriweather;font-weight:400;font-style:normal\" class=\"vc_custom_heading vc_do_custom_heading\" >\u0414\u043e\u0441\u0442\u0430\u0432\u043a\u0430 \u0437\u0430 \u043f\u0440\u0435\u0434\u0435\u043b\u044b \u0422\u0430\u043b\u043b\u0438\u043d\u0430<\/h2>\n\t<div class=\"wpb_text_column wpb_content_element\" >\n\t\t<div class=\"wpb_wrapper\">\n\t\t\t<p><span id=\"page3R_mcid14\" class=\"markedContent\"><\/span>\u0414\u043b\u044f \u0434\u043e\u0441\u0442\u0430\u0432\u043a\u0438 \u0437\u0430 \u043f\u0440\u0435\u0434\u0435\u043b\u044b \u0422\u0430\u043b\u043b\u0438\u043d\u0430 \u0441\u0432\u044f\u0436\u0438\u0442\u0435\u0441\u044c \u0441 <strong><a href=\"https:\/\/valmeria.ee\/ru\/kontaktandmed\/\">\u043d\u0430\u043c\u0438.<\/a><\/strong>.<\/p>\n\n\t\t<\/div>\n\t<\/div>\n<div id=\"wd-67979a103e0cf\" class=\"wd-rs-67979a103e0cf vc_custom_1737988645835 wd-button-wrapper text-left\"><a href=\"https:\/\/valmeria.ee\/ru\/lillepood\/\" title=\"\u041c\u0430\u0433\u0430\u0437\u0438\u043d\" style=\"--btn-color:#fff;--btn-color-hover:#fff;\" class=\"btn btn-style-default btn-shape-round btn-size-large btn-icon-pos-right\">\u041f\u0435\u0440\u0435\u0439\u0442\u0438 \u0432 \u043c\u0430\u0433\u0430\u0437\u0438\u043d<span class=\"wd-btn-icon\"><span class=\"wd-icon fas fa-angle-right\"><\/span><\/span><\/a><\/div><\/div><\/div><\/div><\/div>\n<\/div>","protected":false},"excerpt":{"rendered":"Tarneinfo Tallinna sisesed saadetised j\u00f5uavad \u00fcldjuhul teie m\u00e4\u00e4ratud sihtpunkti samal p\u00e4eval, juhul kui tellite enne 17:00, muul juhul j\u00e4rgmise p\u00e4eva","protected":false},"author":1,"featured_media":11364,"parent":0,"menu_order":0,"comment_status":"closed","ping_status":"closed","template":"","meta":{"footnotes":""},"class_list":["post-11379","page","type-page","status-publish","has-post-thumbnail","hentry"],"yoast_head":"<!-- This site is optimized with the Yoast SEO plugin v26.6 - https:\/\/yoast.com\/wordpress\/plugins\/seo\/ -->\n<title>Lillekuller &#8212; Valmeria Lilled<\/title>\n<meta name=\"description\" content=\"Kiire lillekuller Tallinnas. Viime lilled kohale kesklinnas 1-2 tunni jooksul, Tallinna piires samal p\u00e4eval.\" \/>\n<meta name=\"robots\" content=\"index, follow, max-snippet:-1, max-image-preview:large, max-video-preview:-1\" \/>\n<link rel=\"canonical\" href=\"https:\/\/valmeria.ee\/ru\/lillekuller\/\" \/>\n<meta property=\"og:locale\" content=\"ru_RU\" \/>\n<meta property=\"og:type\" content=\"article\" \/>\n<meta property=\"og:title\" content=\"Lillekuller &#8212; Valmeria Lilled\" \/>\n<meta property=\"og:description\" content=\"Kiire lillekuller Tallinnas. Viime lilled kohale kesklinnas 1-2 tunni jooksul, Tallinna piires samal p\u00e4eval.\" \/>\n<meta property=\"og:url\" content=\"https:\/\/valmeria.ee\/ru\/lillekuller\/\" \/>\n<meta property=\"og:site_name\" content=\"Valmeria Lilled\" \/>\n<meta property=\"article:publisher\" content=\"https:\/\/www.facebook.com\/valmeria.lilled\" \/>\n<meta property=\"article:modified_time\" content=\"2025-04-23T13:34:46+00:00\" \/>\n<meta property=\"og:image\" content=\"https:\/\/valmeria.ee\/wp-content\/uploads\/2025\/01\/Delivery.webp\" \/>\n\t<meta property=\"og:image:width\" content=\"1920\" \/>\n\t<meta property=\"og:image:height\" content=\"2416\" \/>\n\t<meta property=\"og:image:type\" content=\"image\/jpeg\" \/>\n<meta name=\"twitter:card\" content=\"summary_large_image\" \/>\n<script type=\"application\/ld+json\" class=\"yoast-schema-graph\">{\"@context\":\"https:\/\/schema.org\",\"@graph\":[{\"@type\":\"WebPage\",\"@id\":\"https:\/\/valmeria.ee\/lillekuller\/\",\"url\":\"https:\/\/valmeria.ee\/lillekuller\/\",\"name\":\"Lillekuller &#8212; Valmeria Lilled\",\"isPartOf\":{\"@id\":\"https:\/\/valmeria.ee\/#website\"},\"primaryImageOfPage\":{\"@id\":\"https:\/\/valmeria.ee\/lillekuller\/#primaryimage\"},\"image\":{\"@id\":\"https:\/\/valmeria.ee\/lillekuller\/#primaryimage\"},\"thumbnailUrl\":\"https:\/\/valmeria.ee\/wp-content\/uploads\/2025\/01\/Delivery.webp\",\"datePublished\":\"2025-01-27T14:05:51+00:00\",\"dateModified\":\"2025-04-23T13:34:46+00:00\",\"description\":\"Kiire lillekuller Tallinnas. Viime lilled kohale kesklinnas 1-2 tunni jooksul, Tallinna piires samal p\u00e4eval.\",\"breadcrumb\":{\"@id\":\"https:\/\/valmeria.ee\/lillekuller\/#breadcrumb\"},\"inLanguage\":\"ru-RU\",\"potentialAction\":[{\"@type\":\"ReadAction\",\"target\":[\"https:\/\/valmeria.ee\/lillekuller\/\"]}]},{\"@type\":\"ImageObject\",\"inLanguage\":\"ru-RU\",\"@id\":\"https:\/\/valmeria.ee\/lillekuller\/#primaryimage\",\"url\":\"https:\/\/valmeria.ee\/wp-content\/uploads\/2025\/01\/Delivery.webp\",\"contentUrl\":\"https:\/\/valmeria.ee\/wp-content\/uploads\/2025\/01\/Delivery.webp\",\"width\":1920,\"height\":2416},{\"@type\":\"BreadcrumbList\",\"@id\":\"https:\/\/valmeria.ee\/lillekuller\/#breadcrumb\",\"itemListElement\":[{\"@type\":\"ListItem\",\"position\":1,\"name\":\"\u0413\u043b\u0430\u0432\u043d\u0430\u044f \u0441\u0442\u0440\u0430\u043d\u0438\u0446\u0430\",\"item\":\"https:\/\/valmeria.ee\/\"},{\"@type\":\"ListItem\",\"position\":2,\"name\":\"Lillekuller\"}]},{\"@type\":\"WebSite\",\"@id\":\"https:\/\/valmeria.ee\/#website\",\"url\":\"https:\/\/valmeria.ee\/\",\"name\":\"Valmeria Lilled\",\"description\":\"Lillepood Tallinnas kiire kuller 10&euro; Tallinna piires.\",\"publisher\":{\"@id\":\"https:\/\/valmeria.ee\/#organization\"},\"potentialAction\":[{\"@type\":\"SearchAction\",\"target\":{\"@type\":\"EntryPoint\",\"urlTemplate\":\"https:\/\/valmeria.ee\/?s={search_term_string}\"},\"query-input\":{\"@type\":\"PropertyValueSpecification\",\"valueRequired\":true,\"valueName\":\"search_term_string\"}}],\"inLanguage\":\"ru-RU\"},{\"@type\":\"Organization\",\"@id\":\"https:\/\/valmeria.ee\/#organization\",\"name\":\"Valmeria Lilled\",\"url\":\"https:\/\/valmeria.ee\/\",\"logo\":{\"@type\":\"ImageObject\",\"inLanguage\":\"ru-RU\",\"@id\":\"https:\/\/valmeria.ee\/#\/schema\/logo\/image\/\",\"url\":\"https:\/\/valmeria.ee\/wp-content\/uploads\/2021\/12\/Valmeria-logo.png\",\"contentUrl\":\"https:\/\/valmeria.ee\/wp-content\/uploads\/2021\/12\/Valmeria-logo.png\",\"width\":480,\"height\":240,\"caption\":\"Valmeria Lilled\"},\"image\":{\"@id\":\"https:\/\/valmeria.ee\/#\/schema\/logo\/image\/\"},\"sameAs\":[\"https:\/\/www.facebook.com\/valmeria.lilled\",\"https:\/\/www.instagram.com\/valmeria.lilled\/\"]}]}<\/script>\n<!-- \/ Yoast SEO plugin. -->","yoast_head_json":{"title":"Lillekuller &#8212; Valmeria Lilled","description":"Kiire lillekuller Tallinnas. Viime lilled kohale kesklinnas 1-2 tunni jooksul, Tallinna piires samal p\u00e4eval.","robots":{"index":"index","follow":"follow","max-snippet":"max-snippet:-1","max-image-preview":"max-image-preview:large","max-video-preview":"max-video-preview:-1"},"canonical":"https:\/\/valmeria.ee\/ru\/lillekuller\/","og_locale":"ru_RU","og_type":"article","og_title":"Lillekuller &#8212; Valmeria Lilled","og_description":"Kiire lillekuller Tallinnas. Viime lilled kohale kesklinnas 1-2 tunni jooksul, Tallinna piires samal p\u00e4eval.","og_url":"https:\/\/valmeria.ee\/ru\/lillekuller\/","og_site_name":"Valmeria Lilled","article_publisher":"https:\/\/www.facebook.com\/valmeria.lilled","article_modified_time":"2025-04-23T13:34:46+00:00","og_image":[{"width":1920,"height":2416,"url":"https:\/\/valmeria.ee\/wp-content\/uploads\/2025\/01\/Delivery.webp","type":"image\/jpeg"}],"twitter_card":"summary_large_image","schema":{"@context":"https:\/\/schema.org","@graph":[{"@type":"WebPage","@id":"https:\/\/valmeria.ee\/lillekuller\/","url":"https:\/\/valmeria.ee\/lillekuller\/","name":"Lillekuller &#8212; Valmeria Lilled","isPartOf":{"@id":"https:\/\/valmeria.ee\/#website"},"primaryImageOfPage":{"@id":"https:\/\/valmeria.ee\/lillekuller\/#primaryimage"},"image":{"@id":"https:\/\/valmeria.ee\/lillekuller\/#primaryimage"},"thumbnailUrl":"https:\/\/valmeria.ee\/wp-content\/uploads\/2025\/01\/Delivery.webp","datePublished":"2025-01-27T14:05:51+00:00","dateModified":"2025-04-23T13:34:46+00:00","description":"Kiire lillekuller Tallinnas. Viime lilled kohale kesklinnas 1-2 tunni jooksul, Tallinna piires samal p\u00e4eval.","breadcrumb":{"@id":"https:\/\/valmeria.ee\/lillekuller\/#breadcrumb"},"inLanguage":"ru-RU","potentialAction":[{"@type":"ReadAction","target":["https:\/\/valmeria.ee\/lillekuller\/"]}]},{"@type":"ImageObject","inLanguage":"ru-RU","@id":"https:\/\/valmeria.ee\/lillekuller\/#primaryimage","url":"https:\/\/valmeria.ee\/wp-content\/uploads\/2025\/01\/Delivery.webp","contentUrl":"https:\/\/valmeria.ee\/wp-content\/uploads\/2025\/01\/Delivery.webp","width":1920,"height":2416},{"@type":"BreadcrumbList","@id":"https:\/\/valmeria.ee\/lillekuller\/#breadcrumb","itemListElement":[{"@type":"ListItem","position":1,"name":"\u0413\u043b\u0430\u0432\u043d\u0430\u044f \u0441\u0442\u0440\u0430\u043d\u0438\u0446\u0430","item":"https:\/\/valmeria.ee\/"},{"@type":"ListItem","position":2,"name":"Lillekuller"}]},{"@type":"WebSite","@id":"https:\/\/valmeria.ee\/#website","url":"https:\/\/valmeria.ee\/","name":"Valmeria Lilled","description":"Lillepood Tallinnas kiire kuller 10&euro; Tallinna piires.","publisher":{"@id":"https:\/\/valmeria.ee\/#organization"},"potentialAction":[{"@type":"SearchAction","target":{"@type":"EntryPoint","urlTemplate":"https:\/\/valmeria.ee\/?s={search_term_string}"},"query-input":{"@type":"PropertyValueSpecification","valueRequired":true,"valueName":"search_term_string"}}],"inLanguage":"ru-RU"},{"@type":"Organization","@id":"https:\/\/valmeria.ee\/#organization","name":"Valmeria Lilled","url":"https:\/\/valmeria.ee\/","logo":{"@type":"ImageObject","inLanguage":"ru-RU","@id":"https:\/\/valmeria.ee\/#\/schema\/logo\/image\/","url":"https:\/\/valmeria.ee\/wp-content\/uploads\/2021\/12\/Valmeria-logo.png","contentUrl":"https:\/\/valmeria.ee\/wp-content\/uploads\/2021\/12\/Valmeria-logo.png","width":480,"height":240,"caption":"Valmeria Lilled"},"image":{"@id":"https:\/\/valmeria.ee\/#\/schema\/logo\/image\/"},"sameAs":["https:\/\/www.facebook.com\/valmeria.lilled","https:\/\/www.instagram.com\/valmeria.lilled\/"]}]}},"_links":{"self":[{"href":"https:\/\/valmeria.ee\/ru\/wp-json\/wp\/v2\/pages\/11379","targetHints":{"allow":["GET"]}}],"collection":[{"href":"https:\/\/valmeria.ee\/ru\/wp-json\/wp\/v2\/pages"}],"about":[{"href":"https:\/\/valmeria.ee\/ru\/wp-json\/wp\/v2\/types\/page"}],"author":[{"embeddable":true,"href":"https:\/\/valmeria.ee\/ru\/wp-json\/wp\/v2\/users\/1"}],"replies":[{"embeddable":true,"href":"https:\/\/valmeria.ee\/ru\/wp-json\/wp\/v2\/comments?post=11379"}],"version-history":[{"count":10,"href":"https:\/\/valmeria.ee\/ru\/wp-json\/wp\/v2\/pages\/11379\/revisions"}],"predecessor-version":[{"id":12008,"href":"https:\/\/valmeria.ee\/ru\/wp-json\/wp\/v2\/pages\/11379\/revisions\/12008"}],"wp:featuredmedia":[{"embeddable":true,"href":"https:\/\/valmeria.ee\/ru\/wp-json\/wp\/v2\/media\/11364"}],"wp:attachment":[{"href":"https:\/\/valmeria.ee\/ru\/wp-json\/wp\/v2\/media?parent=11379"}],"curies":[{"name":"wp","href":"https:\/\/api.w.org\/{rel}","templated":true}]}}