{"id":9493,"date":"2017-06-26T14:07:05","date_gmt":"2017-06-26T11:07:05","guid":{"rendered":"https:\/\/valmeria.ee\/kontaktandmed\/"},"modified":"2025-07-02T14:50:17","modified_gmt":"2025-07-02T11:50:17","slug":"kontaktandmed","status":"publish","type":"page","link":"https:\/\/valmeria.ee\/ru\/kontaktandmed\/","title":{"rendered":"\u041a\u043e\u043d\u0442\u0430\u043a\u0442"},"content":{"rendered":"<div class=\"wpb-content-wrapper\"><div class=\"vc_row wpb_row vc_row-fluid\"><div class=\"wpb_column vc_column_container vc_col-sm-12 wd-rs-6396797a1609c\"><div class=\"vc_column-inner\"><div class=\"wpb_wrapper\">\n\t<div class=\"wpb_text_column wpb_content_element\" >\n\t\t<div class=\"wpb_wrapper\">\n\t\t\t<h1 style=\"text-align: center;\">\u041a\u0430\u043a \u043d\u0430\u0441 \u043d\u0430\u0439\u0442\u0438<\/h1>\n\n\t\t<\/div>\n\t<\/div>\n<\/div><\/div><\/div><\/div><div class=\"vc_row wpb_row vc_row-fluid vc_custom_1496926452255 vc_row-o-equal-height vc_row-flex\"><div class=\"wpb_column vc_column_container vc_col-sm-12 vc_col-lg-6 vc_col-md-6 vc_col-has-fill\"><div class=\"vc_column-inner vc_custom_1496927710186\"><div class=\"wpb_wrapper\">\n\t\t<div id=\"wd-61eae473c9eb8\" class=\"title-wrapper wd-wpb wd-set-mb reset-last-child  wd-rs-61eae473c9eb8 wd-title-color-default wd-title-style-default text-left  wd-underline-colored\">\n\t\t\t\t\t\t\t\n\t\t\t\t<div class=\"title-subtitle  subtitle-color-default font-default subtitle-style-default wd-font-weight- wd-fontsize-xs\">\u0414\u043e\u043f\u043e\u043b\u043d\u0438\u0442\u0435\u043b\u044c\u043d\u0430\u044f \u0438\u043d\u0444\u043e\u0440\u043c\u0430\u0446\u0438\u044f<\/div>\n\t\t\t\n\t\t\t<div class=\"liner-continer\">\n\t\t\t\t<h4 class=\"woodmart-title-container title  wd-font-weight- wd-fontsize-l\" >\u0427\u0430\u0441\u0442\u043e \u0437\u0430\u0434\u0430\u0432\u0430\u0435\u043c\u044b\u0435 \u0432\u043e\u043f\u0440\u043e\u0441\u044b<\/h4>\n\t\t\t\t\t\t\t<\/div>\n\t\t\t\n\t\t\t\n\t\t\t\n\t\t<\/div>\n\t\t\n\t\t<div class=\"vc_tta-container\" data-vc-action=\"collapseAll\"><div class=\"vc_general vc_tta vc_tta-accordion vc_tta-color-white vc_tta-style-classic vc_tta-shape-square vc_tta-o-shape-group vc_tta-controls-align-default vc_tta-o-no-fill vc_tta-o-all-clickable\"><div class=\"vc_tta-panels-container\"><div class=\"vc_tta-panels\"><div class=\"vc_tta-panel vc_active\" id=\"1484049984208-4e284a2e-4b83\" data-vc-content=\".vc_tta-panel-body\"><div class=\"vc_tta-panel-heading\"><h4 class=\"vc_tta-panel-title vc_tta-controls-icon-position-right\"><a href=\"#1484049984208-4e284a2e-4b83\" data-vc-accordion data-vc-container=\".vc_tta-container\"><span class=\"vc_tta-title-text\">\u041f\u043e\u043b\u0443\u0447\u0443 \u043b\u0438 \u044f \u0438\u043c\u0435\u043d\u043d\u043e \u0442\u043e\u0442 \u0442\u043e\u0432\u0430\u0440, \u043a\u043e\u0442\u043e\u0440\u044b\u0439 \u043f\u043e\u043a\u0430\u0437\u0430\u043d \u043d\u0430 \u043a\u0430\u0440\u0442\u0438\u043d\u043a\u0435?<\/span><i class=\"vc_tta-controls-icon vc_tta-controls-icon-chevron\"><\/i><\/a><\/h4><\/div><div class=\"vc_tta-panel-body\">\n\t<div class=\"wpb_text_column wpb_content_element\" >\n\t\t<div class=\"wpb_wrapper\">\n\t\t\t<p>\u0418\u0437\u043e\u0431\u0440\u0430\u0436\u0435\u043d\u0438\u044f \u043d\u043e\u0441\u044f\u0442 \u0438\u043b\u043b\u044e\u0441\u0442\u0440\u0430\u0442\u0438\u0432\u043d\u044b\u0439 \u0445\u0430\u0440\u0430\u043a\u0442\u0435\u0440. \u0412 \u0438\u0441\u043a\u043b\u044e\u0447\u0438\u0442\u0435\u043b\u044c\u043d\u044b\u0445 \u0441\u043b\u0443\u0447\u0430\u044f\u0445 \u0446\u0432\u0435\u0442 \u0446\u0432\u0435\u0442\u043e\u0432 \u043d\u0430 \u0444\u043e\u0442\u043e\u0433\u0440\u0430\u0444\u0438\u0438 \u043c\u043e\u0436\u0435\u0442 \u043d\u0435\u043c\u043d\u043e\u0433\u043e \u043e\u0442\u043b\u0438\u0447\u0430\u0442\u044c\u0441\u044f \u043e\u0442 \u0440\u0435\u0430\u043b\u044c\u043d\u043e\u0433\u043e. \u042d\u0442\u043e \u0441\u0432\u044f\u0437\u0430\u043d\u043e \u0441 \u0446\u0432\u0435\u0442\u043e\u043f\u0435\u0440\u0435\u0434\u0430\u0447\u0435\u0439 \u044d\u043a\u0440\u0430\u043d\u0430 \u0432\u0430\u0448\u0435\u0433\u043e \u043c\u043e\u043d\u0438\u0442\u043e\u0440\u0430 \u0438\u043b\u0438 \u0441\u043c\u0430\u0440\u0442\u0444\u043e\u043d\u0430, \u043a\u043e\u0442\u043e\u0440\u044b\u0439 \u0432\u044b \u0438\u0441\u043f\u043e\u043b\u044c\u0437\u0443\u0435\u0442\u0435 \u0434\u043b\u044f \u043f\u0440\u043e\u0441\u043c\u043e\u0442\u0440\u0430 \u043d\u0430\u0448\u0435\u0439 \u0441\u0442\u0440\u0430\u043d\u0438\u0446\u044b.<\/p>\n\n\t\t<\/div>\n\t<\/div>\n<\/div><\/div><div class=\"vc_tta-panel\" id=\"1484056430132-f06cc1b5-a7ca\" data-vc-content=\".vc_tta-panel-body\"><div class=\"vc_tta-panel-heading\"><h4 class=\"vc_tta-panel-title vc_tta-controls-icon-position-right\"><a href=\"#1484056430132-f06cc1b5-a7ca\" data-vc-accordion data-vc-container=\".vc_tta-container\"><span class=\"vc_tta-title-text\">\u0413\u0434\u0435 \u044f \u043c\u043e\u0433\u0443 \u043d\u0430\u0439\u0442\u0438 \u0447\u0435\u043a \u043e \u043f\u043e\u043a\u0443\u043f\u043a\u0435?<\/span><i class=\"vc_tta-controls-icon vc_tta-controls-icon-chevron\"><\/i><\/a><\/h4><\/div><div class=\"vc_tta-panel-body\">\n\t<div class=\"wpb_text_column wpb_content_element\" >\n\t\t<div class=\"wpb_wrapper\">\n\t\t\t<p>\u041a\u0432\u0438\u0442\u0430\u043d\u0446\u0438\u044e \u200b\u200b\u043e \u043f\u043e\u043a\u0443\u043f\u043a\u0435 \u0432\u044b \u043d\u0430\u0439\u0434\u0435\u0442\u0435 \u043d\u0430 \u0430\u0434\u0440\u0435\u0441\u0435 \u044d\u043b\u0435\u043a\u0442\u0440\u043e\u043d\u043d\u043e\u0439 \u043f\u043e\u0447\u0442\u044b, \u043a\u043e\u0442\u043e\u0440\u044b\u0439 \u0432\u044b \u0438\u0441\u043f\u043e\u043b\u044c\u0437\u043e\u0432\u0430\u043b\u0438 \u043f\u0440\u0438 \u0441\u043e\u0432\u0435\u0440\u0448\u0435\u043d\u0438\u0438 \u043f\u043e\u043a\u0443\u043f\u043a\u0438. \u041f\u043e\u0441\u043b\u0435 \u043f\u043e\u0441\u0442\u0443\u043f\u043b\u0435\u043d\u0438\u044f \u0434\u0435\u043d\u0435\u0433 \u043d\u0430 \u043d\u0430\u0448 \u0441\u0447\u0435\u0442 \u0432\u0430\u043c \u0431\u0443\u0434\u0435\u0442 \u043e\u0442\u043f\u0440\u0430\u0432\u043b\u0435\u043d\u043e \u043f\u0438\u0441\u044c\u043c\u043e \u0441 \u0432\u043b\u043e\u0436\u0435\u043d\u0438\u0435\u043c.<\/p>\n\n\t\t<\/div>\n\t<\/div>\n<\/div><\/div><div class=\"vc_tta-panel\" id=\"1484049984302-e0b553b6-82dc\" data-vc-content=\".vc_tta-panel-body\"><div class=\"vc_tta-panel-heading\"><h4 class=\"vc_tta-panel-title vc_tta-controls-icon-position-right\"><a href=\"#1484049984302-e0b553b6-82dc\" data-vc-accordion data-vc-container=\".vc_tta-container\"><span class=\"vc_tta-title-text\">\u041a\u0430\u043a \u0432\u0435\u0440\u043d\u0443\u0442\u044c \u0442\u043e\u0432\u0430\u0440?<\/span><i class=\"vc_tta-controls-icon vc_tta-controls-icon-chevron\"><\/i><\/a><\/h4><\/div><div class=\"vc_tta-panel-body\">\n\t<div class=\"wpb_text_column wpb_content_element\" >\n\t\t<div class=\"wpb_wrapper\">\n\t\t\t<p>\u0426\u0432\u0435\u0442\u044b \u044f\u0432\u043b\u044f\u044e\u0442\u0441\u044f \u0441\u043a\u043e\u0440\u043e\u043f\u043e\u0440\u0442\u044f\u0449\u0438\u043c\u0441\u044f \u0442\u043e\u0432\u0430\u0440\u043e\u043c, \u043f\u043e\u044d\u0442\u043e\u043c\u0443 \u0432\u043e\u0437\u0432\u0440\u0430\u0442 \u043d\u0435\u0432\u043e\u0437\u043c\u043e\u0436\u0435\u043d. \u041d\u0430 \u0432\u0441\u0435 \u043e\u0441\u0442\u0430\u043b\u044c\u043d\u044b\u0435 \u0442\u043e\u0432\u0430\u0440\u044b \u0440\u0430\u0441\u043f\u0440\u043e\u0441\u0442\u0440\u0430\u043d\u044f\u0435\u0442\u0441\u044f 14-\u0434\u043d\u0435\u0432\u043d\u0430\u044f \u043f\u043e\u043b\u0438\u0442\u0438\u043a\u0430 \u0432\u043e\u0437\u0432\u0440\u0430\u0442\u0430.<\/p>\n<p>\u0415\u0441\u043b\u0438 \u0432\u044b \u0445\u043e\u0442\u0438\u0442\u0435 \u0432\u0435\u0440\u043d\u0443\u0442\u044c \u0442\u043e\u0432\u0430\u0440, \u0441\u0432\u044f\u0436\u0438\u0442\u0435\u0441\u044c \u0441 \u043d\u0430\u043c\u0438 \u043f\u043e \u044d\u043b\u0435\u043a\u0442\u0440\u043e\u043d\u043d\u043e\u0439 \u043f\u043e\u0447\u0442\u0435 \u0438\u043b\u0438 \u043f\u043e \u0442\u0435\u043b\u0435\u0444\u043e\u043d\u0443.<\/p>\n\n\t\t<\/div>\n\t<\/div>\n<\/div><\/div><div class=\"vc_tta-panel\" id=\"1484056425804-e857e9fe-0c57\" data-vc-content=\".vc_tta-panel-body\"><div class=\"vc_tta-panel-heading\"><h4 class=\"vc_tta-panel-title vc_tta-controls-icon-position-right\"><a href=\"#1484056425804-e857e9fe-0c57\" data-vc-accordion data-vc-container=\".vc_tta-container\"><span class=\"vc_tta-title-text\">\u041a\u0443\u0434\u0430 \u0432\u043e\u0437\u043c\u043e\u0436\u043d\u0430 \u0434\u043e\u0441\u0442\u0430\u0432\u043a\u0430?<\/span><i class=\"vc_tta-controls-icon vc_tta-controls-icon-chevron\"><\/i><\/a><\/h4><\/div><div class=\"vc_tta-panel-body\">\n\t<div class=\"wpb_text_column wpb_content_element\" >\n\t\t<div class=\"wpb_wrapper\">\n\t\t\t<p>\u0421 \u043d\u0430\u0441\u0442\u043e\u044f\u0449\u0435\u0433\u043e \u043c\u043e\u043c\u0435\u043d\u0442\u0430 \u0434\u043e\u0441\u0442\u0443\u043f\u043d\u0430 \u0434\u043e\u0441\u0442\u0430\u0432\u043a\u0430 \u043f\u043e \u0422\u0430\u043b\u043b\u0438\u043d\u043d\u0443 \u043e\u0442 10 \u0435\u0432\u0440\u043e. \u041f\u043e \u0434\u043e\u0433\u043e\u0432\u043e\u0440\u0435\u043d\u043d\u043e\u0441\u0442\u0438 \u0432\u043e\u0437\u043c\u043e\u0436\u043d\u0430 \u0434\u043e\u0441\u0442\u0430\u0432\u043a\u0430 \u0438 \u0437\u0430 \u043f\u0440\u0435\u0434\u0435\u043b\u044b \u0422\u0430\u043b\u043b\u0438\u043d\u043d\u0430. <strong>\u0414\u043b\u044f \u0434\u043e\u0441\u0442\u0430\u0432\u043a\u0438 \u0437\u0430 \u043f\u0440\u0435\u0434\u0435\u043b\u044b \u0422\u0430\u043b\u043b\u0438\u043d\u0430 \u0441\u0432\u044f\u0436\u0438\u0442\u0435\u0441\u044c \u0441 \u043d\u0430\u043c\u0438.<\/strong><\/p>\n\n\t\t<\/div>\n\t<\/div>\n<\/div><\/div><\/div><\/div><\/div><\/div><\/div><\/div><\/div><div class=\"wpb_column vc_column_container vc_col-sm-12 vc_col-lg-6 vc_col-md-6\"><div class=\"vc_column-inner vc_custom_1496927688909\"><div class=\"wpb_wrapper\">\n\t\t<div id=\"wd-61eae4ae8d0de\" class=\"title-wrapper wd-wpb wd-set-mb reset-last-child  wd-rs-61eae4ae8d0de wd-title-color-default wd-title-style-default text-left  wd-underline-colored\">\n\t\t\t\t\t\t\t\n\t\t\t\t<div class=\"title-subtitle  subtitle-color-default font-default subtitle-style-default wd-font-weight- wd-fontsize-xs\">\u041a\u043e\u043d\u0442\u0430\u043a\u0442\u044b<\/div>\n\t\t\t\n\t\t\t<div class=\"liner-continer\">\n\t\t\t\t<h4 class=\"woodmart-title-container title  wd-font-weight- wd-fontsize-l\" >\u0421\u0412\u042f\u0417\u0410\u0422\u042c\u0421\u042f \u0421 \u041d\u0410\u041c\u0418<\/h4>\n\t\t\t\t\t\t\t<\/div>\n\t\t\t\n\t\t\t\n\t\t\t\n\t\t<\/div>\n\t\t\n\t\t\n\t<div class=\"wpb_text_column wpb_content_element\" >\n\t\t<div class=\"wpb_wrapper\">\n\t\t\t<p><strong>e-mail<\/strong>: info@valmeria.ee<\/p>\n<p><strong>Tel<\/strong>: +372 58090834<\/p>\n<p><strong>Esindus<\/strong>: Vanalinna lillet\u00e4nav. Boks nr.8<\/p>\n\n\t\t<\/div>\n\t<\/div>\n<div class=\"vc_separator wpb_content_element vc_separator_align_center vc_sep_width_100 vc_sep_pos_align_center vc_separator_no_text vc_sep_color_grey\" ><span class=\"vc_sep_holder vc_sep_holder_l\"><span class=\"vc_sep_line\"><\/span><\/span><span class=\"vc_sep_holder vc_sep_holder_r\"><span class=\"vc_sep_line\"><\/span><\/span>\n<\/div>\n\t<div class=\"wpb_text_column wpb_content_element\" >\n\t\t<div class=\"wpb_wrapper\">\n\t\t\t<p><strong>Valmeria lilled O\u00dc<\/strong><\/p>\n<p>Reg. nr. 14597183<\/p>\n<p><span id=\"page3R_mcid0\" class=\"markedContent\"><span dir=\"ltr\" role=\"presentation\">Ahtri tn 8, Tallinn, Harjumaa 10151<\/span><\/span><\/p>\n<p>Eesti<\/p>\n\n\t\t<\/div>\n\t<\/div>\n\t\t\t<div\n\t\t\t\t\t\tclass=\"wd-social-icons  wd-style-colored wd-size-default social-follow wd-shape-circle color-scheme-dark text-left\">\n\t\t\t\t\n\t\t\t\t\n\t\t\t\t\t\t\t\t\t<a rel=\"noopener noreferrer nofollow\" href=\"https:\/\/www.facebook.com\/valmeria.lilled\" target=\"_blank\" class=\"wd-social-icon social-facebook\" aria-label=\"Facebook social link\">\n\t\t\t\t\t\t<span class=\"wd-icon\"><\/span>\n\t\t\t\t\t\t\t\t\t\t\t<\/a>\n\t\t\t\t\n\t\t\t\t\n\t\t\t\t\n\t\t\t\t\n\t\t\t\t\t\t\t\t\t<a rel=\"noopener noreferrer nofollow\" href=\"https:\/\/www.instagram.com\/valmeria.lilled\/\" target=\"_blank\" class=\"wd-social-icon social-instagram\" aria-label=\"Instagram social link\">\n\t\t\t\t\t\t<span class=\"wd-icon\"><\/span>\n\t\t\t\t\t\t\t\t\t\t\t<\/a>\n\t\t\t\t\n\t\t\t\t\n\t\t\t\t\n\t\t\t\t\n\t\t\t\t\n\t\t\t\t\n\t\t\t\t\n\t\t\t\t\n\t\t\t\t\n\t\t\t\t\n\t\t\t\t\n\t\t\t\t\n\t\t\t\t\n\t\t\t\t\n\t\t\t\t\n\t\t\t\t\n\t\t\t\t\n\t\t\t\t\n\t\t\t\t\n\t\t\t\t\n\t\t\t\t\n\t\t\t\t\n\t\t\t<\/div>\n\n\t\t<\/div><\/div><\/div><\/div>\n<\/div>","protected":false},"excerpt":{"rendered":"Kuidas meid leida Lisainfo Korduma kippuvad k\u00fcsimused Kas ma saan t\u00e4pselt sellise toote nagu pildil? Pildid on illustratiivsed. Erandjuhtudel v\u00f5ib","protected":false},"author":1,"featured_media":0,"parent":0,"menu_order":0,"comment_status":"closed","ping_status":"closed","template":"","meta":{"footnotes":""},"class_list":["post-9493","page","type-page","status-publish","hentry"],"yoast_head":"<!-- This site is optimized with the Yoast SEO plugin v26.6 - https:\/\/yoast.com\/wordpress\/plugins\/seo\/ -->\n<title>Kontaktandmed &#8212; Valmeria Lilled<\/title>\n<meta name=\"robots\" content=\"index, follow, max-snippet:-1, max-image-preview:large, max-video-preview:-1\" \/>\n<link rel=\"canonical\" href=\"https:\/\/valmeria.ee\/ru\/kontaktandmed\/\" \/>\n<meta property=\"og:locale\" content=\"ru_RU\" \/>\n<meta property=\"og:type\" content=\"article\" \/>\n<meta property=\"og:title\" content=\"Kontaktandmed &#8212; Valmeria Lilled\" \/>\n<meta property=\"og:url\" content=\"https:\/\/valmeria.ee\/ru\/kontaktandmed\/\" \/>\n<meta property=\"og:site_name\" content=\"Valmeria Lilled\" \/>\n<meta property=\"article:publisher\" content=\"https:\/\/www.facebook.com\/valmeria.lilled\" \/>\n<meta property=\"article:modified_time\" content=\"2025-07-02T11:50:17+00:00\" \/>\n<meta property=\"og:image\" content=\"https:\/\/valmeria.ee\/wp-content\/uploads\/2019\/02\/363397120_758226072655987_789554211711199842_n.jpg\" \/>\n\t<meta property=\"og:image:width\" content=\"1440\" \/>\n\t<meta property=\"og:image:height\" content=\"1800\" \/>\n\t<meta property=\"og:image:type\" content=\"image\/jpeg\" \/>\n<meta name=\"twitter:card\" content=\"summary_large_image\" \/>\n<script type=\"application\/ld+json\" class=\"yoast-schema-graph\">{\"@context\":\"https:\/\/schema.org\",\"@graph\":[{\"@type\":\"WebPage\",\"@id\":\"https:\/\/valmeria.ee\/kontaktandmed\/\",\"url\":\"https:\/\/valmeria.ee\/kontaktandmed\/\",\"name\":\"Kontaktandmed &#8212; Valmeria Lilled\",\"isPartOf\":{\"@id\":\"https:\/\/valmeria.ee\/#website\"},\"datePublished\":\"2017-06-26T11:07:05+00:00\",\"dateModified\":\"2025-07-02T11:50:17+00:00\",\"breadcrumb\":{\"@id\":\"https:\/\/valmeria.ee\/kontaktandmed\/#breadcrumb\"},\"inLanguage\":\"ru-RU\",\"potentialAction\":[{\"@type\":\"ReadAction\",\"target\":[\"https:\/\/valmeria.ee\/kontaktandmed\/\"]}]},{\"@type\":\"BreadcrumbList\",\"@id\":\"https:\/\/valmeria.ee\/kontaktandmed\/#breadcrumb\",\"itemListElement\":[{\"@type\":\"ListItem\",\"position\":1,\"name\":\"\u0413\u043b\u0430\u0432\u043d\u0430\u044f \u0441\u0442\u0440\u0430\u043d\u0438\u0446\u0430\",\"item\":\"https:\/\/valmeria.ee\/\"},{\"@type\":\"ListItem\",\"position\":2,\"name\":\"Kontaktandmed\"}]},{\"@type\":\"WebSite\",\"@id\":\"https:\/\/valmeria.ee\/#website\",\"url\":\"https:\/\/valmeria.ee\/\",\"name\":\"Valmeria Lilled\",\"description\":\"Lillepood Tallinnas kiire kuller 10&euro; Tallinna piires.\",\"publisher\":{\"@id\":\"https:\/\/valmeria.ee\/#organization\"},\"potentialAction\":[{\"@type\":\"SearchAction\",\"target\":{\"@type\":\"EntryPoint\",\"urlTemplate\":\"https:\/\/valmeria.ee\/?s={search_term_string}\"},\"query-input\":{\"@type\":\"PropertyValueSpecification\",\"valueRequired\":true,\"valueName\":\"search_term_string\"}}],\"inLanguage\":\"ru-RU\"},{\"@type\":\"Organization\",\"@id\":\"https:\/\/valmeria.ee\/#organization\",\"name\":\"Valmeria Lilled\",\"url\":\"https:\/\/valmeria.ee\/\",\"logo\":{\"@type\":\"ImageObject\",\"inLanguage\":\"ru-RU\",\"@id\":\"https:\/\/valmeria.ee\/#\/schema\/logo\/image\/\",\"url\":\"https:\/\/valmeria.ee\/wp-content\/uploads\/2021\/12\/Valmeria-logo.png\",\"contentUrl\":\"https:\/\/valmeria.ee\/wp-content\/uploads\/2021\/12\/Valmeria-logo.png\",\"width\":480,\"height\":240,\"caption\":\"Valmeria Lilled\"},\"image\":{\"@id\":\"https:\/\/valmeria.ee\/#\/schema\/logo\/image\/\"},\"sameAs\":[\"https:\/\/www.facebook.com\/valmeria.lilled\",\"https:\/\/www.instagram.com\/valmeria.lilled\/\"]}]}<\/script>\n<!-- \/ Yoast SEO plugin. -->","yoast_head_json":{"title":"Kontaktandmed &#8212; Valmeria Lilled","robots":{"index":"index","follow":"follow","max-snippet":"max-snippet:-1","max-image-preview":"max-image-preview:large","max-video-preview":"max-video-preview:-1"},"canonical":"https:\/\/valmeria.ee\/ru\/kontaktandmed\/","og_locale":"ru_RU","og_type":"article","og_title":"Kontaktandmed &#8212; Valmeria Lilled","og_url":"https:\/\/valmeria.ee\/ru\/kontaktandmed\/","og_site_name":"Valmeria Lilled","article_publisher":"https:\/\/www.facebook.com\/valmeria.lilled","article_modified_time":"2025-07-02T11:50:17+00:00","og_image":[{"width":1440,"height":1800,"url":"https:\/\/valmeria.ee\/wp-content\/uploads\/2019\/02\/363397120_758226072655987_789554211711199842_n.jpg","type":"image\/jpeg"}],"twitter_card":"summary_large_image","schema":{"@context":"https:\/\/schema.org","@graph":[{"@type":"WebPage","@id":"https:\/\/valmeria.ee\/kontaktandmed\/","url":"https:\/\/valmeria.ee\/kontaktandmed\/","name":"Kontaktandmed &#8212; Valmeria Lilled","isPartOf":{"@id":"https:\/\/valmeria.ee\/#website"},"datePublished":"2017-06-26T11:07:05+00:00","dateModified":"2025-07-02T11:50:17+00:00","breadcrumb":{"@id":"https:\/\/valmeria.ee\/kontaktandmed\/#breadcrumb"},"inLanguage":"ru-RU","potentialAction":[{"@type":"ReadAction","target":["https:\/\/valmeria.ee\/kontaktandmed\/"]}]},{"@type":"BreadcrumbList","@id":"https:\/\/valmeria.ee\/kontaktandmed\/#breadcrumb","itemListElement":[{"@type":"ListItem","position":1,"name":"\u0413\u043b\u0430\u0432\u043d\u0430\u044f \u0441\u0442\u0440\u0430\u043d\u0438\u0446\u0430","item":"https:\/\/valmeria.ee\/"},{"@type":"ListItem","position":2,"name":"Kontaktandmed"}]},{"@type":"WebSite","@id":"https:\/\/valmeria.ee\/#website","url":"https:\/\/valmeria.ee\/","name":"Valmeria Lilled","description":"Lillepood Tallinnas kiire kuller 10&euro; Tallinna piires.","publisher":{"@id":"https:\/\/valmeria.ee\/#organization"},"potentialAction":[{"@type":"SearchAction","target":{"@type":"EntryPoint","urlTemplate":"https:\/\/valmeria.ee\/?s={search_term_string}"},"query-input":{"@type":"PropertyValueSpecification","valueRequired":true,"valueName":"search_term_string"}}],"inLanguage":"ru-RU"},{"@type":"Organization","@id":"https:\/\/valmeria.ee\/#organization","name":"Valmeria Lilled","url":"https:\/\/valmeria.ee\/","logo":{"@type":"ImageObject","inLanguage":"ru-RU","@id":"https:\/\/valmeria.ee\/#\/schema\/logo\/image\/","url":"https:\/\/valmeria.ee\/wp-content\/uploads\/2021\/12\/Valmeria-logo.png","contentUrl":"https:\/\/valmeria.ee\/wp-content\/uploads\/2021\/12\/Valmeria-logo.png","width":480,"height":240,"caption":"Valmeria Lilled"},"image":{"@id":"https:\/\/valmeria.ee\/#\/schema\/logo\/image\/"},"sameAs":["https:\/\/www.facebook.com\/valmeria.lilled","https:\/\/www.instagram.com\/valmeria.lilled\/"]}]}},"_links":{"self":[{"href":"https:\/\/valmeria.ee\/ru\/wp-json\/wp\/v2\/pages\/9493","targetHints":{"allow":["GET"]}}],"collection":[{"href":"https:\/\/valmeria.ee\/ru\/wp-json\/wp\/v2\/pages"}],"about":[{"href":"https:\/\/valmeria.ee\/ru\/wp-json\/wp\/v2\/types\/page"}],"author":[{"embeddable":true,"href":"https:\/\/valmeria.ee\/ru\/wp-json\/wp\/v2\/users\/1"}],"replies":[{"embeddable":true,"href":"https:\/\/valmeria.ee\/ru\/wp-json\/wp\/v2\/comments?post=9493"}],"version-history":[{"count":32,"href":"https:\/\/valmeria.ee\/ru\/wp-json\/wp\/v2\/pages\/9493\/revisions"}],"predecessor-version":[{"id":12223,"href":"https:\/\/valmeria.ee\/ru\/wp-json\/wp\/v2\/pages\/9493\/revisions\/12223"}],"wp:attachment":[{"href":"https:\/\/valmeria.ee\/ru\/wp-json\/wp\/v2\/media?parent=9493"}],"curies":[{"name":"wp","href":"https:\/\/api.w.org\/{rel}","templated":true}]}}