{"id":9520,"date":"2022-01-24T13:39:43","date_gmt":"2022-01-24T11:39:43","guid":{"rendered":"https:\/\/valmeria.ee\/privaatsuspoliitika\/"},"modified":"2025-01-27T21:07:46","modified_gmt":"2025-01-27T19:07:46","slug":"privaatsuspoliitika","status":"publish","type":"page","link":"https:\/\/valmeria.ee\/ru\/privaatsuspoliitika\/","title":{"rendered":"\u041f\u043e\u043b\u0438\u0442\u0438\u043a\u0430 \u043a\u043e\u043d\u0444\u0438\u0434\u0435\u043d\u0446\u0438\u0430\u043b\u044c\u043d\u043e\u0441\u0442\u0438"},"content":{"rendered":"<div class=\"wpb-content-wrapper\"><div class=\"vc_row wpb_row vc_row-fluid\"><div class=\"wpb_column vc_column_container vc_col-sm-12\"><div class=\"vc_column-inner\"><div class=\"wpb_wrapper\">\n\t<div class=\"wpb_text_column wpb_content_element\" >\n\t\t<div class=\"wpb_wrapper\">\n\t\t\t<p><b>\u041f\u043e\u043b\u0438\u0442\u0438\u043a\u0430 \u043a\u043e\u043d\u0444\u0438\u0434\u0435\u043d\u0446\u0438\u0430\u043b\u044c\u043d\u043e\u0441\u0442\u0438<\/b><\/p>\n<p>Isikuandmete t\u00f6\u00f6tlemine.<\/p>\n<p>Andmeid t\u00f6\u00f6tleb VALMERIA LILLED O\u00dc; Reg.Nr: 14597183, <span id=\"page3R_mcid0\" class=\"markedContent\"><span dir=\"ltr\" role=\"presentation\">Ahtri tn 8 Tallinn Harjumaa 10151<\/span><\/span>, Eesti; Telefon: +372 58090834; e-mail: info@valmeria.ee<\/p>\n<p>Milliseid andmeid kogutakse?<\/p>\n<p><b>Isikustamata tehnilisi andmeid<\/b> kogutakse veebilehe k\u00fclastamisel. Isikustamata tehnilised andmed sisaldavad:<\/p>\n<ol>\n<li>kasutatava arvuti v\u00f5i mobiilseadme mudelit<\/li>\n<li>arvuti veebilehitseja ja operatsioonis\u00fcsteemi tarkvaraversiooni<\/li>\n<li>k\u00fclastamise aega<\/li>\n<\/ol>\n<p>Andmeid kogutakse veebilehtede k\u00fclastatuste ja viibimiste kohta, et selle p\u00f5hjal veebilehtesid ja teenuskeskkondasid parendada ja k\u00fclastajatele mugavamaks muuta.<\/p>\n<p>Teenuse osutamiseks kogutakse <b>personaalseid andmeid<\/b>, sh.:<\/p>\n<ol>\n<li>nimi<\/li>\n<li>perekonnanimi<\/li>\n<li>telefoninumber<\/li>\n<li>maksja aadress<\/li>\n<li>e-posti aadress.<\/li>\n<\/ol>\n<p>Tellimuse kohaletoimetamiseks kogutakse ka saaja andmeid.<\/p>\n<p>Millal andmeid kogutakse?<\/p>\n<p>Suuremat osa kogutavatest andmetest edastab lehek\u00fclje k\u00fclastaja. Me kogume ja t\u00f6\u00f6tleme andmeid kui Te<\/p>\n<ul>\n<li aria-level=\"1\">J\u00e4tate hinnap\u00e4ringu E-maili kaudu.<\/li>\n<li aria-level=\"1\">K\u00fclastate ja kasutate meie veebilehte<\/li>\n<\/ul>\n<p>Andmete kogumise eesm\u00e4rgid.<\/p>\n<p>Meie turunduskanalite vabatahtlike kasutajate ja teenuste kasutajate ning klientide ja nende esindajate isikuandmeid t\u00f6\u00f6tleme me selleks, et t\u00e4ita nii oma lepingulisi kohustusi kui ka pakkuda potentsiaalsetele klientidele kvaliteetsemat teenust<\/p>\n<p>Isikustamata tehnilisi andmeid kogume ja t\u00f6\u00f6tleme selleks et tagada veebilehe funktsionaalsust ja k\u00e4ttesaadavust.<\/p>\n<p>Teie andmekaitse \u00f5igused.<\/p>\n<p>VALMERIA LILLED O\u00dc on teadlik Teie andmekaitsega seotud \u00f5igustest. Igal kasutajal on \u00f5igus:<\/p>\n<p>Ligip\u00e4\u00e4suks oma andmetele \u2014 Omate \u00f5igust p\u00e4rida meie poolt kogutud personaalset informatsiooni Teie kohta.<\/p>\n<p>Andmete korrigeerimiseks \u2014 Kui te usute, et personaalne informatsioon Teie kohta on ebakorrektne, saate p\u00e4rida informatsiooni korrigeerimist v\u00f5i t\u00e4iendamist.<\/p>\n<p>Andmete kustutamiseks \u2014 Omate \u00f5igust Teie personaalse informatsiooni kustutamiseks teatud tingimustel meie serveritest.<\/p>\n<p>Personaalsete andmete t\u00f6\u00f6tlemise keeluks \u2014 Kasutajal on \u00f5igus keelata oma andmete t\u00f6\u00f6tlemist teatud tingimustel.<\/p>\n<p>Andmete \u00fcleandmiseks \u2014 Teil on \u00f5igus p\u00e4rida personaalsete andmete \u00fcleandmist kolmandale asutusele v\u00f5i otseselt Teile teatud tingimustel.<\/p>\n<p>Alates p\u00e4ringu esitamise p\u00e4evast on meil kuu aega, et Teile vastata. Et p\u00e4ringut esitada palun saatke meile e maili aadressil <b>info@valmeria.ee<\/b><\/p>\n<p>Mis on k\u00fcpsised?<\/p>\n<p>K\u00fcpsis on tekstifail, mille saadavad ja salvestavad Kasutaja arvutisse veebilehed, mida kasutaja k\u00fclastab. K\u00fcpsis sisaldab informatsiooni veebilehe k\u00fclastamisest ja selle ajast. K\u00fcpsis salvestatakse Kasutaja veebilehitseja failikataloogis. Juhul kui kasutaja on veebilehte varem k\u00fclastanud, loeb veebilehitseja k\u00fcpsist ning edastab vastava teabe veebilehele v\u00f5i elemendile, mis k\u00fcpsise algul salvestas.<\/p>\n<p>VALMERIA LILLED O\u00dc veebilehel aadressiga <a href=\"https:\/\/valmeria.ee\/et\/\">https:\/\/valmeria.ee\/<\/a> kasutatakse k\u00fcpsiseid. K\u00fcpsistest saate loobuda igal ajal, muutes kasutatava seadme veebilehitseja seadistusi ja kustutades salvestatud k\u00fcpsised. K\u00fcpsiseid hoitakse kuu aega.<\/p>\n<p>&nbsp;<\/p>\n\n\t\t<\/div>\n\t<\/div>\n<\/div><\/div><\/div><\/div>\n<\/div>","protected":false},"excerpt":{"rendered":"Privaatsuspoliitika Isikuandmete t\u00f6\u00f6tlemine. Andmeid t\u00f6\u00f6tleb VALMERIA LILLED O\u00dc; Reg.Nr: 14597183, Ahtri tn 8 Tallinn Harjumaa 10151, Eesti; Telefon: +372 58090834;","protected":false},"author":1,"featured_media":0,"parent":0,"menu_order":0,"comment_status":"closed","ping_status":"closed","template":"","meta":{"footnotes":""},"class_list":["post-9520","page","type-page","status-publish","hentry"],"yoast_head":"<!-- This site is optimized with the Yoast SEO plugin v26.6 - https:\/\/yoast.com\/wordpress\/plugins\/seo\/ -->\n<title>Privaatsuspoliitika &#8212; Valmeria Lilled<\/title>\n<meta name=\"robots\" content=\"index, follow, max-snippet:-1, max-image-preview:large, max-video-preview:-1\" \/>\n<link rel=\"canonical\" href=\"https:\/\/valmeria.ee\/ru\/privaatsuspoliitika\/\" \/>\n<meta property=\"og:locale\" content=\"ru_RU\" \/>\n<meta property=\"og:type\" content=\"article\" \/>\n<meta property=\"og:title\" content=\"Privaatsuspoliitika &#8212; Valmeria Lilled\" \/>\n<meta property=\"og:url\" content=\"https:\/\/valmeria.ee\/ru\/privaatsuspoliitika\/\" \/>\n<meta property=\"og:site_name\" content=\"Valmeria Lilled\" \/>\n<meta property=\"article:publisher\" content=\"https:\/\/www.facebook.com\/valmeria.lilled\" \/>\n<meta property=\"article:modified_time\" content=\"2025-01-27T19:07:46+00:00\" \/>\n<meta property=\"og:image\" content=\"https:\/\/valmeria.ee\/wp-content\/uploads\/2019\/02\/363397120_758226072655987_789554211711199842_n.jpg\" \/>\n\t<meta property=\"og:image:width\" content=\"1440\" \/>\n\t<meta property=\"og:image:height\" content=\"1800\" \/>\n\t<meta property=\"og:image:type\" content=\"image\/jpeg\" \/>\n<meta name=\"twitter:card\" content=\"summary_large_image\" \/>\n<script type=\"application\/ld+json\" class=\"yoast-schema-graph\">{\"@context\":\"https:\/\/schema.org\",\"@graph\":[{\"@type\":\"WebPage\",\"@id\":\"https:\/\/valmeria.ee\/privaatsuspoliitika\/\",\"url\":\"https:\/\/valmeria.ee\/privaatsuspoliitika\/\",\"name\":\"Privaatsuspoliitika &#8212; Valmeria Lilled\",\"isPartOf\":{\"@id\":\"https:\/\/valmeria.ee\/#website\"},\"datePublished\":\"2022-01-24T11:39:43+00:00\",\"dateModified\":\"2025-01-27T19:07:46+00:00\",\"breadcrumb\":{\"@id\":\"https:\/\/valmeria.ee\/privaatsuspoliitika\/#breadcrumb\"},\"inLanguage\":\"ru-RU\",\"potentialAction\":[{\"@type\":\"ReadAction\",\"target\":[\"https:\/\/valmeria.ee\/privaatsuspoliitika\/\"]}]},{\"@type\":\"BreadcrumbList\",\"@id\":\"https:\/\/valmeria.ee\/privaatsuspoliitika\/#breadcrumb\",\"itemListElement\":[{\"@type\":\"ListItem\",\"position\":1,\"name\":\"\u0413\u043b\u0430\u0432\u043d\u0430\u044f \u0441\u0442\u0440\u0430\u043d\u0438\u0446\u0430\",\"item\":\"https:\/\/valmeria.ee\/\"},{\"@type\":\"ListItem\",\"position\":2,\"name\":\"Privaatsuspoliitika\"}]},{\"@type\":\"WebSite\",\"@id\":\"https:\/\/valmeria.ee\/#website\",\"url\":\"https:\/\/valmeria.ee\/\",\"name\":\"Valmeria Lilled\",\"description\":\"Lillepood Tallinnas kiire kuller 10&euro; Tallinna piires.\",\"publisher\":{\"@id\":\"https:\/\/valmeria.ee\/#organization\"},\"potentialAction\":[{\"@type\":\"SearchAction\",\"target\":{\"@type\":\"EntryPoint\",\"urlTemplate\":\"https:\/\/valmeria.ee\/?s={search_term_string}\"},\"query-input\":{\"@type\":\"PropertyValueSpecification\",\"valueRequired\":true,\"valueName\":\"search_term_string\"}}],\"inLanguage\":\"ru-RU\"},{\"@type\":\"Organization\",\"@id\":\"https:\/\/valmeria.ee\/#organization\",\"name\":\"Valmeria Lilled\",\"url\":\"https:\/\/valmeria.ee\/\",\"logo\":{\"@type\":\"ImageObject\",\"inLanguage\":\"ru-RU\",\"@id\":\"https:\/\/valmeria.ee\/#\/schema\/logo\/image\/\",\"url\":\"https:\/\/valmeria.ee\/wp-content\/uploads\/2021\/12\/Valmeria-logo.png\",\"contentUrl\":\"https:\/\/valmeria.ee\/wp-content\/uploads\/2021\/12\/Valmeria-logo.png\",\"width\":480,\"height\":240,\"caption\":\"Valmeria Lilled\"},\"image\":{\"@id\":\"https:\/\/valmeria.ee\/#\/schema\/logo\/image\/\"},\"sameAs\":[\"https:\/\/www.facebook.com\/valmeria.lilled\",\"https:\/\/www.instagram.com\/valmeria.lilled\/\"]}]}<\/script>\n<!-- \/ Yoast SEO plugin. -->","yoast_head_json":{"title":"Privaatsuspoliitika &#8212; Valmeria Lilled","robots":{"index":"index","follow":"follow","max-snippet":"max-snippet:-1","max-image-preview":"max-image-preview:large","max-video-preview":"max-video-preview:-1"},"canonical":"https:\/\/valmeria.ee\/ru\/privaatsuspoliitika\/","og_locale":"ru_RU","og_type":"article","og_title":"Privaatsuspoliitika &#8212; Valmeria Lilled","og_url":"https:\/\/valmeria.ee\/ru\/privaatsuspoliitika\/","og_site_name":"Valmeria Lilled","article_publisher":"https:\/\/www.facebook.com\/valmeria.lilled","article_modified_time":"2025-01-27T19:07:46+00:00","og_image":[{"width":1440,"height":1800,"url":"https:\/\/valmeria.ee\/wp-content\/uploads\/2019\/02\/363397120_758226072655987_789554211711199842_n.jpg","type":"image\/jpeg"}],"twitter_card":"summary_large_image","schema":{"@context":"https:\/\/schema.org","@graph":[{"@type":"WebPage","@id":"https:\/\/valmeria.ee\/privaatsuspoliitika\/","url":"https:\/\/valmeria.ee\/privaatsuspoliitika\/","name":"Privaatsuspoliitika &#8212; Valmeria Lilled","isPartOf":{"@id":"https:\/\/valmeria.ee\/#website"},"datePublished":"2022-01-24T11:39:43+00:00","dateModified":"2025-01-27T19:07:46+00:00","breadcrumb":{"@id":"https:\/\/valmeria.ee\/privaatsuspoliitika\/#breadcrumb"},"inLanguage":"ru-RU","potentialAction":[{"@type":"ReadAction","target":["https:\/\/valmeria.ee\/privaatsuspoliitika\/"]}]},{"@type":"BreadcrumbList","@id":"https:\/\/valmeria.ee\/privaatsuspoliitika\/#breadcrumb","itemListElement":[{"@type":"ListItem","position":1,"name":"\u0413\u043b\u0430\u0432\u043d\u0430\u044f \u0441\u0442\u0440\u0430\u043d\u0438\u0446\u0430","item":"https:\/\/valmeria.ee\/"},{"@type":"ListItem","position":2,"name":"Privaatsuspoliitika"}]},{"@type":"WebSite","@id":"https:\/\/valmeria.ee\/#website","url":"https:\/\/valmeria.ee\/","name":"Valmeria Lilled","description":"Lillepood Tallinnas kiire kuller 10&euro; Tallinna piires.","publisher":{"@id":"https:\/\/valmeria.ee\/#organization"},"potentialAction":[{"@type":"SearchAction","target":{"@type":"EntryPoint","urlTemplate":"https:\/\/valmeria.ee\/?s={search_term_string}"},"query-input":{"@type":"PropertyValueSpecification","valueRequired":true,"valueName":"search_term_string"}}],"inLanguage":"ru-RU"},{"@type":"Organization","@id":"https:\/\/valmeria.ee\/#organization","name":"Valmeria Lilled","url":"https:\/\/valmeria.ee\/","logo":{"@type":"ImageObject","inLanguage":"ru-RU","@id":"https:\/\/valmeria.ee\/#\/schema\/logo\/image\/","url":"https:\/\/valmeria.ee\/wp-content\/uploads\/2021\/12\/Valmeria-logo.png","contentUrl":"https:\/\/valmeria.ee\/wp-content\/uploads\/2021\/12\/Valmeria-logo.png","width":480,"height":240,"caption":"Valmeria Lilled"},"image":{"@id":"https:\/\/valmeria.ee\/#\/schema\/logo\/image\/"},"sameAs":["https:\/\/www.facebook.com\/valmeria.lilled","https:\/\/www.instagram.com\/valmeria.lilled\/"]}]}},"_links":{"self":[{"href":"https:\/\/valmeria.ee\/ru\/wp-json\/wp\/v2\/pages\/9520","targetHints":{"allow":["GET"]}}],"collection":[{"href":"https:\/\/valmeria.ee\/ru\/wp-json\/wp\/v2\/pages"}],"about":[{"href":"https:\/\/valmeria.ee\/ru\/wp-json\/wp\/v2\/types\/page"}],"author":[{"embeddable":true,"href":"https:\/\/valmeria.ee\/ru\/wp-json\/wp\/v2\/users\/1"}],"replies":[{"embeddable":true,"href":"https:\/\/valmeria.ee\/ru\/wp-json\/wp\/v2\/comments?post=9520"}],"version-history":[{"count":13,"href":"https:\/\/valmeria.ee\/ru\/wp-json\/wp\/v2\/pages\/9520\/revisions"}],"predecessor-version":[{"id":11422,"href":"https:\/\/valmeria.ee\/ru\/wp-json\/wp\/v2\/pages\/9520\/revisions\/11422"}],"wp:attachment":[{"href":"https:\/\/valmeria.ee\/ru\/wp-json\/wp\/v2\/media?parent=9520"}],"curies":[{"name":"wp","href":"https:\/\/api.w.org\/{rel}","templated":true}]}}