{"id":11124,"date":"2025-01-21T22:49:57","date_gmt":"2025-01-21T20:49:57","guid":{"rendered":"https:\/\/valmeria.ee\/?post_type=product&#038;p=11124"},"modified":"2025-02-18T21:46:25","modified_gmt":"2025-02-18T19:46:25","slug":"kimp-valge-harmoonia","status":"publish","type":"product","link":"https:\/\/valmeria.ee\/ru\/shop\/kimbud\/klassikalised-kimbud\/kimp-valge-harmoonia\/","title":{"rendered":"Kimp &#8220;Valge harmoonia&#8221;"},"content":{"rendered":"<p>Valged liiliad, kr\u00fcsanteemid, nelgid, alstr\u00f6meeriad ja rohelus loovad elegantse ja rahuliku atmosf\u00e4\u00e4ri.<\/p>\n<p>Lilleseade 1tk.<\/p>\n<p>Pildil suurus &#8220;<strong>M<\/strong>&#8220;<\/p>","protected":false},"excerpt":{"rendered":"<p>Valged liiliad, kr\u00fcsanteemid, nelgid, alstr\u00f6meeriad ja rohelus loovad elegantse ja rahuliku atmosf\u00e4\u00e4ri. Lilleseade 1tk. Pildil suurus &#8220;M&#8220;<\/p>","protected":false},"featured_media":11125,"template":"","meta":[],"product_brand":[],"product_cat":[104,166],"product_tag":[119,115],"class_list":{"0":"post-11124","1":"product","2":"type-product","3":"status-publish","4":"has-post-thumbnail","6":"product_cat-kimbud","7":"product_cat-klassikalised-kimbud","8":"product_tag-krusanteem","9":"product_tag-liiliad","10":"pa_suurus-l","11":"pa_suurus-m","12":"pa_suurus-s","14":"first","15":"instock","16":"taxable","17":"shipping-taxable","18":"purchasable","19":"product-type-simple"},"yoast_head":"<!-- This site is optimized with the Yoast SEO plugin v26.6 - https:\/\/yoast.com\/wordpress\/plugins\/seo\/ -->\n<title>Kimp &quot;Valge harmoonia&quot; &#8212; Valmeria Lilled<\/title>\n<meta name=\"description\" content=\"Valged liiliad, kr\u00fcsanteemid, nelgid, alstr\u00f6meeriad ja rohelus loovad elegantse ja rahuliku atmosf\u00e4\u00e4ri.\" \/>\n<meta name=\"robots\" content=\"index, follow, max-snippet:-1, max-image-preview:large, max-video-preview:-1\" \/>\n<link rel=\"canonical\" href=\"https:\/\/valmeria.ee\/ru\/shop\/kimbud\/klassikalised-kimbud\/kimp-valge-harmoonia\/\" \/>\n<meta property=\"og:locale\" content=\"ru_RU\" \/>\n<meta property=\"og:type\" content=\"article\" \/>\n<meta property=\"og:title\" content=\"Kimp &quot;Valge harmoonia&quot; &#8212; Valmeria Lilled\" \/>\n<meta property=\"og:description\" content=\"Valged liiliad, kr\u00fcsanteemid, nelgid, alstr\u00f6meeriad ja rohelus loovad elegantse ja rahuliku atmosf\u00e4\u00e4ri.\" \/>\n<meta property=\"og:url\" content=\"https:\/\/valmeria.ee\/ru\/shop\/kimbud\/klassikalised-kimbud\/kimp-valge-harmoonia\/\" \/>\n<meta property=\"og:site_name\" content=\"Valmeria Lilled\" \/>\n<meta property=\"article:publisher\" content=\"https:\/\/www.facebook.com\/valmeria.lilled\" \/>\n<meta property=\"article:modified_time\" content=\"2025-02-18T19:46:25+00:00\" \/>\n<meta property=\"og:image\" content=\"https:\/\/valmeria.ee\/wp-content\/uploads\/2025\/01\/Picsart_24-08-03_09-10-17-003.webp\" \/>\n\t<meta property=\"og:image:width\" content=\"2252\" \/>\n\t<meta property=\"og:image:height\" content=\"2252\" \/>\n\t<meta property=\"og:image:type\" content=\"image\/jpeg\" \/>\n<meta name=\"twitter:card\" content=\"summary_large_image\" \/>\n<script type=\"application\/ld+json\" class=\"yoast-schema-graph\">{\"@context\":\"https:\/\/schema.org\",\"@graph\":[{\"@type\":\"WebPage\",\"@id\":\"https:\/\/valmeria.ee\/shop\/kimbud\/klassikalised-kimbud\/kimp-valge-harmoonia\/\",\"url\":\"https:\/\/valmeria.ee\/shop\/kimbud\/klassikalised-kimbud\/kimp-valge-harmoonia\/\",\"name\":\"Kimp \\\"Valge harmoonia\\\" &#8212; Valmeria Lilled\",\"isPartOf\":{\"@id\":\"https:\/\/valmeria.ee\/#website\"},\"primaryImageOfPage\":{\"@id\":\"https:\/\/valmeria.ee\/shop\/kimbud\/klassikalised-kimbud\/kimp-valge-harmoonia\/#primaryimage\"},\"image\":{\"@id\":\"https:\/\/valmeria.ee\/shop\/kimbud\/klassikalised-kimbud\/kimp-valge-harmoonia\/#primaryimage\"},\"thumbnailUrl\":\"https:\/\/valmeria.ee\/wp-content\/uploads\/2025\/01\/Picsart_24-08-03_09-10-17-003.webp\",\"datePublished\":\"2025-01-21T20:49:57+00:00\",\"dateModified\":\"2025-02-18T19:46:25+00:00\",\"description\":\"Valged liiliad, kr\u00fcsanteemid, nelgid, alstr\u00f6meeriad ja rohelus loovad elegantse ja rahuliku atmosf\u00e4\u00e4ri.\",\"breadcrumb\":{\"@id\":\"https:\/\/valmeria.ee\/shop\/kimbud\/klassikalised-kimbud\/kimp-valge-harmoonia\/#breadcrumb\"},\"inLanguage\":\"ru-RU\",\"potentialAction\":[{\"@type\":\"ReadAction\",\"target\":[\"https:\/\/valmeria.ee\/shop\/kimbud\/klassikalised-kimbud\/kimp-valge-harmoonia\/\"]}]},{\"@type\":\"ImageObject\",\"inLanguage\":\"ru-RU\",\"@id\":\"https:\/\/valmeria.ee\/shop\/kimbud\/klassikalised-kimbud\/kimp-valge-harmoonia\/#primaryimage\",\"url\":\"https:\/\/valmeria.ee\/wp-content\/uploads\/2025\/01\/Picsart_24-08-03_09-10-17-003.webp\",\"contentUrl\":\"https:\/\/valmeria.ee\/wp-content\/uploads\/2025\/01\/Picsart_24-08-03_09-10-17-003.webp\",\"width\":2252,\"height\":2252,\"caption\":\"Valged liiliad,\"},{\"@type\":\"BreadcrumbList\",\"@id\":\"https:\/\/valmeria.ee\/shop\/kimbud\/klassikalised-kimbud\/kimp-valge-harmoonia\/#breadcrumb\",\"itemListElement\":[{\"@type\":\"ListItem\",\"position\":1,\"name\":\"\u0413\u043b\u0430\u0432\u043d\u0430\u044f \u0441\u0442\u0440\u0430\u043d\u0438\u0446\u0430\",\"item\":\"https:\/\/valmeria.ee\/\"},{\"@type\":\"ListItem\",\"position\":2,\"name\":\"Lillepood\",\"item\":\"https:\/\/valmeria.ee\/lillepood\/\"},{\"@type\":\"ListItem\",\"position\":3,\"name\":\"Kimp &#8220;Valge harmoonia&#8221;\"}]},{\"@type\":\"WebSite\",\"@id\":\"https:\/\/valmeria.ee\/#website\",\"url\":\"https:\/\/valmeria.ee\/\",\"name\":\"Valmeria Lilled\",\"description\":\"Lillepood Tallinnas kiire kuller 10&euro; Tallinna piires.\",\"publisher\":{\"@id\":\"https:\/\/valmeria.ee\/#organization\"},\"potentialAction\":[{\"@type\":\"SearchAction\",\"target\":{\"@type\":\"EntryPoint\",\"urlTemplate\":\"https:\/\/valmeria.ee\/?s={search_term_string}\"},\"query-input\":{\"@type\":\"PropertyValueSpecification\",\"valueRequired\":true,\"valueName\":\"search_term_string\"}}],\"inLanguage\":\"ru-RU\"},{\"@type\":\"Organization\",\"@id\":\"https:\/\/valmeria.ee\/#organization\",\"name\":\"Valmeria Lilled\",\"url\":\"https:\/\/valmeria.ee\/\",\"logo\":{\"@type\":\"ImageObject\",\"inLanguage\":\"ru-RU\",\"@id\":\"https:\/\/valmeria.ee\/#\/schema\/logo\/image\/\",\"url\":\"https:\/\/valmeria.ee\/wp-content\/uploads\/2021\/12\/Valmeria-logo.png\",\"contentUrl\":\"https:\/\/valmeria.ee\/wp-content\/uploads\/2021\/12\/Valmeria-logo.png\",\"width\":480,\"height\":240,\"caption\":\"Valmeria Lilled\"},\"image\":{\"@id\":\"https:\/\/valmeria.ee\/#\/schema\/logo\/image\/\"},\"sameAs\":[\"https:\/\/www.facebook.com\/valmeria.lilled\",\"https:\/\/www.instagram.com\/valmeria.lilled\/\"]}]}<\/script>\n<!-- \/ Yoast SEO plugin. -->","yoast_head_json":{"title":"Kimp \"Valge harmoonia\" &#8212; Valmeria Lilled","description":"Valged liiliad, kr\u00fcsanteemid, nelgid, alstr\u00f6meeriad ja rohelus loovad elegantse ja rahuliku atmosf\u00e4\u00e4ri.","robots":{"index":"index","follow":"follow","max-snippet":"max-snippet:-1","max-image-preview":"max-image-preview:large","max-video-preview":"max-video-preview:-1"},"canonical":"https:\/\/valmeria.ee\/ru\/shop\/kimbud\/klassikalised-kimbud\/kimp-valge-harmoonia\/","og_locale":"ru_RU","og_type":"article","og_title":"Kimp \"Valge harmoonia\" &#8212; Valmeria Lilled","og_description":"Valged liiliad, kr\u00fcsanteemid, nelgid, alstr\u00f6meeriad ja rohelus loovad elegantse ja rahuliku atmosf\u00e4\u00e4ri.","og_url":"https:\/\/valmeria.ee\/ru\/shop\/kimbud\/klassikalised-kimbud\/kimp-valge-harmoonia\/","og_site_name":"Valmeria Lilled","article_publisher":"https:\/\/www.facebook.com\/valmeria.lilled","article_modified_time":"2025-02-18T19:46:25+00:00","og_image":[{"width":2252,"height":2252,"url":"https:\/\/valmeria.ee\/wp-content\/uploads\/2025\/01\/Picsart_24-08-03_09-10-17-003.webp","type":"image\/jpeg"}],"twitter_card":"summary_large_image","schema":{"@context":"https:\/\/schema.org","@graph":[{"@type":"WebPage","@id":"https:\/\/valmeria.ee\/shop\/kimbud\/klassikalised-kimbud\/kimp-valge-harmoonia\/","url":"https:\/\/valmeria.ee\/shop\/kimbud\/klassikalised-kimbud\/kimp-valge-harmoonia\/","name":"Kimp \"Valge harmoonia\" &#8212; Valmeria Lilled","isPartOf":{"@id":"https:\/\/valmeria.ee\/#website"},"primaryImageOfPage":{"@id":"https:\/\/valmeria.ee\/shop\/kimbud\/klassikalised-kimbud\/kimp-valge-harmoonia\/#primaryimage"},"image":{"@id":"https:\/\/valmeria.ee\/shop\/kimbud\/klassikalised-kimbud\/kimp-valge-harmoonia\/#primaryimage"},"thumbnailUrl":"https:\/\/valmeria.ee\/wp-content\/uploads\/2025\/01\/Picsart_24-08-03_09-10-17-003.webp","datePublished":"2025-01-21T20:49:57+00:00","dateModified":"2025-02-18T19:46:25+00:00","description":"Valged liiliad, kr\u00fcsanteemid, nelgid, alstr\u00f6meeriad ja rohelus loovad elegantse ja rahuliku atmosf\u00e4\u00e4ri.","breadcrumb":{"@id":"https:\/\/valmeria.ee\/shop\/kimbud\/klassikalised-kimbud\/kimp-valge-harmoonia\/#breadcrumb"},"inLanguage":"ru-RU","potentialAction":[{"@type":"ReadAction","target":["https:\/\/valmeria.ee\/shop\/kimbud\/klassikalised-kimbud\/kimp-valge-harmoonia\/"]}]},{"@type":"ImageObject","inLanguage":"ru-RU","@id":"https:\/\/valmeria.ee\/shop\/kimbud\/klassikalised-kimbud\/kimp-valge-harmoonia\/#primaryimage","url":"https:\/\/valmeria.ee\/wp-content\/uploads\/2025\/01\/Picsart_24-08-03_09-10-17-003.webp","contentUrl":"https:\/\/valmeria.ee\/wp-content\/uploads\/2025\/01\/Picsart_24-08-03_09-10-17-003.webp","width":2252,"height":2252,"caption":"Valged liiliad,"},{"@type":"BreadcrumbList","@id":"https:\/\/valmeria.ee\/shop\/kimbud\/klassikalised-kimbud\/kimp-valge-harmoonia\/#breadcrumb","itemListElement":[{"@type":"ListItem","position":1,"name":"\u0413\u043b\u0430\u0432\u043d\u0430\u044f \u0441\u0442\u0440\u0430\u043d\u0438\u0446\u0430","item":"https:\/\/valmeria.ee\/"},{"@type":"ListItem","position":2,"name":"Lillepood","item":"https:\/\/valmeria.ee\/lillepood\/"},{"@type":"ListItem","position":3,"name":"Kimp &#8220;Valge harmoonia&#8221;"}]},{"@type":"WebSite","@id":"https:\/\/valmeria.ee\/#website","url":"https:\/\/valmeria.ee\/","name":"Valmeria Lilled","description":"Lillepood Tallinnas kiire kuller 10&euro; Tallinna piires.","publisher":{"@id":"https:\/\/valmeria.ee\/#organization"},"potentialAction":[{"@type":"SearchAction","target":{"@type":"EntryPoint","urlTemplate":"https:\/\/valmeria.ee\/?s={search_term_string}"},"query-input":{"@type":"PropertyValueSpecification","valueRequired":true,"valueName":"search_term_string"}}],"inLanguage":"ru-RU"},{"@type":"Organization","@id":"https:\/\/valmeria.ee\/#organization","name":"Valmeria Lilled","url":"https:\/\/valmeria.ee\/","logo":{"@type":"ImageObject","inLanguage":"ru-RU","@id":"https:\/\/valmeria.ee\/#\/schema\/logo\/image\/","url":"https:\/\/valmeria.ee\/wp-content\/uploads\/2021\/12\/Valmeria-logo.png","contentUrl":"https:\/\/valmeria.ee\/wp-content\/uploads\/2021\/12\/Valmeria-logo.png","width":480,"height":240,"caption":"Valmeria Lilled"},"image":{"@id":"https:\/\/valmeria.ee\/#\/schema\/logo\/image\/"},"sameAs":["https:\/\/www.facebook.com\/valmeria.lilled","https:\/\/www.instagram.com\/valmeria.lilled\/"]}]}},"_links":{"self":[{"href":"https:\/\/valmeria.ee\/ru\/wp-json\/wp\/v2\/product\/11124","targetHints":{"allow":["GET"]}}],"collection":[{"href":"https:\/\/valmeria.ee\/ru\/wp-json\/wp\/v2\/product"}],"about":[{"href":"https:\/\/valmeria.ee\/ru\/wp-json\/wp\/v2\/types\/product"}],"wp:featuredmedia":[{"embeddable":true,"href":"https:\/\/valmeria.ee\/ru\/wp-json\/wp\/v2\/media\/11125"}],"wp:attachment":[{"href":"https:\/\/valmeria.ee\/ru\/wp-json\/wp\/v2\/media?parent=11124"}],"wp:term":[{"taxonomy":"product_brand","embeddable":true,"href":"https:\/\/valmeria.ee\/ru\/wp-json\/wp\/v2\/product_brand?post=11124"},{"taxonomy":"product_cat","embeddable":true,"href":"https:\/\/valmeria.ee\/ru\/wp-json\/wp\/v2\/product_cat?post=11124"},{"taxonomy":"product_tag","embeddable":true,"href":"https:\/\/valmeria.ee\/ru\/wp-json\/wp\/v2\/product_tag?post=11124"}],"curies":[{"name":"wp","href":"https:\/\/api.w.org\/{rel}","templated":true}]}}