{"id":11134,"date":"2025-01-21T23:14:10","date_gmt":"2025-01-21T21:14:10","guid":{"rendered":"https:\/\/valmeria.ee\/?post_type=product&#038;p=11134"},"modified":"2025-05-06T18:49:38","modified_gmt":"2025-05-06T15:49:38","slug":"kimp-taevasinine","status":"publish","type":"product","link":"https:\/\/valmeria.ee\/ru\/shop\/kimbud\/hoaegsed-kimbud\/kimp-taevasinine\/","title":{"rendered":"\u0411\u0443\u043a\u0435\u0442 \u00ab\u041d\u0435\u0431\u0435\u0441\u043d\u043e-\u0433\u043e\u043b\u0443\u0431\u043e\u0439\u00bb"},"content":{"rendered":"<p>Sinine hortensia, valged alstr\u00f6meeriad, lillad eustomad ja rohelus loovad \u00f5rna ja \u00f5hulise kimbu, meenutades taevast.<\/p>\n<p>\u0426\u0432\u0435\u0442\u043e\u0447\u043d\u0430\u044f \u043a\u043e\u043c\u043f\u043e\u0437\u0438\u0446\u0438\u044f, 1\u0448\u0442.<\/p>\n<p>Pildil suurus &#8220;<strong>M<\/strong>&#8220;<\/p>","protected":false},"excerpt":{"rendered":"<p>Sinine hortensia, valged alstr\u00f6meeriad, lillad eustomad ja rohelus loovad \u00f5rna ja \u00f5hulise kimbu, meenutades taevast. Lilleseade, 1tk Pildil suurus &#8220;M&#8220;<\/p>","protected":false},"featured_media":11135,"template":"","meta":[],"product_brand":[],"product_cat":[104,167],"product_tag":[110,120,149],"class_list":{"0":"post-11134","1":"product","2":"type-product","3":"status-publish","4":"has-post-thumbnail","6":"product_cat-kimbud","7":"product_cat-hoaegsed-kimbud","8":"product_tag-alstroemeria","9":"product_tag-eustoma","10":"product_tag-hortensia","11":"pa_suurus-l","12":"pa_suurus-m","13":"pa_suurus-s","15":"first","16":"instock","17":"taxable","18":"shipping-taxable","19":"purchasable","20":"product-type-simple"},"yoast_head":"<!-- This site is optimized with the Yoast SEO plugin v26.6 - https:\/\/yoast.com\/wordpress\/plugins\/seo\/ -->\n<title>Kimp &quot;Taevasinine&quot; &#8212; Valmeria Lilled<\/title>\n<meta name=\"description\" content=\"Sinine hortensia, valged alstr\u00f6meeriad, lillad eustomad ja rohelus loovad \u00f5rna ja \u00f5hulise kimbu, meenutades taevast.\" \/>\n<meta name=\"robots\" content=\"index, follow, max-snippet:-1, max-image-preview:large, max-video-preview:-1\" \/>\n<link rel=\"canonical\" href=\"https:\/\/valmeria.ee\/ru\/shop\/kimbud\/hoaegsed-kimbud\/kimp-taevasinine\/\" \/>\n<meta property=\"og:locale\" content=\"ru_RU\" \/>\n<meta property=\"og:type\" content=\"article\" \/>\n<meta property=\"og:title\" content=\"Kimp &quot;Taevasinine&quot; &#8212; Valmeria Lilled\" \/>\n<meta property=\"og:description\" content=\"Sinine hortensia, valged alstr\u00f6meeriad, lillad eustomad ja rohelus loovad \u00f5rna ja \u00f5hulise kimbu, meenutades taevast.\" \/>\n<meta property=\"og:url\" content=\"https:\/\/valmeria.ee\/ru\/shop\/kimbud\/hoaegsed-kimbud\/kimp-taevasinine\/\" \/>\n<meta property=\"og:site_name\" content=\"Valmeria Lilled\" \/>\n<meta property=\"article:publisher\" content=\"https:\/\/www.facebook.com\/valmeria.lilled\" \/>\n<meta property=\"article:modified_time\" content=\"2025-05-06T15:49:38+00:00\" \/>\n<meta property=\"og:image\" content=\"https:\/\/valmeria.ee\/wp-content\/uploads\/2025\/01\/Picsart_24-08-03_09-07-11-551.webp\" \/>\n\t<meta property=\"og:image:width\" content=\"2252\" \/>\n\t<meta property=\"og:image:height\" content=\"2252\" \/>\n\t<meta property=\"og:image:type\" content=\"image\/jpeg\" \/>\n<meta name=\"twitter:card\" content=\"summary_large_image\" \/>\n<script type=\"application\/ld+json\" class=\"yoast-schema-graph\">{\"@context\":\"https:\/\/schema.org\",\"@graph\":[{\"@type\":\"WebPage\",\"@id\":\"https:\/\/valmeria.ee\/shop\/kimbud\/hoaegsed-kimbud\/kimp-taevasinine\/\",\"url\":\"https:\/\/valmeria.ee\/shop\/kimbud\/hoaegsed-kimbud\/kimp-taevasinine\/\",\"name\":\"Kimp \\\"Taevasinine\\\" &#8212; Valmeria Lilled\",\"isPartOf\":{\"@id\":\"https:\/\/valmeria.ee\/#website\"},\"primaryImageOfPage\":{\"@id\":\"https:\/\/valmeria.ee\/shop\/kimbud\/hoaegsed-kimbud\/kimp-taevasinine\/#primaryimage\"},\"image\":{\"@id\":\"https:\/\/valmeria.ee\/shop\/kimbud\/hoaegsed-kimbud\/kimp-taevasinine\/#primaryimage\"},\"thumbnailUrl\":\"https:\/\/valmeria.ee\/wp-content\/uploads\/2025\/01\/Picsart_24-08-03_09-07-11-551.webp\",\"datePublished\":\"2025-01-21T21:14:10+00:00\",\"dateModified\":\"2025-05-06T15:49:38+00:00\",\"description\":\"Sinine hortensia, valged alstr\u00f6meeriad, lillad eustomad ja rohelus loovad \u00f5rna ja \u00f5hulise kimbu, meenutades taevast.\",\"breadcrumb\":{\"@id\":\"https:\/\/valmeria.ee\/shop\/kimbud\/hoaegsed-kimbud\/kimp-taevasinine\/#breadcrumb\"},\"inLanguage\":\"ru-RU\",\"potentialAction\":[{\"@type\":\"ReadAction\",\"target\":[\"https:\/\/valmeria.ee\/shop\/kimbud\/hoaegsed-kimbud\/kimp-taevasinine\/\"]}]},{\"@type\":\"ImageObject\",\"inLanguage\":\"ru-RU\",\"@id\":\"https:\/\/valmeria.ee\/shop\/kimbud\/hoaegsed-kimbud\/kimp-taevasinine\/#primaryimage\",\"url\":\"https:\/\/valmeria.ee\/wp-content\/uploads\/2025\/01\/Picsart_24-08-03_09-07-11-551.webp\",\"contentUrl\":\"https:\/\/valmeria.ee\/wp-content\/uploads\/2025\/01\/Picsart_24-08-03_09-07-11-551.webp\",\"width\":2252,\"height\":2252,\"caption\":\"Sinine hortensia\"},{\"@type\":\"BreadcrumbList\",\"@id\":\"https:\/\/valmeria.ee\/shop\/kimbud\/hoaegsed-kimbud\/kimp-taevasinine\/#breadcrumb\",\"itemListElement\":[{\"@type\":\"ListItem\",\"position\":1,\"name\":\"\u0413\u043b\u0430\u0432\u043d\u0430\u044f \u0441\u0442\u0440\u0430\u043d\u0438\u0446\u0430\",\"item\":\"https:\/\/valmeria.ee\/\"},{\"@type\":\"ListItem\",\"position\":2,\"name\":\"Lillepood\",\"item\":\"https:\/\/valmeria.ee\/lillepood\/\"},{\"@type\":\"ListItem\",\"position\":3,\"name\":\"Kimp &#8220;Taevasinine&#8221;\"}]},{\"@type\":\"WebSite\",\"@id\":\"https:\/\/valmeria.ee\/#website\",\"url\":\"https:\/\/valmeria.ee\/\",\"name\":\"Valmeria Lilled\",\"description\":\"Lillepood Tallinnas kiire kuller 10&euro; Tallinna piires.\",\"publisher\":{\"@id\":\"https:\/\/valmeria.ee\/#organization\"},\"potentialAction\":[{\"@type\":\"SearchAction\",\"target\":{\"@type\":\"EntryPoint\",\"urlTemplate\":\"https:\/\/valmeria.ee\/?s={search_term_string}\"},\"query-input\":{\"@type\":\"PropertyValueSpecification\",\"valueRequired\":true,\"valueName\":\"search_term_string\"}}],\"inLanguage\":\"ru-RU\"},{\"@type\":\"Organization\",\"@id\":\"https:\/\/valmeria.ee\/#organization\",\"name\":\"Valmeria Lilled\",\"url\":\"https:\/\/valmeria.ee\/\",\"logo\":{\"@type\":\"ImageObject\",\"inLanguage\":\"ru-RU\",\"@id\":\"https:\/\/valmeria.ee\/#\/schema\/logo\/image\/\",\"url\":\"https:\/\/valmeria.ee\/wp-content\/uploads\/2021\/12\/Valmeria-logo.png\",\"contentUrl\":\"https:\/\/valmeria.ee\/wp-content\/uploads\/2021\/12\/Valmeria-logo.png\",\"width\":480,\"height\":240,\"caption\":\"Valmeria Lilled\"},\"image\":{\"@id\":\"https:\/\/valmeria.ee\/#\/schema\/logo\/image\/\"},\"sameAs\":[\"https:\/\/www.facebook.com\/valmeria.lilled\",\"https:\/\/www.instagram.com\/valmeria.lilled\/\"]}]}<\/script>\n<!-- \/ Yoast SEO plugin. -->","yoast_head_json":{"title":"Kimp \"Taevasinine\" &#8212; Valmeria Lilled","description":"Sinine hortensia, valged alstr\u00f6meeriad, lillad eustomad ja rohelus loovad \u00f5rna ja \u00f5hulise kimbu, meenutades taevast.","robots":{"index":"index","follow":"follow","max-snippet":"max-snippet:-1","max-image-preview":"max-image-preview:large","max-video-preview":"max-video-preview:-1"},"canonical":"https:\/\/valmeria.ee\/ru\/shop\/kimbud\/hoaegsed-kimbud\/kimp-taevasinine\/","og_locale":"ru_RU","og_type":"article","og_title":"Kimp \"Taevasinine\" &#8212; Valmeria Lilled","og_description":"Sinine hortensia, valged alstr\u00f6meeriad, lillad eustomad ja rohelus loovad \u00f5rna ja \u00f5hulise kimbu, meenutades taevast.","og_url":"https:\/\/valmeria.ee\/ru\/shop\/kimbud\/hoaegsed-kimbud\/kimp-taevasinine\/","og_site_name":"Valmeria Lilled","article_publisher":"https:\/\/www.facebook.com\/valmeria.lilled","article_modified_time":"2025-05-06T15:49:38+00:00","og_image":[{"width":2252,"height":2252,"url":"https:\/\/valmeria.ee\/wp-content\/uploads\/2025\/01\/Picsart_24-08-03_09-07-11-551.webp","type":"image\/jpeg"}],"twitter_card":"summary_large_image","schema":{"@context":"https:\/\/schema.org","@graph":[{"@type":"WebPage","@id":"https:\/\/valmeria.ee\/shop\/kimbud\/hoaegsed-kimbud\/kimp-taevasinine\/","url":"https:\/\/valmeria.ee\/shop\/kimbud\/hoaegsed-kimbud\/kimp-taevasinine\/","name":"Kimp \"Taevasinine\" &#8212; Valmeria Lilled","isPartOf":{"@id":"https:\/\/valmeria.ee\/#website"},"primaryImageOfPage":{"@id":"https:\/\/valmeria.ee\/shop\/kimbud\/hoaegsed-kimbud\/kimp-taevasinine\/#primaryimage"},"image":{"@id":"https:\/\/valmeria.ee\/shop\/kimbud\/hoaegsed-kimbud\/kimp-taevasinine\/#primaryimage"},"thumbnailUrl":"https:\/\/valmeria.ee\/wp-content\/uploads\/2025\/01\/Picsart_24-08-03_09-07-11-551.webp","datePublished":"2025-01-21T21:14:10+00:00","dateModified":"2025-05-06T15:49:38+00:00","description":"Sinine hortensia, valged alstr\u00f6meeriad, lillad eustomad ja rohelus loovad \u00f5rna ja \u00f5hulise kimbu, meenutades taevast.","breadcrumb":{"@id":"https:\/\/valmeria.ee\/shop\/kimbud\/hoaegsed-kimbud\/kimp-taevasinine\/#breadcrumb"},"inLanguage":"ru-RU","potentialAction":[{"@type":"ReadAction","target":["https:\/\/valmeria.ee\/shop\/kimbud\/hoaegsed-kimbud\/kimp-taevasinine\/"]}]},{"@type":"ImageObject","inLanguage":"ru-RU","@id":"https:\/\/valmeria.ee\/shop\/kimbud\/hoaegsed-kimbud\/kimp-taevasinine\/#primaryimage","url":"https:\/\/valmeria.ee\/wp-content\/uploads\/2025\/01\/Picsart_24-08-03_09-07-11-551.webp","contentUrl":"https:\/\/valmeria.ee\/wp-content\/uploads\/2025\/01\/Picsart_24-08-03_09-07-11-551.webp","width":2252,"height":2252,"caption":"Sinine hortensia"},{"@type":"BreadcrumbList","@id":"https:\/\/valmeria.ee\/shop\/kimbud\/hoaegsed-kimbud\/kimp-taevasinine\/#breadcrumb","itemListElement":[{"@type":"ListItem","position":1,"name":"\u0413\u043b\u0430\u0432\u043d\u0430\u044f \u0441\u0442\u0440\u0430\u043d\u0438\u0446\u0430","item":"https:\/\/valmeria.ee\/"},{"@type":"ListItem","position":2,"name":"Lillepood","item":"https:\/\/valmeria.ee\/lillepood\/"},{"@type":"ListItem","position":3,"name":"Kimp &#8220;Taevasinine&#8221;"}]},{"@type":"WebSite","@id":"https:\/\/valmeria.ee\/#website","url":"https:\/\/valmeria.ee\/","name":"Valmeria Lilled","description":"Lillepood Tallinnas kiire kuller 10&euro; Tallinna piires.","publisher":{"@id":"https:\/\/valmeria.ee\/#organization"},"potentialAction":[{"@type":"SearchAction","target":{"@type":"EntryPoint","urlTemplate":"https:\/\/valmeria.ee\/?s={search_term_string}"},"query-input":{"@type":"PropertyValueSpecification","valueRequired":true,"valueName":"search_term_string"}}],"inLanguage":"ru-RU"},{"@type":"Organization","@id":"https:\/\/valmeria.ee\/#organization","name":"Valmeria Lilled","url":"https:\/\/valmeria.ee\/","logo":{"@type":"ImageObject","inLanguage":"ru-RU","@id":"https:\/\/valmeria.ee\/#\/schema\/logo\/image\/","url":"https:\/\/valmeria.ee\/wp-content\/uploads\/2021\/12\/Valmeria-logo.png","contentUrl":"https:\/\/valmeria.ee\/wp-content\/uploads\/2021\/12\/Valmeria-logo.png","width":480,"height":240,"caption":"Valmeria Lilled"},"image":{"@id":"https:\/\/valmeria.ee\/#\/schema\/logo\/image\/"},"sameAs":["https:\/\/www.facebook.com\/valmeria.lilled","https:\/\/www.instagram.com\/valmeria.lilled\/"]}]}},"_links":{"self":[{"href":"https:\/\/valmeria.ee\/ru\/wp-json\/wp\/v2\/product\/11134","targetHints":{"allow":["GET"]}}],"collection":[{"href":"https:\/\/valmeria.ee\/ru\/wp-json\/wp\/v2\/product"}],"about":[{"href":"https:\/\/valmeria.ee\/ru\/wp-json\/wp\/v2\/types\/product"}],"wp:featuredmedia":[{"embeddable":true,"href":"https:\/\/valmeria.ee\/ru\/wp-json\/wp\/v2\/media\/11135"}],"wp:attachment":[{"href":"https:\/\/valmeria.ee\/ru\/wp-json\/wp\/v2\/media?parent=11134"}],"wp:term":[{"taxonomy":"product_brand","embeddable":true,"href":"https:\/\/valmeria.ee\/ru\/wp-json\/wp\/v2\/product_brand?post=11134"},{"taxonomy":"product_cat","embeddable":true,"href":"https:\/\/valmeria.ee\/ru\/wp-json\/wp\/v2\/product_cat?post=11134"},{"taxonomy":"product_tag","embeddable":true,"href":"https:\/\/valmeria.ee\/ru\/wp-json\/wp\/v2\/product_tag?post=11134"}],"curies":[{"name":"wp","href":"https:\/\/api.w.org\/{rel}","templated":true}]}}