{"id":11311,"date":"2025-01-24T19:24:21","date_gmt":"2025-01-24T17:24:21","guid":{"rendered":"https:\/\/valmeria.ee\/?post_type=product&#038;p=11311"},"modified":"2025-03-20T15:29:38","modified_gmt":"2025-03-20T13:29:38","slug":"roosikimp-sudamega","status":"publish","type":"product","link":"https:\/\/valmeria.ee\/ru\/shop\/kimbud\/roosikimbud\/roosikimp-sudamega\/","title":{"rendered":"\u0411\u0443\u043a\u0435\u0442 \u0440\u043e\u0437 \u0441 \u0441\u0435\u0440\u0434\u0446\u0435\u043c"},"content":{"rendered":"<p>\u00d5rnroosad roosid, mida \u00fchendab punane s\u00fcda, s\u00fcmboliseerivad armastust, hellust ja k\u00f5ige siiramaid tundeid.<\/p>\n<p>Lilleseade 1tk<\/p>","protected":false},"excerpt":{"rendered":"<p>\u00d5rnroosad roosid, mida \u00fchendab punane s\u00fcda, s\u00fcmboliseerivad armastust, hellust ja k\u00f5ige siiramaid tundeid. Lilleseade 1tk<\/p>","protected":false},"featured_media":11877,"template":"","meta":[],"product_brand":[],"product_cat":[104,168],"product_tag":[],"class_list":{"0":"post-11311","1":"product","2":"type-product","3":"status-publish","4":"has-post-thumbnail","6":"product_cat-kimbud","7":"product_cat-roosikimbud","9":"first","10":"instock","11":"featured","12":"taxable","13":"shipping-taxable","14":"purchasable","15":"product-type-variable","16":"has-default-attributes"},"yoast_head":"<!-- This site is optimized with the Yoast SEO plugin v26.6 - https:\/\/yoast.com\/wordpress\/plugins\/seo\/ -->\n<title>Roosikimp s\u00fcdamega &#8212; Valmeria Lilled<\/title>\n<meta name=\"description\" content=\"\u00d5rnroosad roosid, mida \u00fchendab punane s\u00fcda, s\u00fcmboliseerivad armastust, hellust ja k\u00f5ige siiramaid tundeid.\" \/>\n<meta name=\"robots\" content=\"index, follow, max-snippet:-1, max-image-preview:large, max-video-preview:-1\" \/>\n<link rel=\"canonical\" href=\"https:\/\/valmeria.ee\/ru\/shop\/kimbud\/roosikimbud\/roosikimp-sudamega\/\" \/>\n<meta property=\"og:locale\" content=\"ru_RU\" \/>\n<meta property=\"og:type\" content=\"article\" \/>\n<meta property=\"og:title\" content=\"Roosikimp s\u00fcdamega &#8212; Valmeria Lilled\" \/>\n<meta property=\"og:description\" content=\"\u00d5rnroosad roosid, mida \u00fchendab punane s\u00fcda, s\u00fcmboliseerivad armastust, hellust ja k\u00f5ige siiramaid tundeid.\" \/>\n<meta property=\"og:url\" content=\"https:\/\/valmeria.ee\/ru\/shop\/kimbud\/roosikimbud\/roosikimp-sudamega\/\" \/>\n<meta property=\"og:site_name\" content=\"Valmeria Lilled\" \/>\n<meta property=\"article:publisher\" content=\"https:\/\/www.facebook.com\/valmeria.lilled\" \/>\n<meta property=\"article:modified_time\" content=\"2025-03-20T13:29:38+00:00\" \/>\n<meta property=\"og:image\" content=\"https:\/\/valmeria.ee\/wp-content\/uploads\/2025\/03\/punased_roosid_sydas.webp\" \/>\n\t<meta property=\"og:image:width\" content=\"2468\" \/>\n\t<meta property=\"og:image:height\" content=\"2468\" \/>\n\t<meta property=\"og:image:type\" content=\"image\/jpeg\" \/>\n<meta name=\"twitter:card\" content=\"summary_large_image\" \/>\n<script type=\"application\/ld+json\" class=\"yoast-schema-graph\">{\"@context\":\"https:\/\/schema.org\",\"@graph\":[{\"@type\":\"WebPage\",\"@id\":\"https:\/\/valmeria.ee\/shop\/kimbud\/roosikimbud\/roosikimp-sudamega\/\",\"url\":\"https:\/\/valmeria.ee\/shop\/kimbud\/roosikimbud\/roosikimp-sudamega\/\",\"name\":\"Roosikimp s\u00fcdamega &#8212; Valmeria Lilled\",\"isPartOf\":{\"@id\":\"https:\/\/valmeria.ee\/#website\"},\"primaryImageOfPage\":{\"@id\":\"https:\/\/valmeria.ee\/shop\/kimbud\/roosikimbud\/roosikimp-sudamega\/#primaryimage\"},\"image\":{\"@id\":\"https:\/\/valmeria.ee\/shop\/kimbud\/roosikimbud\/roosikimp-sudamega\/#primaryimage\"},\"thumbnailUrl\":\"https:\/\/valmeria.ee\/wp-content\/uploads\/2025\/03\/punased_roosid_sydas.webp\",\"datePublished\":\"2025-01-24T17:24:21+00:00\",\"dateModified\":\"2025-03-20T13:29:38+00:00\",\"description\":\"\u00d5rnroosad roosid, mida \u00fchendab punane s\u00fcda, s\u00fcmboliseerivad armastust, hellust ja k\u00f5ige siiramaid tundeid.\",\"breadcrumb\":{\"@id\":\"https:\/\/valmeria.ee\/shop\/kimbud\/roosikimbud\/roosikimp-sudamega\/#breadcrumb\"},\"inLanguage\":\"ru-RU\",\"potentialAction\":[{\"@type\":\"ReadAction\",\"target\":[\"https:\/\/valmeria.ee\/shop\/kimbud\/roosikimbud\/roosikimp-sudamega\/\"]}]},{\"@type\":\"ImageObject\",\"inLanguage\":\"ru-RU\",\"@id\":\"https:\/\/valmeria.ee\/shop\/kimbud\/roosikimbud\/roosikimp-sudamega\/#primaryimage\",\"url\":\"https:\/\/valmeria.ee\/wp-content\/uploads\/2025\/03\/punased_roosid_sydas.webp\",\"contentUrl\":\"https:\/\/valmeria.ee\/wp-content\/uploads\/2025\/03\/punased_roosid_sydas.webp\",\"width\":2468,\"height\":2468},{\"@type\":\"BreadcrumbList\",\"@id\":\"https:\/\/valmeria.ee\/shop\/kimbud\/roosikimbud\/roosikimp-sudamega\/#breadcrumb\",\"itemListElement\":[{\"@type\":\"ListItem\",\"position\":1,\"name\":\"\u0413\u043b\u0430\u0432\u043d\u0430\u044f \u0441\u0442\u0440\u0430\u043d\u0438\u0446\u0430\",\"item\":\"https:\/\/valmeria.ee\/\"},{\"@type\":\"ListItem\",\"position\":2,\"name\":\"Lillepood\",\"item\":\"https:\/\/valmeria.ee\/lillepood\/\"},{\"@type\":\"ListItem\",\"position\":3,\"name\":\"Roosikimp s\u00fcdamega\"}]},{\"@type\":\"WebSite\",\"@id\":\"https:\/\/valmeria.ee\/#website\",\"url\":\"https:\/\/valmeria.ee\/\",\"name\":\"Valmeria Lilled\",\"description\":\"Lillepood Tallinnas kiire kuller 10&euro; Tallinna piires.\",\"publisher\":{\"@id\":\"https:\/\/valmeria.ee\/#organization\"},\"potentialAction\":[{\"@type\":\"SearchAction\",\"target\":{\"@type\":\"EntryPoint\",\"urlTemplate\":\"https:\/\/valmeria.ee\/?s={search_term_string}\"},\"query-input\":{\"@type\":\"PropertyValueSpecification\",\"valueRequired\":true,\"valueName\":\"search_term_string\"}}],\"inLanguage\":\"ru-RU\"},{\"@type\":\"Organization\",\"@id\":\"https:\/\/valmeria.ee\/#organization\",\"name\":\"Valmeria Lilled\",\"url\":\"https:\/\/valmeria.ee\/\",\"logo\":{\"@type\":\"ImageObject\",\"inLanguage\":\"ru-RU\",\"@id\":\"https:\/\/valmeria.ee\/#\/schema\/logo\/image\/\",\"url\":\"https:\/\/valmeria.ee\/wp-content\/uploads\/2021\/12\/Valmeria-logo.png\",\"contentUrl\":\"https:\/\/valmeria.ee\/wp-content\/uploads\/2021\/12\/Valmeria-logo.png\",\"width\":480,\"height\":240,\"caption\":\"Valmeria Lilled\"},\"image\":{\"@id\":\"https:\/\/valmeria.ee\/#\/schema\/logo\/image\/\"},\"sameAs\":[\"https:\/\/www.facebook.com\/valmeria.lilled\",\"https:\/\/www.instagram.com\/valmeria.lilled\/\"]}]}<\/script>\n<!-- \/ Yoast SEO plugin. -->","yoast_head_json":{"title":"Roosikimp s\u00fcdamega &#8212; Valmeria Lilled","description":"\u00d5rnroosad roosid, mida \u00fchendab punane s\u00fcda, s\u00fcmboliseerivad armastust, hellust ja k\u00f5ige siiramaid tundeid.","robots":{"index":"index","follow":"follow","max-snippet":"max-snippet:-1","max-image-preview":"max-image-preview:large","max-video-preview":"max-video-preview:-1"},"canonical":"https:\/\/valmeria.ee\/ru\/shop\/kimbud\/roosikimbud\/roosikimp-sudamega\/","og_locale":"ru_RU","og_type":"article","og_title":"Roosikimp s\u00fcdamega &#8212; Valmeria Lilled","og_description":"\u00d5rnroosad roosid, mida \u00fchendab punane s\u00fcda, s\u00fcmboliseerivad armastust, hellust ja k\u00f5ige siiramaid tundeid.","og_url":"https:\/\/valmeria.ee\/ru\/shop\/kimbud\/roosikimbud\/roosikimp-sudamega\/","og_site_name":"Valmeria Lilled","article_publisher":"https:\/\/www.facebook.com\/valmeria.lilled","article_modified_time":"2025-03-20T13:29:38+00:00","og_image":[{"width":2468,"height":2468,"url":"https:\/\/valmeria.ee\/wp-content\/uploads\/2025\/03\/punased_roosid_sydas.webp","type":"image\/jpeg"}],"twitter_card":"summary_large_image","schema":{"@context":"https:\/\/schema.org","@graph":[{"@type":"WebPage","@id":"https:\/\/valmeria.ee\/shop\/kimbud\/roosikimbud\/roosikimp-sudamega\/","url":"https:\/\/valmeria.ee\/shop\/kimbud\/roosikimbud\/roosikimp-sudamega\/","name":"Roosikimp s\u00fcdamega &#8212; Valmeria Lilled","isPartOf":{"@id":"https:\/\/valmeria.ee\/#website"},"primaryImageOfPage":{"@id":"https:\/\/valmeria.ee\/shop\/kimbud\/roosikimbud\/roosikimp-sudamega\/#primaryimage"},"image":{"@id":"https:\/\/valmeria.ee\/shop\/kimbud\/roosikimbud\/roosikimp-sudamega\/#primaryimage"},"thumbnailUrl":"https:\/\/valmeria.ee\/wp-content\/uploads\/2025\/03\/punased_roosid_sydas.webp","datePublished":"2025-01-24T17:24:21+00:00","dateModified":"2025-03-20T13:29:38+00:00","description":"\u00d5rnroosad roosid, mida \u00fchendab punane s\u00fcda, s\u00fcmboliseerivad armastust, hellust ja k\u00f5ige siiramaid tundeid.","breadcrumb":{"@id":"https:\/\/valmeria.ee\/shop\/kimbud\/roosikimbud\/roosikimp-sudamega\/#breadcrumb"},"inLanguage":"ru-RU","potentialAction":[{"@type":"ReadAction","target":["https:\/\/valmeria.ee\/shop\/kimbud\/roosikimbud\/roosikimp-sudamega\/"]}]},{"@type":"ImageObject","inLanguage":"ru-RU","@id":"https:\/\/valmeria.ee\/shop\/kimbud\/roosikimbud\/roosikimp-sudamega\/#primaryimage","url":"https:\/\/valmeria.ee\/wp-content\/uploads\/2025\/03\/punased_roosid_sydas.webp","contentUrl":"https:\/\/valmeria.ee\/wp-content\/uploads\/2025\/03\/punased_roosid_sydas.webp","width":2468,"height":2468},{"@type":"BreadcrumbList","@id":"https:\/\/valmeria.ee\/shop\/kimbud\/roosikimbud\/roosikimp-sudamega\/#breadcrumb","itemListElement":[{"@type":"ListItem","position":1,"name":"\u0413\u043b\u0430\u0432\u043d\u0430\u044f \u0441\u0442\u0440\u0430\u043d\u0438\u0446\u0430","item":"https:\/\/valmeria.ee\/"},{"@type":"ListItem","position":2,"name":"Lillepood","item":"https:\/\/valmeria.ee\/lillepood\/"},{"@type":"ListItem","position":3,"name":"Roosikimp s\u00fcdamega"}]},{"@type":"WebSite","@id":"https:\/\/valmeria.ee\/#website","url":"https:\/\/valmeria.ee\/","name":"Valmeria Lilled","description":"Lillepood Tallinnas kiire kuller 10&euro; Tallinna piires.","publisher":{"@id":"https:\/\/valmeria.ee\/#organization"},"potentialAction":[{"@type":"SearchAction","target":{"@type":"EntryPoint","urlTemplate":"https:\/\/valmeria.ee\/?s={search_term_string}"},"query-input":{"@type":"PropertyValueSpecification","valueRequired":true,"valueName":"search_term_string"}}],"inLanguage":"ru-RU"},{"@type":"Organization","@id":"https:\/\/valmeria.ee\/#organization","name":"Valmeria Lilled","url":"https:\/\/valmeria.ee\/","logo":{"@type":"ImageObject","inLanguage":"ru-RU","@id":"https:\/\/valmeria.ee\/#\/schema\/logo\/image\/","url":"https:\/\/valmeria.ee\/wp-content\/uploads\/2021\/12\/Valmeria-logo.png","contentUrl":"https:\/\/valmeria.ee\/wp-content\/uploads\/2021\/12\/Valmeria-logo.png","width":480,"height":240,"caption":"Valmeria Lilled"},"image":{"@id":"https:\/\/valmeria.ee\/#\/schema\/logo\/image\/"},"sameAs":["https:\/\/www.facebook.com\/valmeria.lilled","https:\/\/www.instagram.com\/valmeria.lilled\/"]}]}},"_links":{"self":[{"href":"https:\/\/valmeria.ee\/ru\/wp-json\/wp\/v2\/product\/11311","targetHints":{"allow":["GET"]}}],"collection":[{"href":"https:\/\/valmeria.ee\/ru\/wp-json\/wp\/v2\/product"}],"about":[{"href":"https:\/\/valmeria.ee\/ru\/wp-json\/wp\/v2\/types\/product"}],"wp:featuredmedia":[{"embeddable":true,"href":"https:\/\/valmeria.ee\/ru\/wp-json\/wp\/v2\/media\/11877"}],"wp:attachment":[{"href":"https:\/\/valmeria.ee\/ru\/wp-json\/wp\/v2\/media?parent=11311"}],"wp:term":[{"taxonomy":"product_brand","embeddable":true,"href":"https:\/\/valmeria.ee\/ru\/wp-json\/wp\/v2\/product_brand?post=11311"},{"taxonomy":"product_cat","embeddable":true,"href":"https:\/\/valmeria.ee\/ru\/wp-json\/wp\/v2\/product_cat?post=11311"},{"taxonomy":"product_tag","embeddable":true,"href":"https:\/\/valmeria.ee\/ru\/wp-json\/wp\/v2\/product_tag?post=11311"}],"curies":[{"name":"wp","href":"https:\/\/api.w.org\/{rel}","templated":true}]}}