{"id":11347,"date":"2025-01-25T00:49:18","date_gmt":"2025-01-24T22:49:18","guid":{"rendered":"https:\/\/valmeria.ee\/?post_type=product&#038;p=11347"},"modified":"2025-03-07T15:38:45","modified_gmt":"2025-03-07T13:38:45","slug":"kimp-paikeseline-naeratus","status":"publish","type":"product","link":"https:\/\/valmeria.ee\/ru\/shop\/kimbud\/klassikalised-kimbud\/kimp-paikeseline-naeratus\/","title":{"rendered":"\u0411\u0443\u043a\u0435\u0442 \u00ab\u0421\u043e\u043b\u043d\u0435\u0447\u043d\u0430\u044f \u0443\u043b\u044b\u0431\u043a\u0430\u00bb"},"content":{"rendered":"<p>Kollased roosid, rohelised kr\u00fcsanteemid, valge kipslill ja eukal\u00fcpt loovad r\u00f5\u00f5msa ja p\u00e4ikeselise meeleolu.<\/p>\n<p>Lilleseade 1tk.<\/p>\n<p>Pildil suurus &#8220;M&#8221;<\/p>","protected":false},"excerpt":{"rendered":"<p>Kollased roosid, rohelised kr\u00fcsanteemid, valge kipslill ja eukal\u00fcpt loovad r\u00f5\u00f5msa ja p\u00e4ikeselise meeleolu. Lilleseade 1tk. Pildil suurus &#8220;M&#8221;<\/p>","protected":false},"featured_media":11330,"template":"","meta":[],"product_brand":[],"product_cat":[104,166,168],"product_tag":[117],"class_list":{"0":"post-11347","1":"product","2":"type-product","3":"status-publish","4":"has-post-thumbnail","6":"product_cat-kimbud","7":"product_cat-klassikalised-kimbud","8":"product_cat-roosikimbud","9":"product_tag-roosid","10":"pa_suurus-l","11":"pa_suurus-m","13":"first","14":"instock","15":"taxable","16":"shipping-taxable","17":"purchasable","18":"product-type-simple"},"yoast_head":"<!-- This site is optimized with the Yoast SEO plugin v26.6 - https:\/\/yoast.com\/wordpress\/plugins\/seo\/ -->\n<title>Kimp &quot;P\u00e4ikeseline naeratus&quot; &#8212; Valmeria Lilled<\/title>\n<meta name=\"description\" content=\"Kollased roosid, rohelised kr\u00fcsanteemid, valge kipslill ja eukal\u00fcpt loovad r\u00f5\u00f5msa ja p\u00e4ikeselise meeleolu.\" \/>\n<meta name=\"robots\" content=\"index, follow, max-snippet:-1, max-image-preview:large, max-video-preview:-1\" \/>\n<link rel=\"canonical\" href=\"https:\/\/valmeria.ee\/ru\/shop\/kimbud\/klassikalised-kimbud\/kimp-paikeseline-naeratus\/\" \/>\n<meta property=\"og:locale\" content=\"ru_RU\" \/>\n<meta property=\"og:type\" content=\"article\" \/>\n<meta property=\"og:title\" content=\"Kimp &quot;P\u00e4ikeseline naeratus&quot; &#8212; Valmeria Lilled\" \/>\n<meta property=\"og:description\" content=\"Kollased roosid, rohelised kr\u00fcsanteemid, valge kipslill ja eukal\u00fcpt loovad r\u00f5\u00f5msa ja p\u00e4ikeselise meeleolu.\" \/>\n<meta property=\"og:url\" content=\"https:\/\/valmeria.ee\/ru\/shop\/kimbud\/klassikalised-kimbud\/kimp-paikeseline-naeratus\/\" \/>\n<meta property=\"og:site_name\" content=\"Valmeria Lilled\" \/>\n<meta property=\"article:publisher\" content=\"https:\/\/www.facebook.com\/valmeria.lilled\" \/>\n<meta property=\"article:modified_time\" content=\"2025-03-07T13:38:45+00:00\" \/>\n<meta property=\"og:image\" content=\"https:\/\/valmeria.ee\/wp-content\/uploads\/2025\/01\/Serenada.webp\" \/>\n\t<meta property=\"og:image:width\" content=\"2162\" \/>\n\t<meta property=\"og:image:height\" content=\"2162\" \/>\n\t<meta property=\"og:image:type\" content=\"image\/jpeg\" \/>\n<meta name=\"twitter:card\" content=\"summary_large_image\" \/>\n<script type=\"application\/ld+json\" class=\"yoast-schema-graph\">{\"@context\":\"https:\/\/schema.org\",\"@graph\":[{\"@type\":\"WebPage\",\"@id\":\"https:\/\/valmeria.ee\/shop\/kimbud\/klassikalised-kimbud\/kimp-paikeseline-naeratus\/\",\"url\":\"https:\/\/valmeria.ee\/shop\/kimbud\/klassikalised-kimbud\/kimp-paikeseline-naeratus\/\",\"name\":\"Kimp \\\"P\u00e4ikeseline naeratus\\\" &#8212; Valmeria Lilled\",\"isPartOf\":{\"@id\":\"https:\/\/valmeria.ee\/#website\"},\"primaryImageOfPage\":{\"@id\":\"https:\/\/valmeria.ee\/shop\/kimbud\/klassikalised-kimbud\/kimp-paikeseline-naeratus\/#primaryimage\"},\"image\":{\"@id\":\"https:\/\/valmeria.ee\/shop\/kimbud\/klassikalised-kimbud\/kimp-paikeseline-naeratus\/#primaryimage\"},\"thumbnailUrl\":\"https:\/\/valmeria.ee\/wp-content\/uploads\/2025\/01\/Serenada.webp\",\"datePublished\":\"2025-01-24T22:49:18+00:00\",\"dateModified\":\"2025-03-07T13:38:45+00:00\",\"description\":\"Kollased roosid, rohelised kr\u00fcsanteemid, valge kipslill ja eukal\u00fcpt loovad r\u00f5\u00f5msa ja p\u00e4ikeselise meeleolu.\",\"breadcrumb\":{\"@id\":\"https:\/\/valmeria.ee\/shop\/kimbud\/klassikalised-kimbud\/kimp-paikeseline-naeratus\/#breadcrumb\"},\"inLanguage\":\"ru-RU\",\"potentialAction\":[{\"@type\":\"ReadAction\",\"target\":[\"https:\/\/valmeria.ee\/shop\/kimbud\/klassikalised-kimbud\/kimp-paikeseline-naeratus\/\"]}]},{\"@type\":\"ImageObject\",\"inLanguage\":\"ru-RU\",\"@id\":\"https:\/\/valmeria.ee\/shop\/kimbud\/klassikalised-kimbud\/kimp-paikeseline-naeratus\/#primaryimage\",\"url\":\"https:\/\/valmeria.ee\/wp-content\/uploads\/2025\/01\/Serenada.webp\",\"contentUrl\":\"https:\/\/valmeria.ee\/wp-content\/uploads\/2025\/01\/Serenada.webp\",\"width\":2162,\"height\":2162},{\"@type\":\"BreadcrumbList\",\"@id\":\"https:\/\/valmeria.ee\/shop\/kimbud\/klassikalised-kimbud\/kimp-paikeseline-naeratus\/#breadcrumb\",\"itemListElement\":[{\"@type\":\"ListItem\",\"position\":1,\"name\":\"\u0413\u043b\u0430\u0432\u043d\u0430\u044f \u0441\u0442\u0440\u0430\u043d\u0438\u0446\u0430\",\"item\":\"https:\/\/valmeria.ee\/\"},{\"@type\":\"ListItem\",\"position\":2,\"name\":\"Lillepood\",\"item\":\"https:\/\/valmeria.ee\/lillepood\/\"},{\"@type\":\"ListItem\",\"position\":3,\"name\":\"Kimp &#8220;P\u00e4ikeseline naeratus&#8221;\"}]},{\"@type\":\"WebSite\",\"@id\":\"https:\/\/valmeria.ee\/#website\",\"url\":\"https:\/\/valmeria.ee\/\",\"name\":\"Valmeria Lilled\",\"description\":\"Lillepood Tallinnas kiire kuller 10&euro; Tallinna piires.\",\"publisher\":{\"@id\":\"https:\/\/valmeria.ee\/#organization\"},\"potentialAction\":[{\"@type\":\"SearchAction\",\"target\":{\"@type\":\"EntryPoint\",\"urlTemplate\":\"https:\/\/valmeria.ee\/?s={search_term_string}\"},\"query-input\":{\"@type\":\"PropertyValueSpecification\",\"valueRequired\":true,\"valueName\":\"search_term_string\"}}],\"inLanguage\":\"ru-RU\"},{\"@type\":\"Organization\",\"@id\":\"https:\/\/valmeria.ee\/#organization\",\"name\":\"Valmeria Lilled\",\"url\":\"https:\/\/valmeria.ee\/\",\"logo\":{\"@type\":\"ImageObject\",\"inLanguage\":\"ru-RU\",\"@id\":\"https:\/\/valmeria.ee\/#\/schema\/logo\/image\/\",\"url\":\"https:\/\/valmeria.ee\/wp-content\/uploads\/2021\/12\/Valmeria-logo.png\",\"contentUrl\":\"https:\/\/valmeria.ee\/wp-content\/uploads\/2021\/12\/Valmeria-logo.png\",\"width\":480,\"height\":240,\"caption\":\"Valmeria Lilled\"},\"image\":{\"@id\":\"https:\/\/valmeria.ee\/#\/schema\/logo\/image\/\"},\"sameAs\":[\"https:\/\/www.facebook.com\/valmeria.lilled\",\"https:\/\/www.instagram.com\/valmeria.lilled\/\"]}]}<\/script>\n<!-- \/ Yoast SEO plugin. -->","yoast_head_json":{"title":"Kimp \"P\u00e4ikeseline naeratus\" &#8212; Valmeria Lilled","description":"Kollased roosid, rohelised kr\u00fcsanteemid, valge kipslill ja eukal\u00fcpt loovad r\u00f5\u00f5msa ja p\u00e4ikeselise meeleolu.","robots":{"index":"index","follow":"follow","max-snippet":"max-snippet:-1","max-image-preview":"max-image-preview:large","max-video-preview":"max-video-preview:-1"},"canonical":"https:\/\/valmeria.ee\/ru\/shop\/kimbud\/klassikalised-kimbud\/kimp-paikeseline-naeratus\/","og_locale":"ru_RU","og_type":"article","og_title":"Kimp \"P\u00e4ikeseline naeratus\" &#8212; Valmeria Lilled","og_description":"Kollased roosid, rohelised kr\u00fcsanteemid, valge kipslill ja eukal\u00fcpt loovad r\u00f5\u00f5msa ja p\u00e4ikeselise meeleolu.","og_url":"https:\/\/valmeria.ee\/ru\/shop\/kimbud\/klassikalised-kimbud\/kimp-paikeseline-naeratus\/","og_site_name":"Valmeria Lilled","article_publisher":"https:\/\/www.facebook.com\/valmeria.lilled","article_modified_time":"2025-03-07T13:38:45+00:00","og_image":[{"width":2162,"height":2162,"url":"https:\/\/valmeria.ee\/wp-content\/uploads\/2025\/01\/Serenada.webp","type":"image\/jpeg"}],"twitter_card":"summary_large_image","schema":{"@context":"https:\/\/schema.org","@graph":[{"@type":"WebPage","@id":"https:\/\/valmeria.ee\/shop\/kimbud\/klassikalised-kimbud\/kimp-paikeseline-naeratus\/","url":"https:\/\/valmeria.ee\/shop\/kimbud\/klassikalised-kimbud\/kimp-paikeseline-naeratus\/","name":"Kimp \"P\u00e4ikeseline naeratus\" &#8212; Valmeria Lilled","isPartOf":{"@id":"https:\/\/valmeria.ee\/#website"},"primaryImageOfPage":{"@id":"https:\/\/valmeria.ee\/shop\/kimbud\/klassikalised-kimbud\/kimp-paikeseline-naeratus\/#primaryimage"},"image":{"@id":"https:\/\/valmeria.ee\/shop\/kimbud\/klassikalised-kimbud\/kimp-paikeseline-naeratus\/#primaryimage"},"thumbnailUrl":"https:\/\/valmeria.ee\/wp-content\/uploads\/2025\/01\/Serenada.webp","datePublished":"2025-01-24T22:49:18+00:00","dateModified":"2025-03-07T13:38:45+00:00","description":"Kollased roosid, rohelised kr\u00fcsanteemid, valge kipslill ja eukal\u00fcpt loovad r\u00f5\u00f5msa ja p\u00e4ikeselise meeleolu.","breadcrumb":{"@id":"https:\/\/valmeria.ee\/shop\/kimbud\/klassikalised-kimbud\/kimp-paikeseline-naeratus\/#breadcrumb"},"inLanguage":"ru-RU","potentialAction":[{"@type":"ReadAction","target":["https:\/\/valmeria.ee\/shop\/kimbud\/klassikalised-kimbud\/kimp-paikeseline-naeratus\/"]}]},{"@type":"ImageObject","inLanguage":"ru-RU","@id":"https:\/\/valmeria.ee\/shop\/kimbud\/klassikalised-kimbud\/kimp-paikeseline-naeratus\/#primaryimage","url":"https:\/\/valmeria.ee\/wp-content\/uploads\/2025\/01\/Serenada.webp","contentUrl":"https:\/\/valmeria.ee\/wp-content\/uploads\/2025\/01\/Serenada.webp","width":2162,"height":2162},{"@type":"BreadcrumbList","@id":"https:\/\/valmeria.ee\/shop\/kimbud\/klassikalised-kimbud\/kimp-paikeseline-naeratus\/#breadcrumb","itemListElement":[{"@type":"ListItem","position":1,"name":"\u0413\u043b\u0430\u0432\u043d\u0430\u044f \u0441\u0442\u0440\u0430\u043d\u0438\u0446\u0430","item":"https:\/\/valmeria.ee\/"},{"@type":"ListItem","position":2,"name":"Lillepood","item":"https:\/\/valmeria.ee\/lillepood\/"},{"@type":"ListItem","position":3,"name":"Kimp &#8220;P\u00e4ikeseline naeratus&#8221;"}]},{"@type":"WebSite","@id":"https:\/\/valmeria.ee\/#website","url":"https:\/\/valmeria.ee\/","name":"Valmeria Lilled","description":"Lillepood Tallinnas kiire kuller 10&euro; Tallinna piires.","publisher":{"@id":"https:\/\/valmeria.ee\/#organization"},"potentialAction":[{"@type":"SearchAction","target":{"@type":"EntryPoint","urlTemplate":"https:\/\/valmeria.ee\/?s={search_term_string}"},"query-input":{"@type":"PropertyValueSpecification","valueRequired":true,"valueName":"search_term_string"}}],"inLanguage":"ru-RU"},{"@type":"Organization","@id":"https:\/\/valmeria.ee\/#organization","name":"Valmeria Lilled","url":"https:\/\/valmeria.ee\/","logo":{"@type":"ImageObject","inLanguage":"ru-RU","@id":"https:\/\/valmeria.ee\/#\/schema\/logo\/image\/","url":"https:\/\/valmeria.ee\/wp-content\/uploads\/2021\/12\/Valmeria-logo.png","contentUrl":"https:\/\/valmeria.ee\/wp-content\/uploads\/2021\/12\/Valmeria-logo.png","width":480,"height":240,"caption":"Valmeria Lilled"},"image":{"@id":"https:\/\/valmeria.ee\/#\/schema\/logo\/image\/"},"sameAs":["https:\/\/www.facebook.com\/valmeria.lilled","https:\/\/www.instagram.com\/valmeria.lilled\/"]}]}},"_links":{"self":[{"href":"https:\/\/valmeria.ee\/ru\/wp-json\/wp\/v2\/product\/11347","targetHints":{"allow":["GET"]}}],"collection":[{"href":"https:\/\/valmeria.ee\/ru\/wp-json\/wp\/v2\/product"}],"about":[{"href":"https:\/\/valmeria.ee\/ru\/wp-json\/wp\/v2\/types\/product"}],"wp:featuredmedia":[{"embeddable":true,"href":"https:\/\/valmeria.ee\/ru\/wp-json\/wp\/v2\/media\/11330"}],"wp:attachment":[{"href":"https:\/\/valmeria.ee\/ru\/wp-json\/wp\/v2\/media?parent=11347"}],"wp:term":[{"taxonomy":"product_brand","embeddable":true,"href":"https:\/\/valmeria.ee\/ru\/wp-json\/wp\/v2\/product_brand?post=11347"},{"taxonomy":"product_cat","embeddable":true,"href":"https:\/\/valmeria.ee\/ru\/wp-json\/wp\/v2\/product_cat?post=11347"},{"taxonomy":"product_tag","embeddable":true,"href":"https:\/\/valmeria.ee\/ru\/wp-json\/wp\/v2\/product_tag?post=11347"}],"curies":[{"name":"wp","href":"https:\/\/api.w.org\/{rel}","templated":true}]}}