{"id":11449,"date":"2025-02-03T19:09:06","date_gmt":"2025-02-03T17:09:06","guid":{"rendered":"https:\/\/valmeria.ee\/?post_type=product&#038;p=11449"},"modified":"2025-02-03T19:10:02","modified_gmt":"2025-02-03T17:10:02","slug":"kompositsioon-boho-stiilis","status":"publish","type":"product","link":"https:\/\/valmeria.ee\/ru\/shop\/kuivlilled\/kompositsioon-boho-stiilis\/","title":{"rendered":"Kompositsioon &#8220;Boho stiilis&#8221;"},"content":{"rendered":"<p>Trendikas kuivlillede kimp, mis \u00fchendab naturaalse ilu ja boheemlasliku vaba vaimu. Ideaalne interj\u00f6\u00f6ri detail.<\/p>\n<p>Lilleseade kuivatest lilledest, 1tk<\/p>","protected":false},"excerpt":{"rendered":"<p>Trendikas kuivlillede kimp, mis \u00fchendab naturaalse ilu ja boheemlasliku vaba vaimu. Ideaalne interj\u00f6\u00f6ri detail. Lilleseade kuivatest lilledest, 1tk<\/p>","protected":false},"featured_media":11450,"template":"","meta":[],"product_brand":[],"product_cat":[189],"product_tag":[],"class_list":{"0":"post-11449","1":"product","2":"type-product","3":"status-publish","4":"has-post-thumbnail","6":"product_cat-kuivlilled","8":"first","9":"onbackorder","10":"taxable","11":"shipping-taxable","12":"purchasable","13":"product-type-simple"},"yoast_head":"<!-- This site is optimized with the Yoast SEO plugin v26.6 - https:\/\/yoast.com\/wordpress\/plugins\/seo\/ -->\n<title>Kompositsioon &quot;Boho stiilis&quot; &#8212; Valmeria Lilled<\/title>\n<meta name=\"description\" content=\"Trendikas kuivlillede kimp, mis \u00fchendab naturaalse ilu ja boheemlasliku vaba vaimu. Ideaalne interj\u00f6\u00f6ri detail.\" \/>\n<meta name=\"robots\" content=\"index, follow, max-snippet:-1, max-image-preview:large, max-video-preview:-1\" \/>\n<link rel=\"canonical\" href=\"https:\/\/valmeria.ee\/ru\/shop\/kuivlilled\/kompositsioon-boho-stiilis\/\" \/>\n<meta property=\"og:locale\" content=\"ru_RU\" \/>\n<meta property=\"og:type\" content=\"article\" \/>\n<meta property=\"og:title\" content=\"Kompositsioon &quot;Boho stiilis&quot; &#8212; Valmeria Lilled\" \/>\n<meta property=\"og:description\" content=\"Trendikas kuivlillede kimp, mis \u00fchendab naturaalse ilu ja boheemlasliku vaba vaimu. Ideaalne interj\u00f6\u00f6ri detail.\" \/>\n<meta property=\"og:url\" content=\"https:\/\/valmeria.ee\/ru\/shop\/kuivlilled\/kompositsioon-boho-stiilis\/\" \/>\n<meta property=\"og:site_name\" content=\"Valmeria Lilled\" \/>\n<meta property=\"article:publisher\" content=\"https:\/\/www.facebook.com\/valmeria.lilled\" \/>\n<meta property=\"article:modified_time\" content=\"2025-02-03T17:10:02+00:00\" \/>\n<meta property=\"og:image\" content=\"https:\/\/valmeria.ee\/wp-content\/uploads\/2025\/02\/IMG_20240226_104849_414-scaled.webp\" \/>\n\t<meta property=\"og:image:width\" content=\"1920\" \/>\n\t<meta property=\"og:image:height\" content=\"2560\" \/>\n\t<meta property=\"og:image:type\" content=\"image\/jpeg\" \/>\n<meta name=\"twitter:card\" content=\"summary_large_image\" \/>\n<script type=\"application\/ld+json\" class=\"yoast-schema-graph\">{\"@context\":\"https:\/\/schema.org\",\"@graph\":[{\"@type\":\"WebPage\",\"@id\":\"https:\/\/valmeria.ee\/shop\/kuivlilled\/kompositsioon-boho-stiilis\/\",\"url\":\"https:\/\/valmeria.ee\/shop\/kuivlilled\/kompositsioon-boho-stiilis\/\",\"name\":\"Kompositsioon \\\"Boho stiilis\\\" &#8212; Valmeria Lilled\",\"isPartOf\":{\"@id\":\"https:\/\/valmeria.ee\/#website\"},\"primaryImageOfPage\":{\"@id\":\"https:\/\/valmeria.ee\/shop\/kuivlilled\/kompositsioon-boho-stiilis\/#primaryimage\"},\"image\":{\"@id\":\"https:\/\/valmeria.ee\/shop\/kuivlilled\/kompositsioon-boho-stiilis\/#primaryimage\"},\"thumbnailUrl\":\"https:\/\/valmeria.ee\/wp-content\/uploads\/2025\/02\/IMG_20240226_104849_414-scaled.webp\",\"datePublished\":\"2025-02-03T17:09:06+00:00\",\"dateModified\":\"2025-02-03T17:10:02+00:00\",\"description\":\"Trendikas kuivlillede kimp, mis \u00fchendab naturaalse ilu ja boheemlasliku vaba vaimu. Ideaalne interj\u00f6\u00f6ri detail.\",\"breadcrumb\":{\"@id\":\"https:\/\/valmeria.ee\/shop\/kuivlilled\/kompositsioon-boho-stiilis\/#breadcrumb\"},\"inLanguage\":\"ru-RU\",\"potentialAction\":[{\"@type\":\"ReadAction\",\"target\":[\"https:\/\/valmeria.ee\/shop\/kuivlilled\/kompositsioon-boho-stiilis\/\"]}]},{\"@type\":\"ImageObject\",\"inLanguage\":\"ru-RU\",\"@id\":\"https:\/\/valmeria.ee\/shop\/kuivlilled\/kompositsioon-boho-stiilis\/#primaryimage\",\"url\":\"https:\/\/valmeria.ee\/wp-content\/uploads\/2025\/02\/IMG_20240226_104849_414-scaled.webp\",\"contentUrl\":\"https:\/\/valmeria.ee\/wp-content\/uploads\/2025\/02\/IMG_20240226_104849_414-scaled.webp\",\"width\":1920,\"height\":2560,\"caption\":\"kuivlillede kimp\"},{\"@type\":\"BreadcrumbList\",\"@id\":\"https:\/\/valmeria.ee\/shop\/kuivlilled\/kompositsioon-boho-stiilis\/#breadcrumb\",\"itemListElement\":[{\"@type\":\"ListItem\",\"position\":1,\"name\":\"\u0413\u043b\u0430\u0432\u043d\u0430\u044f \u0441\u0442\u0440\u0430\u043d\u0438\u0446\u0430\",\"item\":\"https:\/\/valmeria.ee\/\"},{\"@type\":\"ListItem\",\"position\":2,\"name\":\"Lillepood\",\"item\":\"https:\/\/valmeria.ee\/lillepood\/\"},{\"@type\":\"ListItem\",\"position\":3,\"name\":\"Kompositsioon &#8220;Boho stiilis&#8221;\"}]},{\"@type\":\"WebSite\",\"@id\":\"https:\/\/valmeria.ee\/#website\",\"url\":\"https:\/\/valmeria.ee\/\",\"name\":\"Valmeria Lilled\",\"description\":\"Lillepood Tallinnas kiire kuller 10&euro; Tallinna piires.\",\"publisher\":{\"@id\":\"https:\/\/valmeria.ee\/#organization\"},\"potentialAction\":[{\"@type\":\"SearchAction\",\"target\":{\"@type\":\"EntryPoint\",\"urlTemplate\":\"https:\/\/valmeria.ee\/?s={search_term_string}\"},\"query-input\":{\"@type\":\"PropertyValueSpecification\",\"valueRequired\":true,\"valueName\":\"search_term_string\"}}],\"inLanguage\":\"ru-RU\"},{\"@type\":\"Organization\",\"@id\":\"https:\/\/valmeria.ee\/#organization\",\"name\":\"Valmeria Lilled\",\"url\":\"https:\/\/valmeria.ee\/\",\"logo\":{\"@type\":\"ImageObject\",\"inLanguage\":\"ru-RU\",\"@id\":\"https:\/\/valmeria.ee\/#\/schema\/logo\/image\/\",\"url\":\"https:\/\/valmeria.ee\/wp-content\/uploads\/2021\/12\/Valmeria-logo.png\",\"contentUrl\":\"https:\/\/valmeria.ee\/wp-content\/uploads\/2021\/12\/Valmeria-logo.png\",\"width\":480,\"height\":240,\"caption\":\"Valmeria Lilled\"},\"image\":{\"@id\":\"https:\/\/valmeria.ee\/#\/schema\/logo\/image\/\"},\"sameAs\":[\"https:\/\/www.facebook.com\/valmeria.lilled\",\"https:\/\/www.instagram.com\/valmeria.lilled\/\"]}]}<\/script>\n<!-- \/ Yoast SEO plugin. -->","yoast_head_json":{"title":"Kompositsioon \"Boho stiilis\" &#8212; Valmeria Lilled","description":"Trendikas kuivlillede kimp, mis \u00fchendab naturaalse ilu ja boheemlasliku vaba vaimu. Ideaalne interj\u00f6\u00f6ri detail.","robots":{"index":"index","follow":"follow","max-snippet":"max-snippet:-1","max-image-preview":"max-image-preview:large","max-video-preview":"max-video-preview:-1"},"canonical":"https:\/\/valmeria.ee\/ru\/shop\/kuivlilled\/kompositsioon-boho-stiilis\/","og_locale":"ru_RU","og_type":"article","og_title":"Kompositsioon \"Boho stiilis\" &#8212; Valmeria Lilled","og_description":"Trendikas kuivlillede kimp, mis \u00fchendab naturaalse ilu ja boheemlasliku vaba vaimu. Ideaalne interj\u00f6\u00f6ri detail.","og_url":"https:\/\/valmeria.ee\/ru\/shop\/kuivlilled\/kompositsioon-boho-stiilis\/","og_site_name":"Valmeria Lilled","article_publisher":"https:\/\/www.facebook.com\/valmeria.lilled","article_modified_time":"2025-02-03T17:10:02+00:00","og_image":[{"width":1920,"height":2560,"url":"https:\/\/valmeria.ee\/wp-content\/uploads\/2025\/02\/IMG_20240226_104849_414-scaled.webp","type":"image\/jpeg"}],"twitter_card":"summary_large_image","schema":{"@context":"https:\/\/schema.org","@graph":[{"@type":"WebPage","@id":"https:\/\/valmeria.ee\/shop\/kuivlilled\/kompositsioon-boho-stiilis\/","url":"https:\/\/valmeria.ee\/shop\/kuivlilled\/kompositsioon-boho-stiilis\/","name":"Kompositsioon \"Boho stiilis\" &#8212; Valmeria Lilled","isPartOf":{"@id":"https:\/\/valmeria.ee\/#website"},"primaryImageOfPage":{"@id":"https:\/\/valmeria.ee\/shop\/kuivlilled\/kompositsioon-boho-stiilis\/#primaryimage"},"image":{"@id":"https:\/\/valmeria.ee\/shop\/kuivlilled\/kompositsioon-boho-stiilis\/#primaryimage"},"thumbnailUrl":"https:\/\/valmeria.ee\/wp-content\/uploads\/2025\/02\/IMG_20240226_104849_414-scaled.webp","datePublished":"2025-02-03T17:09:06+00:00","dateModified":"2025-02-03T17:10:02+00:00","description":"Trendikas kuivlillede kimp, mis \u00fchendab naturaalse ilu ja boheemlasliku vaba vaimu. Ideaalne interj\u00f6\u00f6ri detail.","breadcrumb":{"@id":"https:\/\/valmeria.ee\/shop\/kuivlilled\/kompositsioon-boho-stiilis\/#breadcrumb"},"inLanguage":"ru-RU","potentialAction":[{"@type":"ReadAction","target":["https:\/\/valmeria.ee\/shop\/kuivlilled\/kompositsioon-boho-stiilis\/"]}]},{"@type":"ImageObject","inLanguage":"ru-RU","@id":"https:\/\/valmeria.ee\/shop\/kuivlilled\/kompositsioon-boho-stiilis\/#primaryimage","url":"https:\/\/valmeria.ee\/wp-content\/uploads\/2025\/02\/IMG_20240226_104849_414-scaled.webp","contentUrl":"https:\/\/valmeria.ee\/wp-content\/uploads\/2025\/02\/IMG_20240226_104849_414-scaled.webp","width":1920,"height":2560,"caption":"kuivlillede kimp"},{"@type":"BreadcrumbList","@id":"https:\/\/valmeria.ee\/shop\/kuivlilled\/kompositsioon-boho-stiilis\/#breadcrumb","itemListElement":[{"@type":"ListItem","position":1,"name":"\u0413\u043b\u0430\u0432\u043d\u0430\u044f \u0441\u0442\u0440\u0430\u043d\u0438\u0446\u0430","item":"https:\/\/valmeria.ee\/"},{"@type":"ListItem","position":2,"name":"Lillepood","item":"https:\/\/valmeria.ee\/lillepood\/"},{"@type":"ListItem","position":3,"name":"Kompositsioon &#8220;Boho stiilis&#8221;"}]},{"@type":"WebSite","@id":"https:\/\/valmeria.ee\/#website","url":"https:\/\/valmeria.ee\/","name":"Valmeria Lilled","description":"Lillepood Tallinnas kiire kuller 10&euro; Tallinna piires.","publisher":{"@id":"https:\/\/valmeria.ee\/#organization"},"potentialAction":[{"@type":"SearchAction","target":{"@type":"EntryPoint","urlTemplate":"https:\/\/valmeria.ee\/?s={search_term_string}"},"query-input":{"@type":"PropertyValueSpecification","valueRequired":true,"valueName":"search_term_string"}}],"inLanguage":"ru-RU"},{"@type":"Organization","@id":"https:\/\/valmeria.ee\/#organization","name":"Valmeria Lilled","url":"https:\/\/valmeria.ee\/","logo":{"@type":"ImageObject","inLanguage":"ru-RU","@id":"https:\/\/valmeria.ee\/#\/schema\/logo\/image\/","url":"https:\/\/valmeria.ee\/wp-content\/uploads\/2021\/12\/Valmeria-logo.png","contentUrl":"https:\/\/valmeria.ee\/wp-content\/uploads\/2021\/12\/Valmeria-logo.png","width":480,"height":240,"caption":"Valmeria Lilled"},"image":{"@id":"https:\/\/valmeria.ee\/#\/schema\/logo\/image\/"},"sameAs":["https:\/\/www.facebook.com\/valmeria.lilled","https:\/\/www.instagram.com\/valmeria.lilled\/"]}]}},"_links":{"self":[{"href":"https:\/\/valmeria.ee\/ru\/wp-json\/wp\/v2\/product\/11449","targetHints":{"allow":["GET"]}}],"collection":[{"href":"https:\/\/valmeria.ee\/ru\/wp-json\/wp\/v2\/product"}],"about":[{"href":"https:\/\/valmeria.ee\/ru\/wp-json\/wp\/v2\/types\/product"}],"wp:featuredmedia":[{"embeddable":true,"href":"https:\/\/valmeria.ee\/ru\/wp-json\/wp\/v2\/media\/11450"}],"wp:attachment":[{"href":"https:\/\/valmeria.ee\/ru\/wp-json\/wp\/v2\/media?parent=11449"}],"wp:term":[{"taxonomy":"product_brand","embeddable":true,"href":"https:\/\/valmeria.ee\/ru\/wp-json\/wp\/v2\/product_brand?post=11449"},{"taxonomy":"product_cat","embeddable":true,"href":"https:\/\/valmeria.ee\/ru\/wp-json\/wp\/v2\/product_cat?post=11449"},{"taxonomy":"product_tag","embeddable":true,"href":"https:\/\/valmeria.ee\/ru\/wp-json\/wp\/v2\/product_tag?post=11449"}],"curies":[{"name":"wp","href":"https:\/\/api.w.org\/{rel}","templated":true}]}}