{"id":11512,"date":"2025-02-09T18:07:29","date_gmt":"2025-02-09T16:07:29","guid":{"rendered":"https:\/\/valmeria.ee\/?post_type=product&#038;p=11512"},"modified":"2025-02-18T22:55:46","modified_gmt":"2025-02-18T20:55:46","slug":"kimp-varvide-mang","status":"publish","type":"product","link":"https:\/\/valmeria.ee\/ru\/shop\/kimbud\/klassikalised-kimbud\/kimp-varvide-mang\/","title":{"rendered":"Kimp &#8220;V\u00e4rvide M\u00e4ng&#8221;"},"content":{"rendered":"<p>See lopsakas kimp on t\u00f5eline v\u00e4rvide paraad, mis toob s\u00fcgise ilu otse teie koju. Punased roosid, oran\u017eid gerberad ja kollased kr\u00fcsanteemid loovad koos s\u00e4rava ja elur\u00f5\u00f5msa koosluse. Roheline eukal\u00fcpt lisab kimbule v\u00e4rskust ja kontrasti, samas kui lina ja muud kuivatatud lilled annavad sellele tekstuurset rikkust. See kimp on ideaalne kingitus, et t\u00e4histada s\u00fcgist v\u00f5i lihtsalt tuua p\u00e4ikest oma p\u00e4eva.<\/p>\n<p>\u0426\u0432\u0435\u0442\u043e\u0447\u043d\u0430\u044f \u043a\u043e\u043c\u043f\u043e\u0437\u0438\u0446\u0438\u044f, 1\u0448\u0442.<\/p>\n<p>Pildil suurus &#8220;M&#8221;<\/p>","protected":false},"excerpt":{"rendered":"<p>See lopsakas kimp on t\u00f5eline v\u00e4rvide paraad, mis toob s\u00fcgise ilu otse teie koju. Punased roosid, oran\u017eid gerberad ja kollased<\/p>","protected":false},"featured_media":11513,"template":"","meta":[],"product_brand":[],"product_cat":[104,167,166],"product_tag":[150,119,117],"class_list":{"0":"post-11512","1":"product","2":"type-product","3":"status-publish","4":"has-post-thumbnail","6":"product_cat-kimbud","7":"product_cat-hoaegsed-kimbud","8":"product_cat-klassikalised-kimbud","9":"product_tag-eukalupt","10":"product_tag-krusanteem","11":"product_tag-roosid","12":"pa_suurus-l","13":"pa_suurus-m","14":"pa_suurus-s","15":"pa_suurus-xl","17":"first","18":"instock","19":"taxable","20":"shipping-taxable","21":"purchasable","22":"product-type-simple"},"yoast_head":"<!-- This site is optimized with the Yoast SEO plugin v26.6 - https:\/\/yoast.com\/wordpress\/plugins\/seo\/ -->\n<title>Kimp &quot;V\u00e4rvide M\u00e4ng&quot; &#8212; Valmeria Lilled<\/title>\n<meta name=\"description\" content=\"See lopsakas kimp on t\u00f5eline v\u00e4rvide paraad, mis toob s\u00fcgise ilu otse teie koju.\" \/>\n<meta name=\"robots\" content=\"index, follow, max-snippet:-1, max-image-preview:large, max-video-preview:-1\" \/>\n<link rel=\"canonical\" href=\"https:\/\/valmeria.ee\/ru\/shop\/kimbud\/klassikalised-kimbud\/kimp-varvide-mang\/\" \/>\n<meta property=\"og:locale\" content=\"ru_RU\" \/>\n<meta property=\"og:type\" content=\"article\" \/>\n<meta property=\"og:title\" content=\"Kimp &quot;V\u00e4rvide M\u00e4ng&quot; &#8212; Valmeria Lilled\" \/>\n<meta property=\"og:description\" content=\"See lopsakas kimp on t\u00f5eline v\u00e4rvide paraad, mis toob s\u00fcgise ilu otse teie koju.\" \/>\n<meta property=\"og:url\" content=\"https:\/\/valmeria.ee\/ru\/shop\/kimbud\/klassikalised-kimbud\/kimp-varvide-mang\/\" \/>\n<meta property=\"og:site_name\" content=\"Valmeria Lilled\" \/>\n<meta property=\"article:publisher\" content=\"https:\/\/www.facebook.com\/valmeria.lilled\" \/>\n<meta property=\"article:modified_time\" content=\"2025-02-18T20:55:46+00:00\" \/>\n<meta property=\"og:image\" content=\"https:\/\/valmeria.ee\/wp-content\/uploads\/2025\/02\/20240727_175422-scaled.webp\" \/>\n\t<meta property=\"og:image:width\" content=\"2560\" \/>\n\t<meta property=\"og:image:height\" content=\"2560\" \/>\n\t<meta property=\"og:image:type\" content=\"image\/jpeg\" \/>\n<meta name=\"twitter:card\" content=\"summary_large_image\" \/>\n<script type=\"application\/ld+json\" class=\"yoast-schema-graph\">{\"@context\":\"https:\/\/schema.org\",\"@graph\":[{\"@type\":\"WebPage\",\"@id\":\"https:\/\/valmeria.ee\/shop\/kimbud\/klassikalised-kimbud\/kimp-varvide-mang\/\",\"url\":\"https:\/\/valmeria.ee\/shop\/kimbud\/klassikalised-kimbud\/kimp-varvide-mang\/\",\"name\":\"Kimp \\\"V\u00e4rvide M\u00e4ng\\\" &#8212; Valmeria Lilled\",\"isPartOf\":{\"@id\":\"https:\/\/valmeria.ee\/#website\"},\"primaryImageOfPage\":{\"@id\":\"https:\/\/valmeria.ee\/shop\/kimbud\/klassikalised-kimbud\/kimp-varvide-mang\/#primaryimage\"},\"image\":{\"@id\":\"https:\/\/valmeria.ee\/shop\/kimbud\/klassikalised-kimbud\/kimp-varvide-mang\/#primaryimage\"},\"thumbnailUrl\":\"https:\/\/valmeria.ee\/wp-content\/uploads\/2025\/02\/20240727_175422-scaled.webp\",\"datePublished\":\"2025-02-09T16:07:29+00:00\",\"dateModified\":\"2025-02-18T20:55:46+00:00\",\"description\":\"See lopsakas kimp on t\u00f5eline v\u00e4rvide paraad, mis toob s\u00fcgise ilu otse teie koju.\",\"breadcrumb\":{\"@id\":\"https:\/\/valmeria.ee\/shop\/kimbud\/klassikalised-kimbud\/kimp-varvide-mang\/#breadcrumb\"},\"inLanguage\":\"ru-RU\",\"potentialAction\":[{\"@type\":\"ReadAction\",\"target\":[\"https:\/\/valmeria.ee\/shop\/kimbud\/klassikalised-kimbud\/kimp-varvide-mang\/\"]}]},{\"@type\":\"ImageObject\",\"inLanguage\":\"ru-RU\",\"@id\":\"https:\/\/valmeria.ee\/shop\/kimbud\/klassikalised-kimbud\/kimp-varvide-mang\/#primaryimage\",\"url\":\"https:\/\/valmeria.ee\/wp-content\/uploads\/2025\/02\/20240727_175422-scaled.webp\",\"contentUrl\":\"https:\/\/valmeria.ee\/wp-content\/uploads\/2025\/02\/20240727_175422-scaled.webp\",\"width\":2560,\"height\":2560},{\"@type\":\"BreadcrumbList\",\"@id\":\"https:\/\/valmeria.ee\/shop\/kimbud\/klassikalised-kimbud\/kimp-varvide-mang\/#breadcrumb\",\"itemListElement\":[{\"@type\":\"ListItem\",\"position\":1,\"name\":\"\u0413\u043b\u0430\u0432\u043d\u0430\u044f \u0441\u0442\u0440\u0430\u043d\u0438\u0446\u0430\",\"item\":\"https:\/\/valmeria.ee\/\"},{\"@type\":\"ListItem\",\"position\":2,\"name\":\"Lillepood\",\"item\":\"https:\/\/valmeria.ee\/lillepood\/\"},{\"@type\":\"ListItem\",\"position\":3,\"name\":\"Kimp &#8220;V\u00e4rvide M\u00e4ng&#8221;\"}]},{\"@type\":\"WebSite\",\"@id\":\"https:\/\/valmeria.ee\/#website\",\"url\":\"https:\/\/valmeria.ee\/\",\"name\":\"Valmeria Lilled\",\"description\":\"Lillepood Tallinnas kiire kuller 10&euro; Tallinna piires.\",\"publisher\":{\"@id\":\"https:\/\/valmeria.ee\/#organization\"},\"potentialAction\":[{\"@type\":\"SearchAction\",\"target\":{\"@type\":\"EntryPoint\",\"urlTemplate\":\"https:\/\/valmeria.ee\/?s={search_term_string}\"},\"query-input\":{\"@type\":\"PropertyValueSpecification\",\"valueRequired\":true,\"valueName\":\"search_term_string\"}}],\"inLanguage\":\"ru-RU\"},{\"@type\":\"Organization\",\"@id\":\"https:\/\/valmeria.ee\/#organization\",\"name\":\"Valmeria Lilled\",\"url\":\"https:\/\/valmeria.ee\/\",\"logo\":{\"@type\":\"ImageObject\",\"inLanguage\":\"ru-RU\",\"@id\":\"https:\/\/valmeria.ee\/#\/schema\/logo\/image\/\",\"url\":\"https:\/\/valmeria.ee\/wp-content\/uploads\/2021\/12\/Valmeria-logo.png\",\"contentUrl\":\"https:\/\/valmeria.ee\/wp-content\/uploads\/2021\/12\/Valmeria-logo.png\",\"width\":480,\"height\":240,\"caption\":\"Valmeria Lilled\"},\"image\":{\"@id\":\"https:\/\/valmeria.ee\/#\/schema\/logo\/image\/\"},\"sameAs\":[\"https:\/\/www.facebook.com\/valmeria.lilled\",\"https:\/\/www.instagram.com\/valmeria.lilled\/\"]}]}<\/script>\n<!-- \/ Yoast SEO plugin. -->","yoast_head_json":{"title":"Kimp \"V\u00e4rvide M\u00e4ng\" &#8212; Valmeria Lilled","description":"See lopsakas kimp on t\u00f5eline v\u00e4rvide paraad, mis toob s\u00fcgise ilu otse teie koju.","robots":{"index":"index","follow":"follow","max-snippet":"max-snippet:-1","max-image-preview":"max-image-preview:large","max-video-preview":"max-video-preview:-1"},"canonical":"https:\/\/valmeria.ee\/ru\/shop\/kimbud\/klassikalised-kimbud\/kimp-varvide-mang\/","og_locale":"ru_RU","og_type":"article","og_title":"Kimp \"V\u00e4rvide M\u00e4ng\" &#8212; Valmeria Lilled","og_description":"See lopsakas kimp on t\u00f5eline v\u00e4rvide paraad, mis toob s\u00fcgise ilu otse teie koju.","og_url":"https:\/\/valmeria.ee\/ru\/shop\/kimbud\/klassikalised-kimbud\/kimp-varvide-mang\/","og_site_name":"Valmeria Lilled","article_publisher":"https:\/\/www.facebook.com\/valmeria.lilled","article_modified_time":"2025-02-18T20:55:46+00:00","og_image":[{"width":2560,"height":2560,"url":"https:\/\/valmeria.ee\/wp-content\/uploads\/2025\/02\/20240727_175422-scaled.webp","type":"image\/jpeg"}],"twitter_card":"summary_large_image","schema":{"@context":"https:\/\/schema.org","@graph":[{"@type":"WebPage","@id":"https:\/\/valmeria.ee\/shop\/kimbud\/klassikalised-kimbud\/kimp-varvide-mang\/","url":"https:\/\/valmeria.ee\/shop\/kimbud\/klassikalised-kimbud\/kimp-varvide-mang\/","name":"Kimp \"V\u00e4rvide M\u00e4ng\" &#8212; Valmeria Lilled","isPartOf":{"@id":"https:\/\/valmeria.ee\/#website"},"primaryImageOfPage":{"@id":"https:\/\/valmeria.ee\/shop\/kimbud\/klassikalised-kimbud\/kimp-varvide-mang\/#primaryimage"},"image":{"@id":"https:\/\/valmeria.ee\/shop\/kimbud\/klassikalised-kimbud\/kimp-varvide-mang\/#primaryimage"},"thumbnailUrl":"https:\/\/valmeria.ee\/wp-content\/uploads\/2025\/02\/20240727_175422-scaled.webp","datePublished":"2025-02-09T16:07:29+00:00","dateModified":"2025-02-18T20:55:46+00:00","description":"See lopsakas kimp on t\u00f5eline v\u00e4rvide paraad, mis toob s\u00fcgise ilu otse teie koju.","breadcrumb":{"@id":"https:\/\/valmeria.ee\/shop\/kimbud\/klassikalised-kimbud\/kimp-varvide-mang\/#breadcrumb"},"inLanguage":"ru-RU","potentialAction":[{"@type":"ReadAction","target":["https:\/\/valmeria.ee\/shop\/kimbud\/klassikalised-kimbud\/kimp-varvide-mang\/"]}]},{"@type":"ImageObject","inLanguage":"ru-RU","@id":"https:\/\/valmeria.ee\/shop\/kimbud\/klassikalised-kimbud\/kimp-varvide-mang\/#primaryimage","url":"https:\/\/valmeria.ee\/wp-content\/uploads\/2025\/02\/20240727_175422-scaled.webp","contentUrl":"https:\/\/valmeria.ee\/wp-content\/uploads\/2025\/02\/20240727_175422-scaled.webp","width":2560,"height":2560},{"@type":"BreadcrumbList","@id":"https:\/\/valmeria.ee\/shop\/kimbud\/klassikalised-kimbud\/kimp-varvide-mang\/#breadcrumb","itemListElement":[{"@type":"ListItem","position":1,"name":"\u0413\u043b\u0430\u0432\u043d\u0430\u044f \u0441\u0442\u0440\u0430\u043d\u0438\u0446\u0430","item":"https:\/\/valmeria.ee\/"},{"@type":"ListItem","position":2,"name":"Lillepood","item":"https:\/\/valmeria.ee\/lillepood\/"},{"@type":"ListItem","position":3,"name":"Kimp &#8220;V\u00e4rvide M\u00e4ng&#8221;"}]},{"@type":"WebSite","@id":"https:\/\/valmeria.ee\/#website","url":"https:\/\/valmeria.ee\/","name":"Valmeria Lilled","description":"Lillepood Tallinnas kiire kuller 10&euro; Tallinna piires.","publisher":{"@id":"https:\/\/valmeria.ee\/#organization"},"potentialAction":[{"@type":"SearchAction","target":{"@type":"EntryPoint","urlTemplate":"https:\/\/valmeria.ee\/?s={search_term_string}"},"query-input":{"@type":"PropertyValueSpecification","valueRequired":true,"valueName":"search_term_string"}}],"inLanguage":"ru-RU"},{"@type":"Organization","@id":"https:\/\/valmeria.ee\/#organization","name":"Valmeria Lilled","url":"https:\/\/valmeria.ee\/","logo":{"@type":"ImageObject","inLanguage":"ru-RU","@id":"https:\/\/valmeria.ee\/#\/schema\/logo\/image\/","url":"https:\/\/valmeria.ee\/wp-content\/uploads\/2021\/12\/Valmeria-logo.png","contentUrl":"https:\/\/valmeria.ee\/wp-content\/uploads\/2021\/12\/Valmeria-logo.png","width":480,"height":240,"caption":"Valmeria Lilled"},"image":{"@id":"https:\/\/valmeria.ee\/#\/schema\/logo\/image\/"},"sameAs":["https:\/\/www.facebook.com\/valmeria.lilled","https:\/\/www.instagram.com\/valmeria.lilled\/"]}]}},"_links":{"self":[{"href":"https:\/\/valmeria.ee\/ru\/wp-json\/wp\/v2\/product\/11512","targetHints":{"allow":["GET"]}}],"collection":[{"href":"https:\/\/valmeria.ee\/ru\/wp-json\/wp\/v2\/product"}],"about":[{"href":"https:\/\/valmeria.ee\/ru\/wp-json\/wp\/v2\/types\/product"}],"wp:featuredmedia":[{"embeddable":true,"href":"https:\/\/valmeria.ee\/ru\/wp-json\/wp\/v2\/media\/11513"}],"wp:attachment":[{"href":"https:\/\/valmeria.ee\/ru\/wp-json\/wp\/v2\/media?parent=11512"}],"wp:term":[{"taxonomy":"product_brand","embeddable":true,"href":"https:\/\/valmeria.ee\/ru\/wp-json\/wp\/v2\/product_brand?post=11512"},{"taxonomy":"product_cat","embeddable":true,"href":"https:\/\/valmeria.ee\/ru\/wp-json\/wp\/v2\/product_cat?post=11512"},{"taxonomy":"product_tag","embeddable":true,"href":"https:\/\/valmeria.ee\/ru\/wp-json\/wp\/v2\/product_tag?post=11512"}],"curies":[{"name":"wp","href":"https:\/\/api.w.org\/{rel}","templated":true}]}}