{"id":11585,"date":"2025-02-12T15:55:19","date_gmt":"2025-02-12T13:55:19","guid":{"rendered":"https:\/\/valmeria.ee\/?post_type=product&#038;p=11585"},"modified":"2025-05-09T10:01:04","modified_gmt":"2025-05-09T07:01:04","slug":"liilia-lotus","status":"publish","type":"product","link":"https:\/\/valmeria.ee\/ru\/shop\/loikelilled\/liilia-lotus\/","title":{"rendered":"Liilia &#8220;Lotus&#8221;"},"content":{"rendered":"<p>Lotus Joy on h\u00fcbriidliilia, mis on tuntud oma suurte, kaunite \u00f5ite poolest. \u00d5ied on tavaliselt valged v\u00f5i roosad, keskelt kollase v\u00f5i oran\u017eiga.<\/p>\n<p>Lillekimp, 1tk<\/p>","protected":false},"excerpt":{"rendered":"<p>Lotus Joy on h\u00fcbriidliilia, mis on tuntud oma suurte, kaunite \u00f5ite poolest. \u00d5ied on tavaliselt valged v\u00f5i roosad, keskelt kollase<\/p>","protected":false},"featured_media":11593,"template":"","meta":[],"product_brand":[],"product_cat":[106],"product_tag":[115],"class_list":{"0":"post-11585","1":"product","2":"type-product","3":"status-publish","4":"has-post-thumbnail","6":"product_cat-loikelilled","7":"product_tag-liiliad","9":"first","10":"instock","11":"featured","12":"taxable","13":"shipping-taxable","14":"purchasable","15":"product-type-variable","16":"has-default-attributes"},"yoast_head":"<!-- This site is optimized with the Yoast SEO plugin v26.6 - https:\/\/yoast.com\/wordpress\/plugins\/seo\/ -->\n<title>Liilia &quot;Lotus&quot; &#8212; Valmeria Lilled<\/title>\n<meta name=\"description\" content=\"Lotus liilia on h\u00fcbriidliilia, mis on tuntud oma suurte, kaunite \u00f5ite poolest. \u00d5ied on tavaliselt valged v\u00f5i roosad, keskelt kollase v\u00f5i oran\u017eiga.\" \/>\n<meta name=\"robots\" content=\"index, follow, max-snippet:-1, max-image-preview:large, max-video-preview:-1\" \/>\n<link rel=\"canonical\" href=\"https:\/\/valmeria.ee\/ru\/shop\/loikelilled\/liilia-lotus\/\" \/>\n<meta property=\"og:locale\" content=\"ru_RU\" \/>\n<meta property=\"og:type\" content=\"article\" \/>\n<meta property=\"og:title\" content=\"Liilia &quot;Lotus&quot; &#8212; Valmeria Lilled\" \/>\n<meta property=\"og:description\" content=\"Lotus liilia on h\u00fcbriidliilia, mis on tuntud oma suurte, kaunite \u00f5ite poolest. \u00d5ied on tavaliselt valged v\u00f5i roosad, keskelt kollase v\u00f5i oran\u017eiga.\" \/>\n<meta property=\"og:url\" content=\"https:\/\/valmeria.ee\/ru\/shop\/loikelilled\/liilia-lotus\/\" \/>\n<meta property=\"og:site_name\" content=\"Valmeria Lilled\" \/>\n<meta property=\"article:publisher\" content=\"https:\/\/www.facebook.com\/valmeria.lilled\" \/>\n<meta property=\"article:modified_time\" content=\"2025-05-09T07:01:04+00:00\" \/>\n<meta property=\"og:image\" content=\"https:\/\/valmeria.ee\/wp-content\/uploads\/2025\/02\/IMG_20241109_094637_541.webp\" \/>\n\t<meta property=\"og:image:width\" content=\"960\" \/>\n\t<meta property=\"og:image:height\" content=\"1280\" \/>\n\t<meta property=\"og:image:type\" content=\"image\/jpeg\" \/>\n<meta name=\"twitter:card\" content=\"summary_large_image\" \/>\n<script type=\"application\/ld+json\" class=\"yoast-schema-graph\">{\"@context\":\"https:\/\/schema.org\",\"@graph\":[{\"@type\":\"WebPage\",\"@id\":\"https:\/\/valmeria.ee\/shop\/loikelilled\/liilia-lotus\/\",\"url\":\"https:\/\/valmeria.ee\/shop\/loikelilled\/liilia-lotus\/\",\"name\":\"Liilia \\\"Lotus\\\" &#8212; Valmeria Lilled\",\"isPartOf\":{\"@id\":\"https:\/\/valmeria.ee\/#website\"},\"primaryImageOfPage\":{\"@id\":\"https:\/\/valmeria.ee\/shop\/loikelilled\/liilia-lotus\/#primaryimage\"},\"image\":{\"@id\":\"https:\/\/valmeria.ee\/shop\/loikelilled\/liilia-lotus\/#primaryimage\"},\"thumbnailUrl\":\"https:\/\/valmeria.ee\/wp-content\/uploads\/2025\/02\/IMG_20241109_094637_541.webp\",\"datePublished\":\"2025-02-12T13:55:19+00:00\",\"dateModified\":\"2025-05-09T07:01:04+00:00\",\"description\":\"Lotus liilia on h\u00fcbriidliilia, mis on tuntud oma suurte, kaunite \u00f5ite poolest. \u00d5ied on tavaliselt valged v\u00f5i roosad, keskelt kollase v\u00f5i oran\u017eiga.\",\"breadcrumb\":{\"@id\":\"https:\/\/valmeria.ee\/shop\/loikelilled\/liilia-lotus\/#breadcrumb\"},\"inLanguage\":\"ru-RU\",\"potentialAction\":[{\"@type\":\"ReadAction\",\"target\":[\"https:\/\/valmeria.ee\/shop\/loikelilled\/liilia-lotus\/\"]}]},{\"@type\":\"ImageObject\",\"inLanguage\":\"ru-RU\",\"@id\":\"https:\/\/valmeria.ee\/shop\/loikelilled\/liilia-lotus\/#primaryimage\",\"url\":\"https:\/\/valmeria.ee\/wp-content\/uploads\/2025\/02\/IMG_20241109_094637_541.webp\",\"contentUrl\":\"https:\/\/valmeria.ee\/wp-content\/uploads\/2025\/02\/IMG_20241109_094637_541.webp\",\"width\":960,\"height\":1280},{\"@type\":\"BreadcrumbList\",\"@id\":\"https:\/\/valmeria.ee\/shop\/loikelilled\/liilia-lotus\/#breadcrumb\",\"itemListElement\":[{\"@type\":\"ListItem\",\"position\":1,\"name\":\"\u0413\u043b\u0430\u0432\u043d\u0430\u044f \u0441\u0442\u0440\u0430\u043d\u0438\u0446\u0430\",\"item\":\"https:\/\/valmeria.ee\/\"},{\"@type\":\"ListItem\",\"position\":2,\"name\":\"Lillepood\",\"item\":\"https:\/\/valmeria.ee\/lillepood\/\"},{\"@type\":\"ListItem\",\"position\":3,\"name\":\"Liilia &#8220;Lotus&#8221;\"}]},{\"@type\":\"WebSite\",\"@id\":\"https:\/\/valmeria.ee\/#website\",\"url\":\"https:\/\/valmeria.ee\/\",\"name\":\"Valmeria Lilled\",\"description\":\"Lillepood Tallinnas kiire kuller 10&euro; Tallinna piires.\",\"publisher\":{\"@id\":\"https:\/\/valmeria.ee\/#organization\"},\"potentialAction\":[{\"@type\":\"SearchAction\",\"target\":{\"@type\":\"EntryPoint\",\"urlTemplate\":\"https:\/\/valmeria.ee\/?s={search_term_string}\"},\"query-input\":{\"@type\":\"PropertyValueSpecification\",\"valueRequired\":true,\"valueName\":\"search_term_string\"}}],\"inLanguage\":\"ru-RU\"},{\"@type\":\"Organization\",\"@id\":\"https:\/\/valmeria.ee\/#organization\",\"name\":\"Valmeria Lilled\",\"url\":\"https:\/\/valmeria.ee\/\",\"logo\":{\"@type\":\"ImageObject\",\"inLanguage\":\"ru-RU\",\"@id\":\"https:\/\/valmeria.ee\/#\/schema\/logo\/image\/\",\"url\":\"https:\/\/valmeria.ee\/wp-content\/uploads\/2021\/12\/Valmeria-logo.png\",\"contentUrl\":\"https:\/\/valmeria.ee\/wp-content\/uploads\/2021\/12\/Valmeria-logo.png\",\"width\":480,\"height\":240,\"caption\":\"Valmeria Lilled\"},\"image\":{\"@id\":\"https:\/\/valmeria.ee\/#\/schema\/logo\/image\/\"},\"sameAs\":[\"https:\/\/www.facebook.com\/valmeria.lilled\",\"https:\/\/www.instagram.com\/valmeria.lilled\/\"]}]}<\/script>\n<!-- \/ Yoast SEO plugin. -->","yoast_head_json":{"title":"Liilia \"Lotus\" &#8212; Valmeria Lilled","description":"Lotus liilia on h\u00fcbriidliilia, mis on tuntud oma suurte, kaunite \u00f5ite poolest. \u00d5ied on tavaliselt valged v\u00f5i roosad, keskelt kollase v\u00f5i oran\u017eiga.","robots":{"index":"index","follow":"follow","max-snippet":"max-snippet:-1","max-image-preview":"max-image-preview:large","max-video-preview":"max-video-preview:-1"},"canonical":"https:\/\/valmeria.ee\/ru\/shop\/loikelilled\/liilia-lotus\/","og_locale":"ru_RU","og_type":"article","og_title":"Liilia \"Lotus\" &#8212; Valmeria Lilled","og_description":"Lotus liilia on h\u00fcbriidliilia, mis on tuntud oma suurte, kaunite \u00f5ite poolest. \u00d5ied on tavaliselt valged v\u00f5i roosad, keskelt kollase v\u00f5i oran\u017eiga.","og_url":"https:\/\/valmeria.ee\/ru\/shop\/loikelilled\/liilia-lotus\/","og_site_name":"Valmeria Lilled","article_publisher":"https:\/\/www.facebook.com\/valmeria.lilled","article_modified_time":"2025-05-09T07:01:04+00:00","og_image":[{"width":960,"height":1280,"url":"https:\/\/valmeria.ee\/wp-content\/uploads\/2025\/02\/IMG_20241109_094637_541.webp","type":"image\/jpeg"}],"twitter_card":"summary_large_image","schema":{"@context":"https:\/\/schema.org","@graph":[{"@type":"WebPage","@id":"https:\/\/valmeria.ee\/shop\/loikelilled\/liilia-lotus\/","url":"https:\/\/valmeria.ee\/shop\/loikelilled\/liilia-lotus\/","name":"Liilia \"Lotus\" &#8212; Valmeria Lilled","isPartOf":{"@id":"https:\/\/valmeria.ee\/#website"},"primaryImageOfPage":{"@id":"https:\/\/valmeria.ee\/shop\/loikelilled\/liilia-lotus\/#primaryimage"},"image":{"@id":"https:\/\/valmeria.ee\/shop\/loikelilled\/liilia-lotus\/#primaryimage"},"thumbnailUrl":"https:\/\/valmeria.ee\/wp-content\/uploads\/2025\/02\/IMG_20241109_094637_541.webp","datePublished":"2025-02-12T13:55:19+00:00","dateModified":"2025-05-09T07:01:04+00:00","description":"Lotus liilia on h\u00fcbriidliilia, mis on tuntud oma suurte, kaunite \u00f5ite poolest. \u00d5ied on tavaliselt valged v\u00f5i roosad, keskelt kollase v\u00f5i oran\u017eiga.","breadcrumb":{"@id":"https:\/\/valmeria.ee\/shop\/loikelilled\/liilia-lotus\/#breadcrumb"},"inLanguage":"ru-RU","potentialAction":[{"@type":"ReadAction","target":["https:\/\/valmeria.ee\/shop\/loikelilled\/liilia-lotus\/"]}]},{"@type":"ImageObject","inLanguage":"ru-RU","@id":"https:\/\/valmeria.ee\/shop\/loikelilled\/liilia-lotus\/#primaryimage","url":"https:\/\/valmeria.ee\/wp-content\/uploads\/2025\/02\/IMG_20241109_094637_541.webp","contentUrl":"https:\/\/valmeria.ee\/wp-content\/uploads\/2025\/02\/IMG_20241109_094637_541.webp","width":960,"height":1280},{"@type":"BreadcrumbList","@id":"https:\/\/valmeria.ee\/shop\/loikelilled\/liilia-lotus\/#breadcrumb","itemListElement":[{"@type":"ListItem","position":1,"name":"\u0413\u043b\u0430\u0432\u043d\u0430\u044f \u0441\u0442\u0440\u0430\u043d\u0438\u0446\u0430","item":"https:\/\/valmeria.ee\/"},{"@type":"ListItem","position":2,"name":"Lillepood","item":"https:\/\/valmeria.ee\/lillepood\/"},{"@type":"ListItem","position":3,"name":"Liilia &#8220;Lotus&#8221;"}]},{"@type":"WebSite","@id":"https:\/\/valmeria.ee\/#website","url":"https:\/\/valmeria.ee\/","name":"Valmeria Lilled","description":"Lillepood Tallinnas kiire kuller 10&euro; Tallinna piires.","publisher":{"@id":"https:\/\/valmeria.ee\/#organization"},"potentialAction":[{"@type":"SearchAction","target":{"@type":"EntryPoint","urlTemplate":"https:\/\/valmeria.ee\/?s={search_term_string}"},"query-input":{"@type":"PropertyValueSpecification","valueRequired":true,"valueName":"search_term_string"}}],"inLanguage":"ru-RU"},{"@type":"Organization","@id":"https:\/\/valmeria.ee\/#organization","name":"Valmeria Lilled","url":"https:\/\/valmeria.ee\/","logo":{"@type":"ImageObject","inLanguage":"ru-RU","@id":"https:\/\/valmeria.ee\/#\/schema\/logo\/image\/","url":"https:\/\/valmeria.ee\/wp-content\/uploads\/2021\/12\/Valmeria-logo.png","contentUrl":"https:\/\/valmeria.ee\/wp-content\/uploads\/2021\/12\/Valmeria-logo.png","width":480,"height":240,"caption":"Valmeria Lilled"},"image":{"@id":"https:\/\/valmeria.ee\/#\/schema\/logo\/image\/"},"sameAs":["https:\/\/www.facebook.com\/valmeria.lilled","https:\/\/www.instagram.com\/valmeria.lilled\/"]}]}},"_links":{"self":[{"href":"https:\/\/valmeria.ee\/ru\/wp-json\/wp\/v2\/product\/11585","targetHints":{"allow":["GET"]}}],"collection":[{"href":"https:\/\/valmeria.ee\/ru\/wp-json\/wp\/v2\/product"}],"about":[{"href":"https:\/\/valmeria.ee\/ru\/wp-json\/wp\/v2\/types\/product"}],"wp:featuredmedia":[{"embeddable":true,"href":"https:\/\/valmeria.ee\/ru\/wp-json\/wp\/v2\/media\/11593"}],"wp:attachment":[{"href":"https:\/\/valmeria.ee\/ru\/wp-json\/wp\/v2\/media?parent=11585"}],"wp:term":[{"taxonomy":"product_brand","embeddable":true,"href":"https:\/\/valmeria.ee\/ru\/wp-json\/wp\/v2\/product_brand?post=11585"},{"taxonomy":"product_cat","embeddable":true,"href":"https:\/\/valmeria.ee\/ru\/wp-json\/wp\/v2\/product_cat?post=11585"},{"taxonomy":"product_tag","embeddable":true,"href":"https:\/\/valmeria.ee\/ru\/wp-json\/wp\/v2\/product_tag?post=11585"}],"curies":[{"name":"wp","href":"https:\/\/api.w.org\/{rel}","templated":true}]}}