{"id":11627,"date":"2025-02-13T10:45:29","date_gmt":"2025-02-13T08:45:29","guid":{"rendered":"https:\/\/valmeria.ee\/?post_type=product&#038;p=11627"},"modified":"2025-02-13T10:49:41","modified_gmt":"2025-02-13T08:49:41","slug":"toblerone-100g-milk","status":"publish","type":"product","link":"https:\/\/valmeria.ee\/ru\/shop\/magusad-elamused\/toblerone-100g-milk\/","title":{"rendered":"Toblerone 100g Milk"},"content":{"rendered":"<p>\u0160veitsi piima\u0161okolaad<\/p>\n<p>Koostisosad:<\/p>\n<p>Suhkur, t\u00e4is<strong>PIIMA<\/strong>pulber, kakaov\u00f5i, kakaomass, mesi (3%), <strong>PIIMA<\/strong>rasv, <strong>MANDLID<\/strong> (1,6%), emulgaator (<strong>SOJA<\/strong>letsitiin), <strong>MUNAVALGE<\/strong> l\u00f5hna- ja maitseained. Piima\u0161okolaad sisaldab: Kakao kuivainet v\u00e4hemalt 28%. Piima kuivained v\u00e4hemalt 14%.<\/p>","protected":false},"excerpt":{"rendered":"<p>\u0160veitsi piima\u0161okolaad Koostisosad: Suhkur, t\u00e4isPIIMApulber, kakaov\u00f5i, kakaomass, mesi (3%), PIIMArasv, MANDLID (1,6%), emulgaator (SOJAletsitiin), MUNAVALGE l\u00f5hna- ja maitseained. Piima\u0161okolaad sisaldab:<\/p>","protected":false},"featured_media":11628,"template":"","meta":[],"product_brand":[],"product_cat":[107],"product_tag":[],"class_list":{"0":"post-11627","1":"product","2":"type-product","3":"status-publish","4":"has-post-thumbnail","6":"product_cat-magusad-elamused","8":"first","9":"instock","10":"taxable","11":"shipping-taxable","12":"purchasable","13":"product-type-simple"},"yoast_head":"<!-- This site is optimized with the Yoast SEO plugin v26.6 - https:\/\/yoast.com\/wordpress\/plugins\/seo\/ -->\n<title>Toblerone 100g Milk &#8212; Valmeria Lilled<\/title>\n<meta name=\"description\" content=\"\u0160veitsi piima\u0161okolaad\" \/>\n<meta name=\"robots\" content=\"index, follow, max-snippet:-1, max-image-preview:large, max-video-preview:-1\" \/>\n<link rel=\"canonical\" href=\"https:\/\/valmeria.ee\/ru\/shop\/magusad-elamused\/toblerone-100g-milk\/\" \/>\n<meta property=\"og:locale\" content=\"ru_RU\" \/>\n<meta property=\"og:type\" content=\"article\" \/>\n<meta property=\"og:title\" content=\"Toblerone 100g Milk &#8212; Valmeria Lilled\" \/>\n<meta property=\"og:description\" content=\"\u0160veitsi piima\u0161okolaad\" \/>\n<meta property=\"og:url\" content=\"https:\/\/valmeria.ee\/ru\/shop\/magusad-elamused\/toblerone-100g-milk\/\" \/>\n<meta property=\"og:site_name\" content=\"Valmeria Lilled\" \/>\n<meta property=\"article:publisher\" content=\"https:\/\/www.facebook.com\/valmeria.lilled\" \/>\n<meta property=\"article:modified_time\" content=\"2025-02-13T08:49:41+00:00\" \/>\n<meta property=\"og:image\" content=\"https:\/\/valmeria.ee\/wp-content\/uploads\/2025\/02\/20250212_193608-scaled.webp\" \/>\n\t<meta property=\"og:image:width\" content=\"1920\" \/>\n\t<meta property=\"og:image:height\" content=\"2560\" \/>\n\t<meta property=\"og:image:type\" content=\"image\/jpeg\" \/>\n<meta name=\"twitter:card\" content=\"summary_large_image\" \/>\n<script type=\"application\/ld+json\" class=\"yoast-schema-graph\">{\"@context\":\"https:\/\/schema.org\",\"@graph\":[{\"@type\":\"WebPage\",\"@id\":\"https:\/\/valmeria.ee\/shop\/magusad-elamused\/toblerone-100g-milk\/\",\"url\":\"https:\/\/valmeria.ee\/shop\/magusad-elamused\/toblerone-100g-milk\/\",\"name\":\"Toblerone 100g Milk &#8212; Valmeria Lilled\",\"isPartOf\":{\"@id\":\"https:\/\/valmeria.ee\/#website\"},\"primaryImageOfPage\":{\"@id\":\"https:\/\/valmeria.ee\/shop\/magusad-elamused\/toblerone-100g-milk\/#primaryimage\"},\"image\":{\"@id\":\"https:\/\/valmeria.ee\/shop\/magusad-elamused\/toblerone-100g-milk\/#primaryimage\"},\"thumbnailUrl\":\"https:\/\/valmeria.ee\/wp-content\/uploads\/2025\/02\/20250212_193608-scaled.webp\",\"datePublished\":\"2025-02-13T08:45:29+00:00\",\"dateModified\":\"2025-02-13T08:49:41+00:00\",\"description\":\"\u0160veitsi piima\u0161okolaad\",\"breadcrumb\":{\"@id\":\"https:\/\/valmeria.ee\/shop\/magusad-elamused\/toblerone-100g-milk\/#breadcrumb\"},\"inLanguage\":\"ru-RU\",\"potentialAction\":[{\"@type\":\"ReadAction\",\"target\":[\"https:\/\/valmeria.ee\/shop\/magusad-elamused\/toblerone-100g-milk\/\"]}]},{\"@type\":\"ImageObject\",\"inLanguage\":\"ru-RU\",\"@id\":\"https:\/\/valmeria.ee\/shop\/magusad-elamused\/toblerone-100g-milk\/#primaryimage\",\"url\":\"https:\/\/valmeria.ee\/wp-content\/uploads\/2025\/02\/20250212_193608-scaled.webp\",\"contentUrl\":\"https:\/\/valmeria.ee\/wp-content\/uploads\/2025\/02\/20250212_193608-scaled.webp\",\"width\":1920,\"height\":2560},{\"@type\":\"BreadcrumbList\",\"@id\":\"https:\/\/valmeria.ee\/shop\/magusad-elamused\/toblerone-100g-milk\/#breadcrumb\",\"itemListElement\":[{\"@type\":\"ListItem\",\"position\":1,\"name\":\"\u0413\u043b\u0430\u0432\u043d\u0430\u044f \u0441\u0442\u0440\u0430\u043d\u0438\u0446\u0430\",\"item\":\"https:\/\/valmeria.ee\/\"},{\"@type\":\"ListItem\",\"position\":2,\"name\":\"Lillepood\",\"item\":\"https:\/\/valmeria.ee\/lillepood\/\"},{\"@type\":\"ListItem\",\"position\":3,\"name\":\"Toblerone 100g Milk\"}]},{\"@type\":\"WebSite\",\"@id\":\"https:\/\/valmeria.ee\/#website\",\"url\":\"https:\/\/valmeria.ee\/\",\"name\":\"Valmeria Lilled\",\"description\":\"Lillepood Tallinnas kiire kuller 10&euro; Tallinna piires.\",\"publisher\":{\"@id\":\"https:\/\/valmeria.ee\/#organization\"},\"potentialAction\":[{\"@type\":\"SearchAction\",\"target\":{\"@type\":\"EntryPoint\",\"urlTemplate\":\"https:\/\/valmeria.ee\/?s={search_term_string}\"},\"query-input\":{\"@type\":\"PropertyValueSpecification\",\"valueRequired\":true,\"valueName\":\"search_term_string\"}}],\"inLanguage\":\"ru-RU\"},{\"@type\":\"Organization\",\"@id\":\"https:\/\/valmeria.ee\/#organization\",\"name\":\"Valmeria Lilled\",\"url\":\"https:\/\/valmeria.ee\/\",\"logo\":{\"@type\":\"ImageObject\",\"inLanguage\":\"ru-RU\",\"@id\":\"https:\/\/valmeria.ee\/#\/schema\/logo\/image\/\",\"url\":\"https:\/\/valmeria.ee\/wp-content\/uploads\/2021\/12\/Valmeria-logo.png\",\"contentUrl\":\"https:\/\/valmeria.ee\/wp-content\/uploads\/2021\/12\/Valmeria-logo.png\",\"width\":480,\"height\":240,\"caption\":\"Valmeria Lilled\"},\"image\":{\"@id\":\"https:\/\/valmeria.ee\/#\/schema\/logo\/image\/\"},\"sameAs\":[\"https:\/\/www.facebook.com\/valmeria.lilled\",\"https:\/\/www.instagram.com\/valmeria.lilled\/\"]}]}<\/script>\n<!-- \/ Yoast SEO plugin. -->","yoast_head_json":{"title":"Toblerone 100g Milk &#8212; Valmeria Lilled","description":"\u0160veitsi piima\u0161okolaad","robots":{"index":"index","follow":"follow","max-snippet":"max-snippet:-1","max-image-preview":"max-image-preview:large","max-video-preview":"max-video-preview:-1"},"canonical":"https:\/\/valmeria.ee\/ru\/shop\/magusad-elamused\/toblerone-100g-milk\/","og_locale":"ru_RU","og_type":"article","og_title":"Toblerone 100g Milk &#8212; Valmeria Lilled","og_description":"\u0160veitsi piima\u0161okolaad","og_url":"https:\/\/valmeria.ee\/ru\/shop\/magusad-elamused\/toblerone-100g-milk\/","og_site_name":"Valmeria Lilled","article_publisher":"https:\/\/www.facebook.com\/valmeria.lilled","article_modified_time":"2025-02-13T08:49:41+00:00","og_image":[{"width":1920,"height":2560,"url":"https:\/\/valmeria.ee\/wp-content\/uploads\/2025\/02\/20250212_193608-scaled.webp","type":"image\/jpeg"}],"twitter_card":"summary_large_image","schema":{"@context":"https:\/\/schema.org","@graph":[{"@type":"WebPage","@id":"https:\/\/valmeria.ee\/shop\/magusad-elamused\/toblerone-100g-milk\/","url":"https:\/\/valmeria.ee\/shop\/magusad-elamused\/toblerone-100g-milk\/","name":"Toblerone 100g Milk &#8212; Valmeria Lilled","isPartOf":{"@id":"https:\/\/valmeria.ee\/#website"},"primaryImageOfPage":{"@id":"https:\/\/valmeria.ee\/shop\/magusad-elamused\/toblerone-100g-milk\/#primaryimage"},"image":{"@id":"https:\/\/valmeria.ee\/shop\/magusad-elamused\/toblerone-100g-milk\/#primaryimage"},"thumbnailUrl":"https:\/\/valmeria.ee\/wp-content\/uploads\/2025\/02\/20250212_193608-scaled.webp","datePublished":"2025-02-13T08:45:29+00:00","dateModified":"2025-02-13T08:49:41+00:00","description":"\u0160veitsi piima\u0161okolaad","breadcrumb":{"@id":"https:\/\/valmeria.ee\/shop\/magusad-elamused\/toblerone-100g-milk\/#breadcrumb"},"inLanguage":"ru-RU","potentialAction":[{"@type":"ReadAction","target":["https:\/\/valmeria.ee\/shop\/magusad-elamused\/toblerone-100g-milk\/"]}]},{"@type":"ImageObject","inLanguage":"ru-RU","@id":"https:\/\/valmeria.ee\/shop\/magusad-elamused\/toblerone-100g-milk\/#primaryimage","url":"https:\/\/valmeria.ee\/wp-content\/uploads\/2025\/02\/20250212_193608-scaled.webp","contentUrl":"https:\/\/valmeria.ee\/wp-content\/uploads\/2025\/02\/20250212_193608-scaled.webp","width":1920,"height":2560},{"@type":"BreadcrumbList","@id":"https:\/\/valmeria.ee\/shop\/magusad-elamused\/toblerone-100g-milk\/#breadcrumb","itemListElement":[{"@type":"ListItem","position":1,"name":"\u0413\u043b\u0430\u0432\u043d\u0430\u044f \u0441\u0442\u0440\u0430\u043d\u0438\u0446\u0430","item":"https:\/\/valmeria.ee\/"},{"@type":"ListItem","position":2,"name":"Lillepood","item":"https:\/\/valmeria.ee\/lillepood\/"},{"@type":"ListItem","position":3,"name":"Toblerone 100g Milk"}]},{"@type":"WebSite","@id":"https:\/\/valmeria.ee\/#website","url":"https:\/\/valmeria.ee\/","name":"Valmeria Lilled","description":"Lillepood Tallinnas kiire kuller 10&euro; Tallinna piires.","publisher":{"@id":"https:\/\/valmeria.ee\/#organization"},"potentialAction":[{"@type":"SearchAction","target":{"@type":"EntryPoint","urlTemplate":"https:\/\/valmeria.ee\/?s={search_term_string}"},"query-input":{"@type":"PropertyValueSpecification","valueRequired":true,"valueName":"search_term_string"}}],"inLanguage":"ru-RU"},{"@type":"Organization","@id":"https:\/\/valmeria.ee\/#organization","name":"Valmeria Lilled","url":"https:\/\/valmeria.ee\/","logo":{"@type":"ImageObject","inLanguage":"ru-RU","@id":"https:\/\/valmeria.ee\/#\/schema\/logo\/image\/","url":"https:\/\/valmeria.ee\/wp-content\/uploads\/2021\/12\/Valmeria-logo.png","contentUrl":"https:\/\/valmeria.ee\/wp-content\/uploads\/2021\/12\/Valmeria-logo.png","width":480,"height":240,"caption":"Valmeria Lilled"},"image":{"@id":"https:\/\/valmeria.ee\/#\/schema\/logo\/image\/"},"sameAs":["https:\/\/www.facebook.com\/valmeria.lilled","https:\/\/www.instagram.com\/valmeria.lilled\/"]}]}},"_links":{"self":[{"href":"https:\/\/valmeria.ee\/ru\/wp-json\/wp\/v2\/product\/11627","targetHints":{"allow":["GET"]}}],"collection":[{"href":"https:\/\/valmeria.ee\/ru\/wp-json\/wp\/v2\/product"}],"about":[{"href":"https:\/\/valmeria.ee\/ru\/wp-json\/wp\/v2\/types\/product"}],"wp:featuredmedia":[{"embeddable":true,"href":"https:\/\/valmeria.ee\/ru\/wp-json\/wp\/v2\/media\/11628"}],"wp:attachment":[{"href":"https:\/\/valmeria.ee\/ru\/wp-json\/wp\/v2\/media?parent=11627"}],"wp:term":[{"taxonomy":"product_brand","embeddable":true,"href":"https:\/\/valmeria.ee\/ru\/wp-json\/wp\/v2\/product_brand?post=11627"},{"taxonomy":"product_cat","embeddable":true,"href":"https:\/\/valmeria.ee\/ru\/wp-json\/wp\/v2\/product_cat?post=11627"},{"taxonomy":"product_tag","embeddable":true,"href":"https:\/\/valmeria.ee\/ru\/wp-json\/wp\/v2\/product_tag?post=11627"}],"curies":[{"name":"wp","href":"https:\/\/api.w.org\/{rel}","templated":true}]}}