{"id":11975,"date":"2025-04-07T19:11:40","date_gmt":"2025-04-07T16:11:40","guid":{"rendered":"https:\/\/valmeria.ee\/?post_type=product&#038;p=11975"},"modified":"2026-03-04T14:23:39","modified_gmt":"2026-03-04T12:23:39","slug":"kimp-tallinna-paike","status":"publish","type":"product","link":"https:\/\/valmeria.ee\/ru\/shop\/kimbud\/klassikalised-kimbud\/kimp-tallinna-paike\/","title":{"rendered":"\u0411\u0443\u043a\u0435\u0442 \"\u0422\u0430\u043b\u043b\u0438\u043d\u0441\u043a\u043e\u0435 \u0441\u043e\u043b\u043d\u0446\u0435\""},"content":{"rendered":"<p>&#8220;Tallinna P\u00e4ike&#8221; \u2013 s\u00e4deleva sooja ja r\u00f5\u00f5msa energiaga lillekimp. Oran\u017eid ja kollased <strong class=\"\">lilled<\/strong> toovad suve p\u00e4ikese otse koju! See kaunilt koostatud kimp sisaldab tulpe, alstroomeid, kretsioonlit ja valget kipsilille, mis loob v\u00f5rratu harmoonia. Ideaalne kingitus s\u00fcnnip\u00e4evale, t\u00e4htp\u00e4evale v\u00f5i lihtsalt r\u00f5\u00f5mustamiseks.<\/p>\n<p>\u0420\u0430\u0437\u043c\u0435\u0440 \"\u041c\"<\/p>\n<p>\u0426\u0432\u0435\u0442\u043e\u0447\u043d\u0430\u044f \u043a\u043e\u043c\u043f\u043e\u0437\u0438\u0446\u0438\u044f, 1\u0448\u0442.<\/p>","protected":false},"excerpt":{"rendered":"<p>&#8220;Tallinna P\u00e4ike&#8221; \u2013 s\u00e4deleva sooja ja r\u00f5\u00f5msa energiaga lillekimp. Oran\u017eid ja kollased lilled toovad suve p\u00e4ikese otse koju! See kaunilt<\/p>","protected":false},"featured_media":11976,"template":"","meta":[],"product_brand":[],"product_cat":[104,167,166],"product_tag":[110,197,181],"class_list":{"0":"post-11975","1":"product","2":"type-product","3":"status-publish","4":"has-post-thumbnail","6":"product_cat-kimbud","7":"product_cat-hoaegsed-kimbud","8":"product_cat-klassikalised-kimbud","9":"product_tag-alstroemeria","10":"product_tag-kipsilill","11":"product_tag-tulp","13":"first","14":"instock","15":"featured","16":"taxable","17":"shipping-taxable","18":"purchasable","19":"product-type-simple"},"yoast_head":"<!-- This site is optimized with the Yoast SEO plugin v26.6 - https:\/\/yoast.com\/wordpress\/plugins\/seo\/ -->\n<title>Kimp &quot;Tallinna P\u00e4ike&quot; &#8212; Valmeria Lilled<\/title>\n<meta name=\"description\" content=\"Oran\u017eid ja kollased lilled toovad suve p\u00e4ikese otse koju! See kaunilt koostatud kimp sisaldab tulpe ja valget kipsilille, mis loob v\u00f5rratu harmoonia.\" \/>\n<meta name=\"robots\" content=\"index, follow, max-snippet:-1, max-image-preview:large, max-video-preview:-1\" \/>\n<link rel=\"canonical\" href=\"https:\/\/valmeria.ee\/ru\/shop\/kimbud\/klassikalised-kimbud\/kimp-tallinna-paike\/\" \/>\n<meta property=\"og:locale\" content=\"ru_RU\" \/>\n<meta property=\"og:type\" content=\"article\" \/>\n<meta property=\"og:title\" content=\"Kimp &quot;Tallinna P\u00e4ike&quot; &#8212; Valmeria Lilled\" \/>\n<meta property=\"og:description\" content=\"Oran\u017eid ja kollased lilled toovad suve p\u00e4ikese otse koju! See kaunilt koostatud kimp sisaldab tulpe ja valget kipsilille, mis loob v\u00f5rratu harmoonia.\" \/>\n<meta property=\"og:url\" content=\"https:\/\/valmeria.ee\/ru\/shop\/kimbud\/klassikalised-kimbud\/kimp-tallinna-paike\/\" \/>\n<meta property=\"og:site_name\" content=\"Valmeria Lilled\" \/>\n<meta property=\"article:publisher\" content=\"https:\/\/www.facebook.com\/valmeria.lilled\" \/>\n<meta property=\"article:modified_time\" content=\"2026-03-04T12:23:39+00:00\" \/>\n<meta property=\"og:image\" content=\"https:\/\/valmeria.ee\/wp-content\/uploads\/2025\/04\/20250402_210731.webp\" \/>\n\t<meta property=\"og:image:width\" content=\"1906\" \/>\n\t<meta property=\"og:image:height\" content=\"1906\" \/>\n\t<meta property=\"og:image:type\" content=\"image\/jpeg\" \/>\n<meta name=\"twitter:card\" content=\"summary_large_image\" \/>\n<script type=\"application\/ld+json\" class=\"yoast-schema-graph\">{\"@context\":\"https:\/\/schema.org\",\"@graph\":[{\"@type\":\"WebPage\",\"@id\":\"https:\/\/valmeria.ee\/shop\/kimbud\/klassikalised-kimbud\/kimp-tallinna-paike\/\",\"url\":\"https:\/\/valmeria.ee\/shop\/kimbud\/klassikalised-kimbud\/kimp-tallinna-paike\/\",\"name\":\"Kimp \\\"Tallinna P\u00e4ike\\\" &#8212; Valmeria Lilled\",\"isPartOf\":{\"@id\":\"https:\/\/valmeria.ee\/#website\"},\"primaryImageOfPage\":{\"@id\":\"https:\/\/valmeria.ee\/shop\/kimbud\/klassikalised-kimbud\/kimp-tallinna-paike\/#primaryimage\"},\"image\":{\"@id\":\"https:\/\/valmeria.ee\/shop\/kimbud\/klassikalised-kimbud\/kimp-tallinna-paike\/#primaryimage\"},\"thumbnailUrl\":\"https:\/\/valmeria.ee\/wp-content\/uploads\/2025\/04\/20250402_210731.webp\",\"datePublished\":\"2025-04-07T16:11:40+00:00\",\"dateModified\":\"2026-03-04T12:23:39+00:00\",\"description\":\"Oran\u017eid ja kollased lilled toovad suve p\u00e4ikese otse koju! See kaunilt koostatud kimp sisaldab tulpe ja valget kipsilille, mis loob v\u00f5rratu harmoonia.\",\"breadcrumb\":{\"@id\":\"https:\/\/valmeria.ee\/shop\/kimbud\/klassikalised-kimbud\/kimp-tallinna-paike\/#breadcrumb\"},\"inLanguage\":\"ru-RU\",\"potentialAction\":[{\"@type\":\"ReadAction\",\"target\":[\"https:\/\/valmeria.ee\/shop\/kimbud\/klassikalised-kimbud\/kimp-tallinna-paike\/\"]}]},{\"@type\":\"ImageObject\",\"inLanguage\":\"ru-RU\",\"@id\":\"https:\/\/valmeria.ee\/shop\/kimbud\/klassikalised-kimbud\/kimp-tallinna-paike\/#primaryimage\",\"url\":\"https:\/\/valmeria.ee\/wp-content\/uploads\/2025\/04\/20250402_210731.webp\",\"contentUrl\":\"https:\/\/valmeria.ee\/wp-content\/uploads\/2025\/04\/20250402_210731.webp\",\"width\":1906,\"height\":1906},{\"@type\":\"BreadcrumbList\",\"@id\":\"https:\/\/valmeria.ee\/shop\/kimbud\/klassikalised-kimbud\/kimp-tallinna-paike\/#breadcrumb\",\"itemListElement\":[{\"@type\":\"ListItem\",\"position\":1,\"name\":\"\u0413\u043b\u0430\u0432\u043d\u0430\u044f \u0441\u0442\u0440\u0430\u043d\u0438\u0446\u0430\",\"item\":\"https:\/\/valmeria.ee\/\"},{\"@type\":\"ListItem\",\"position\":2,\"name\":\"Lillepood\",\"item\":\"https:\/\/valmeria.ee\/lillepood\/\"},{\"@type\":\"ListItem\",\"position\":3,\"name\":\"Kimp &#8220;Tallinna P\u00e4ike&#8221;\"}]},{\"@type\":\"WebSite\",\"@id\":\"https:\/\/valmeria.ee\/#website\",\"url\":\"https:\/\/valmeria.ee\/\",\"name\":\"Valmeria Lilled\",\"description\":\"Lillepood Tallinnas kiire kuller 10&euro; Tallinna piires.\",\"publisher\":{\"@id\":\"https:\/\/valmeria.ee\/#organization\"},\"potentialAction\":[{\"@type\":\"SearchAction\",\"target\":{\"@type\":\"EntryPoint\",\"urlTemplate\":\"https:\/\/valmeria.ee\/?s={search_term_string}\"},\"query-input\":{\"@type\":\"PropertyValueSpecification\",\"valueRequired\":true,\"valueName\":\"search_term_string\"}}],\"inLanguage\":\"ru-RU\"},{\"@type\":\"Organization\",\"@id\":\"https:\/\/valmeria.ee\/#organization\",\"name\":\"Valmeria Lilled\",\"url\":\"https:\/\/valmeria.ee\/\",\"logo\":{\"@type\":\"ImageObject\",\"inLanguage\":\"ru-RU\",\"@id\":\"https:\/\/valmeria.ee\/#\/schema\/logo\/image\/\",\"url\":\"https:\/\/valmeria.ee\/wp-content\/uploads\/2021\/12\/Valmeria-logo.png\",\"contentUrl\":\"https:\/\/valmeria.ee\/wp-content\/uploads\/2021\/12\/Valmeria-logo.png\",\"width\":480,\"height\":240,\"caption\":\"Valmeria Lilled\"},\"image\":{\"@id\":\"https:\/\/valmeria.ee\/#\/schema\/logo\/image\/\"},\"sameAs\":[\"https:\/\/www.facebook.com\/valmeria.lilled\",\"https:\/\/www.instagram.com\/valmeria.lilled\/\"]}]}<\/script>\n<!-- \/ Yoast SEO plugin. -->","yoast_head_json":{"title":"Kimp \"Tallinna P\u00e4ike\" &#8212; Valmeria Lilled","description":"Oran\u017eid ja kollased lilled toovad suve p\u00e4ikese otse koju! See kaunilt koostatud kimp sisaldab tulpe ja valget kipsilille, mis loob v\u00f5rratu harmoonia.","robots":{"index":"index","follow":"follow","max-snippet":"max-snippet:-1","max-image-preview":"max-image-preview:large","max-video-preview":"max-video-preview:-1"},"canonical":"https:\/\/valmeria.ee\/ru\/shop\/kimbud\/klassikalised-kimbud\/kimp-tallinna-paike\/","og_locale":"ru_RU","og_type":"article","og_title":"Kimp \"Tallinna P\u00e4ike\" &#8212; Valmeria Lilled","og_description":"Oran\u017eid ja kollased lilled toovad suve p\u00e4ikese otse koju! See kaunilt koostatud kimp sisaldab tulpe ja valget kipsilille, mis loob v\u00f5rratu harmoonia.","og_url":"https:\/\/valmeria.ee\/ru\/shop\/kimbud\/klassikalised-kimbud\/kimp-tallinna-paike\/","og_site_name":"Valmeria Lilled","article_publisher":"https:\/\/www.facebook.com\/valmeria.lilled","article_modified_time":"2026-03-04T12:23:39+00:00","og_image":[{"width":1906,"height":1906,"url":"https:\/\/valmeria.ee\/wp-content\/uploads\/2025\/04\/20250402_210731.webp","type":"image\/jpeg"}],"twitter_card":"summary_large_image","schema":{"@context":"https:\/\/schema.org","@graph":[{"@type":"WebPage","@id":"https:\/\/valmeria.ee\/shop\/kimbud\/klassikalised-kimbud\/kimp-tallinna-paike\/","url":"https:\/\/valmeria.ee\/shop\/kimbud\/klassikalised-kimbud\/kimp-tallinna-paike\/","name":"Kimp \"Tallinna P\u00e4ike\" &#8212; Valmeria Lilled","isPartOf":{"@id":"https:\/\/valmeria.ee\/#website"},"primaryImageOfPage":{"@id":"https:\/\/valmeria.ee\/shop\/kimbud\/klassikalised-kimbud\/kimp-tallinna-paike\/#primaryimage"},"image":{"@id":"https:\/\/valmeria.ee\/shop\/kimbud\/klassikalised-kimbud\/kimp-tallinna-paike\/#primaryimage"},"thumbnailUrl":"https:\/\/valmeria.ee\/wp-content\/uploads\/2025\/04\/20250402_210731.webp","datePublished":"2025-04-07T16:11:40+00:00","dateModified":"2026-03-04T12:23:39+00:00","description":"Oran\u017eid ja kollased lilled toovad suve p\u00e4ikese otse koju! See kaunilt koostatud kimp sisaldab tulpe ja valget kipsilille, mis loob v\u00f5rratu harmoonia.","breadcrumb":{"@id":"https:\/\/valmeria.ee\/shop\/kimbud\/klassikalised-kimbud\/kimp-tallinna-paike\/#breadcrumb"},"inLanguage":"ru-RU","potentialAction":[{"@type":"ReadAction","target":["https:\/\/valmeria.ee\/shop\/kimbud\/klassikalised-kimbud\/kimp-tallinna-paike\/"]}]},{"@type":"ImageObject","inLanguage":"ru-RU","@id":"https:\/\/valmeria.ee\/shop\/kimbud\/klassikalised-kimbud\/kimp-tallinna-paike\/#primaryimage","url":"https:\/\/valmeria.ee\/wp-content\/uploads\/2025\/04\/20250402_210731.webp","contentUrl":"https:\/\/valmeria.ee\/wp-content\/uploads\/2025\/04\/20250402_210731.webp","width":1906,"height":1906},{"@type":"BreadcrumbList","@id":"https:\/\/valmeria.ee\/shop\/kimbud\/klassikalised-kimbud\/kimp-tallinna-paike\/#breadcrumb","itemListElement":[{"@type":"ListItem","position":1,"name":"\u0413\u043b\u0430\u0432\u043d\u0430\u044f \u0441\u0442\u0440\u0430\u043d\u0438\u0446\u0430","item":"https:\/\/valmeria.ee\/"},{"@type":"ListItem","position":2,"name":"Lillepood","item":"https:\/\/valmeria.ee\/lillepood\/"},{"@type":"ListItem","position":3,"name":"Kimp &#8220;Tallinna P\u00e4ike&#8221;"}]},{"@type":"WebSite","@id":"https:\/\/valmeria.ee\/#website","url":"https:\/\/valmeria.ee\/","name":"Valmeria Lilled","description":"Lillepood Tallinnas kiire kuller 10&euro; Tallinna piires.","publisher":{"@id":"https:\/\/valmeria.ee\/#organization"},"potentialAction":[{"@type":"SearchAction","target":{"@type":"EntryPoint","urlTemplate":"https:\/\/valmeria.ee\/?s={search_term_string}"},"query-input":{"@type":"PropertyValueSpecification","valueRequired":true,"valueName":"search_term_string"}}],"inLanguage":"ru-RU"},{"@type":"Organization","@id":"https:\/\/valmeria.ee\/#organization","name":"Valmeria Lilled","url":"https:\/\/valmeria.ee\/","logo":{"@type":"ImageObject","inLanguage":"ru-RU","@id":"https:\/\/valmeria.ee\/#\/schema\/logo\/image\/","url":"https:\/\/valmeria.ee\/wp-content\/uploads\/2021\/12\/Valmeria-logo.png","contentUrl":"https:\/\/valmeria.ee\/wp-content\/uploads\/2021\/12\/Valmeria-logo.png","width":480,"height":240,"caption":"Valmeria Lilled"},"image":{"@id":"https:\/\/valmeria.ee\/#\/schema\/logo\/image\/"},"sameAs":["https:\/\/www.facebook.com\/valmeria.lilled","https:\/\/www.instagram.com\/valmeria.lilled\/"]}]}},"_links":{"self":[{"href":"https:\/\/valmeria.ee\/ru\/wp-json\/wp\/v2\/product\/11975","targetHints":{"allow":["GET"]}}],"collection":[{"href":"https:\/\/valmeria.ee\/ru\/wp-json\/wp\/v2\/product"}],"about":[{"href":"https:\/\/valmeria.ee\/ru\/wp-json\/wp\/v2\/types\/product"}],"wp:featuredmedia":[{"embeddable":true,"href":"https:\/\/valmeria.ee\/ru\/wp-json\/wp\/v2\/media\/11976"}],"wp:attachment":[{"href":"https:\/\/valmeria.ee\/ru\/wp-json\/wp\/v2\/media?parent=11975"}],"wp:term":[{"taxonomy":"product_brand","embeddable":true,"href":"https:\/\/valmeria.ee\/ru\/wp-json\/wp\/v2\/product_brand?post=11975"},{"taxonomy":"product_cat","embeddable":true,"href":"https:\/\/valmeria.ee\/ru\/wp-json\/wp\/v2\/product_cat?post=11975"},{"taxonomy":"product_tag","embeddable":true,"href":"https:\/\/valmeria.ee\/ru\/wp-json\/wp\/v2\/product_tag?post=11975"}],"curies":[{"name":"wp","href":"https:\/\/api.w.org\/{rel}","templated":true}]}}