{"id":12028,"date":"2025-04-29T18:46:14","date_gmt":"2025-04-29T15:46:14","guid":{"rendered":"https:\/\/valmeria.ee\/?post_type=product&#038;p=12028"},"modified":"2025-05-01T23:44:24","modified_gmt":"2025-05-01T20:44:24","slug":"orn-lillekompositsioon-saaremaa-suvi","status":"publish","type":"product","link":"https:\/\/valmeria.ee\/ru\/shop\/lillekarbid\/orn-lillekompositsioon-saaremaa-suvi\/","title":{"rendered":"\u0426\u0432\u0435\u0442\u043e\u0447\u043d\u0430\u044f \u043a\u043e\u043c\u043f\u043e\u0437\u0438\u0446\u0438\u044f  \u201cSaaremaa suvi\u201d"},"content":{"rendered":"<p>See s\u00e4rav ja \u00f5rn <strong class=\"\">lillekompositsioon<\/strong> on nagu Saaremaa ranniku soe suvep\u00e4ev \u2013 t\u00e4is r\u00f5\u00f5mu, p\u00e4ikest ja ilu. Peenel \u00fcmbrusel liisiantused, kerged astilbad ja v\u00e4rvikirevad kr\u00fcsanteemid loovad unustamatu atmosf\u00e4\u00e4ri. Ideaalne kingitus igale naisele v\u00f5i lihtsalt endale! Tellige kohe ja andke oma l\u00e4hedastele r\u00f5\u00f5m!<\/p>\n<p>\u0420\u0430\u0437\u043c\u0435\u0440 \"\u041c\"<\/p>\n<p>\u0426\u0432\u0435\u0442\u043e\u0447\u043d\u0430\u044f \u043a\u043e\u043c\u043f\u043e\u0437\u0438\u0446\u0438\u044f, 1\u0448\u0442.<\/p>","protected":false},"excerpt":{"rendered":"<p>See s\u00e4rav ja \u00f5rn lillekompositsioon on nagu Saaremaa ranniku soe suvep\u00e4ev \u2013 t\u00e4is r\u00f5\u00f5mu, p\u00e4ikest ja ilu. Peenel \u00fcmbrusel liisiantused,<\/p>","protected":false},"featured_media":12029,"template":"","meta":[],"product_brand":[],"product_cat":[109],"product_tag":[119,117],"class_list":{"0":"post-12028","1":"product","2":"type-product","3":"status-publish","4":"has-post-thumbnail","6":"product_cat-lillekarbid","7":"product_tag-krusanteem","8":"product_tag-roosid","10":"first","11":"instock","12":"featured","13":"taxable","14":"shipping-taxable","15":"purchasable","16":"product-type-simple"},"yoast_head":"<!-- This site is optimized with the Yoast SEO plugin v26.6 - https:\/\/yoast.com\/wordpress\/plugins\/seo\/ -->\n<title>Lilleseade &quot;Saaremaa suvi&quot; &#8212; Valmeria Lilled<\/title>\n<meta name=\"description\" content=\"See s\u00e4rav ja \u00f5rn lillekompositsioon on nagu Saaremaa ranniku soe suvep\u00e4ev \u2013 t\u00e4is r\u00f5\u00f5mu, p\u00e4ikest ja ilu. V\u00e4rvikirevad kr\u00fcsanteemid loovad unustamatu atmosf\u00e4\u00e4ri. Ideaalne kingitus igale naisele v\u00f5i lihtsalt endale!\" \/>\n<meta name=\"robots\" content=\"index, follow, max-snippet:-1, max-image-preview:large, max-video-preview:-1\" \/>\n<link rel=\"canonical\" href=\"https:\/\/valmeria.ee\/ru\/shop\/lillekarbid\/orn-lillekompositsioon-saaremaa-suvi\/\" \/>\n<meta property=\"og:locale\" content=\"ru_RU\" \/>\n<meta property=\"og:type\" content=\"article\" \/>\n<meta property=\"og:title\" content=\"Lilleseade &quot;Saaremaa suvi&quot; &#8212; Valmeria Lilled\" \/>\n<meta property=\"og:description\" content=\"See s\u00e4rav ja \u00f5rn lillekompositsioon on nagu Saaremaa ranniku soe suvep\u00e4ev \u2013 t\u00e4is r\u00f5\u00f5mu, p\u00e4ikest ja ilu. V\u00e4rvikirevad kr\u00fcsanteemid loovad unustamatu atmosf\u00e4\u00e4ri. Ideaalne kingitus igale naisele v\u00f5i lihtsalt endale!\" \/>\n<meta property=\"og:url\" content=\"https:\/\/valmeria.ee\/ru\/shop\/lillekarbid\/orn-lillekompositsioon-saaremaa-suvi\/\" \/>\n<meta property=\"og:site_name\" content=\"Valmeria Lilled\" \/>\n<meta property=\"article:publisher\" content=\"https:\/\/www.facebook.com\/valmeria.lilled\" \/>\n<meta property=\"article:modified_time\" content=\"2025-05-01T20:44:24+00:00\" \/>\n<meta property=\"og:image\" content=\"https:\/\/valmeria.ee\/wp-content\/uploads\/2025\/04\/20250427_143619-scaled.webp\" \/>\n\t<meta property=\"og:image:width\" content=\"2560\" \/>\n\t<meta property=\"og:image:height\" content=\"2560\" \/>\n\t<meta property=\"og:image:type\" content=\"image\/jpeg\" \/>\n<meta name=\"twitter:card\" content=\"summary_large_image\" \/>\n<script type=\"application\/ld+json\" class=\"yoast-schema-graph\">{\"@context\":\"https:\/\/schema.org\",\"@graph\":[{\"@type\":\"WebPage\",\"@id\":\"https:\/\/valmeria.ee\/shop\/lillekarbid\/orn-lillekompositsioon-saaremaa-suvi\/\",\"url\":\"https:\/\/valmeria.ee\/shop\/lillekarbid\/orn-lillekompositsioon-saaremaa-suvi\/\",\"name\":\"Lilleseade \\\"Saaremaa suvi\\\" &#8212; Valmeria Lilled\",\"isPartOf\":{\"@id\":\"https:\/\/valmeria.ee\/#website\"},\"primaryImageOfPage\":{\"@id\":\"https:\/\/valmeria.ee\/shop\/lillekarbid\/orn-lillekompositsioon-saaremaa-suvi\/#primaryimage\"},\"image\":{\"@id\":\"https:\/\/valmeria.ee\/shop\/lillekarbid\/orn-lillekompositsioon-saaremaa-suvi\/#primaryimage\"},\"thumbnailUrl\":\"https:\/\/valmeria.ee\/wp-content\/uploads\/2025\/04\/20250427_143619-scaled.webp\",\"datePublished\":\"2025-04-29T15:46:14+00:00\",\"dateModified\":\"2025-05-01T20:44:24+00:00\",\"description\":\"See s\u00e4rav ja \u00f5rn lillekompositsioon on nagu Saaremaa ranniku soe suvep\u00e4ev \u2013 t\u00e4is r\u00f5\u00f5mu, p\u00e4ikest ja ilu. V\u00e4rvikirevad kr\u00fcsanteemid loovad unustamatu atmosf\u00e4\u00e4ri. Ideaalne kingitus igale naisele v\u00f5i lihtsalt endale!\",\"breadcrumb\":{\"@id\":\"https:\/\/valmeria.ee\/shop\/lillekarbid\/orn-lillekompositsioon-saaremaa-suvi\/#breadcrumb\"},\"inLanguage\":\"ru-RU\",\"potentialAction\":[{\"@type\":\"ReadAction\",\"target\":[\"https:\/\/valmeria.ee\/shop\/lillekarbid\/orn-lillekompositsioon-saaremaa-suvi\/\"]}]},{\"@type\":\"ImageObject\",\"inLanguage\":\"ru-RU\",\"@id\":\"https:\/\/valmeria.ee\/shop\/lillekarbid\/orn-lillekompositsioon-saaremaa-suvi\/#primaryimage\",\"url\":\"https:\/\/valmeria.ee\/wp-content\/uploads\/2025\/04\/20250427_143619-scaled.webp\",\"contentUrl\":\"https:\/\/valmeria.ee\/wp-content\/uploads\/2025\/04\/20250427_143619-scaled.webp\",\"width\":2560,\"height\":2560,\"caption\":\"\u00f5rn lillekompositsioon\"},{\"@type\":\"BreadcrumbList\",\"@id\":\"https:\/\/valmeria.ee\/shop\/lillekarbid\/orn-lillekompositsioon-saaremaa-suvi\/#breadcrumb\",\"itemListElement\":[{\"@type\":\"ListItem\",\"position\":1,\"name\":\"\u0413\u043b\u0430\u0432\u043d\u0430\u044f \u0441\u0442\u0440\u0430\u043d\u0438\u0446\u0430\",\"item\":\"https:\/\/valmeria.ee\/\"},{\"@type\":\"ListItem\",\"position\":2,\"name\":\"Lillepood\",\"item\":\"https:\/\/valmeria.ee\/lillepood\/\"},{\"@type\":\"ListItem\",\"position\":3,\"name\":\"Lilleseade &#8220;Saaremaa suvi&#8221;\"}]},{\"@type\":\"WebSite\",\"@id\":\"https:\/\/valmeria.ee\/#website\",\"url\":\"https:\/\/valmeria.ee\/\",\"name\":\"Valmeria Lilled\",\"description\":\"Lillepood Tallinnas kiire kuller 10&euro; Tallinna piires.\",\"publisher\":{\"@id\":\"https:\/\/valmeria.ee\/#organization\"},\"potentialAction\":[{\"@type\":\"SearchAction\",\"target\":{\"@type\":\"EntryPoint\",\"urlTemplate\":\"https:\/\/valmeria.ee\/?s={search_term_string}\"},\"query-input\":{\"@type\":\"PropertyValueSpecification\",\"valueRequired\":true,\"valueName\":\"search_term_string\"}}],\"inLanguage\":\"ru-RU\"},{\"@type\":\"Organization\",\"@id\":\"https:\/\/valmeria.ee\/#organization\",\"name\":\"Valmeria Lilled\",\"url\":\"https:\/\/valmeria.ee\/\",\"logo\":{\"@type\":\"ImageObject\",\"inLanguage\":\"ru-RU\",\"@id\":\"https:\/\/valmeria.ee\/#\/schema\/logo\/image\/\",\"url\":\"https:\/\/valmeria.ee\/wp-content\/uploads\/2021\/12\/Valmeria-logo.png\",\"contentUrl\":\"https:\/\/valmeria.ee\/wp-content\/uploads\/2021\/12\/Valmeria-logo.png\",\"width\":480,\"height\":240,\"caption\":\"Valmeria Lilled\"},\"image\":{\"@id\":\"https:\/\/valmeria.ee\/#\/schema\/logo\/image\/\"},\"sameAs\":[\"https:\/\/www.facebook.com\/valmeria.lilled\",\"https:\/\/www.instagram.com\/valmeria.lilled\/\"]}]}<\/script>\n<!-- \/ Yoast SEO plugin. -->","yoast_head_json":{"title":"Lilleseade \"Saaremaa suvi\" &#8212; Valmeria Lilled","description":"See s\u00e4rav ja \u00f5rn lillekompositsioon on nagu Saaremaa ranniku soe suvep\u00e4ev \u2013 t\u00e4is r\u00f5\u00f5mu, p\u00e4ikest ja ilu. V\u00e4rvikirevad kr\u00fcsanteemid loovad unustamatu atmosf\u00e4\u00e4ri. Ideaalne kingitus igale naisele v\u00f5i lihtsalt endale!","robots":{"index":"index","follow":"follow","max-snippet":"max-snippet:-1","max-image-preview":"max-image-preview:large","max-video-preview":"max-video-preview:-1"},"canonical":"https:\/\/valmeria.ee\/ru\/shop\/lillekarbid\/orn-lillekompositsioon-saaremaa-suvi\/","og_locale":"ru_RU","og_type":"article","og_title":"Lilleseade \"Saaremaa suvi\" &#8212; Valmeria Lilled","og_description":"See s\u00e4rav ja \u00f5rn lillekompositsioon on nagu Saaremaa ranniku soe suvep\u00e4ev \u2013 t\u00e4is r\u00f5\u00f5mu, p\u00e4ikest ja ilu. V\u00e4rvikirevad kr\u00fcsanteemid loovad unustamatu atmosf\u00e4\u00e4ri. Ideaalne kingitus igale naisele v\u00f5i lihtsalt endale!","og_url":"https:\/\/valmeria.ee\/ru\/shop\/lillekarbid\/orn-lillekompositsioon-saaremaa-suvi\/","og_site_name":"Valmeria Lilled","article_publisher":"https:\/\/www.facebook.com\/valmeria.lilled","article_modified_time":"2025-05-01T20:44:24+00:00","og_image":[{"width":2560,"height":2560,"url":"https:\/\/valmeria.ee\/wp-content\/uploads\/2025\/04\/20250427_143619-scaled.webp","type":"image\/jpeg"}],"twitter_card":"summary_large_image","schema":{"@context":"https:\/\/schema.org","@graph":[{"@type":"WebPage","@id":"https:\/\/valmeria.ee\/shop\/lillekarbid\/orn-lillekompositsioon-saaremaa-suvi\/","url":"https:\/\/valmeria.ee\/shop\/lillekarbid\/orn-lillekompositsioon-saaremaa-suvi\/","name":"Lilleseade \"Saaremaa suvi\" &#8212; Valmeria Lilled","isPartOf":{"@id":"https:\/\/valmeria.ee\/#website"},"primaryImageOfPage":{"@id":"https:\/\/valmeria.ee\/shop\/lillekarbid\/orn-lillekompositsioon-saaremaa-suvi\/#primaryimage"},"image":{"@id":"https:\/\/valmeria.ee\/shop\/lillekarbid\/orn-lillekompositsioon-saaremaa-suvi\/#primaryimage"},"thumbnailUrl":"https:\/\/valmeria.ee\/wp-content\/uploads\/2025\/04\/20250427_143619-scaled.webp","datePublished":"2025-04-29T15:46:14+00:00","dateModified":"2025-05-01T20:44:24+00:00","description":"See s\u00e4rav ja \u00f5rn lillekompositsioon on nagu Saaremaa ranniku soe suvep\u00e4ev \u2013 t\u00e4is r\u00f5\u00f5mu, p\u00e4ikest ja ilu. V\u00e4rvikirevad kr\u00fcsanteemid loovad unustamatu atmosf\u00e4\u00e4ri. Ideaalne kingitus igale naisele v\u00f5i lihtsalt endale!","breadcrumb":{"@id":"https:\/\/valmeria.ee\/shop\/lillekarbid\/orn-lillekompositsioon-saaremaa-suvi\/#breadcrumb"},"inLanguage":"ru-RU","potentialAction":[{"@type":"ReadAction","target":["https:\/\/valmeria.ee\/shop\/lillekarbid\/orn-lillekompositsioon-saaremaa-suvi\/"]}]},{"@type":"ImageObject","inLanguage":"ru-RU","@id":"https:\/\/valmeria.ee\/shop\/lillekarbid\/orn-lillekompositsioon-saaremaa-suvi\/#primaryimage","url":"https:\/\/valmeria.ee\/wp-content\/uploads\/2025\/04\/20250427_143619-scaled.webp","contentUrl":"https:\/\/valmeria.ee\/wp-content\/uploads\/2025\/04\/20250427_143619-scaled.webp","width":2560,"height":2560,"caption":"\u00f5rn lillekompositsioon"},{"@type":"BreadcrumbList","@id":"https:\/\/valmeria.ee\/shop\/lillekarbid\/orn-lillekompositsioon-saaremaa-suvi\/#breadcrumb","itemListElement":[{"@type":"ListItem","position":1,"name":"\u0413\u043b\u0430\u0432\u043d\u0430\u044f \u0441\u0442\u0440\u0430\u043d\u0438\u0446\u0430","item":"https:\/\/valmeria.ee\/"},{"@type":"ListItem","position":2,"name":"Lillepood","item":"https:\/\/valmeria.ee\/lillepood\/"},{"@type":"ListItem","position":3,"name":"Lilleseade &#8220;Saaremaa suvi&#8221;"}]},{"@type":"WebSite","@id":"https:\/\/valmeria.ee\/#website","url":"https:\/\/valmeria.ee\/","name":"Valmeria Lilled","description":"Lillepood Tallinnas kiire kuller 10&euro; Tallinna piires.","publisher":{"@id":"https:\/\/valmeria.ee\/#organization"},"potentialAction":[{"@type":"SearchAction","target":{"@type":"EntryPoint","urlTemplate":"https:\/\/valmeria.ee\/?s={search_term_string}"},"query-input":{"@type":"PropertyValueSpecification","valueRequired":true,"valueName":"search_term_string"}}],"inLanguage":"ru-RU"},{"@type":"Organization","@id":"https:\/\/valmeria.ee\/#organization","name":"Valmeria Lilled","url":"https:\/\/valmeria.ee\/","logo":{"@type":"ImageObject","inLanguage":"ru-RU","@id":"https:\/\/valmeria.ee\/#\/schema\/logo\/image\/","url":"https:\/\/valmeria.ee\/wp-content\/uploads\/2021\/12\/Valmeria-logo.png","contentUrl":"https:\/\/valmeria.ee\/wp-content\/uploads\/2021\/12\/Valmeria-logo.png","width":480,"height":240,"caption":"Valmeria Lilled"},"image":{"@id":"https:\/\/valmeria.ee\/#\/schema\/logo\/image\/"},"sameAs":["https:\/\/www.facebook.com\/valmeria.lilled","https:\/\/www.instagram.com\/valmeria.lilled\/"]}]}},"_links":{"self":[{"href":"https:\/\/valmeria.ee\/ru\/wp-json\/wp\/v2\/product\/12028","targetHints":{"allow":["GET"]}}],"collection":[{"href":"https:\/\/valmeria.ee\/ru\/wp-json\/wp\/v2\/product"}],"about":[{"href":"https:\/\/valmeria.ee\/ru\/wp-json\/wp\/v2\/types\/product"}],"wp:featuredmedia":[{"embeddable":true,"href":"https:\/\/valmeria.ee\/ru\/wp-json\/wp\/v2\/media\/12029"}],"wp:attachment":[{"href":"https:\/\/valmeria.ee\/ru\/wp-json\/wp\/v2\/media?parent=12028"}],"wp:term":[{"taxonomy":"product_brand","embeddable":true,"href":"https:\/\/valmeria.ee\/ru\/wp-json\/wp\/v2\/product_brand?post=12028"},{"taxonomy":"product_cat","embeddable":true,"href":"https:\/\/valmeria.ee\/ru\/wp-json\/wp\/v2\/product_cat?post=12028"},{"taxonomy":"product_tag","embeddable":true,"href":"https:\/\/valmeria.ee\/ru\/wp-json\/wp\/v2\/product_tag?post=12028"}],"curies":[{"name":"wp","href":"https:\/\/api.w.org\/{rel}","templated":true}]}}