{"id":12068,"date":"2025-05-06T16:46:50","date_gmt":"2025-05-06T13:46:50","guid":{"rendered":"https:\/\/valmeria.ee\/?post_type=product&#038;p=12068"},"modified":"2025-10-21T15:30:30","modified_gmt":"2025-10-21T12:30:30","slug":"paevalilled","status":"publish","type":"product","link":"https:\/\/valmeria.ee\/ru\/shop\/kimbud\/hoaegsed-kimbud\/paevalilled\/","title":{"rendered":"\u041f\u043e\u0434\u0441\u043e\u043b\u043d\u0443\u0445\u0438"},"content":{"rendered":"<p>P\u00e4ike sinu k\u00e4tes! Meie p\u00e4evalilled toovad soojust ja r\u00f5\u00f5mu igasse p\u00e4eva. Need s\u00e4ravad \u00f5ied on justkui v\u00e4ikesed p\u00e4ikesed, mis valgustavad nii kodu kui ka s\u00fcdant. Ideaalne kingitus, et v\u00e4ljendada heledaid tundeid ja positiivsust.<\/p>\n<p>Lillekimp, 1tk.<\/p>","protected":false},"excerpt":{"rendered":"<p>P\u00e4ike sinu k\u00e4tes! Meie p\u00e4evalilled toovad soojust ja r\u00f5\u00f5mu igasse p\u00e4eva. Need s\u00e4ravad \u00f5ied on justkui v\u00e4ikesed p\u00e4ikesed, mis valgustavad<\/p>","protected":false},"featured_media":12069,"template":"","meta":[],"product_brand":[],"product_cat":[167,106],"product_tag":[203],"class_list":{"0":"post-12068","1":"product","2":"type-product","3":"status-publish","4":"has-post-thumbnail","6":"product_cat-hoaegsed-kimbud","7":"product_cat-loikelilled","8":"product_tag-paevalill","10":"first","11":"outofstock","12":"taxable","13":"shipping-taxable","14":"purchasable","15":"product-type-variable","16":"has-default-attributes"},"yoast_head":"<!-- This site is optimized with the Yoast SEO plugin v26.6 - https:\/\/yoast.com\/wordpress\/plugins\/seo\/ -->\n<title>P\u00e4evalilled &#8212; Valmeria Lilled<\/title>\n<meta name=\"description\" content=\"P\u00e4evalilled Tallinnas | V\u00e4rsked Lilled Koju v\u00f5i Kontorisse | Kiire Kohaletoimetamine | Telli kohe v\u00f5i tule kohale!\" \/>\n<meta name=\"robots\" content=\"index, follow, max-snippet:-1, max-image-preview:large, max-video-preview:-1\" \/>\n<link rel=\"canonical\" href=\"https:\/\/valmeria.ee\/ru\/shop\/kimbud\/hoaegsed-kimbud\/paevalilled\/\" \/>\n<meta property=\"og:locale\" content=\"ru_RU\" \/>\n<meta property=\"og:type\" content=\"article\" \/>\n<meta property=\"og:title\" content=\"P\u00e4evalilled &#8212; Valmeria Lilled\" \/>\n<meta property=\"og:description\" content=\"P\u00e4evalilled Tallinnas | V\u00e4rsked Lilled Koju v\u00f5i Kontorisse | Kiire Kohaletoimetamine | Telli kohe v\u00f5i tule kohale!\" \/>\n<meta property=\"og:url\" content=\"https:\/\/valmeria.ee\/ru\/shop\/kimbud\/hoaegsed-kimbud\/paevalilled\/\" \/>\n<meta property=\"og:site_name\" content=\"Valmeria Lilled\" \/>\n<meta property=\"article:publisher\" content=\"https:\/\/www.facebook.com\/valmeria.lilled\" \/>\n<meta property=\"article:modified_time\" content=\"2025-10-21T12:30:30+00:00\" \/>\n<meta property=\"og:image\" content=\"https:\/\/valmeria.ee\/wp-content\/uploads\/2025\/05\/sunflower-scaled.webp\" \/>\n\t<meta property=\"og:image:width\" content=\"2560\" \/>\n\t<meta property=\"og:image:height\" content=\"2560\" \/>\n\t<meta property=\"og:image:type\" content=\"image\/jpeg\" \/>\n<meta name=\"twitter:card\" content=\"summary_large_image\" \/>\n<script type=\"application\/ld+json\" class=\"yoast-schema-graph\">{\"@context\":\"https:\/\/schema.org\",\"@graph\":[{\"@type\":\"WebPage\",\"@id\":\"https:\/\/valmeria.ee\/shop\/kimbud\/hoaegsed-kimbud\/paevalilled\/\",\"url\":\"https:\/\/valmeria.ee\/shop\/kimbud\/hoaegsed-kimbud\/paevalilled\/\",\"name\":\"P\u00e4evalilled &#8212; Valmeria Lilled\",\"isPartOf\":{\"@id\":\"https:\/\/valmeria.ee\/#website\"},\"primaryImageOfPage\":{\"@id\":\"https:\/\/valmeria.ee\/shop\/kimbud\/hoaegsed-kimbud\/paevalilled\/#primaryimage\"},\"image\":{\"@id\":\"https:\/\/valmeria.ee\/shop\/kimbud\/hoaegsed-kimbud\/paevalilled\/#primaryimage\"},\"thumbnailUrl\":\"https:\/\/valmeria.ee\/wp-content\/uploads\/2025\/05\/sunflower-scaled.webp\",\"datePublished\":\"2025-05-06T13:46:50+00:00\",\"dateModified\":\"2025-10-21T12:30:30+00:00\",\"description\":\"P\u00e4evalilled Tallinnas | V\u00e4rsked Lilled Koju v\u00f5i Kontorisse | Kiire Kohaletoimetamine | Telli kohe v\u00f5i tule kohale!\",\"breadcrumb\":{\"@id\":\"https:\/\/valmeria.ee\/shop\/kimbud\/hoaegsed-kimbud\/paevalilled\/#breadcrumb\"},\"inLanguage\":\"ru-RU\",\"potentialAction\":[{\"@type\":\"ReadAction\",\"target\":[\"https:\/\/valmeria.ee\/shop\/kimbud\/hoaegsed-kimbud\/paevalilled\/\"]}]},{\"@type\":\"ImageObject\",\"inLanguage\":\"ru-RU\",\"@id\":\"https:\/\/valmeria.ee\/shop\/kimbud\/hoaegsed-kimbud\/paevalilled\/#primaryimage\",\"url\":\"https:\/\/valmeria.ee\/wp-content\/uploads\/2025\/05\/sunflower-scaled.webp\",\"contentUrl\":\"https:\/\/valmeria.ee\/wp-content\/uploads\/2025\/05\/sunflower-scaled.webp\",\"width\":2560,\"height\":2560},{\"@type\":\"BreadcrumbList\",\"@id\":\"https:\/\/valmeria.ee\/shop\/kimbud\/hoaegsed-kimbud\/paevalilled\/#breadcrumb\",\"itemListElement\":[{\"@type\":\"ListItem\",\"position\":1,\"name\":\"\u0413\u043b\u0430\u0432\u043d\u0430\u044f \u0441\u0442\u0440\u0430\u043d\u0438\u0446\u0430\",\"item\":\"https:\/\/valmeria.ee\/\"},{\"@type\":\"ListItem\",\"position\":2,\"name\":\"Lillepood\",\"item\":\"https:\/\/valmeria.ee\/lillepood\/\"},{\"@type\":\"ListItem\",\"position\":3,\"name\":\"P\u00e4evalilled\"}]},{\"@type\":\"WebSite\",\"@id\":\"https:\/\/valmeria.ee\/#website\",\"url\":\"https:\/\/valmeria.ee\/\",\"name\":\"Valmeria Lilled\",\"description\":\"Lillepood Tallinnas kiire kuller 10&euro; Tallinna piires.\",\"publisher\":{\"@id\":\"https:\/\/valmeria.ee\/#organization\"},\"potentialAction\":[{\"@type\":\"SearchAction\",\"target\":{\"@type\":\"EntryPoint\",\"urlTemplate\":\"https:\/\/valmeria.ee\/?s={search_term_string}\"},\"query-input\":{\"@type\":\"PropertyValueSpecification\",\"valueRequired\":true,\"valueName\":\"search_term_string\"}}],\"inLanguage\":\"ru-RU\"},{\"@type\":\"Organization\",\"@id\":\"https:\/\/valmeria.ee\/#organization\",\"name\":\"Valmeria Lilled\",\"url\":\"https:\/\/valmeria.ee\/\",\"logo\":{\"@type\":\"ImageObject\",\"inLanguage\":\"ru-RU\",\"@id\":\"https:\/\/valmeria.ee\/#\/schema\/logo\/image\/\",\"url\":\"https:\/\/valmeria.ee\/wp-content\/uploads\/2021\/12\/Valmeria-logo.png\",\"contentUrl\":\"https:\/\/valmeria.ee\/wp-content\/uploads\/2021\/12\/Valmeria-logo.png\",\"width\":480,\"height\":240,\"caption\":\"Valmeria Lilled\"},\"image\":{\"@id\":\"https:\/\/valmeria.ee\/#\/schema\/logo\/image\/\"},\"sameAs\":[\"https:\/\/www.facebook.com\/valmeria.lilled\",\"https:\/\/www.instagram.com\/valmeria.lilled\/\"]}]}<\/script>\n<!-- \/ Yoast SEO plugin. -->","yoast_head_json":{"title":"P\u00e4evalilled &#8212; Valmeria Lilled","description":"P\u00e4evalilled Tallinnas | V\u00e4rsked Lilled Koju v\u00f5i Kontorisse | Kiire Kohaletoimetamine | Telli kohe v\u00f5i tule kohale!","robots":{"index":"index","follow":"follow","max-snippet":"max-snippet:-1","max-image-preview":"max-image-preview:large","max-video-preview":"max-video-preview:-1"},"canonical":"https:\/\/valmeria.ee\/ru\/shop\/kimbud\/hoaegsed-kimbud\/paevalilled\/","og_locale":"ru_RU","og_type":"article","og_title":"P\u00e4evalilled &#8212; Valmeria Lilled","og_description":"P\u00e4evalilled Tallinnas | V\u00e4rsked Lilled Koju v\u00f5i Kontorisse | Kiire Kohaletoimetamine | Telli kohe v\u00f5i tule kohale!","og_url":"https:\/\/valmeria.ee\/ru\/shop\/kimbud\/hoaegsed-kimbud\/paevalilled\/","og_site_name":"Valmeria Lilled","article_publisher":"https:\/\/www.facebook.com\/valmeria.lilled","article_modified_time":"2025-10-21T12:30:30+00:00","og_image":[{"width":2560,"height":2560,"url":"https:\/\/valmeria.ee\/wp-content\/uploads\/2025\/05\/sunflower-scaled.webp","type":"image\/jpeg"}],"twitter_card":"summary_large_image","schema":{"@context":"https:\/\/schema.org","@graph":[{"@type":"WebPage","@id":"https:\/\/valmeria.ee\/shop\/kimbud\/hoaegsed-kimbud\/paevalilled\/","url":"https:\/\/valmeria.ee\/shop\/kimbud\/hoaegsed-kimbud\/paevalilled\/","name":"P\u00e4evalilled &#8212; Valmeria Lilled","isPartOf":{"@id":"https:\/\/valmeria.ee\/#website"},"primaryImageOfPage":{"@id":"https:\/\/valmeria.ee\/shop\/kimbud\/hoaegsed-kimbud\/paevalilled\/#primaryimage"},"image":{"@id":"https:\/\/valmeria.ee\/shop\/kimbud\/hoaegsed-kimbud\/paevalilled\/#primaryimage"},"thumbnailUrl":"https:\/\/valmeria.ee\/wp-content\/uploads\/2025\/05\/sunflower-scaled.webp","datePublished":"2025-05-06T13:46:50+00:00","dateModified":"2025-10-21T12:30:30+00:00","description":"P\u00e4evalilled Tallinnas | V\u00e4rsked Lilled Koju v\u00f5i Kontorisse | Kiire Kohaletoimetamine | Telli kohe v\u00f5i tule kohale!","breadcrumb":{"@id":"https:\/\/valmeria.ee\/shop\/kimbud\/hoaegsed-kimbud\/paevalilled\/#breadcrumb"},"inLanguage":"ru-RU","potentialAction":[{"@type":"ReadAction","target":["https:\/\/valmeria.ee\/shop\/kimbud\/hoaegsed-kimbud\/paevalilled\/"]}]},{"@type":"ImageObject","inLanguage":"ru-RU","@id":"https:\/\/valmeria.ee\/shop\/kimbud\/hoaegsed-kimbud\/paevalilled\/#primaryimage","url":"https:\/\/valmeria.ee\/wp-content\/uploads\/2025\/05\/sunflower-scaled.webp","contentUrl":"https:\/\/valmeria.ee\/wp-content\/uploads\/2025\/05\/sunflower-scaled.webp","width":2560,"height":2560},{"@type":"BreadcrumbList","@id":"https:\/\/valmeria.ee\/shop\/kimbud\/hoaegsed-kimbud\/paevalilled\/#breadcrumb","itemListElement":[{"@type":"ListItem","position":1,"name":"\u0413\u043b\u0430\u0432\u043d\u0430\u044f \u0441\u0442\u0440\u0430\u043d\u0438\u0446\u0430","item":"https:\/\/valmeria.ee\/"},{"@type":"ListItem","position":2,"name":"Lillepood","item":"https:\/\/valmeria.ee\/lillepood\/"},{"@type":"ListItem","position":3,"name":"P\u00e4evalilled"}]},{"@type":"WebSite","@id":"https:\/\/valmeria.ee\/#website","url":"https:\/\/valmeria.ee\/","name":"Valmeria Lilled","description":"Lillepood Tallinnas kiire kuller 10&euro; Tallinna piires.","publisher":{"@id":"https:\/\/valmeria.ee\/#organization"},"potentialAction":[{"@type":"SearchAction","target":{"@type":"EntryPoint","urlTemplate":"https:\/\/valmeria.ee\/?s={search_term_string}"},"query-input":{"@type":"PropertyValueSpecification","valueRequired":true,"valueName":"search_term_string"}}],"inLanguage":"ru-RU"},{"@type":"Organization","@id":"https:\/\/valmeria.ee\/#organization","name":"Valmeria Lilled","url":"https:\/\/valmeria.ee\/","logo":{"@type":"ImageObject","inLanguage":"ru-RU","@id":"https:\/\/valmeria.ee\/#\/schema\/logo\/image\/","url":"https:\/\/valmeria.ee\/wp-content\/uploads\/2021\/12\/Valmeria-logo.png","contentUrl":"https:\/\/valmeria.ee\/wp-content\/uploads\/2021\/12\/Valmeria-logo.png","width":480,"height":240,"caption":"Valmeria Lilled"},"image":{"@id":"https:\/\/valmeria.ee\/#\/schema\/logo\/image\/"},"sameAs":["https:\/\/www.facebook.com\/valmeria.lilled","https:\/\/www.instagram.com\/valmeria.lilled\/"]}]}},"_links":{"self":[{"href":"https:\/\/valmeria.ee\/ru\/wp-json\/wp\/v2\/product\/12068","targetHints":{"allow":["GET"]}}],"collection":[{"href":"https:\/\/valmeria.ee\/ru\/wp-json\/wp\/v2\/product"}],"about":[{"href":"https:\/\/valmeria.ee\/ru\/wp-json\/wp\/v2\/types\/product"}],"wp:featuredmedia":[{"embeddable":true,"href":"https:\/\/valmeria.ee\/ru\/wp-json\/wp\/v2\/media\/12069"}],"wp:attachment":[{"href":"https:\/\/valmeria.ee\/ru\/wp-json\/wp\/v2\/media?parent=12068"}],"wp:term":[{"taxonomy":"product_brand","embeddable":true,"href":"https:\/\/valmeria.ee\/ru\/wp-json\/wp\/v2\/product_brand?post=12068"},{"taxonomy":"product_cat","embeddable":true,"href":"https:\/\/valmeria.ee\/ru\/wp-json\/wp\/v2\/product_cat?post=12068"},{"taxonomy":"product_tag","embeddable":true,"href":"https:\/\/valmeria.ee\/ru\/wp-json\/wp\/v2\/product_tag?post=12068"}],"curies":[{"name":"wp","href":"https:\/\/api.w.org\/{rel}","templated":true}]}}