{"id":12087,"date":"2025-05-06T18:43:03","date_gmt":"2025-05-06T15:43:03","guid":{"rendered":"https:\/\/valmeria.ee\/?post_type=product&#038;p=12087"},"modified":"2025-05-06T18:43:03","modified_gmt":"2025-05-06T15:43:03","slug":"lillekimp-ornuse-ring","status":"publish","type":"product","link":"https:\/\/valmeria.ee\/ru\/shop\/kimbud\/hoaegsed-kimbud\/lillekimp-ornuse-ring\/","title":{"rendered":"Lillekimp &#8220;\u00d5rnuse ring&#8221;"},"content":{"rendered":"<p>&#8220;<strong>\u00d5rnuse ring<\/strong> on lummav kimp, mis kehastab harmooniat ja t\u00e4iuslikkust oma \u00fcmara vormiga. Hoolikalt valitud heledad toonid ja \u00f5rn tekstuuride m\u00e4ng loovad v\u00e4rske, \u00f5hulise ja romantilise tunde. Metsik hortensia, l\u00f5vil\u00f5ug ja gerbera tantsivad selles ringis, tuues sinuni looduse rahu ja ilu otse Tallinna s\u00fcdalinnast.&#8221;<\/p>\n<p>\u0426\u0432\u0435\u0442\u043e\u0447\u043d\u0430\u044f \u043a\u043e\u043c\u043f\u043e\u0437\u0438\u0446\u0438\u044f, 1\u0448\u0442.<\/p>","protected":false},"excerpt":{"rendered":"<p>&#8220;\u00d5rnuse ring on lummav kimp, mis kehastab harmooniat ja t\u00e4iuslikkust oma \u00fcmara vormiga. Hoolikalt valitud heledad toonid ja \u00f5rn tekstuuride<\/p>","protected":false},"featured_media":12088,"template":"","meta":[],"product_brand":[],"product_cat":[104,167],"product_tag":[110,113,149,117],"class_list":{"0":"post-12087","1":"product","2":"type-product","3":"status-publish","4":"has-post-thumbnail","6":"product_cat-kimbud","7":"product_cat-hoaegsed-kimbud","8":"product_tag-alstroemeria","9":"product_tag-gerbera","10":"product_tag-hortensia","11":"product_tag-roosid","13":"first","14":"instock","15":"taxable","16":"shipping-taxable","17":"purchasable","18":"product-type-simple"},"yoast_head":"<!-- This site is optimized with the Yoast SEO plugin v26.6 - https:\/\/yoast.com\/wordpress\/plugins\/seo\/ -->\n<title>Lillekimp &quot;\u00d5rnuse ring&quot; &#8212; Valmeria Lilled<\/title>\n<meta name=\"description\" content=\"\u00d5rnuse ring - romantiline \u00fcmmargune lillekimp metsiku hortensia, l\u00f5vil\u00f5ua ja gerberaga. V\u00e4rske ja \u00f5rn! Tellimine ja kohaletoimetamine Tallinna kesklinnas.\" \/>\n<meta name=\"robots\" content=\"index, follow, max-snippet:-1, max-image-preview:large, max-video-preview:-1\" \/>\n<link rel=\"canonical\" href=\"https:\/\/valmeria.ee\/ru\/shop\/kimbud\/hoaegsed-kimbud\/lillekimp-ornuse-ring\/\" \/>\n<meta property=\"og:locale\" content=\"ru_RU\" \/>\n<meta property=\"og:type\" content=\"article\" \/>\n<meta property=\"og:title\" content=\"Lillekimp &quot;\u00d5rnuse ring&quot; &#8212; Valmeria Lilled\" \/>\n<meta property=\"og:description\" content=\"\u00d5rnuse ring - romantiline \u00fcmmargune lillekimp metsiku hortensia, l\u00f5vil\u00f5ua ja gerberaga. V\u00e4rske ja \u00f5rn! Tellimine ja kohaletoimetamine Tallinna kesklinnas.\" \/>\n<meta property=\"og:url\" content=\"https:\/\/valmeria.ee\/ru\/shop\/kimbud\/hoaegsed-kimbud\/lillekimp-ornuse-ring\/\" \/>\n<meta property=\"og:site_name\" content=\"Valmeria Lilled\" \/>\n<meta property=\"article:publisher\" content=\"https:\/\/www.facebook.com\/valmeria.lilled\" \/>\n<meta property=\"og:image\" content=\"https:\/\/valmeria.ee\/wp-content\/uploads\/2025\/05\/20250503_125050-scaled.webp\" \/>\n\t<meta property=\"og:image:width\" content=\"2560\" \/>\n\t<meta property=\"og:image:height\" content=\"2560\" \/>\n\t<meta property=\"og:image:type\" content=\"image\/jpeg\" \/>\n<meta name=\"twitter:card\" content=\"summary_large_image\" \/>\n<script type=\"application\/ld+json\" class=\"yoast-schema-graph\">{\"@context\":\"https:\/\/schema.org\",\"@graph\":[{\"@type\":\"WebPage\",\"@id\":\"https:\/\/valmeria.ee\/shop\/kimbud\/hoaegsed-kimbud\/lillekimp-ornuse-ring\/\",\"url\":\"https:\/\/valmeria.ee\/shop\/kimbud\/hoaegsed-kimbud\/lillekimp-ornuse-ring\/\",\"name\":\"Lillekimp \\\"\u00d5rnuse ring\\\" &#8212; Valmeria Lilled\",\"isPartOf\":{\"@id\":\"https:\/\/valmeria.ee\/#website\"},\"primaryImageOfPage\":{\"@id\":\"https:\/\/valmeria.ee\/shop\/kimbud\/hoaegsed-kimbud\/lillekimp-ornuse-ring\/#primaryimage\"},\"image\":{\"@id\":\"https:\/\/valmeria.ee\/shop\/kimbud\/hoaegsed-kimbud\/lillekimp-ornuse-ring\/#primaryimage\"},\"thumbnailUrl\":\"https:\/\/valmeria.ee\/wp-content\/uploads\/2025\/05\/20250503_125050-scaled.webp\",\"datePublished\":\"2025-05-06T15:43:03+00:00\",\"description\":\"\u00d5rnuse ring - romantiline \u00fcmmargune lillekimp metsiku hortensia, l\u00f5vil\u00f5ua ja gerberaga. V\u00e4rske ja \u00f5rn! Tellimine ja kohaletoimetamine Tallinna kesklinnas.\",\"breadcrumb\":{\"@id\":\"https:\/\/valmeria.ee\/shop\/kimbud\/hoaegsed-kimbud\/lillekimp-ornuse-ring\/#breadcrumb\"},\"inLanguage\":\"ru-RU\",\"potentialAction\":[{\"@type\":\"ReadAction\",\"target\":[\"https:\/\/valmeria.ee\/shop\/kimbud\/hoaegsed-kimbud\/lillekimp-ornuse-ring\/\"]}]},{\"@type\":\"ImageObject\",\"inLanguage\":\"ru-RU\",\"@id\":\"https:\/\/valmeria.ee\/shop\/kimbud\/hoaegsed-kimbud\/lillekimp-ornuse-ring\/#primaryimage\",\"url\":\"https:\/\/valmeria.ee\/wp-content\/uploads\/2025\/05\/20250503_125050-scaled.webp\",\"contentUrl\":\"https:\/\/valmeria.ee\/wp-content\/uploads\/2025\/05\/20250503_125050-scaled.webp\",\"width\":2560,\"height\":2560},{\"@type\":\"BreadcrumbList\",\"@id\":\"https:\/\/valmeria.ee\/shop\/kimbud\/hoaegsed-kimbud\/lillekimp-ornuse-ring\/#breadcrumb\",\"itemListElement\":[{\"@type\":\"ListItem\",\"position\":1,\"name\":\"\u0413\u043b\u0430\u0432\u043d\u0430\u044f \u0441\u0442\u0440\u0430\u043d\u0438\u0446\u0430\",\"item\":\"https:\/\/valmeria.ee\/\"},{\"@type\":\"ListItem\",\"position\":2,\"name\":\"Lillepood\",\"item\":\"https:\/\/valmeria.ee\/lillepood\/\"},{\"@type\":\"ListItem\",\"position\":3,\"name\":\"Lillekimp &#8220;\u00d5rnuse ring&#8221;\"}]},{\"@type\":\"WebSite\",\"@id\":\"https:\/\/valmeria.ee\/#website\",\"url\":\"https:\/\/valmeria.ee\/\",\"name\":\"Valmeria Lilled\",\"description\":\"Lillepood Tallinnas kiire kuller 10&euro; Tallinna piires.\",\"publisher\":{\"@id\":\"https:\/\/valmeria.ee\/#organization\"},\"potentialAction\":[{\"@type\":\"SearchAction\",\"target\":{\"@type\":\"EntryPoint\",\"urlTemplate\":\"https:\/\/valmeria.ee\/?s={search_term_string}\"},\"query-input\":{\"@type\":\"PropertyValueSpecification\",\"valueRequired\":true,\"valueName\":\"search_term_string\"}}],\"inLanguage\":\"ru-RU\"},{\"@type\":\"Organization\",\"@id\":\"https:\/\/valmeria.ee\/#organization\",\"name\":\"Valmeria Lilled\",\"url\":\"https:\/\/valmeria.ee\/\",\"logo\":{\"@type\":\"ImageObject\",\"inLanguage\":\"ru-RU\",\"@id\":\"https:\/\/valmeria.ee\/#\/schema\/logo\/image\/\",\"url\":\"https:\/\/valmeria.ee\/wp-content\/uploads\/2021\/12\/Valmeria-logo.png\",\"contentUrl\":\"https:\/\/valmeria.ee\/wp-content\/uploads\/2021\/12\/Valmeria-logo.png\",\"width\":480,\"height\":240,\"caption\":\"Valmeria Lilled\"},\"image\":{\"@id\":\"https:\/\/valmeria.ee\/#\/schema\/logo\/image\/\"},\"sameAs\":[\"https:\/\/www.facebook.com\/valmeria.lilled\",\"https:\/\/www.instagram.com\/valmeria.lilled\/\"]}]}<\/script>\n<!-- \/ Yoast SEO plugin. -->","yoast_head_json":{"title":"Lillekimp \"\u00d5rnuse ring\" &#8212; Valmeria Lilled","description":"\u00d5rnuse ring - romantiline \u00fcmmargune lillekimp metsiku hortensia, l\u00f5vil\u00f5ua ja gerberaga. V\u00e4rske ja \u00f5rn! Tellimine ja kohaletoimetamine Tallinna kesklinnas.","robots":{"index":"index","follow":"follow","max-snippet":"max-snippet:-1","max-image-preview":"max-image-preview:large","max-video-preview":"max-video-preview:-1"},"canonical":"https:\/\/valmeria.ee\/ru\/shop\/kimbud\/hoaegsed-kimbud\/lillekimp-ornuse-ring\/","og_locale":"ru_RU","og_type":"article","og_title":"Lillekimp \"\u00d5rnuse ring\" &#8212; Valmeria Lilled","og_description":"\u00d5rnuse ring - romantiline \u00fcmmargune lillekimp metsiku hortensia, l\u00f5vil\u00f5ua ja gerberaga. V\u00e4rske ja \u00f5rn! Tellimine ja kohaletoimetamine Tallinna kesklinnas.","og_url":"https:\/\/valmeria.ee\/ru\/shop\/kimbud\/hoaegsed-kimbud\/lillekimp-ornuse-ring\/","og_site_name":"Valmeria Lilled","article_publisher":"https:\/\/www.facebook.com\/valmeria.lilled","og_image":[{"width":2560,"height":2560,"url":"https:\/\/valmeria.ee\/wp-content\/uploads\/2025\/05\/20250503_125050-scaled.webp","type":"image\/jpeg"}],"twitter_card":"summary_large_image","schema":{"@context":"https:\/\/schema.org","@graph":[{"@type":"WebPage","@id":"https:\/\/valmeria.ee\/shop\/kimbud\/hoaegsed-kimbud\/lillekimp-ornuse-ring\/","url":"https:\/\/valmeria.ee\/shop\/kimbud\/hoaegsed-kimbud\/lillekimp-ornuse-ring\/","name":"Lillekimp \"\u00d5rnuse ring\" &#8212; Valmeria Lilled","isPartOf":{"@id":"https:\/\/valmeria.ee\/#website"},"primaryImageOfPage":{"@id":"https:\/\/valmeria.ee\/shop\/kimbud\/hoaegsed-kimbud\/lillekimp-ornuse-ring\/#primaryimage"},"image":{"@id":"https:\/\/valmeria.ee\/shop\/kimbud\/hoaegsed-kimbud\/lillekimp-ornuse-ring\/#primaryimage"},"thumbnailUrl":"https:\/\/valmeria.ee\/wp-content\/uploads\/2025\/05\/20250503_125050-scaled.webp","datePublished":"2025-05-06T15:43:03+00:00","description":"\u00d5rnuse ring - romantiline \u00fcmmargune lillekimp metsiku hortensia, l\u00f5vil\u00f5ua ja gerberaga. V\u00e4rske ja \u00f5rn! Tellimine ja kohaletoimetamine Tallinna kesklinnas.","breadcrumb":{"@id":"https:\/\/valmeria.ee\/shop\/kimbud\/hoaegsed-kimbud\/lillekimp-ornuse-ring\/#breadcrumb"},"inLanguage":"ru-RU","potentialAction":[{"@type":"ReadAction","target":["https:\/\/valmeria.ee\/shop\/kimbud\/hoaegsed-kimbud\/lillekimp-ornuse-ring\/"]}]},{"@type":"ImageObject","inLanguage":"ru-RU","@id":"https:\/\/valmeria.ee\/shop\/kimbud\/hoaegsed-kimbud\/lillekimp-ornuse-ring\/#primaryimage","url":"https:\/\/valmeria.ee\/wp-content\/uploads\/2025\/05\/20250503_125050-scaled.webp","contentUrl":"https:\/\/valmeria.ee\/wp-content\/uploads\/2025\/05\/20250503_125050-scaled.webp","width":2560,"height":2560},{"@type":"BreadcrumbList","@id":"https:\/\/valmeria.ee\/shop\/kimbud\/hoaegsed-kimbud\/lillekimp-ornuse-ring\/#breadcrumb","itemListElement":[{"@type":"ListItem","position":1,"name":"\u0413\u043b\u0430\u0432\u043d\u0430\u044f \u0441\u0442\u0440\u0430\u043d\u0438\u0446\u0430","item":"https:\/\/valmeria.ee\/"},{"@type":"ListItem","position":2,"name":"Lillepood","item":"https:\/\/valmeria.ee\/lillepood\/"},{"@type":"ListItem","position":3,"name":"Lillekimp &#8220;\u00d5rnuse ring&#8221;"}]},{"@type":"WebSite","@id":"https:\/\/valmeria.ee\/#website","url":"https:\/\/valmeria.ee\/","name":"Valmeria Lilled","description":"Lillepood Tallinnas kiire kuller 10&euro; Tallinna piires.","publisher":{"@id":"https:\/\/valmeria.ee\/#organization"},"potentialAction":[{"@type":"SearchAction","target":{"@type":"EntryPoint","urlTemplate":"https:\/\/valmeria.ee\/?s={search_term_string}"},"query-input":{"@type":"PropertyValueSpecification","valueRequired":true,"valueName":"search_term_string"}}],"inLanguage":"ru-RU"},{"@type":"Organization","@id":"https:\/\/valmeria.ee\/#organization","name":"Valmeria Lilled","url":"https:\/\/valmeria.ee\/","logo":{"@type":"ImageObject","inLanguage":"ru-RU","@id":"https:\/\/valmeria.ee\/#\/schema\/logo\/image\/","url":"https:\/\/valmeria.ee\/wp-content\/uploads\/2021\/12\/Valmeria-logo.png","contentUrl":"https:\/\/valmeria.ee\/wp-content\/uploads\/2021\/12\/Valmeria-logo.png","width":480,"height":240,"caption":"Valmeria Lilled"},"image":{"@id":"https:\/\/valmeria.ee\/#\/schema\/logo\/image\/"},"sameAs":["https:\/\/www.facebook.com\/valmeria.lilled","https:\/\/www.instagram.com\/valmeria.lilled\/"]}]}},"_links":{"self":[{"href":"https:\/\/valmeria.ee\/ru\/wp-json\/wp\/v2\/product\/12087","targetHints":{"allow":["GET"]}}],"collection":[{"href":"https:\/\/valmeria.ee\/ru\/wp-json\/wp\/v2\/product"}],"about":[{"href":"https:\/\/valmeria.ee\/ru\/wp-json\/wp\/v2\/types\/product"}],"wp:featuredmedia":[{"embeddable":true,"href":"https:\/\/valmeria.ee\/ru\/wp-json\/wp\/v2\/media\/12088"}],"wp:attachment":[{"href":"https:\/\/valmeria.ee\/ru\/wp-json\/wp\/v2\/media?parent=12087"}],"wp:term":[{"taxonomy":"product_brand","embeddable":true,"href":"https:\/\/valmeria.ee\/ru\/wp-json\/wp\/v2\/product_brand?post=12087"},{"taxonomy":"product_cat","embeddable":true,"href":"https:\/\/valmeria.ee\/ru\/wp-json\/wp\/v2\/product_cat?post=12087"},{"taxonomy":"product_tag","embeddable":true,"href":"https:\/\/valmeria.ee\/ru\/wp-json\/wp\/v2\/product_tag?post=12087"}],"curies":[{"name":"wp","href":"https:\/\/api.w.org\/{rel}","templated":true}]}}