{"id":12454,"date":"2026-01-05T16:49:05","date_gmt":"2026-01-05T14:49:05","guid":{"rendered":"https:\/\/valmeria.ee\/?post_type=product&#038;p=12454"},"modified":"2026-01-27T19:51:09","modified_gmt":"2026-01-27T17:51:09","slug":"lillekarp-roosade-roosidega","status":"publish","type":"product","link":"https:\/\/valmeria.ee\/ru\/shop\/lillekarbid\/lillekarp-roosade-roosidega\/","title":{"rendered":"Lilleseade &#8220;Kersti&#8221;"},"content":{"rendered":"<div class=\"wpb-content-wrapper\"><div class=\"vc_row wpb_row vc_row-fluid\"><div class=\"wpb_column vc_column_container vc_col-sm-12\"><div class=\"vc_column-inner\"><div class=\"wpb_wrapper\">\n\t<div class=\"wpb_text_column wpb_content_element\" >\n\t\t<div class=\"wpb_wrapper\">\n\t\t\t<p data-path-to-node=\"9\">See rikkalik lillekarp roosade roosidega on loodud neile, kes armastavad naiselikku ja romantilist stiili. Seade on tihe ja \u00fcmar, peites endas t\u00f5elist lillede k\u00fcllust. Karbi s\u00fcdameks on lummavad roosad roosid eri varjundites, mida t\u00e4iendab \u00fcks silmapaistev ja r\u00f5\u00f5mus g\u00e9rbera.<\/p>\n<p data-path-to-node=\"10\">Elegantsed alstromeeriad ja \u00f5rnad valged eustoomad lisavad seadele pehmust, samas kui kipsilill loob pilvepese sarnase kerguse. Tumeroheline lehestik toob k\u00f5ik v\u00e4rvid kaunilt esile, muutes seade elavaks ja s\u00fcgavaks. Kuna see lillekarp roosade roosidega on oaasiga p\u00f5hjal, p\u00fcsivad lilled kaua v\u00e4rskena ja kaunistavad iga ruumi oma luksusliku v\u00e4limusega.<\/p>\n<p>\u0426\u0432\u0435\u0442\u043e\u0447\u043d\u0430\u044f \u043a\u043e\u043c\u043f\u043e\u0437\u0438\u0446\u0438\u044f, 1\u0448\u0442.<\/p>\n\n\t\t<\/div>\n\t<\/div>\n<\/div><\/div><\/div><\/div>\n<\/div>","protected":false},"excerpt":{"rendered":"See rikkalik lillekarp roosade roosidega on loodud neile, kes armastavad naiselikku ja romantilist stiili. Seade on tihe ja \u00fcmar, peites","protected":false},"featured_media":12456,"template":"","meta":[],"product_brand":[],"product_cat":[109],"product_tag":[110,120,113,197,117],"class_list":{"0":"post-12454","1":"product","2":"type-product","3":"status-publish","4":"has-post-thumbnail","6":"product_cat-lillekarbid","7":"product_tag-alstroemeria","8":"product_tag-eustoma","9":"product_tag-gerbera","10":"product_tag-kipsilill","11":"product_tag-roosid","13":"first","14":"instock","15":"featured","16":"taxable","17":"shipping-taxable","18":"purchasable","19":"product-type-simple"},"yoast_head":"<!-- This site is optimized with the Yoast SEO plugin v26.6 - https:\/\/yoast.com\/wordpress\/plugins\/seo\/ -->\n<title>Lilleseade &quot;Kersti&quot; &#8212; Valmeria Lilled<\/title>\n<meta name=\"description\" content=\"See romantiline lillekarp roosade roosidega on suurep\u00e4rane valik t\u00e4htp\u00e4evaks. Valmeria lillepood pakub v\u00e4rskeid seadeid ja kiiret tarnet.\" \/>\n<meta name=\"robots\" content=\"index, follow, max-snippet:-1, max-image-preview:large, max-video-preview:-1\" \/>\n<link rel=\"canonical\" href=\"https:\/\/valmeria.ee\/ru\/shop\/lillekarbid\/lillekarp-roosade-roosidega\/\" \/>\n<meta property=\"og:locale\" content=\"ru_RU\" \/>\n<meta property=\"og:type\" content=\"article\" \/>\n<meta property=\"og:title\" content=\"Lilleseade &quot;Kersti&quot; &#8212; Valmeria Lilled\" \/>\n<meta property=\"og:description\" content=\"See romantiline lillekarp roosade roosidega on suurep\u00e4rane valik t\u00e4htp\u00e4evaks. Valmeria lillepood pakub v\u00e4rskeid seadeid ja kiiret tarnet.\" \/>\n<meta property=\"og:url\" content=\"https:\/\/valmeria.ee\/ru\/shop\/lillekarbid\/lillekarp-roosade-roosidega\/\" \/>\n<meta property=\"og:site_name\" content=\"Valmeria Lilled\" \/>\n<meta property=\"article:publisher\" content=\"https:\/\/www.facebook.com\/valmeria.lilled\" \/>\n<meta property=\"article:modified_time\" content=\"2026-01-27T17:51:09+00:00\" \/>\n<meta property=\"og:image\" content=\"https:\/\/valmeria.ee\/wp-content\/uploads\/2026\/01\/Rose-box-45.webp\" \/>\n\t<meta property=\"og:image:width\" content=\"864\" \/>\n\t<meta property=\"og:image:height\" content=\"864\" \/>\n\t<meta property=\"og:image:type\" content=\"image\/png\" \/>\n<meta name=\"twitter:card\" content=\"summary_large_image\" \/>\n<script type=\"application\/ld+json\" class=\"yoast-schema-graph\">{\"@context\":\"https:\/\/schema.org\",\"@graph\":[{\"@type\":\"WebPage\",\"@id\":\"https:\/\/valmeria.ee\/shop\/lillekarbid\/lillekarp-roosade-roosidega\/\",\"url\":\"https:\/\/valmeria.ee\/shop\/lillekarbid\/lillekarp-roosade-roosidega\/\",\"name\":\"Lilleseade \\\"Kersti\\\" &#8212; Valmeria Lilled\",\"isPartOf\":{\"@id\":\"https:\/\/valmeria.ee\/#website\"},\"primaryImageOfPage\":{\"@id\":\"https:\/\/valmeria.ee\/shop\/lillekarbid\/lillekarp-roosade-roosidega\/#primaryimage\"},\"image\":{\"@id\":\"https:\/\/valmeria.ee\/shop\/lillekarbid\/lillekarp-roosade-roosidega\/#primaryimage\"},\"thumbnailUrl\":\"https:\/\/valmeria.ee\/wp-content\/uploads\/2026\/01\/Rose-box-45.webp\",\"datePublished\":\"2026-01-05T14:49:05+00:00\",\"dateModified\":\"2026-01-27T17:51:09+00:00\",\"description\":\"See romantiline lillekarp roosade roosidega on suurep\u00e4rane valik t\u00e4htp\u00e4evaks. Valmeria lillepood pakub v\u00e4rskeid seadeid ja kiiret tarnet.\",\"breadcrumb\":{\"@id\":\"https:\/\/valmeria.ee\/shop\/lillekarbid\/lillekarp-roosade-roosidega\/#breadcrumb\"},\"inLanguage\":\"ru-RU\",\"potentialAction\":[{\"@type\":\"ReadAction\",\"target\":[\"https:\/\/valmeria.ee\/shop\/lillekarbid\/lillekarp-roosade-roosidega\/\"]}]},{\"@type\":\"ImageObject\",\"inLanguage\":\"ru-RU\",\"@id\":\"https:\/\/valmeria.ee\/shop\/lillekarbid\/lillekarp-roosade-roosidega\/#primaryimage\",\"url\":\"https:\/\/valmeria.ee\/wp-content\/uploads\/2026\/01\/Rose-box-45.webp\",\"contentUrl\":\"https:\/\/valmeria.ee\/wp-content\/uploads\/2026\/01\/Rose-box-45.webp\",\"width\":864,\"height\":864,\"caption\":\"Lillekarp roosade roosidega Valmeria lilled\"},{\"@type\":\"BreadcrumbList\",\"@id\":\"https:\/\/valmeria.ee\/shop\/lillekarbid\/lillekarp-roosade-roosidega\/#breadcrumb\",\"itemListElement\":[{\"@type\":\"ListItem\",\"position\":1,\"name\":\"\u0413\u043b\u0430\u0432\u043d\u0430\u044f \u0441\u0442\u0440\u0430\u043d\u0438\u0446\u0430\",\"item\":\"https:\/\/valmeria.ee\/\"},{\"@type\":\"ListItem\",\"position\":2,\"name\":\"Lillepood\",\"item\":\"https:\/\/valmeria.ee\/lillepood\/\"},{\"@type\":\"ListItem\",\"position\":3,\"name\":\"Lilleseade &#8220;Kersti&#8221;\"}]},{\"@type\":\"WebSite\",\"@id\":\"https:\/\/valmeria.ee\/#website\",\"url\":\"https:\/\/valmeria.ee\/\",\"name\":\"Valmeria Lilled\",\"description\":\"Lillepood Tallinnas kiire kuller 10&euro; Tallinna piires.\",\"publisher\":{\"@id\":\"https:\/\/valmeria.ee\/#organization\"},\"potentialAction\":[{\"@type\":\"SearchAction\",\"target\":{\"@type\":\"EntryPoint\",\"urlTemplate\":\"https:\/\/valmeria.ee\/?s={search_term_string}\"},\"query-input\":{\"@type\":\"PropertyValueSpecification\",\"valueRequired\":true,\"valueName\":\"search_term_string\"}}],\"inLanguage\":\"ru-RU\"},{\"@type\":\"Organization\",\"@id\":\"https:\/\/valmeria.ee\/#organization\",\"name\":\"Valmeria Lilled\",\"url\":\"https:\/\/valmeria.ee\/\",\"logo\":{\"@type\":\"ImageObject\",\"inLanguage\":\"ru-RU\",\"@id\":\"https:\/\/valmeria.ee\/#\/schema\/logo\/image\/\",\"url\":\"https:\/\/valmeria.ee\/wp-content\/uploads\/2021\/12\/Valmeria-logo.png\",\"contentUrl\":\"https:\/\/valmeria.ee\/wp-content\/uploads\/2021\/12\/Valmeria-logo.png\",\"width\":480,\"height\":240,\"caption\":\"Valmeria Lilled\"},\"image\":{\"@id\":\"https:\/\/valmeria.ee\/#\/schema\/logo\/image\/\"},\"sameAs\":[\"https:\/\/www.facebook.com\/valmeria.lilled\",\"https:\/\/www.instagram.com\/valmeria.lilled\/\"]}]}<\/script>\n<!-- \/ Yoast SEO plugin. -->","yoast_head_json":{"title":"Lilleseade \"Kersti\" &#8212; Valmeria Lilled","description":"See romantiline lillekarp roosade roosidega on suurep\u00e4rane valik t\u00e4htp\u00e4evaks. Valmeria lillepood pakub v\u00e4rskeid seadeid ja kiiret tarnet.","robots":{"index":"index","follow":"follow","max-snippet":"max-snippet:-1","max-image-preview":"max-image-preview:large","max-video-preview":"max-video-preview:-1"},"canonical":"https:\/\/valmeria.ee\/ru\/shop\/lillekarbid\/lillekarp-roosade-roosidega\/","og_locale":"ru_RU","og_type":"article","og_title":"Lilleseade \"Kersti\" &#8212; Valmeria Lilled","og_description":"See romantiline lillekarp roosade roosidega on suurep\u00e4rane valik t\u00e4htp\u00e4evaks. Valmeria lillepood pakub v\u00e4rskeid seadeid ja kiiret tarnet.","og_url":"https:\/\/valmeria.ee\/ru\/shop\/lillekarbid\/lillekarp-roosade-roosidega\/","og_site_name":"Valmeria Lilled","article_publisher":"https:\/\/www.facebook.com\/valmeria.lilled","article_modified_time":"2026-01-27T17:51:09+00:00","og_image":[{"width":864,"height":864,"url":"https:\/\/valmeria.ee\/wp-content\/uploads\/2026\/01\/Rose-box-45.webp","type":"image\/png"}],"twitter_card":"summary_large_image","schema":{"@context":"https:\/\/schema.org","@graph":[{"@type":"WebPage","@id":"https:\/\/valmeria.ee\/shop\/lillekarbid\/lillekarp-roosade-roosidega\/","url":"https:\/\/valmeria.ee\/shop\/lillekarbid\/lillekarp-roosade-roosidega\/","name":"Lilleseade \"Kersti\" &#8212; Valmeria Lilled","isPartOf":{"@id":"https:\/\/valmeria.ee\/#website"},"primaryImageOfPage":{"@id":"https:\/\/valmeria.ee\/shop\/lillekarbid\/lillekarp-roosade-roosidega\/#primaryimage"},"image":{"@id":"https:\/\/valmeria.ee\/shop\/lillekarbid\/lillekarp-roosade-roosidega\/#primaryimage"},"thumbnailUrl":"https:\/\/valmeria.ee\/wp-content\/uploads\/2026\/01\/Rose-box-45.webp","datePublished":"2026-01-05T14:49:05+00:00","dateModified":"2026-01-27T17:51:09+00:00","description":"See romantiline lillekarp roosade roosidega on suurep\u00e4rane valik t\u00e4htp\u00e4evaks. Valmeria lillepood pakub v\u00e4rskeid seadeid ja kiiret tarnet.","breadcrumb":{"@id":"https:\/\/valmeria.ee\/shop\/lillekarbid\/lillekarp-roosade-roosidega\/#breadcrumb"},"inLanguage":"ru-RU","potentialAction":[{"@type":"ReadAction","target":["https:\/\/valmeria.ee\/shop\/lillekarbid\/lillekarp-roosade-roosidega\/"]}]},{"@type":"ImageObject","inLanguage":"ru-RU","@id":"https:\/\/valmeria.ee\/shop\/lillekarbid\/lillekarp-roosade-roosidega\/#primaryimage","url":"https:\/\/valmeria.ee\/wp-content\/uploads\/2026\/01\/Rose-box-45.webp","contentUrl":"https:\/\/valmeria.ee\/wp-content\/uploads\/2026\/01\/Rose-box-45.webp","width":864,"height":864,"caption":"Lillekarp roosade roosidega Valmeria lilled"},{"@type":"BreadcrumbList","@id":"https:\/\/valmeria.ee\/shop\/lillekarbid\/lillekarp-roosade-roosidega\/#breadcrumb","itemListElement":[{"@type":"ListItem","position":1,"name":"\u0413\u043b\u0430\u0432\u043d\u0430\u044f \u0441\u0442\u0440\u0430\u043d\u0438\u0446\u0430","item":"https:\/\/valmeria.ee\/"},{"@type":"ListItem","position":2,"name":"Lillepood","item":"https:\/\/valmeria.ee\/lillepood\/"},{"@type":"ListItem","position":3,"name":"Lilleseade &#8220;Kersti&#8221;"}]},{"@type":"WebSite","@id":"https:\/\/valmeria.ee\/#website","url":"https:\/\/valmeria.ee\/","name":"Valmeria Lilled","description":"Lillepood Tallinnas kiire kuller 10&euro; Tallinna piires.","publisher":{"@id":"https:\/\/valmeria.ee\/#organization"},"potentialAction":[{"@type":"SearchAction","target":{"@type":"EntryPoint","urlTemplate":"https:\/\/valmeria.ee\/?s={search_term_string}"},"query-input":{"@type":"PropertyValueSpecification","valueRequired":true,"valueName":"search_term_string"}}],"inLanguage":"ru-RU"},{"@type":"Organization","@id":"https:\/\/valmeria.ee\/#organization","name":"Valmeria Lilled","url":"https:\/\/valmeria.ee\/","logo":{"@type":"ImageObject","inLanguage":"ru-RU","@id":"https:\/\/valmeria.ee\/#\/schema\/logo\/image\/","url":"https:\/\/valmeria.ee\/wp-content\/uploads\/2021\/12\/Valmeria-logo.png","contentUrl":"https:\/\/valmeria.ee\/wp-content\/uploads\/2021\/12\/Valmeria-logo.png","width":480,"height":240,"caption":"Valmeria Lilled"},"image":{"@id":"https:\/\/valmeria.ee\/#\/schema\/logo\/image\/"},"sameAs":["https:\/\/www.facebook.com\/valmeria.lilled","https:\/\/www.instagram.com\/valmeria.lilled\/"]}]}},"_links":{"self":[{"href":"https:\/\/valmeria.ee\/ru\/wp-json\/wp\/v2\/product\/12454","targetHints":{"allow":["GET"]}}],"collection":[{"href":"https:\/\/valmeria.ee\/ru\/wp-json\/wp\/v2\/product"}],"about":[{"href":"https:\/\/valmeria.ee\/ru\/wp-json\/wp\/v2\/types\/product"}],"wp:featuredmedia":[{"embeddable":true,"href":"https:\/\/valmeria.ee\/ru\/wp-json\/wp\/v2\/media\/12456"}],"wp:attachment":[{"href":"https:\/\/valmeria.ee\/ru\/wp-json\/wp\/v2\/media?parent=12454"}],"wp:term":[{"taxonomy":"product_brand","embeddable":true,"href":"https:\/\/valmeria.ee\/ru\/wp-json\/wp\/v2\/product_brand?post=12454"},{"taxonomy":"product_cat","embeddable":true,"href":"https:\/\/valmeria.ee\/ru\/wp-json\/wp\/v2\/product_cat?post=12454"},{"taxonomy":"product_tag","embeddable":true,"href":"https:\/\/valmeria.ee\/ru\/wp-json\/wp\/v2\/product_tag?post=12454"}],"curies":[{"name":"wp","href":"https:\/\/api.w.org\/{rel}","templated":true}]}}