{"id":12458,"date":"2026-01-05T16:57:19","date_gmt":"2026-01-05T14:57:19","guid":{"rendered":"https:\/\/valmeria.ee\/?post_type=product&#038;p=12458"},"modified":"2026-01-27T19:50:53","modified_gmt":"2026-01-27T17:50:53","slug":"roosidega-sudamekujuline-lillekarp","status":"publish","type":"product","link":"https:\/\/valmeria.ee\/ru\/shop\/lillekarbid\/roosidega-sudamekujuline-lillekarp\/","title":{"rendered":"\u0426\u0432\u0435\u0442\u043e\u0447\u043d\u0430\u044f \u043a\u043e\u043c\u043f\u043e\u0437\u0438\u0446\u0438\u044f \u201cCarmelita\u201d"},"content":{"rendered":"<div class=\"wpb-content-wrapper\"><div class=\"vc_row wpb_row vc_row-fluid\"><div class=\"wpb_column vc_column_container vc_col-sm-12\"><div class=\"vc_column-inner\"><div class=\"wpb_wrapper\">\n\t<div class=\"wpb_text_column wpb_content_element\" >\n\t\t<div class=\"wpb_wrapper\">\n\t\t\t<p data-path-to-node=\"9\">\u042d\u0442\u0430 \u043e\u0447\u0430\u0440\u043e\u0432\u0430\u0442\u0435\u043b\u044c\u043d\u0430\u044f \u043a\u043e\u0440\u043e\u0431\u043e\u0447\u043a\u0430 \u0432 \u0444\u043e\u0440\u043c\u0435 \u0441\u0435\u0440\u0434\u0446\u0430 \u0441 \u0440\u043e\u0437\u0430\u043c\u0438 \u0441\u043e\u0437\u0434\u0430\u043d\u0430 \u0434\u043b\u044f \u043d\u0430\u0441\u0442\u043e\u044f\u0449\u0438\u0445 \u0440\u043e\u043c\u0430\u043d\u0442\u0438\u043a\u043e\u0432. \u0413\u043b\u0443\u0431\u043e\u043a\u0438\u0439 \u043a\u0440\u0430\u0441\u043d\u044b\u0439 \u0446\u0432\u0435\u0442 \u043a\u043e\u0440\u043e\u0431\u043e\u0447\u043a\u0438 \u0432 \u0444\u043e\u0440\u043c\u0435 \u0441\u0435\u0440\u0434\u0446\u0430 \u0441 \u0437\u043e\u043b\u043e\u0442\u044b\u043c\u0438 \u0434\u0435\u0442\u0430\u043b\u044f\u043c\u0438 \u043d\u0430\u043f\u043e\u043b\u043d\u0435\u043d \u043f\u044b\u0448\u043d\u044b\u043c \u0438 \u0433\u0443\u0441\u0442\u044b\u043c \u043c\u043e\u0440\u0435\u043c \u0446\u0432\u0435\u0442\u043e\u0432, \u0441\u0438\u043c\u0432\u043e\u043b\u0438\u0437\u0438\u0440\u0443\u044e\u0449\u0438\u0445 \u0437\u0430\u0431\u043e\u0442\u0443 \u0438 \u0441\u0442\u0440\u0430\u0441\u0442\u044c. \u041d\u0435\u0436\u043d\u044b\u0435 \u0442\u043e\u043d\u0430 \u0438 \u0438\u0437\u044b\u0441\u043a\u0430\u043d\u043d\u044b\u0439 \u0441\u0442\u0438\u043b\u044c \u0434\u0435\u043b\u0430\u044e\u0442 \u044d\u0442\u043e\u0442 \u043f\u043e\u0434\u0430\u0440\u043e\u043a \u043d\u0435\u0437\u0430\u0431\u044b\u0432\u0430\u0435\u043c\u044b\u043c.<\/p>\n<p data-path-to-node=\"10\">\u0412 \u043a\u043e\u0440\u043e\u0431\u043a\u0435 \u0441\u043e\u0431\u0440\u0430\u043d\u044b \u0442\u0449\u0430\u0442\u0435\u043b\u044c\u043d\u043e \u043e\u0442\u043e\u0431\u0440\u0430\u043d\u043d\u044b\u0435 \u043a\u0440\u0435\u043c\u043e\u0432\u043e-\u0431\u0435\u043b\u044b\u0435, \u0441\u0432\u0435\u0442\u043b\u043e-\u0440\u043e\u0437\u043e\u0432\u044b\u0435 \u0438 \u0442\u0435\u043c\u043d\u043e-\u0440\u043e\u0437\u043e\u0432\u044b\u0435 \u0440\u043e\u0437\u044b \u0432 \u0441\u043e\u0447\u0435\u0442\u0430\u043d\u0438\u0438 \u0441 \u043d\u0435\u0436\u043d\u044b\u043c\u0438 \u044d\u0443\u0441\u0442\u043e\u043c\u0430\u043c\u0438 \u0438 \u0432\u043e\u0437\u0434\u0443\u0448\u043d\u043e\u0439 \u0433\u0438\u043f\u0441\u043e\u0444\u0438\u043b\u043e\u0439. \u042d\u0442\u0430 \u043f\u044b\u0448\u043d\u0430\u044f \u0438 \u043e\u0431\u0438\u043b\u044c\u043d\u043e \u043d\u0430\u043f\u043e\u043b\u043d\u0435\u043d\u043d\u0430\u044f \u0440\u043e\u0437\u0430\u043c\u0438 \u043a\u043e\u0440\u043e\u0431\u043a\u0430 \u0432 \u0444\u043e\u0440\u043c\u0435 \u0441\u0435\u0440\u0434\u0446\u0430 \u0441\u0442\u0430\u043d\u0435\u0442 \u043d\u0430\u0441\u0442\u043e\u044f\u0449\u0438\u043c \u043f\u0438\u0440\u0448\u0435\u0441\u0442\u0432\u043e\u043c \u0434\u043b\u044f \u0433\u043b\u0430\u0437 \u0441\u043e \u0432\u0441\u0435\u0445 \u0441\u0442\u043e\u0440\u043e\u043d. \u042d\u0442\u043e \u0438\u0434\u0435\u0430\u043b\u044c\u043d\u044b\u0439 \u0432\u044b\u0431\u043e\u0440 \u0434\u043b\u044f \u0433\u043e\u0434\u043e\u0432\u0449\u0438\u043d\u044b, \u0434\u043d\u044f \u0440\u043e\u0436\u0434\u0435\u043d\u0438\u044f \u0438\u043b\u0438 \u0440\u043e\u043c\u0430\u043d\u0442\u0438\u0447\u0435\u0441\u043a\u043e\u0433\u043e \u0441\u044e\u0440\u043f\u0440\u0438\u0437\u0430, \u043a\u043e\u0442\u043e\u0440\u044b\u0439 \u0441\u043a\u0430\u0436\u0435\u0442 \u0431\u043e\u043b\u044c\u0448\u0435 \u0442\u044b\u0441\u044f\u0447\u0438 \u0441\u043b\u043e\u0432.<\/p>\n<p>\u0426\u0432\u0435\u0442\u043e\u0447\u043d\u0430\u044f \u043a\u043e\u043c\u043f\u043e\u0437\u0438\u0446\u0438\u044f, 1\u0448\u0442.<br \/>\n\u0420\u0430\u0437\u043c\u0435\u0440 \"XL\"<\/p>\n\n\t\t<\/div>\n\t<\/div>\n<\/div><\/div><\/div><\/div>\n<\/div>","protected":false},"excerpt":{"rendered":"See lummav roosidega s\u00fcdamekujuline lillekarp on loodud t\u00f5elistele romantikutele. S\u00fcgavpunane kuldse detailiga s\u00fcdamekarp on t\u00e4idetud lopsaka ja tiheda \u00f5itemerega, mis","protected":false},"featured_media":12459,"template":"","meta":[],"product_brand":[],"product_cat":[109],"product_tag":[120,117],"class_list":{"0":"post-12458","1":"product","2":"type-product","3":"status-publish","4":"has-post-thumbnail","6":"product_cat-lillekarbid","7":"product_tag-eustoma","8":"product_tag-roosid","10":"first","11":"instock","12":"featured","13":"taxable","14":"shipping-taxable","15":"purchasable","16":"product-type-simple"},"yoast_head":"<!-- This site is optimized with the Yoast SEO plugin v26.6 - https:\/\/yoast.com\/wordpress\/plugins\/seo\/ -->\n<title>Lilleseade &quot;Carmelita&quot; &#8212; Valmeria Lilled<\/title>\n<meta name=\"description\" content=\"See luksuslik roosidega s\u00fcdamekujuline lillekarp on parim kingitus armastuse avaldamiseks. Valmeria lillepood tagab v\u00e4rsked \u00f5ied ja kiire tarne. Telli kohe!\" \/>\n<meta name=\"robots\" content=\"index, follow, max-snippet:-1, max-image-preview:large, max-video-preview:-1\" \/>\n<link rel=\"canonical\" href=\"https:\/\/valmeria.ee\/ru\/shop\/lillekarbid\/roosidega-sudamekujuline-lillekarp\/\" \/>\n<meta property=\"og:locale\" content=\"ru_RU\" \/>\n<meta property=\"og:type\" content=\"article\" \/>\n<meta property=\"og:title\" content=\"Lilleseade &quot;Carmelita&quot; &#8212; Valmeria Lilled\" \/>\n<meta property=\"og:description\" content=\"See luksuslik roosidega s\u00fcdamekujuline lillekarp on parim kingitus armastuse avaldamiseks. Valmeria lillepood tagab v\u00e4rsked \u00f5ied ja kiire tarne. Telli kohe!\" \/>\n<meta property=\"og:url\" content=\"https:\/\/valmeria.ee\/ru\/shop\/lillekarbid\/roosidega-sudamekujuline-lillekarp\/\" \/>\n<meta property=\"og:site_name\" content=\"Valmeria Lilled\" \/>\n<meta property=\"article:publisher\" content=\"https:\/\/www.facebook.com\/valmeria.lilled\" \/>\n<meta property=\"article:modified_time\" content=\"2026-01-27T17:50:53+00:00\" \/>\n<meta property=\"og:image\" content=\"https:\/\/valmeria.ee\/wp-content\/uploads\/2026\/01\/Box_75_new.webp\" \/>\n\t<meta property=\"og:image:width\" content=\"1024\" \/>\n\t<meta property=\"og:image:height\" content=\"1024\" \/>\n\t<meta property=\"og:image:type\" content=\"image\/png\" \/>\n<meta name=\"twitter:card\" content=\"summary_large_image\" \/>\n<script type=\"application\/ld+json\" class=\"yoast-schema-graph\">{\"@context\":\"https:\/\/schema.org\",\"@graph\":[{\"@type\":\"WebPage\",\"@id\":\"https:\/\/valmeria.ee\/shop\/lillekarbid\/roosidega-sudamekujuline-lillekarp\/\",\"url\":\"https:\/\/valmeria.ee\/shop\/lillekarbid\/roosidega-sudamekujuline-lillekarp\/\",\"name\":\"Lilleseade \\\"Carmelita\\\" &#8212; Valmeria Lilled\",\"isPartOf\":{\"@id\":\"https:\/\/valmeria.ee\/#website\"},\"primaryImageOfPage\":{\"@id\":\"https:\/\/valmeria.ee\/shop\/lillekarbid\/roosidega-sudamekujuline-lillekarp\/#primaryimage\"},\"image\":{\"@id\":\"https:\/\/valmeria.ee\/shop\/lillekarbid\/roosidega-sudamekujuline-lillekarp\/#primaryimage\"},\"thumbnailUrl\":\"https:\/\/valmeria.ee\/wp-content\/uploads\/2026\/01\/Box_75_new.webp\",\"datePublished\":\"2026-01-05T14:57:19+00:00\",\"dateModified\":\"2026-01-27T17:50:53+00:00\",\"description\":\"See luksuslik roosidega s\u00fcdamekujuline lillekarp on parim kingitus armastuse avaldamiseks. Valmeria lillepood tagab v\u00e4rsked \u00f5ied ja kiire tarne. Telli kohe!\",\"breadcrumb\":{\"@id\":\"https:\/\/valmeria.ee\/shop\/lillekarbid\/roosidega-sudamekujuline-lillekarp\/#breadcrumb\"},\"inLanguage\":\"ru-RU\",\"potentialAction\":[{\"@type\":\"ReadAction\",\"target\":[\"https:\/\/valmeria.ee\/shop\/lillekarbid\/roosidega-sudamekujuline-lillekarp\/\"]}]},{\"@type\":\"ImageObject\",\"inLanguage\":\"ru-RU\",\"@id\":\"https:\/\/valmeria.ee\/shop\/lillekarbid\/roosidega-sudamekujuline-lillekarp\/#primaryimage\",\"url\":\"https:\/\/valmeria.ee\/wp-content\/uploads\/2026\/01\/Box_75_new.webp\",\"contentUrl\":\"https:\/\/valmeria.ee\/wp-content\/uploads\/2026\/01\/Box_75_new.webp\",\"width\":1024,\"height\":1024,\"caption\":\"roosidega sudamekujuline lillekarp valmeria lillepood\"},{\"@type\":\"BreadcrumbList\",\"@id\":\"https:\/\/valmeria.ee\/shop\/lillekarbid\/roosidega-sudamekujuline-lillekarp\/#breadcrumb\",\"itemListElement\":[{\"@type\":\"ListItem\",\"position\":1,\"name\":\"\u0413\u043b\u0430\u0432\u043d\u0430\u044f \u0441\u0442\u0440\u0430\u043d\u0438\u0446\u0430\",\"item\":\"https:\/\/valmeria.ee\/\"},{\"@type\":\"ListItem\",\"position\":2,\"name\":\"Lillepood\",\"item\":\"https:\/\/valmeria.ee\/lillepood\/\"},{\"@type\":\"ListItem\",\"position\":3,\"name\":\"Lilleseade &#8220;Carmelita&#8221;\"}]},{\"@type\":\"WebSite\",\"@id\":\"https:\/\/valmeria.ee\/#website\",\"url\":\"https:\/\/valmeria.ee\/\",\"name\":\"Valmeria Lilled\",\"description\":\"Lillepood Tallinnas kiire kuller 10&euro; Tallinna piires.\",\"publisher\":{\"@id\":\"https:\/\/valmeria.ee\/#organization\"},\"potentialAction\":[{\"@type\":\"SearchAction\",\"target\":{\"@type\":\"EntryPoint\",\"urlTemplate\":\"https:\/\/valmeria.ee\/?s={search_term_string}\"},\"query-input\":{\"@type\":\"PropertyValueSpecification\",\"valueRequired\":true,\"valueName\":\"search_term_string\"}}],\"inLanguage\":\"ru-RU\"},{\"@type\":\"Organization\",\"@id\":\"https:\/\/valmeria.ee\/#organization\",\"name\":\"Valmeria Lilled\",\"url\":\"https:\/\/valmeria.ee\/\",\"logo\":{\"@type\":\"ImageObject\",\"inLanguage\":\"ru-RU\",\"@id\":\"https:\/\/valmeria.ee\/#\/schema\/logo\/image\/\",\"url\":\"https:\/\/valmeria.ee\/wp-content\/uploads\/2021\/12\/Valmeria-logo.png\",\"contentUrl\":\"https:\/\/valmeria.ee\/wp-content\/uploads\/2021\/12\/Valmeria-logo.png\",\"width\":480,\"height\":240,\"caption\":\"Valmeria Lilled\"},\"image\":{\"@id\":\"https:\/\/valmeria.ee\/#\/schema\/logo\/image\/\"},\"sameAs\":[\"https:\/\/www.facebook.com\/valmeria.lilled\",\"https:\/\/www.instagram.com\/valmeria.lilled\/\"]}]}<\/script>\n<!-- \/ Yoast SEO plugin. -->","yoast_head_json":{"title":"Lilleseade \"Carmelita\" &#8212; Valmeria Lilled","description":"See luksuslik roosidega s\u00fcdamekujuline lillekarp on parim kingitus armastuse avaldamiseks. Valmeria lillepood tagab v\u00e4rsked \u00f5ied ja kiire tarne. Telli kohe!","robots":{"index":"index","follow":"follow","max-snippet":"max-snippet:-1","max-image-preview":"max-image-preview:large","max-video-preview":"max-video-preview:-1"},"canonical":"https:\/\/valmeria.ee\/ru\/shop\/lillekarbid\/roosidega-sudamekujuline-lillekarp\/","og_locale":"ru_RU","og_type":"article","og_title":"Lilleseade \"Carmelita\" &#8212; Valmeria Lilled","og_description":"See luksuslik roosidega s\u00fcdamekujuline lillekarp on parim kingitus armastuse avaldamiseks. Valmeria lillepood tagab v\u00e4rsked \u00f5ied ja kiire tarne. Telli kohe!","og_url":"https:\/\/valmeria.ee\/ru\/shop\/lillekarbid\/roosidega-sudamekujuline-lillekarp\/","og_site_name":"Valmeria Lilled","article_publisher":"https:\/\/www.facebook.com\/valmeria.lilled","article_modified_time":"2026-01-27T17:50:53+00:00","og_image":[{"width":1024,"height":1024,"url":"https:\/\/valmeria.ee\/wp-content\/uploads\/2026\/01\/Box_75_new.webp","type":"image\/png"}],"twitter_card":"summary_large_image","schema":{"@context":"https:\/\/schema.org","@graph":[{"@type":"WebPage","@id":"https:\/\/valmeria.ee\/shop\/lillekarbid\/roosidega-sudamekujuline-lillekarp\/","url":"https:\/\/valmeria.ee\/shop\/lillekarbid\/roosidega-sudamekujuline-lillekarp\/","name":"Lilleseade \"Carmelita\" &#8212; Valmeria Lilled","isPartOf":{"@id":"https:\/\/valmeria.ee\/#website"},"primaryImageOfPage":{"@id":"https:\/\/valmeria.ee\/shop\/lillekarbid\/roosidega-sudamekujuline-lillekarp\/#primaryimage"},"image":{"@id":"https:\/\/valmeria.ee\/shop\/lillekarbid\/roosidega-sudamekujuline-lillekarp\/#primaryimage"},"thumbnailUrl":"https:\/\/valmeria.ee\/wp-content\/uploads\/2026\/01\/Box_75_new.webp","datePublished":"2026-01-05T14:57:19+00:00","dateModified":"2026-01-27T17:50:53+00:00","description":"See luksuslik roosidega s\u00fcdamekujuline lillekarp on parim kingitus armastuse avaldamiseks. Valmeria lillepood tagab v\u00e4rsked \u00f5ied ja kiire tarne. Telli kohe!","breadcrumb":{"@id":"https:\/\/valmeria.ee\/shop\/lillekarbid\/roosidega-sudamekujuline-lillekarp\/#breadcrumb"},"inLanguage":"ru-RU","potentialAction":[{"@type":"ReadAction","target":["https:\/\/valmeria.ee\/shop\/lillekarbid\/roosidega-sudamekujuline-lillekarp\/"]}]},{"@type":"ImageObject","inLanguage":"ru-RU","@id":"https:\/\/valmeria.ee\/shop\/lillekarbid\/roosidega-sudamekujuline-lillekarp\/#primaryimage","url":"https:\/\/valmeria.ee\/wp-content\/uploads\/2026\/01\/Box_75_new.webp","contentUrl":"https:\/\/valmeria.ee\/wp-content\/uploads\/2026\/01\/Box_75_new.webp","width":1024,"height":1024,"caption":"roosidega sudamekujuline lillekarp valmeria lillepood"},{"@type":"BreadcrumbList","@id":"https:\/\/valmeria.ee\/shop\/lillekarbid\/roosidega-sudamekujuline-lillekarp\/#breadcrumb","itemListElement":[{"@type":"ListItem","position":1,"name":"\u0413\u043b\u0430\u0432\u043d\u0430\u044f \u0441\u0442\u0440\u0430\u043d\u0438\u0446\u0430","item":"https:\/\/valmeria.ee\/"},{"@type":"ListItem","position":2,"name":"Lillepood","item":"https:\/\/valmeria.ee\/lillepood\/"},{"@type":"ListItem","position":3,"name":"Lilleseade &#8220;Carmelita&#8221;"}]},{"@type":"WebSite","@id":"https:\/\/valmeria.ee\/#website","url":"https:\/\/valmeria.ee\/","name":"Valmeria Lilled","description":"Lillepood Tallinnas kiire kuller 10&euro; Tallinna piires.","publisher":{"@id":"https:\/\/valmeria.ee\/#organization"},"potentialAction":[{"@type":"SearchAction","target":{"@type":"EntryPoint","urlTemplate":"https:\/\/valmeria.ee\/?s={search_term_string}"},"query-input":{"@type":"PropertyValueSpecification","valueRequired":true,"valueName":"search_term_string"}}],"inLanguage":"ru-RU"},{"@type":"Organization","@id":"https:\/\/valmeria.ee\/#organization","name":"Valmeria Lilled","url":"https:\/\/valmeria.ee\/","logo":{"@type":"ImageObject","inLanguage":"ru-RU","@id":"https:\/\/valmeria.ee\/#\/schema\/logo\/image\/","url":"https:\/\/valmeria.ee\/wp-content\/uploads\/2021\/12\/Valmeria-logo.png","contentUrl":"https:\/\/valmeria.ee\/wp-content\/uploads\/2021\/12\/Valmeria-logo.png","width":480,"height":240,"caption":"Valmeria Lilled"},"image":{"@id":"https:\/\/valmeria.ee\/#\/schema\/logo\/image\/"},"sameAs":["https:\/\/www.facebook.com\/valmeria.lilled","https:\/\/www.instagram.com\/valmeria.lilled\/"]}]}},"_links":{"self":[{"href":"https:\/\/valmeria.ee\/ru\/wp-json\/wp\/v2\/product\/12458","targetHints":{"allow":["GET"]}}],"collection":[{"href":"https:\/\/valmeria.ee\/ru\/wp-json\/wp\/v2\/product"}],"about":[{"href":"https:\/\/valmeria.ee\/ru\/wp-json\/wp\/v2\/types\/product"}],"wp:featuredmedia":[{"embeddable":true,"href":"https:\/\/valmeria.ee\/ru\/wp-json\/wp\/v2\/media\/12459"}],"wp:attachment":[{"href":"https:\/\/valmeria.ee\/ru\/wp-json\/wp\/v2\/media?parent=12458"}],"wp:term":[{"taxonomy":"product_brand","embeddable":true,"href":"https:\/\/valmeria.ee\/ru\/wp-json\/wp\/v2\/product_brand?post=12458"},{"taxonomy":"product_cat","embeddable":true,"href":"https:\/\/valmeria.ee\/ru\/wp-json\/wp\/v2\/product_cat?post=12458"},{"taxonomy":"product_tag","embeddable":true,"href":"https:\/\/valmeria.ee\/ru\/wp-json\/wp\/v2\/product_tag?post=12458"}],"curies":[{"name":"wp","href":"https:\/\/api.w.org\/{rel}","templated":true}]}}