{"id":12464,"date":"2026-01-05T17:13:14","date_gmt":"2026-01-05T15:13:14","guid":{"rendered":"https:\/\/valmeria.ee\/?post_type=product&#038;p=12464"},"modified":"2026-01-27T19:50:27","modified_gmt":"2026-01-27T17:50:27","slug":"roosa-lillekimp-marjadega","status":"publish","type":"product","link":"https:\/\/valmeria.ee\/ru\/shop\/kimbud\/klassikalised-kimbud\/roosa-lillekimp-marjadega\/","title":{"rendered":"Lillekimp &#8220;Anne&#8221;"},"content":{"rendered":"<div class=\"wpb-content-wrapper\"><div class=\"vc_row wpb_row vc_row-fluid\"><div class=\"wpb_column vc_column_container vc_col-sm-12\"><div class=\"vc_column-inner\"><div class=\"wpb_wrapper\">\n\t<div class=\"wpb_text_column wpb_content_element\" >\n\t\t<div class=\"wpb_wrapper\">\n\t\t\t<p data-path-to-node=\"9\">See lummav roosa lillekimp marjadega on loodud neile, kes hindavad lillede loomulikku ilu. Kimbu s\u00fcdameks on sametised roosad roosid, mida t\u00e4iendavad peened valged alstromeeriad. Erilise ja m\u00e4ngulise n\u00fcansi lisavad seadele erksad punased h\u00fcperikumi marjad, mis p\u00fc\u00fcavad pilku ja annavad kimbule isikup\u00e4ra.<\/p>\n<p data-path-to-node=\"10\">H\u00f5bedane eukal\u00fcpt ja lopsakas roheline lehestik raamivad \u00f5isi, andes kimbule \u00f5hulise ja vaba kuju. T\u00e4nu k\u00e4sit\u00f6\u00f6na seotud vartele j\u00e4tab see roosa lillekimp marjadega vahetu ja sooja mulje, sobides suurep\u00e4raselt nii t\u00e4nut\u00e4heks, s\u00fcnnip\u00e4evaks kui ka lihtsalt kallima r\u00f5\u00f5mustamiseks.<\/p>\n\n\t\t<\/div>\n\t<\/div>\n<\/div><\/div><\/div><\/div>\n<\/div>","protected":false},"excerpt":{"rendered":"See lummav roosa lillekimp marjadega on loodud neile, kes hindavad lillede loomulikku ilu. Kimbu s\u00fcdameks on sametised roosad roosid, mida","protected":false},"featured_media":12465,"template":"","meta":[],"product_brand":[],"product_cat":[104,166,168],"product_tag":[110,150,117],"class_list":{"0":"post-12464","1":"product","2":"type-product","3":"status-publish","4":"has-post-thumbnail","6":"product_cat-kimbud","7":"product_cat-klassikalised-kimbud","8":"product_cat-roosikimbud","9":"product_tag-alstroemeria","10":"product_tag-eukalupt","11":"product_tag-roosid","13":"first","14":"instock","15":"featured","16":"taxable","17":"shipping-taxable","18":"purchasable","19":"product-type-simple"},"yoast_head":"<!-- This site is optimized with the Yoast SEO plugin v26.6 - https:\/\/yoast.com\/wordpress\/plugins\/seo\/ -->\n<title>Lillekimp &quot;Anne&quot; &#8212; Valmeria Lilled<\/title>\n<meta name=\"description\" content=\"See klassikaline ja \u00f5rn roosa lillekimp marjadega on ideaalne valik \u00fcllatuseks. Telli v\u00e4rsked lilled Valmeria e-poest ja muuda kellegi p\u00e4ev eriliseks.\" \/>\n<meta name=\"robots\" content=\"index, follow, max-snippet:-1, max-image-preview:large, max-video-preview:-1\" \/>\n<link rel=\"canonical\" href=\"https:\/\/valmeria.ee\/ru\/shop\/kimbud\/klassikalised-kimbud\/roosa-lillekimp-marjadega\/\" \/>\n<meta property=\"og:locale\" content=\"ru_RU\" \/>\n<meta property=\"og:type\" content=\"article\" \/>\n<meta property=\"og:title\" content=\"Lillekimp &quot;Anne&quot; &#8212; Valmeria Lilled\" \/>\n<meta property=\"og:description\" content=\"See klassikaline ja \u00f5rn roosa lillekimp marjadega on ideaalne valik \u00fcllatuseks. Telli v\u00e4rsked lilled Valmeria e-poest ja muuda kellegi p\u00e4ev eriliseks.\" \/>\n<meta property=\"og:url\" content=\"https:\/\/valmeria.ee\/ru\/shop\/kimbud\/klassikalised-kimbud\/roosa-lillekimp-marjadega\/\" \/>\n<meta property=\"og:site_name\" content=\"Valmeria Lilled\" \/>\n<meta property=\"article:publisher\" content=\"https:\/\/www.facebook.com\/valmeria.lilled\" \/>\n<meta property=\"article:modified_time\" content=\"2026-01-27T17:50:27+00:00\" \/>\n<meta property=\"og:image\" content=\"https:\/\/valmeria.ee\/wp-content\/uploads\/2026\/01\/rose_75.webp\" \/>\n\t<meta property=\"og:image:width\" content=\"1024\" \/>\n\t<meta property=\"og:image:height\" content=\"1024\" \/>\n\t<meta property=\"og:image:type\" content=\"image\/png\" \/>\n<meta name=\"twitter:card\" content=\"summary_large_image\" \/>\n<script type=\"application\/ld+json\" class=\"yoast-schema-graph\">{\"@context\":\"https:\/\/schema.org\",\"@graph\":[{\"@type\":\"WebPage\",\"@id\":\"https:\/\/valmeria.ee\/shop\/kimbud\/klassikalised-kimbud\/roosa-lillekimp-marjadega\/\",\"url\":\"https:\/\/valmeria.ee\/shop\/kimbud\/klassikalised-kimbud\/roosa-lillekimp-marjadega\/\",\"name\":\"Lillekimp \\\"Anne\\\" &#8212; Valmeria Lilled\",\"isPartOf\":{\"@id\":\"https:\/\/valmeria.ee\/#website\"},\"primaryImageOfPage\":{\"@id\":\"https:\/\/valmeria.ee\/shop\/kimbud\/klassikalised-kimbud\/roosa-lillekimp-marjadega\/#primaryimage\"},\"image\":{\"@id\":\"https:\/\/valmeria.ee\/shop\/kimbud\/klassikalised-kimbud\/roosa-lillekimp-marjadega\/#primaryimage\"},\"thumbnailUrl\":\"https:\/\/valmeria.ee\/wp-content\/uploads\/2026\/01\/rose_75.webp\",\"datePublished\":\"2026-01-05T15:13:14+00:00\",\"dateModified\":\"2026-01-27T17:50:27+00:00\",\"description\":\"See klassikaline ja \u00f5rn roosa lillekimp marjadega on ideaalne valik \u00fcllatuseks. Telli v\u00e4rsked lilled Valmeria e-poest ja muuda kellegi p\u00e4ev eriliseks.\",\"breadcrumb\":{\"@id\":\"https:\/\/valmeria.ee\/shop\/kimbud\/klassikalised-kimbud\/roosa-lillekimp-marjadega\/#breadcrumb\"},\"inLanguage\":\"ru-RU\",\"potentialAction\":[{\"@type\":\"ReadAction\",\"target\":[\"https:\/\/valmeria.ee\/shop\/kimbud\/klassikalised-kimbud\/roosa-lillekimp-marjadega\/\"]}]},{\"@type\":\"ImageObject\",\"inLanguage\":\"ru-RU\",\"@id\":\"https:\/\/valmeria.ee\/shop\/kimbud\/klassikalised-kimbud\/roosa-lillekimp-marjadega\/#primaryimage\",\"url\":\"https:\/\/valmeria.ee\/wp-content\/uploads\/2026\/01\/rose_75.webp\",\"contentUrl\":\"https:\/\/valmeria.ee\/wp-content\/uploads\/2026\/01\/rose_75.webp\",\"width\":1024,\"height\":1024,\"caption\":\"roosa-lillekimp-marjadega valmeria lilled\"},{\"@type\":\"BreadcrumbList\",\"@id\":\"https:\/\/valmeria.ee\/shop\/kimbud\/klassikalised-kimbud\/roosa-lillekimp-marjadega\/#breadcrumb\",\"itemListElement\":[{\"@type\":\"ListItem\",\"position\":1,\"name\":\"\u0413\u043b\u0430\u0432\u043d\u0430\u044f \u0441\u0442\u0440\u0430\u043d\u0438\u0446\u0430\",\"item\":\"https:\/\/valmeria.ee\/\"},{\"@type\":\"ListItem\",\"position\":2,\"name\":\"Lillepood\",\"item\":\"https:\/\/valmeria.ee\/lillepood\/\"},{\"@type\":\"ListItem\",\"position\":3,\"name\":\"Lillekimp &#8220;Anne&#8221;\"}]},{\"@type\":\"WebSite\",\"@id\":\"https:\/\/valmeria.ee\/#website\",\"url\":\"https:\/\/valmeria.ee\/\",\"name\":\"Valmeria Lilled\",\"description\":\"Lillepood Tallinnas kiire kuller 10&euro; Tallinna piires.\",\"publisher\":{\"@id\":\"https:\/\/valmeria.ee\/#organization\"},\"potentialAction\":[{\"@type\":\"SearchAction\",\"target\":{\"@type\":\"EntryPoint\",\"urlTemplate\":\"https:\/\/valmeria.ee\/?s={search_term_string}\"},\"query-input\":{\"@type\":\"PropertyValueSpecification\",\"valueRequired\":true,\"valueName\":\"search_term_string\"}}],\"inLanguage\":\"ru-RU\"},{\"@type\":\"Organization\",\"@id\":\"https:\/\/valmeria.ee\/#organization\",\"name\":\"Valmeria Lilled\",\"url\":\"https:\/\/valmeria.ee\/\",\"logo\":{\"@type\":\"ImageObject\",\"inLanguage\":\"ru-RU\",\"@id\":\"https:\/\/valmeria.ee\/#\/schema\/logo\/image\/\",\"url\":\"https:\/\/valmeria.ee\/wp-content\/uploads\/2021\/12\/Valmeria-logo.png\",\"contentUrl\":\"https:\/\/valmeria.ee\/wp-content\/uploads\/2021\/12\/Valmeria-logo.png\",\"width\":480,\"height\":240,\"caption\":\"Valmeria Lilled\"},\"image\":{\"@id\":\"https:\/\/valmeria.ee\/#\/schema\/logo\/image\/\"},\"sameAs\":[\"https:\/\/www.facebook.com\/valmeria.lilled\",\"https:\/\/www.instagram.com\/valmeria.lilled\/\"]}]}<\/script>\n<!-- \/ Yoast SEO plugin. -->","yoast_head_json":{"title":"Lillekimp \"Anne\" &#8212; Valmeria Lilled","description":"See klassikaline ja \u00f5rn roosa lillekimp marjadega on ideaalne valik \u00fcllatuseks. Telli v\u00e4rsked lilled Valmeria e-poest ja muuda kellegi p\u00e4ev eriliseks.","robots":{"index":"index","follow":"follow","max-snippet":"max-snippet:-1","max-image-preview":"max-image-preview:large","max-video-preview":"max-video-preview:-1"},"canonical":"https:\/\/valmeria.ee\/ru\/shop\/kimbud\/klassikalised-kimbud\/roosa-lillekimp-marjadega\/","og_locale":"ru_RU","og_type":"article","og_title":"Lillekimp \"Anne\" &#8212; Valmeria Lilled","og_description":"See klassikaline ja \u00f5rn roosa lillekimp marjadega on ideaalne valik \u00fcllatuseks. Telli v\u00e4rsked lilled Valmeria e-poest ja muuda kellegi p\u00e4ev eriliseks.","og_url":"https:\/\/valmeria.ee\/ru\/shop\/kimbud\/klassikalised-kimbud\/roosa-lillekimp-marjadega\/","og_site_name":"Valmeria Lilled","article_publisher":"https:\/\/www.facebook.com\/valmeria.lilled","article_modified_time":"2026-01-27T17:50:27+00:00","og_image":[{"width":1024,"height":1024,"url":"https:\/\/valmeria.ee\/wp-content\/uploads\/2026\/01\/rose_75.webp","type":"image\/png"}],"twitter_card":"summary_large_image","schema":{"@context":"https:\/\/schema.org","@graph":[{"@type":"WebPage","@id":"https:\/\/valmeria.ee\/shop\/kimbud\/klassikalised-kimbud\/roosa-lillekimp-marjadega\/","url":"https:\/\/valmeria.ee\/shop\/kimbud\/klassikalised-kimbud\/roosa-lillekimp-marjadega\/","name":"Lillekimp \"Anne\" &#8212; Valmeria Lilled","isPartOf":{"@id":"https:\/\/valmeria.ee\/#website"},"primaryImageOfPage":{"@id":"https:\/\/valmeria.ee\/shop\/kimbud\/klassikalised-kimbud\/roosa-lillekimp-marjadega\/#primaryimage"},"image":{"@id":"https:\/\/valmeria.ee\/shop\/kimbud\/klassikalised-kimbud\/roosa-lillekimp-marjadega\/#primaryimage"},"thumbnailUrl":"https:\/\/valmeria.ee\/wp-content\/uploads\/2026\/01\/rose_75.webp","datePublished":"2026-01-05T15:13:14+00:00","dateModified":"2026-01-27T17:50:27+00:00","description":"See klassikaline ja \u00f5rn roosa lillekimp marjadega on ideaalne valik \u00fcllatuseks. Telli v\u00e4rsked lilled Valmeria e-poest ja muuda kellegi p\u00e4ev eriliseks.","breadcrumb":{"@id":"https:\/\/valmeria.ee\/shop\/kimbud\/klassikalised-kimbud\/roosa-lillekimp-marjadega\/#breadcrumb"},"inLanguage":"ru-RU","potentialAction":[{"@type":"ReadAction","target":["https:\/\/valmeria.ee\/shop\/kimbud\/klassikalised-kimbud\/roosa-lillekimp-marjadega\/"]}]},{"@type":"ImageObject","inLanguage":"ru-RU","@id":"https:\/\/valmeria.ee\/shop\/kimbud\/klassikalised-kimbud\/roosa-lillekimp-marjadega\/#primaryimage","url":"https:\/\/valmeria.ee\/wp-content\/uploads\/2026\/01\/rose_75.webp","contentUrl":"https:\/\/valmeria.ee\/wp-content\/uploads\/2026\/01\/rose_75.webp","width":1024,"height":1024,"caption":"roosa-lillekimp-marjadega valmeria lilled"},{"@type":"BreadcrumbList","@id":"https:\/\/valmeria.ee\/shop\/kimbud\/klassikalised-kimbud\/roosa-lillekimp-marjadega\/#breadcrumb","itemListElement":[{"@type":"ListItem","position":1,"name":"\u0413\u043b\u0430\u0432\u043d\u0430\u044f \u0441\u0442\u0440\u0430\u043d\u0438\u0446\u0430","item":"https:\/\/valmeria.ee\/"},{"@type":"ListItem","position":2,"name":"Lillepood","item":"https:\/\/valmeria.ee\/lillepood\/"},{"@type":"ListItem","position":3,"name":"Lillekimp &#8220;Anne&#8221;"}]},{"@type":"WebSite","@id":"https:\/\/valmeria.ee\/#website","url":"https:\/\/valmeria.ee\/","name":"Valmeria Lilled","description":"Lillepood Tallinnas kiire kuller 10&euro; Tallinna piires.","publisher":{"@id":"https:\/\/valmeria.ee\/#organization"},"potentialAction":[{"@type":"SearchAction","target":{"@type":"EntryPoint","urlTemplate":"https:\/\/valmeria.ee\/?s={search_term_string}"},"query-input":{"@type":"PropertyValueSpecification","valueRequired":true,"valueName":"search_term_string"}}],"inLanguage":"ru-RU"},{"@type":"Organization","@id":"https:\/\/valmeria.ee\/#organization","name":"Valmeria Lilled","url":"https:\/\/valmeria.ee\/","logo":{"@type":"ImageObject","inLanguage":"ru-RU","@id":"https:\/\/valmeria.ee\/#\/schema\/logo\/image\/","url":"https:\/\/valmeria.ee\/wp-content\/uploads\/2021\/12\/Valmeria-logo.png","contentUrl":"https:\/\/valmeria.ee\/wp-content\/uploads\/2021\/12\/Valmeria-logo.png","width":480,"height":240,"caption":"Valmeria Lilled"},"image":{"@id":"https:\/\/valmeria.ee\/#\/schema\/logo\/image\/"},"sameAs":["https:\/\/www.facebook.com\/valmeria.lilled","https:\/\/www.instagram.com\/valmeria.lilled\/"]}]}},"_links":{"self":[{"href":"https:\/\/valmeria.ee\/ru\/wp-json\/wp\/v2\/product\/12464","targetHints":{"allow":["GET"]}}],"collection":[{"href":"https:\/\/valmeria.ee\/ru\/wp-json\/wp\/v2\/product"}],"about":[{"href":"https:\/\/valmeria.ee\/ru\/wp-json\/wp\/v2\/types\/product"}],"wp:featuredmedia":[{"embeddable":true,"href":"https:\/\/valmeria.ee\/ru\/wp-json\/wp\/v2\/media\/12465"}],"wp:attachment":[{"href":"https:\/\/valmeria.ee\/ru\/wp-json\/wp\/v2\/media?parent=12464"}],"wp:term":[{"taxonomy":"product_brand","embeddable":true,"href":"https:\/\/valmeria.ee\/ru\/wp-json\/wp\/v2\/product_brand?post=12464"},{"taxonomy":"product_cat","embeddable":true,"href":"https:\/\/valmeria.ee\/ru\/wp-json\/wp\/v2\/product_cat?post=12464"},{"taxonomy":"product_tag","embeddable":true,"href":"https:\/\/valmeria.ee\/ru\/wp-json\/wp\/v2\/product_tag?post=12464"}],"curies":[{"name":"wp","href":"https:\/\/api.w.org\/{rel}","templated":true}]}}