{"id":12467,"date":"2026-01-05T17:24:41","date_gmt":"2026-01-05T15:24:41","guid":{"rendered":"https:\/\/valmeria.ee\/?post_type=product&#038;p=12467"},"modified":"2026-01-27T19:50:12","modified_gmt":"2026-01-27T17:50:12","slug":"varviline-lillekimp-gerberatega","status":"publish","type":"product","link":"https:\/\/valmeria.ee\/ru\/shop\/kimbud\/klassikalised-kimbud\/varviline-lillekimp-gerberatega\/","title":{"rendered":"\u0411\u0443\u043a\u0435\u0442 \u201cGrenada\u201d"},"content":{"rendered":"<div class=\"wpb-content-wrapper\"><div class=\"vc_row wpb_row vc_row-fluid\"><div class=\"wpb_column vc_column_container vc_col-sm-12\"><div class=\"vc_column-inner\"><div class=\"wpb_wrapper\">\n\t<div class=\"wpb_text_column wpb_content_element\" >\n\t\t<div class=\"wpb_wrapper\">\n\t\t\t<p data-path-to-node=\"9\">See v\u00e4rviline lillekimp g\u00e9rberatega on t\u00f5eline vitamiinipomm lillede kujul. Kui otsid midagi, mis kiirgaks r\u00f5\u00f5mu ja positiivsust, siis see lopsakas seade on t\u00e4pselt \u00f5ige valik. Kimbu keskpunktis s\u00e4ravad suured oran\u017eid ja punased g\u00e9rberad, mida toetavad klassikalised valged karikakrad ja s\u00fcgavat toonid lisavad kr\u00fcsanteemid.<\/p>\n<p data-path-to-node=\"10\">\u00d5huline kipsilill ja elegantsed lillad eustoomad tasakaalustavad erksaid v\u00e4rve, andes kimbule pehmust ja tekstuuri. Kogu kimp on m\u00e4hitud julgesse roosasse ja oran\u017ei paberisse, mis r\u00f5hutab selle pidulikkust. See v\u00e4rviline lillekimp g\u00e9rberatega sobib ideaalselt s\u00fcnnip\u00e4evaks, \u00f5nnitluseks v\u00f5i lihtsalt halli argip\u00e4eva v\u00e4rvimiseks.<\/p>\n<p>\u0426\u0432\u0435\u0442\u043e\u0447\u043d\u0430\u044f \u043a\u043e\u043c\u043f\u043e\u0437\u0438\u0446\u0438\u044f, 1\u0448\u0442.<\/p>\n\n\t\t<\/div>\n\t<\/div>\n<\/div><\/div><\/div><\/div>\n<\/div>","protected":false},"excerpt":{"rendered":"See v\u00e4rviline lillekimp g\u00e9rberatega on t\u00f5eline vitamiinipomm lillede kujul. Kui otsid midagi, mis kiirgaks r\u00f5\u00f5mu ja positiivsust, siis see lopsakas","protected":false},"featured_media":12468,"template":"","meta":[],"product_brand":[],"product_cat":[104,166],"product_tag":[150,120,113,197,119],"class_list":{"0":"post-12467","1":"product","2":"type-product","3":"status-publish","4":"has-post-thumbnail","6":"product_cat-kimbud","7":"product_cat-klassikalised-kimbud","8":"product_tag-eukalupt","9":"product_tag-eustoma","10":"product_tag-gerbera","11":"product_tag-kipsilill","12":"product_tag-krusanteem","14":"first","15":"instock","16":"featured","17":"taxable","18":"shipping-taxable","19":"purchasable","20":"product-type-simple"},"yoast_head":"<!-- This site is optimized with the Yoast SEO plugin v26.6 - https:\/\/yoast.com\/wordpress\/plugins\/seo\/ -->\n<title>Lillekimp &quot;Grenada&quot; &#8212; Valmeria Lilled<\/title>\n<meta name=\"description\" content=\"See r\u00f5\u00f5msameelne v\u00e4rviline lillekimp g\u00e9rberatega toob naeratuse n\u00e4ole igale saajale. Telli efektne ja v\u00e4rske kimp Valmeria lillepoest!\" \/>\n<meta name=\"robots\" content=\"index, follow, max-snippet:-1, max-image-preview:large, max-video-preview:-1\" \/>\n<link rel=\"canonical\" href=\"https:\/\/valmeria.ee\/ru\/shop\/kimbud\/klassikalised-kimbud\/varviline-lillekimp-gerberatega\/\" \/>\n<meta property=\"og:locale\" content=\"ru_RU\" \/>\n<meta property=\"og:type\" content=\"article\" \/>\n<meta property=\"og:title\" content=\"Lillekimp &quot;Grenada&quot; &#8212; Valmeria Lilled\" \/>\n<meta property=\"og:description\" content=\"See r\u00f5\u00f5msameelne v\u00e4rviline lillekimp g\u00e9rberatega toob naeratuse n\u00e4ole igale saajale. Telli efektne ja v\u00e4rske kimp Valmeria lillepoest!\" \/>\n<meta property=\"og:url\" content=\"https:\/\/valmeria.ee\/ru\/shop\/kimbud\/klassikalised-kimbud\/varviline-lillekimp-gerberatega\/\" \/>\n<meta property=\"og:site_name\" content=\"Valmeria Lilled\" \/>\n<meta property=\"article:publisher\" content=\"https:\/\/www.facebook.com\/valmeria.lilled\" \/>\n<meta property=\"article:modified_time\" content=\"2026-01-27T17:50:12+00:00\" \/>\n<meta property=\"og:image\" content=\"https:\/\/valmeria.ee\/wp-content\/uploads\/2026\/01\/unnamed.webp\" \/>\n\t<meta property=\"og:image:width\" content=\"1024\" \/>\n\t<meta property=\"og:image:height\" content=\"1024\" \/>\n\t<meta property=\"og:image:type\" content=\"image\/jpeg\" \/>\n<meta name=\"twitter:card\" content=\"summary_large_image\" \/>\n<script type=\"application\/ld+json\" class=\"yoast-schema-graph\">{\"@context\":\"https:\/\/schema.org\",\"@graph\":[{\"@type\":\"WebPage\",\"@id\":\"https:\/\/valmeria.ee\/shop\/kimbud\/klassikalised-kimbud\/varviline-lillekimp-gerberatega\/\",\"url\":\"https:\/\/valmeria.ee\/shop\/kimbud\/klassikalised-kimbud\/varviline-lillekimp-gerberatega\/\",\"name\":\"Lillekimp \\\"Grenada\\\" &#8212; Valmeria Lilled\",\"isPartOf\":{\"@id\":\"https:\/\/valmeria.ee\/#website\"},\"primaryImageOfPage\":{\"@id\":\"https:\/\/valmeria.ee\/shop\/kimbud\/klassikalised-kimbud\/varviline-lillekimp-gerberatega\/#primaryimage\"},\"image\":{\"@id\":\"https:\/\/valmeria.ee\/shop\/kimbud\/klassikalised-kimbud\/varviline-lillekimp-gerberatega\/#primaryimage\"},\"thumbnailUrl\":\"https:\/\/valmeria.ee\/wp-content\/uploads\/2026\/01\/unnamed.webp\",\"datePublished\":\"2026-01-05T15:24:41+00:00\",\"dateModified\":\"2026-01-27T17:50:12+00:00\",\"description\":\"See r\u00f5\u00f5msameelne v\u00e4rviline lillekimp g\u00e9rberatega toob naeratuse n\u00e4ole igale saajale. Telli efektne ja v\u00e4rske kimp Valmeria lillepoest!\",\"breadcrumb\":{\"@id\":\"https:\/\/valmeria.ee\/shop\/kimbud\/klassikalised-kimbud\/varviline-lillekimp-gerberatega\/#breadcrumb\"},\"inLanguage\":\"ru-RU\",\"potentialAction\":[{\"@type\":\"ReadAction\",\"target\":[\"https:\/\/valmeria.ee\/shop\/kimbud\/klassikalised-kimbud\/varviline-lillekimp-gerberatega\/\"]}]},{\"@type\":\"ImageObject\",\"inLanguage\":\"ru-RU\",\"@id\":\"https:\/\/valmeria.ee\/shop\/kimbud\/klassikalised-kimbud\/varviline-lillekimp-gerberatega\/#primaryimage\",\"url\":\"https:\/\/valmeria.ee\/wp-content\/uploads\/2026\/01\/unnamed.webp\",\"contentUrl\":\"https:\/\/valmeria.ee\/wp-content\/uploads\/2026\/01\/unnamed.webp\",\"width\":1024,\"height\":1024,\"caption\":\"V\u00e4rviline lillekimp g\u00e9rberatega\"},{\"@type\":\"BreadcrumbList\",\"@id\":\"https:\/\/valmeria.ee\/shop\/kimbud\/klassikalised-kimbud\/varviline-lillekimp-gerberatega\/#breadcrumb\",\"itemListElement\":[{\"@type\":\"ListItem\",\"position\":1,\"name\":\"\u0413\u043b\u0430\u0432\u043d\u0430\u044f \u0441\u0442\u0440\u0430\u043d\u0438\u0446\u0430\",\"item\":\"https:\/\/valmeria.ee\/\"},{\"@type\":\"ListItem\",\"position\":2,\"name\":\"Lillepood\",\"item\":\"https:\/\/valmeria.ee\/lillepood\/\"},{\"@type\":\"ListItem\",\"position\":3,\"name\":\"Lillekimp &#8220;Grenada&#8221;\"}]},{\"@type\":\"WebSite\",\"@id\":\"https:\/\/valmeria.ee\/#website\",\"url\":\"https:\/\/valmeria.ee\/\",\"name\":\"Valmeria Lilled\",\"description\":\"Lillepood Tallinnas kiire kuller 10&euro; Tallinna piires.\",\"publisher\":{\"@id\":\"https:\/\/valmeria.ee\/#organization\"},\"potentialAction\":[{\"@type\":\"SearchAction\",\"target\":{\"@type\":\"EntryPoint\",\"urlTemplate\":\"https:\/\/valmeria.ee\/?s={search_term_string}\"},\"query-input\":{\"@type\":\"PropertyValueSpecification\",\"valueRequired\":true,\"valueName\":\"search_term_string\"}}],\"inLanguage\":\"ru-RU\"},{\"@type\":\"Organization\",\"@id\":\"https:\/\/valmeria.ee\/#organization\",\"name\":\"Valmeria Lilled\",\"url\":\"https:\/\/valmeria.ee\/\",\"logo\":{\"@type\":\"ImageObject\",\"inLanguage\":\"ru-RU\",\"@id\":\"https:\/\/valmeria.ee\/#\/schema\/logo\/image\/\",\"url\":\"https:\/\/valmeria.ee\/wp-content\/uploads\/2021\/12\/Valmeria-logo.png\",\"contentUrl\":\"https:\/\/valmeria.ee\/wp-content\/uploads\/2021\/12\/Valmeria-logo.png\",\"width\":480,\"height\":240,\"caption\":\"Valmeria Lilled\"},\"image\":{\"@id\":\"https:\/\/valmeria.ee\/#\/schema\/logo\/image\/\"},\"sameAs\":[\"https:\/\/www.facebook.com\/valmeria.lilled\",\"https:\/\/www.instagram.com\/valmeria.lilled\/\"]}]}<\/script>\n<!-- \/ Yoast SEO plugin. -->","yoast_head_json":{"title":"Lillekimp \"Grenada\" &#8212; Valmeria Lilled","description":"See r\u00f5\u00f5msameelne v\u00e4rviline lillekimp g\u00e9rberatega toob naeratuse n\u00e4ole igale saajale. Telli efektne ja v\u00e4rske kimp Valmeria lillepoest!","robots":{"index":"index","follow":"follow","max-snippet":"max-snippet:-1","max-image-preview":"max-image-preview:large","max-video-preview":"max-video-preview:-1"},"canonical":"https:\/\/valmeria.ee\/ru\/shop\/kimbud\/klassikalised-kimbud\/varviline-lillekimp-gerberatega\/","og_locale":"ru_RU","og_type":"article","og_title":"Lillekimp \"Grenada\" &#8212; Valmeria Lilled","og_description":"See r\u00f5\u00f5msameelne v\u00e4rviline lillekimp g\u00e9rberatega toob naeratuse n\u00e4ole igale saajale. Telli efektne ja v\u00e4rske kimp Valmeria lillepoest!","og_url":"https:\/\/valmeria.ee\/ru\/shop\/kimbud\/klassikalised-kimbud\/varviline-lillekimp-gerberatega\/","og_site_name":"Valmeria Lilled","article_publisher":"https:\/\/www.facebook.com\/valmeria.lilled","article_modified_time":"2026-01-27T17:50:12+00:00","og_image":[{"width":1024,"height":1024,"url":"https:\/\/valmeria.ee\/wp-content\/uploads\/2026\/01\/unnamed.webp","type":"image\/jpeg"}],"twitter_card":"summary_large_image","schema":{"@context":"https:\/\/schema.org","@graph":[{"@type":"WebPage","@id":"https:\/\/valmeria.ee\/shop\/kimbud\/klassikalised-kimbud\/varviline-lillekimp-gerberatega\/","url":"https:\/\/valmeria.ee\/shop\/kimbud\/klassikalised-kimbud\/varviline-lillekimp-gerberatega\/","name":"Lillekimp \"Grenada\" &#8212; Valmeria Lilled","isPartOf":{"@id":"https:\/\/valmeria.ee\/#website"},"primaryImageOfPage":{"@id":"https:\/\/valmeria.ee\/shop\/kimbud\/klassikalised-kimbud\/varviline-lillekimp-gerberatega\/#primaryimage"},"image":{"@id":"https:\/\/valmeria.ee\/shop\/kimbud\/klassikalised-kimbud\/varviline-lillekimp-gerberatega\/#primaryimage"},"thumbnailUrl":"https:\/\/valmeria.ee\/wp-content\/uploads\/2026\/01\/unnamed.webp","datePublished":"2026-01-05T15:24:41+00:00","dateModified":"2026-01-27T17:50:12+00:00","description":"See r\u00f5\u00f5msameelne v\u00e4rviline lillekimp g\u00e9rberatega toob naeratuse n\u00e4ole igale saajale. Telli efektne ja v\u00e4rske kimp Valmeria lillepoest!","breadcrumb":{"@id":"https:\/\/valmeria.ee\/shop\/kimbud\/klassikalised-kimbud\/varviline-lillekimp-gerberatega\/#breadcrumb"},"inLanguage":"ru-RU","potentialAction":[{"@type":"ReadAction","target":["https:\/\/valmeria.ee\/shop\/kimbud\/klassikalised-kimbud\/varviline-lillekimp-gerberatega\/"]}]},{"@type":"ImageObject","inLanguage":"ru-RU","@id":"https:\/\/valmeria.ee\/shop\/kimbud\/klassikalised-kimbud\/varviline-lillekimp-gerberatega\/#primaryimage","url":"https:\/\/valmeria.ee\/wp-content\/uploads\/2026\/01\/unnamed.webp","contentUrl":"https:\/\/valmeria.ee\/wp-content\/uploads\/2026\/01\/unnamed.webp","width":1024,"height":1024,"caption":"V\u00e4rviline lillekimp g\u00e9rberatega"},{"@type":"BreadcrumbList","@id":"https:\/\/valmeria.ee\/shop\/kimbud\/klassikalised-kimbud\/varviline-lillekimp-gerberatega\/#breadcrumb","itemListElement":[{"@type":"ListItem","position":1,"name":"\u0413\u043b\u0430\u0432\u043d\u0430\u044f \u0441\u0442\u0440\u0430\u043d\u0438\u0446\u0430","item":"https:\/\/valmeria.ee\/"},{"@type":"ListItem","position":2,"name":"Lillepood","item":"https:\/\/valmeria.ee\/lillepood\/"},{"@type":"ListItem","position":3,"name":"Lillekimp &#8220;Grenada&#8221;"}]},{"@type":"WebSite","@id":"https:\/\/valmeria.ee\/#website","url":"https:\/\/valmeria.ee\/","name":"Valmeria Lilled","description":"Lillepood Tallinnas kiire kuller 10&euro; Tallinna piires.","publisher":{"@id":"https:\/\/valmeria.ee\/#organization"},"potentialAction":[{"@type":"SearchAction","target":{"@type":"EntryPoint","urlTemplate":"https:\/\/valmeria.ee\/?s={search_term_string}"},"query-input":{"@type":"PropertyValueSpecification","valueRequired":true,"valueName":"search_term_string"}}],"inLanguage":"ru-RU"},{"@type":"Organization","@id":"https:\/\/valmeria.ee\/#organization","name":"Valmeria Lilled","url":"https:\/\/valmeria.ee\/","logo":{"@type":"ImageObject","inLanguage":"ru-RU","@id":"https:\/\/valmeria.ee\/#\/schema\/logo\/image\/","url":"https:\/\/valmeria.ee\/wp-content\/uploads\/2021\/12\/Valmeria-logo.png","contentUrl":"https:\/\/valmeria.ee\/wp-content\/uploads\/2021\/12\/Valmeria-logo.png","width":480,"height":240,"caption":"Valmeria Lilled"},"image":{"@id":"https:\/\/valmeria.ee\/#\/schema\/logo\/image\/"},"sameAs":["https:\/\/www.facebook.com\/valmeria.lilled","https:\/\/www.instagram.com\/valmeria.lilled\/"]}]}},"_links":{"self":[{"href":"https:\/\/valmeria.ee\/ru\/wp-json\/wp\/v2\/product\/12467","targetHints":{"allow":["GET"]}}],"collection":[{"href":"https:\/\/valmeria.ee\/ru\/wp-json\/wp\/v2\/product"}],"about":[{"href":"https:\/\/valmeria.ee\/ru\/wp-json\/wp\/v2\/types\/product"}],"wp:featuredmedia":[{"embeddable":true,"href":"https:\/\/valmeria.ee\/ru\/wp-json\/wp\/v2\/media\/12468"}],"wp:attachment":[{"href":"https:\/\/valmeria.ee\/ru\/wp-json\/wp\/v2\/media?parent=12467"}],"wp:term":[{"taxonomy":"product_brand","embeddable":true,"href":"https:\/\/valmeria.ee\/ru\/wp-json\/wp\/v2\/product_brand?post=12467"},{"taxonomy":"product_cat","embeddable":true,"href":"https:\/\/valmeria.ee\/ru\/wp-json\/wp\/v2\/product_cat?post=12467"},{"taxonomy":"product_tag","embeddable":true,"href":"https:\/\/valmeria.ee\/ru\/wp-json\/wp\/v2\/product_tag?post=12467"}],"curies":[{"name":"wp","href":"https:\/\/api.w.org\/{rel}","templated":true}]}}