{"id":12471,"date":"2026-01-05T17:44:01","date_gmt":"2026-01-05T15:44:01","guid":{"rendered":"https:\/\/valmeria.ee\/?post_type=product&#038;p=12471"},"modified":"2026-01-05T17:44:01","modified_gmt":"2026-01-05T15:44:01","slug":"malestusparg-valgete-roosidega","status":"publish","type":"product","link":"https:\/\/valmeria.ee\/ru\/shop\/leinafloristika\/malestusparg-valgete-roosidega\/","title":{"rendered":"Leinap\u00e4rg &#8220;Vaikuse Meloodia&#8221;"},"content":{"rendered":"<div class=\"wpb-content-wrapper\"><div class=\"vc_row wpb_row vc_row-fluid\"><div class=\"wpb_column vc_column_container vc_col-sm-12\"><div class=\"vc_column-inner\"><div class=\"wpb_wrapper\">\n\t<div class=\"wpb_text_column wpb_content_element\" >\n\t\t<div class=\"wpb_wrapper\">\n\t\t\t<p data-path-to-node=\"9\">See traditsiooniline \u00fcmmargune m\u00e4lestusp\u00e4rg valgete roosidega on loodud s\u00fcmboliseerimaks igavest m\u00e4lestust ja s\u00fcgavat lugupidamist. Seade rahustav v\u00e4rvigamma ja klassikaline vorm pakuvad lohutust ning v\u00e4ljendavad kalleid m\u00e4lestusi k\u00f5ige kaunimal viisil.<\/p>\n<p data-path-to-node=\"10\">P\u00e4rja s\u00fcdameks on puhtust s\u00fcmboliseerivad valged roosid ja \u00f5rnad roosad \u00f5ied, mis on p\u00f5imitud graatsiliste alstromeeriatega. Igihaljad okaspuuoksad loovad tugeva ja v\u00e4\u00e4rika aluse, samas kui \u00f5huline kipsilill lisab seadele vajalikku pehmust. See m\u00e4lestusp\u00e4rg valgete roosidega on valmistatud suure hoolega, et saata viimne tervitus siiralt ja s\u00fcdamlikult.<\/p>\n<p>Leinap\u00e4rg. 1tk<\/p>\n\n\t\t<\/div>\n\t<\/div>\n<\/div><\/div><\/div><\/div>\n<\/div>","protected":false},"excerpt":{"rendered":"See traditsiooniline \u00fcmmargune m\u00e4lestusp\u00e4rg valgete roosidega on loodud s\u00fcmboliseerimaks igavest m\u00e4lestust ja s\u00fcgavat lugupidamist. Seade rahustav v\u00e4rvigamma ja klassikaline vorm","protected":false},"featured_media":12472,"template":"","meta":[],"product_brand":[],"product_cat":[108],"product_tag":[],"class_list":{"0":"post-12471","1":"product","2":"type-product","3":"status-publish","4":"has-post-thumbnail","6":"product_cat-leinafloristika","8":"first","9":"instock","10":"taxable","11":"shipping-taxable","12":"purchasable","13":"product-type-simple"},"yoast_head":"<!-- This site is optimized with the Yoast SEO plugin v26.6 - https:\/\/yoast.com\/wordpress\/plugins\/seo\/ -->\n<title>Leinap\u00e4rg &quot;Vaikuse Meloodia&quot; &#8212; Valmeria Lilled<\/title>\n<meta name=\"description\" content=\"V\u00e4\u00e4rikas ja kaunis m\u00e4lestusp\u00e4rg valgete roosidega on lugupidav viis lahkunu austamiseks. Telli kvaliteetsed leinalilled Valmeria lillepoest.\" \/>\n<meta name=\"robots\" content=\"index, follow, max-snippet:-1, max-image-preview:large, max-video-preview:-1\" \/>\n<link rel=\"canonical\" href=\"https:\/\/valmeria.ee\/ru\/shop\/leinafloristika\/malestusparg-valgete-roosidega\/\" \/>\n<meta property=\"og:locale\" content=\"ru_RU\" \/>\n<meta property=\"og:type\" content=\"article\" \/>\n<meta property=\"og:title\" content=\"Leinap\u00e4rg &quot;Vaikuse Meloodia&quot; &#8212; Valmeria Lilled\" \/>\n<meta property=\"og:description\" content=\"V\u00e4\u00e4rikas ja kaunis m\u00e4lestusp\u00e4rg valgete roosidega on lugupidav viis lahkunu austamiseks. Telli kvaliteetsed leinalilled Valmeria lillepoest.\" \/>\n<meta property=\"og:url\" content=\"https:\/\/valmeria.ee\/ru\/shop\/leinafloristika\/malestusparg-valgete-roosidega\/\" \/>\n<meta property=\"og:site_name\" content=\"Valmeria Lilled\" \/>\n<meta property=\"article:publisher\" content=\"https:\/\/www.facebook.com\/valmeria.lilled\" \/>\n<meta property=\"og:image\" content=\"https:\/\/valmeria.ee\/wp-content\/uploads\/2026\/01\/Vaikuse-meloodia.webp\" \/>\n\t<meta property=\"og:image:width\" content=\"992\" \/>\n\t<meta property=\"og:image:height\" content=\"992\" \/>\n\t<meta property=\"og:image:type\" content=\"image\/png\" \/>\n<meta name=\"twitter:card\" content=\"summary_large_image\" \/>\n<script type=\"application\/ld+json\" class=\"yoast-schema-graph\">{\"@context\":\"https:\/\/schema.org\",\"@graph\":[{\"@type\":\"WebPage\",\"@id\":\"https:\/\/valmeria.ee\/shop\/leinafloristika\/malestusparg-valgete-roosidega\/\",\"url\":\"https:\/\/valmeria.ee\/shop\/leinafloristika\/malestusparg-valgete-roosidega\/\",\"name\":\"Leinap\u00e4rg \\\"Vaikuse Meloodia\\\" &#8212; Valmeria Lilled\",\"isPartOf\":{\"@id\":\"https:\/\/valmeria.ee\/#website\"},\"primaryImageOfPage\":{\"@id\":\"https:\/\/valmeria.ee\/shop\/leinafloristika\/malestusparg-valgete-roosidega\/#primaryimage\"},\"image\":{\"@id\":\"https:\/\/valmeria.ee\/shop\/leinafloristika\/malestusparg-valgete-roosidega\/#primaryimage\"},\"thumbnailUrl\":\"https:\/\/valmeria.ee\/wp-content\/uploads\/2026\/01\/Vaikuse-meloodia.webp\",\"datePublished\":\"2026-01-05T15:44:01+00:00\",\"description\":\"V\u00e4\u00e4rikas ja kaunis m\u00e4lestusp\u00e4rg valgete roosidega on lugupidav viis lahkunu austamiseks. Telli kvaliteetsed leinalilled Valmeria lillepoest.\",\"breadcrumb\":{\"@id\":\"https:\/\/valmeria.ee\/shop\/leinafloristika\/malestusparg-valgete-roosidega\/#breadcrumb\"},\"inLanguage\":\"ru-RU\",\"potentialAction\":[{\"@type\":\"ReadAction\",\"target\":[\"https:\/\/valmeria.ee\/shop\/leinafloristika\/malestusparg-valgete-roosidega\/\"]}]},{\"@type\":\"ImageObject\",\"inLanguage\":\"ru-RU\",\"@id\":\"https:\/\/valmeria.ee\/shop\/leinafloristika\/malestusparg-valgete-roosidega\/#primaryimage\",\"url\":\"https:\/\/valmeria.ee\/wp-content\/uploads\/2026\/01\/Vaikuse-meloodia.webp\",\"contentUrl\":\"https:\/\/valmeria.ee\/wp-content\/uploads\/2026\/01\/Vaikuse-meloodia.webp\",\"width\":992,\"height\":992,\"caption\":\"M\u00e4lestusp\u00e4rg valgete roosidega Valmeria lilled\"},{\"@type\":\"BreadcrumbList\",\"@id\":\"https:\/\/valmeria.ee\/shop\/leinafloristika\/malestusparg-valgete-roosidega\/#breadcrumb\",\"itemListElement\":[{\"@type\":\"ListItem\",\"position\":1,\"name\":\"\u0413\u043b\u0430\u0432\u043d\u0430\u044f \u0441\u0442\u0440\u0430\u043d\u0438\u0446\u0430\",\"item\":\"https:\/\/valmeria.ee\/\"},{\"@type\":\"ListItem\",\"position\":2,\"name\":\"Lillepood\",\"item\":\"https:\/\/valmeria.ee\/lillepood\/\"},{\"@type\":\"ListItem\",\"position\":3,\"name\":\"Leinap\u00e4rg &#8220;Vaikuse Meloodia&#8221;\"}]},{\"@type\":\"WebSite\",\"@id\":\"https:\/\/valmeria.ee\/#website\",\"url\":\"https:\/\/valmeria.ee\/\",\"name\":\"Valmeria Lilled\",\"description\":\"Lillepood Tallinnas kiire kuller 10&euro; Tallinna piires.\",\"publisher\":{\"@id\":\"https:\/\/valmeria.ee\/#organization\"},\"potentialAction\":[{\"@type\":\"SearchAction\",\"target\":{\"@type\":\"EntryPoint\",\"urlTemplate\":\"https:\/\/valmeria.ee\/?s={search_term_string}\"},\"query-input\":{\"@type\":\"PropertyValueSpecification\",\"valueRequired\":true,\"valueName\":\"search_term_string\"}}],\"inLanguage\":\"ru-RU\"},{\"@type\":\"Organization\",\"@id\":\"https:\/\/valmeria.ee\/#organization\",\"name\":\"Valmeria Lilled\",\"url\":\"https:\/\/valmeria.ee\/\",\"logo\":{\"@type\":\"ImageObject\",\"inLanguage\":\"ru-RU\",\"@id\":\"https:\/\/valmeria.ee\/#\/schema\/logo\/image\/\",\"url\":\"https:\/\/valmeria.ee\/wp-content\/uploads\/2021\/12\/Valmeria-logo.png\",\"contentUrl\":\"https:\/\/valmeria.ee\/wp-content\/uploads\/2021\/12\/Valmeria-logo.png\",\"width\":480,\"height\":240,\"caption\":\"Valmeria Lilled\"},\"image\":{\"@id\":\"https:\/\/valmeria.ee\/#\/schema\/logo\/image\/\"},\"sameAs\":[\"https:\/\/www.facebook.com\/valmeria.lilled\",\"https:\/\/www.instagram.com\/valmeria.lilled\/\"]}]}<\/script>\n<!-- \/ Yoast SEO plugin. -->","yoast_head_json":{"title":"Leinap\u00e4rg \"Vaikuse Meloodia\" &#8212; Valmeria Lilled","description":"V\u00e4\u00e4rikas ja kaunis m\u00e4lestusp\u00e4rg valgete roosidega on lugupidav viis lahkunu austamiseks. Telli kvaliteetsed leinalilled Valmeria lillepoest.","robots":{"index":"index","follow":"follow","max-snippet":"max-snippet:-1","max-image-preview":"max-image-preview:large","max-video-preview":"max-video-preview:-1"},"canonical":"https:\/\/valmeria.ee\/ru\/shop\/leinafloristika\/malestusparg-valgete-roosidega\/","og_locale":"ru_RU","og_type":"article","og_title":"Leinap\u00e4rg \"Vaikuse Meloodia\" &#8212; Valmeria Lilled","og_description":"V\u00e4\u00e4rikas ja kaunis m\u00e4lestusp\u00e4rg valgete roosidega on lugupidav viis lahkunu austamiseks. Telli kvaliteetsed leinalilled Valmeria lillepoest.","og_url":"https:\/\/valmeria.ee\/ru\/shop\/leinafloristika\/malestusparg-valgete-roosidega\/","og_site_name":"Valmeria Lilled","article_publisher":"https:\/\/www.facebook.com\/valmeria.lilled","og_image":[{"width":992,"height":992,"url":"https:\/\/valmeria.ee\/wp-content\/uploads\/2026\/01\/Vaikuse-meloodia.webp","type":"image\/png"}],"twitter_card":"summary_large_image","schema":{"@context":"https:\/\/schema.org","@graph":[{"@type":"WebPage","@id":"https:\/\/valmeria.ee\/shop\/leinafloristika\/malestusparg-valgete-roosidega\/","url":"https:\/\/valmeria.ee\/shop\/leinafloristika\/malestusparg-valgete-roosidega\/","name":"Leinap\u00e4rg \"Vaikuse Meloodia\" &#8212; Valmeria Lilled","isPartOf":{"@id":"https:\/\/valmeria.ee\/#website"},"primaryImageOfPage":{"@id":"https:\/\/valmeria.ee\/shop\/leinafloristika\/malestusparg-valgete-roosidega\/#primaryimage"},"image":{"@id":"https:\/\/valmeria.ee\/shop\/leinafloristika\/malestusparg-valgete-roosidega\/#primaryimage"},"thumbnailUrl":"https:\/\/valmeria.ee\/wp-content\/uploads\/2026\/01\/Vaikuse-meloodia.webp","datePublished":"2026-01-05T15:44:01+00:00","description":"V\u00e4\u00e4rikas ja kaunis m\u00e4lestusp\u00e4rg valgete roosidega on lugupidav viis lahkunu austamiseks. Telli kvaliteetsed leinalilled Valmeria lillepoest.","breadcrumb":{"@id":"https:\/\/valmeria.ee\/shop\/leinafloristika\/malestusparg-valgete-roosidega\/#breadcrumb"},"inLanguage":"ru-RU","potentialAction":[{"@type":"ReadAction","target":["https:\/\/valmeria.ee\/shop\/leinafloristika\/malestusparg-valgete-roosidega\/"]}]},{"@type":"ImageObject","inLanguage":"ru-RU","@id":"https:\/\/valmeria.ee\/shop\/leinafloristika\/malestusparg-valgete-roosidega\/#primaryimage","url":"https:\/\/valmeria.ee\/wp-content\/uploads\/2026\/01\/Vaikuse-meloodia.webp","contentUrl":"https:\/\/valmeria.ee\/wp-content\/uploads\/2026\/01\/Vaikuse-meloodia.webp","width":992,"height":992,"caption":"M\u00e4lestusp\u00e4rg valgete roosidega Valmeria lilled"},{"@type":"BreadcrumbList","@id":"https:\/\/valmeria.ee\/shop\/leinafloristika\/malestusparg-valgete-roosidega\/#breadcrumb","itemListElement":[{"@type":"ListItem","position":1,"name":"\u0413\u043b\u0430\u0432\u043d\u0430\u044f \u0441\u0442\u0440\u0430\u043d\u0438\u0446\u0430","item":"https:\/\/valmeria.ee\/"},{"@type":"ListItem","position":2,"name":"Lillepood","item":"https:\/\/valmeria.ee\/lillepood\/"},{"@type":"ListItem","position":3,"name":"Leinap\u00e4rg &#8220;Vaikuse Meloodia&#8221;"}]},{"@type":"WebSite","@id":"https:\/\/valmeria.ee\/#website","url":"https:\/\/valmeria.ee\/","name":"Valmeria Lilled","description":"Lillepood Tallinnas kiire kuller 10&euro; Tallinna piires.","publisher":{"@id":"https:\/\/valmeria.ee\/#organization"},"potentialAction":[{"@type":"SearchAction","target":{"@type":"EntryPoint","urlTemplate":"https:\/\/valmeria.ee\/?s={search_term_string}"},"query-input":{"@type":"PropertyValueSpecification","valueRequired":true,"valueName":"search_term_string"}}],"inLanguage":"ru-RU"},{"@type":"Organization","@id":"https:\/\/valmeria.ee\/#organization","name":"Valmeria Lilled","url":"https:\/\/valmeria.ee\/","logo":{"@type":"ImageObject","inLanguage":"ru-RU","@id":"https:\/\/valmeria.ee\/#\/schema\/logo\/image\/","url":"https:\/\/valmeria.ee\/wp-content\/uploads\/2021\/12\/Valmeria-logo.png","contentUrl":"https:\/\/valmeria.ee\/wp-content\/uploads\/2021\/12\/Valmeria-logo.png","width":480,"height":240,"caption":"Valmeria Lilled"},"image":{"@id":"https:\/\/valmeria.ee\/#\/schema\/logo\/image\/"},"sameAs":["https:\/\/www.facebook.com\/valmeria.lilled","https:\/\/www.instagram.com\/valmeria.lilled\/"]}]}},"_links":{"self":[{"href":"https:\/\/valmeria.ee\/ru\/wp-json\/wp\/v2\/product\/12471","targetHints":{"allow":["GET"]}}],"collection":[{"href":"https:\/\/valmeria.ee\/ru\/wp-json\/wp\/v2\/product"}],"about":[{"href":"https:\/\/valmeria.ee\/ru\/wp-json\/wp\/v2\/types\/product"}],"wp:featuredmedia":[{"embeddable":true,"href":"https:\/\/valmeria.ee\/ru\/wp-json\/wp\/v2\/media\/12472"}],"wp:attachment":[{"href":"https:\/\/valmeria.ee\/ru\/wp-json\/wp\/v2\/media?parent=12471"}],"wp:term":[{"taxonomy":"product_brand","embeddable":true,"href":"https:\/\/valmeria.ee\/ru\/wp-json\/wp\/v2\/product_brand?post=12471"},{"taxonomy":"product_cat","embeddable":true,"href":"https:\/\/valmeria.ee\/ru\/wp-json\/wp\/v2\/product_cat?post=12471"},{"taxonomy":"product_tag","embeddable":true,"href":"https:\/\/valmeria.ee\/ru\/wp-json\/wp\/v2\/product_tag?post=12471"}],"curies":[{"name":"wp","href":"https:\/\/api.w.org\/{rel}","templated":true}]}}