{"id":9473,"date":"2022-02-02T18:44:03","date_gmt":"2022-02-02T16:44:03","guid":{"rendered":"https:\/\/valmeria.ee\/\u043c\u0430\u0433\u0430\u0437\u0438\u043d\/maaratlemata\/memoire-l\/"},"modified":"2025-02-25T15:25:36","modified_gmt":"2025-02-25T13:25:36","slug":"leinaparg-memoire","status":"publish","type":"product","link":"https:\/\/valmeria.ee\/ru\/shop\/leinafloristika\/leinaparg-memoire\/","title":{"rendered":"\u0422\u0440\u0430\u0443\u0440\u043d\u044b\u0439 \u0432\u0435\u043d\u043e\u043a \u00ab\u0412\u043e\u0441\u043f\u043e\u043c\u0438\u043d\u0430\u043d\u0438\u0435\u00bb"},"content":{"rendered":"<p>M\u00e4rkimisv\u00e4\u00e4rne leinap\u00e4rg valgete liiliate, kr\u00fcsanteemide ja erksate punaste roosidega. Kaunis viis avaldada s\u00fcgavat kaastunnet ja m\u00e4lestust.<\/p>\n<p>Leinap\u00e4rg, 1tk<\/p>\n<p>Pildil Suurus &#8220;L&#8221;<\/p>","protected":false},"excerpt":{"rendered":"<p>M\u00e4rkimisv\u00e4\u00e4rne leinap\u00e4rg valgete liiliate, kr\u00fcsanteemide ja erksate punaste roosidega. Kaunis viis avaldada s\u00fcgavat kaastunnet ja m\u00e4lestust. Leinap\u00e4rg, 1tk Pildil Suurus<\/p>","protected":false},"featured_media":10798,"template":"","meta":[],"product_brand":[],"product_cat":[108],"product_tag":[],"class_list":{"0":"post-9473","1":"product","2":"type-product","3":"status-publish","4":"has-post-thumbnail","6":"product_cat-leinafloristika","7":"pa_suurus-l","8":"pa_suurus-m","9":"pa_suurus-s","10":"pa_suurus-xl","12":"first","13":"instock","14":"taxable","15":"shipping-taxable","16":"purchasable","17":"product-type-variable","18":"has-default-attributes"},"yoast_head":"<!-- This site is optimized with the Yoast SEO plugin v26.6 - https:\/\/yoast.com\/wordpress\/plugins\/seo\/ -->\n<title>Leinap\u00e4rg \u201cMemoire\u201c &#8212; Valmeria Lilled<\/title>\n<meta name=\"description\" content=\"M\u00e4rkimisv\u00e4\u00e4rne leinap\u00e4rg valgete liiliate, kr\u00fcsanteemide ja erksate punaste roosidega. Kaunis viis avaldada s\u00fcgavat kaastunnet ja m\u00e4lestust.\" \/>\n<meta name=\"robots\" content=\"index, follow, max-snippet:-1, max-image-preview:large, max-video-preview:-1\" \/>\n<link rel=\"canonical\" href=\"https:\/\/valmeria.ee\/ru\/shop\/leinafloristika\/leinaparg-memoire\/\" \/>\n<meta property=\"og:locale\" content=\"ru_RU\" \/>\n<meta property=\"og:type\" content=\"article\" \/>\n<meta property=\"og:title\" content=\"Leinap\u00e4rg \u201cMemoire\u201c &#8212; Valmeria Lilled\" \/>\n<meta property=\"og:description\" content=\"M\u00e4rkimisv\u00e4\u00e4rne leinap\u00e4rg valgete liiliate, kr\u00fcsanteemide ja erksate punaste roosidega. Kaunis viis avaldada s\u00fcgavat kaastunnet ja m\u00e4lestust.\" \/>\n<meta property=\"og:url\" content=\"https:\/\/valmeria.ee\/ru\/shop\/leinafloristika\/leinaparg-memoire\/\" \/>\n<meta property=\"og:site_name\" content=\"Valmeria Lilled\" \/>\n<meta property=\"article:publisher\" content=\"https:\/\/www.facebook.com\/valmeria.lilled\" \/>\n<meta property=\"article:modified_time\" content=\"2025-02-25T13:25:36+00:00\" \/>\n<meta property=\"og:image\" content=\"https:\/\/valmeria.ee\/wp-content\/uploads\/2022\/02\/Memoire.webp\" \/>\n\t<meta property=\"og:image:width\" content=\"960\" \/>\n\t<meta property=\"og:image:height\" content=\"1060\" \/>\n\t<meta property=\"og:image:type\" content=\"image\/jpeg\" \/>\n<meta name=\"twitter:card\" content=\"summary_large_image\" \/>\n<script type=\"application\/ld+json\" class=\"yoast-schema-graph\">{\"@context\":\"https:\/\/schema.org\",\"@graph\":[{\"@type\":\"WebPage\",\"@id\":\"https:\/\/valmeria.ee\/shop\/leinafloristika\/leinaparg-memoire\/\",\"url\":\"https:\/\/valmeria.ee\/shop\/leinafloristika\/leinaparg-memoire\/\",\"name\":\"Leinap\u00e4rg \u201cMemoire\u201c &#8212; Valmeria Lilled\",\"isPartOf\":{\"@id\":\"https:\/\/valmeria.ee\/#website\"},\"primaryImageOfPage\":{\"@id\":\"https:\/\/valmeria.ee\/shop\/leinafloristika\/leinaparg-memoire\/#primaryimage\"},\"image\":{\"@id\":\"https:\/\/valmeria.ee\/shop\/leinafloristika\/leinaparg-memoire\/#primaryimage\"},\"thumbnailUrl\":\"https:\/\/valmeria.ee\/wp-content\/uploads\/2022\/02\/Memoire.webp\",\"datePublished\":\"2022-02-02T16:44:03+00:00\",\"dateModified\":\"2025-02-25T13:25:36+00:00\",\"description\":\"M\u00e4rkimisv\u00e4\u00e4rne leinap\u00e4rg valgete liiliate, kr\u00fcsanteemide ja erksate punaste roosidega. Kaunis viis avaldada s\u00fcgavat kaastunnet ja m\u00e4lestust.\",\"breadcrumb\":{\"@id\":\"https:\/\/valmeria.ee\/shop\/leinafloristika\/leinaparg-memoire\/#breadcrumb\"},\"inLanguage\":\"ru-RU\",\"potentialAction\":[{\"@type\":\"ReadAction\",\"target\":[\"https:\/\/valmeria.ee\/shop\/leinafloristika\/leinaparg-memoire\/\"]}]},{\"@type\":\"ImageObject\",\"inLanguage\":\"ru-RU\",\"@id\":\"https:\/\/valmeria.ee\/shop\/leinafloristika\/leinaparg-memoire\/#primaryimage\",\"url\":\"https:\/\/valmeria.ee\/wp-content\/uploads\/2022\/02\/Memoire.webp\",\"contentUrl\":\"https:\/\/valmeria.ee\/wp-content\/uploads\/2022\/02\/Memoire.webp\",\"width\":960,\"height\":1060},{\"@type\":\"BreadcrumbList\",\"@id\":\"https:\/\/valmeria.ee\/shop\/leinafloristika\/leinaparg-memoire\/#breadcrumb\",\"itemListElement\":[{\"@type\":\"ListItem\",\"position\":1,\"name\":\"\u0413\u043b\u0430\u0432\u043d\u0430\u044f \u0441\u0442\u0440\u0430\u043d\u0438\u0446\u0430\",\"item\":\"https:\/\/valmeria.ee\/\"},{\"@type\":\"ListItem\",\"position\":2,\"name\":\"Lillepood\",\"item\":\"https:\/\/valmeria.ee\/lillepood\/\"},{\"@type\":\"ListItem\",\"position\":3,\"name\":\"Leinap\u00e4rg \u201cMemoire\u201c\"}]},{\"@type\":\"WebSite\",\"@id\":\"https:\/\/valmeria.ee\/#website\",\"url\":\"https:\/\/valmeria.ee\/\",\"name\":\"Valmeria Lilled\",\"description\":\"Lillepood Tallinnas kiire kuller 10&euro; Tallinna piires.\",\"publisher\":{\"@id\":\"https:\/\/valmeria.ee\/#organization\"},\"potentialAction\":[{\"@type\":\"SearchAction\",\"target\":{\"@type\":\"EntryPoint\",\"urlTemplate\":\"https:\/\/valmeria.ee\/?s={search_term_string}\"},\"query-input\":{\"@type\":\"PropertyValueSpecification\",\"valueRequired\":true,\"valueName\":\"search_term_string\"}}],\"inLanguage\":\"ru-RU\"},{\"@type\":\"Organization\",\"@id\":\"https:\/\/valmeria.ee\/#organization\",\"name\":\"Valmeria Lilled\",\"url\":\"https:\/\/valmeria.ee\/\",\"logo\":{\"@type\":\"ImageObject\",\"inLanguage\":\"ru-RU\",\"@id\":\"https:\/\/valmeria.ee\/#\/schema\/logo\/image\/\",\"url\":\"https:\/\/valmeria.ee\/wp-content\/uploads\/2021\/12\/Valmeria-logo.png\",\"contentUrl\":\"https:\/\/valmeria.ee\/wp-content\/uploads\/2021\/12\/Valmeria-logo.png\",\"width\":480,\"height\":240,\"caption\":\"Valmeria Lilled\"},\"image\":{\"@id\":\"https:\/\/valmeria.ee\/#\/schema\/logo\/image\/\"},\"sameAs\":[\"https:\/\/www.facebook.com\/valmeria.lilled\",\"https:\/\/www.instagram.com\/valmeria.lilled\/\"]}]}<\/script>\n<!-- \/ Yoast SEO plugin. -->","yoast_head_json":{"title":"Leinap\u00e4rg \u201cMemoire\u201c &#8212; Valmeria Lilled","description":"M\u00e4rkimisv\u00e4\u00e4rne leinap\u00e4rg valgete liiliate, kr\u00fcsanteemide ja erksate punaste roosidega. Kaunis viis avaldada s\u00fcgavat kaastunnet ja m\u00e4lestust.","robots":{"index":"index","follow":"follow","max-snippet":"max-snippet:-1","max-image-preview":"max-image-preview:large","max-video-preview":"max-video-preview:-1"},"canonical":"https:\/\/valmeria.ee\/ru\/shop\/leinafloristika\/leinaparg-memoire\/","og_locale":"ru_RU","og_type":"article","og_title":"Leinap\u00e4rg \u201cMemoire\u201c &#8212; Valmeria Lilled","og_description":"M\u00e4rkimisv\u00e4\u00e4rne leinap\u00e4rg valgete liiliate, kr\u00fcsanteemide ja erksate punaste roosidega. Kaunis viis avaldada s\u00fcgavat kaastunnet ja m\u00e4lestust.","og_url":"https:\/\/valmeria.ee\/ru\/shop\/leinafloristika\/leinaparg-memoire\/","og_site_name":"Valmeria Lilled","article_publisher":"https:\/\/www.facebook.com\/valmeria.lilled","article_modified_time":"2025-02-25T13:25:36+00:00","og_image":[{"width":960,"height":1060,"url":"https:\/\/valmeria.ee\/wp-content\/uploads\/2022\/02\/Memoire.webp","type":"image\/jpeg"}],"twitter_card":"summary_large_image","schema":{"@context":"https:\/\/schema.org","@graph":[{"@type":"WebPage","@id":"https:\/\/valmeria.ee\/shop\/leinafloristika\/leinaparg-memoire\/","url":"https:\/\/valmeria.ee\/shop\/leinafloristika\/leinaparg-memoire\/","name":"Leinap\u00e4rg \u201cMemoire\u201c &#8212; Valmeria Lilled","isPartOf":{"@id":"https:\/\/valmeria.ee\/#website"},"primaryImageOfPage":{"@id":"https:\/\/valmeria.ee\/shop\/leinafloristika\/leinaparg-memoire\/#primaryimage"},"image":{"@id":"https:\/\/valmeria.ee\/shop\/leinafloristika\/leinaparg-memoire\/#primaryimage"},"thumbnailUrl":"https:\/\/valmeria.ee\/wp-content\/uploads\/2022\/02\/Memoire.webp","datePublished":"2022-02-02T16:44:03+00:00","dateModified":"2025-02-25T13:25:36+00:00","description":"M\u00e4rkimisv\u00e4\u00e4rne leinap\u00e4rg valgete liiliate, kr\u00fcsanteemide ja erksate punaste roosidega. Kaunis viis avaldada s\u00fcgavat kaastunnet ja m\u00e4lestust.","breadcrumb":{"@id":"https:\/\/valmeria.ee\/shop\/leinafloristika\/leinaparg-memoire\/#breadcrumb"},"inLanguage":"ru-RU","potentialAction":[{"@type":"ReadAction","target":["https:\/\/valmeria.ee\/shop\/leinafloristika\/leinaparg-memoire\/"]}]},{"@type":"ImageObject","inLanguage":"ru-RU","@id":"https:\/\/valmeria.ee\/shop\/leinafloristika\/leinaparg-memoire\/#primaryimage","url":"https:\/\/valmeria.ee\/wp-content\/uploads\/2022\/02\/Memoire.webp","contentUrl":"https:\/\/valmeria.ee\/wp-content\/uploads\/2022\/02\/Memoire.webp","width":960,"height":1060},{"@type":"BreadcrumbList","@id":"https:\/\/valmeria.ee\/shop\/leinafloristika\/leinaparg-memoire\/#breadcrumb","itemListElement":[{"@type":"ListItem","position":1,"name":"\u0413\u043b\u0430\u0432\u043d\u0430\u044f \u0441\u0442\u0440\u0430\u043d\u0438\u0446\u0430","item":"https:\/\/valmeria.ee\/"},{"@type":"ListItem","position":2,"name":"Lillepood","item":"https:\/\/valmeria.ee\/lillepood\/"},{"@type":"ListItem","position":3,"name":"Leinap\u00e4rg \u201cMemoire\u201c"}]},{"@type":"WebSite","@id":"https:\/\/valmeria.ee\/#website","url":"https:\/\/valmeria.ee\/","name":"Valmeria Lilled","description":"Lillepood Tallinnas kiire kuller 10&euro; Tallinna piires.","publisher":{"@id":"https:\/\/valmeria.ee\/#organization"},"potentialAction":[{"@type":"SearchAction","target":{"@type":"EntryPoint","urlTemplate":"https:\/\/valmeria.ee\/?s={search_term_string}"},"query-input":{"@type":"PropertyValueSpecification","valueRequired":true,"valueName":"search_term_string"}}],"inLanguage":"ru-RU"},{"@type":"Organization","@id":"https:\/\/valmeria.ee\/#organization","name":"Valmeria Lilled","url":"https:\/\/valmeria.ee\/","logo":{"@type":"ImageObject","inLanguage":"ru-RU","@id":"https:\/\/valmeria.ee\/#\/schema\/logo\/image\/","url":"https:\/\/valmeria.ee\/wp-content\/uploads\/2021\/12\/Valmeria-logo.png","contentUrl":"https:\/\/valmeria.ee\/wp-content\/uploads\/2021\/12\/Valmeria-logo.png","width":480,"height":240,"caption":"Valmeria Lilled"},"image":{"@id":"https:\/\/valmeria.ee\/#\/schema\/logo\/image\/"},"sameAs":["https:\/\/www.facebook.com\/valmeria.lilled","https:\/\/www.instagram.com\/valmeria.lilled\/"]}]}},"_links":{"self":[{"href":"https:\/\/valmeria.ee\/ru\/wp-json\/wp\/v2\/product\/9473","targetHints":{"allow":["GET"]}}],"collection":[{"href":"https:\/\/valmeria.ee\/ru\/wp-json\/wp\/v2\/product"}],"about":[{"href":"https:\/\/valmeria.ee\/ru\/wp-json\/wp\/v2\/types\/product"}],"wp:featuredmedia":[{"embeddable":true,"href":"https:\/\/valmeria.ee\/ru\/wp-json\/wp\/v2\/media\/10798"}],"wp:attachment":[{"href":"https:\/\/valmeria.ee\/ru\/wp-json\/wp\/v2\/media?parent=9473"}],"wp:term":[{"taxonomy":"product_brand","embeddable":true,"href":"https:\/\/valmeria.ee\/ru\/wp-json\/wp\/v2\/product_brand?post=9473"},{"taxonomy":"product_cat","embeddable":true,"href":"https:\/\/valmeria.ee\/ru\/wp-json\/wp\/v2\/product_cat?post=9473"},{"taxonomy":"product_tag","embeddable":true,"href":"https:\/\/valmeria.ee\/ru\/wp-json\/wp\/v2\/product_tag?post=9473"}],"curies":[{"name":"wp","href":"https:\/\/api.w.org\/{rel}","templated":true}]}}