{"id":9607,"date":"2022-02-02T14:52:56","date_gmt":"2022-02-02T12:52:56","guid":{"rendered":"https:\/\/valmeria.ee\/\u043c\u0430\u0433\u0430\u0437\u0438\u043d\/maaratlemata\/chrysanthemum-one-white\/"},"modified":"2025-10-21T14:48:44","modified_gmt":"2025-10-21T11:48:44","slug":"chrysanthemum-white-suur","status":"publish","type":"product","link":"https:\/\/valmeria.ee\/ru\/shop\/loikelilled\/chrysanthemum-white-suur\/","title":{"rendered":"\u0425\u0440\u0438\u0437\u0430\u043d\u0442\u0435\u043c\u0430 \u0411\u0435\u043b\u0430\u044f - \u043e\u0434\u043d\u043e\u0433\u043e\u043b\u043e\u0432\u0430\u044f"},"content":{"rendered":"<p>L\u00f5igatud \u00fche\u00f5ielised kr\u00fcsanteemid, mis sobivad ideaalselt lihtsate lillekompositsioonide loomiseks, andes neile v\u00e4rvi ja elegantsi.<\/p>\n<p>Kr\u00fcsanteem, 1tk, valge<\/p>","protected":false},"excerpt":{"rendered":"<p>L\u00f5igatud \u00fche\u00f5ielised kr\u00fcsanteemid, mis sobivad ideaalselt lihtsate lillekompositsioonide loomiseks, andes neile v\u00e4rvi ja elegantsi. Kr\u00fcsanteem, 1tk, valge<\/p>","protected":false},"featured_media":9410,"template":"","meta":[],"product_brand":[],"product_cat":[106],"product_tag":[119],"class_list":{"0":"post-9607","1":"product","2":"type-product","3":"status-publish","4":"has-post-thumbnail","6":"product_cat-loikelilled","7":"product_tag-krusanteem","9":"first","10":"instock","11":"taxable","12":"shipping-taxable","13":"purchasable","14":"product-type-variable"},"yoast_head":"<!-- This site is optimized with the Yoast SEO plugin v26.6 - https:\/\/yoast.com\/wordpress\/plugins\/seo\/ -->\n<title>Chrysanthemum White - Suur &#8212; Valmeria Lilled<\/title>\n<meta name=\"description\" content=\"L\u00f5igatud \u00fche\u00f5ielised kr\u00fcsanteemid, mis sobivad ideaalselt lihtsate lillekompositsioonide loomiseks, andes neile v\u00e4rvi ja elegantsi.\" \/>\n<meta name=\"robots\" content=\"index, follow, max-snippet:-1, max-image-preview:large, max-video-preview:-1\" \/>\n<link rel=\"canonical\" href=\"https:\/\/valmeria.ee\/ru\/shop\/loikelilled\/chrysanthemum-white-suur\/\" \/>\n<meta property=\"og:locale\" content=\"ru_RU\" \/>\n<meta property=\"og:type\" content=\"article\" \/>\n<meta property=\"og:title\" content=\"Chrysanthemum White - Suur &#8212; Valmeria Lilled\" \/>\n<meta property=\"og:description\" content=\"L\u00f5igatud \u00fche\u00f5ielised kr\u00fcsanteemid, mis sobivad ideaalselt lihtsate lillekompositsioonide loomiseks, andes neile v\u00e4rvi ja elegantsi.\" \/>\n<meta property=\"og:url\" content=\"https:\/\/valmeria.ee\/ru\/shop\/loikelilled\/chrysanthemum-white-suur\/\" \/>\n<meta property=\"og:site_name\" content=\"Valmeria Lilled\" \/>\n<meta property=\"article:publisher\" content=\"https:\/\/www.facebook.com\/valmeria.lilled\" \/>\n<meta property=\"article:modified_time\" content=\"2025-10-21T11:48:44+00:00\" \/>\n<meta property=\"og:image\" content=\"https:\/\/valmeria.ee\/wp-content\/uploads\/2022\/02\/ChrysanthemumOneWhite_350-scaled.webp\" \/>\n\t<meta property=\"og:image:width\" content=\"2560\" \/>\n\t<meta property=\"og:image:height\" content=\"2560\" \/>\n\t<meta property=\"og:image:type\" content=\"image\/jpeg\" \/>\n<meta name=\"twitter:card\" content=\"summary_large_image\" \/>\n<script type=\"application\/ld+json\" class=\"yoast-schema-graph\">{\"@context\":\"https:\/\/schema.org\",\"@graph\":[{\"@type\":\"WebPage\",\"@id\":\"https:\/\/valmeria.ee\/shop\/loikelilled\/chrysanthemum-white-suur\/\",\"url\":\"https:\/\/valmeria.ee\/shop\/loikelilled\/chrysanthemum-white-suur\/\",\"name\":\"Chrysanthemum White - Suur &#8212; Valmeria Lilled\",\"isPartOf\":{\"@id\":\"https:\/\/valmeria.ee\/#website\"},\"primaryImageOfPage\":{\"@id\":\"https:\/\/valmeria.ee\/shop\/loikelilled\/chrysanthemum-white-suur\/#primaryimage\"},\"image\":{\"@id\":\"https:\/\/valmeria.ee\/shop\/loikelilled\/chrysanthemum-white-suur\/#primaryimage\"},\"thumbnailUrl\":\"https:\/\/valmeria.ee\/wp-content\/uploads\/2022\/02\/ChrysanthemumOneWhite_350-scaled.webp\",\"datePublished\":\"2022-02-02T12:52:56+00:00\",\"dateModified\":\"2025-10-21T11:48:44+00:00\",\"description\":\"L\u00f5igatud \u00fche\u00f5ielised kr\u00fcsanteemid, mis sobivad ideaalselt lihtsate lillekompositsioonide loomiseks, andes neile v\u00e4rvi ja elegantsi.\",\"breadcrumb\":{\"@id\":\"https:\/\/valmeria.ee\/shop\/loikelilled\/chrysanthemum-white-suur\/#breadcrumb\"},\"inLanguage\":\"ru-RU\",\"potentialAction\":[{\"@type\":\"ReadAction\",\"target\":[\"https:\/\/valmeria.ee\/shop\/loikelilled\/chrysanthemum-white-suur\/\"]}]},{\"@type\":\"ImageObject\",\"inLanguage\":\"ru-RU\",\"@id\":\"https:\/\/valmeria.ee\/shop\/loikelilled\/chrysanthemum-white-suur\/#primaryimage\",\"url\":\"https:\/\/valmeria.ee\/wp-content\/uploads\/2022\/02\/ChrysanthemumOneWhite_350-scaled.webp\",\"contentUrl\":\"https:\/\/valmeria.ee\/wp-content\/uploads\/2022\/02\/ChrysanthemumOneWhite_350-scaled.webp\",\"width\":2560,\"height\":2560},{\"@type\":\"BreadcrumbList\",\"@id\":\"https:\/\/valmeria.ee\/shop\/loikelilled\/chrysanthemum-white-suur\/#breadcrumb\",\"itemListElement\":[{\"@type\":\"ListItem\",\"position\":1,\"name\":\"\u0413\u043b\u0430\u0432\u043d\u0430\u044f \u0441\u0442\u0440\u0430\u043d\u0438\u0446\u0430\",\"item\":\"https:\/\/valmeria.ee\/\"},{\"@type\":\"ListItem\",\"position\":2,\"name\":\"Lillepood\",\"item\":\"https:\/\/valmeria.ee\/lillepood\/\"},{\"@type\":\"ListItem\",\"position\":3,\"name\":\"Chrysanthemum White &#8211; Suur\"}]},{\"@type\":\"WebSite\",\"@id\":\"https:\/\/valmeria.ee\/#website\",\"url\":\"https:\/\/valmeria.ee\/\",\"name\":\"Valmeria Lilled\",\"description\":\"Lillepood Tallinnas kiire kuller 10&euro; Tallinna piires.\",\"publisher\":{\"@id\":\"https:\/\/valmeria.ee\/#organization\"},\"potentialAction\":[{\"@type\":\"SearchAction\",\"target\":{\"@type\":\"EntryPoint\",\"urlTemplate\":\"https:\/\/valmeria.ee\/?s={search_term_string}\"},\"query-input\":{\"@type\":\"PropertyValueSpecification\",\"valueRequired\":true,\"valueName\":\"search_term_string\"}}],\"inLanguage\":\"ru-RU\"},{\"@type\":\"Organization\",\"@id\":\"https:\/\/valmeria.ee\/#organization\",\"name\":\"Valmeria Lilled\",\"url\":\"https:\/\/valmeria.ee\/\",\"logo\":{\"@type\":\"ImageObject\",\"inLanguage\":\"ru-RU\",\"@id\":\"https:\/\/valmeria.ee\/#\/schema\/logo\/image\/\",\"url\":\"https:\/\/valmeria.ee\/wp-content\/uploads\/2021\/12\/Valmeria-logo.png\",\"contentUrl\":\"https:\/\/valmeria.ee\/wp-content\/uploads\/2021\/12\/Valmeria-logo.png\",\"width\":480,\"height\":240,\"caption\":\"Valmeria Lilled\"},\"image\":{\"@id\":\"https:\/\/valmeria.ee\/#\/schema\/logo\/image\/\"},\"sameAs\":[\"https:\/\/www.facebook.com\/valmeria.lilled\",\"https:\/\/www.instagram.com\/valmeria.lilled\/\"]}]}<\/script>\n<!-- \/ Yoast SEO plugin. -->","yoast_head_json":{"title":"Chrysanthemum White - Suur &#8212; Valmeria Lilled","description":"L\u00f5igatud \u00fche\u00f5ielised kr\u00fcsanteemid, mis sobivad ideaalselt lihtsate lillekompositsioonide loomiseks, andes neile v\u00e4rvi ja elegantsi.","robots":{"index":"index","follow":"follow","max-snippet":"max-snippet:-1","max-image-preview":"max-image-preview:large","max-video-preview":"max-video-preview:-1"},"canonical":"https:\/\/valmeria.ee\/ru\/shop\/loikelilled\/chrysanthemum-white-suur\/","og_locale":"ru_RU","og_type":"article","og_title":"Chrysanthemum White - Suur &#8212; Valmeria Lilled","og_description":"L\u00f5igatud \u00fche\u00f5ielised kr\u00fcsanteemid, mis sobivad ideaalselt lihtsate lillekompositsioonide loomiseks, andes neile v\u00e4rvi ja elegantsi.","og_url":"https:\/\/valmeria.ee\/ru\/shop\/loikelilled\/chrysanthemum-white-suur\/","og_site_name":"Valmeria Lilled","article_publisher":"https:\/\/www.facebook.com\/valmeria.lilled","article_modified_time":"2025-10-21T11:48:44+00:00","og_image":[{"width":2560,"height":2560,"url":"https:\/\/valmeria.ee\/wp-content\/uploads\/2022\/02\/ChrysanthemumOneWhite_350-scaled.webp","type":"image\/jpeg"}],"twitter_card":"summary_large_image","schema":{"@context":"https:\/\/schema.org","@graph":[{"@type":"WebPage","@id":"https:\/\/valmeria.ee\/shop\/loikelilled\/chrysanthemum-white-suur\/","url":"https:\/\/valmeria.ee\/shop\/loikelilled\/chrysanthemum-white-suur\/","name":"Chrysanthemum White - Suur &#8212; Valmeria Lilled","isPartOf":{"@id":"https:\/\/valmeria.ee\/#website"},"primaryImageOfPage":{"@id":"https:\/\/valmeria.ee\/shop\/loikelilled\/chrysanthemum-white-suur\/#primaryimage"},"image":{"@id":"https:\/\/valmeria.ee\/shop\/loikelilled\/chrysanthemum-white-suur\/#primaryimage"},"thumbnailUrl":"https:\/\/valmeria.ee\/wp-content\/uploads\/2022\/02\/ChrysanthemumOneWhite_350-scaled.webp","datePublished":"2022-02-02T12:52:56+00:00","dateModified":"2025-10-21T11:48:44+00:00","description":"L\u00f5igatud \u00fche\u00f5ielised kr\u00fcsanteemid, mis sobivad ideaalselt lihtsate lillekompositsioonide loomiseks, andes neile v\u00e4rvi ja elegantsi.","breadcrumb":{"@id":"https:\/\/valmeria.ee\/shop\/loikelilled\/chrysanthemum-white-suur\/#breadcrumb"},"inLanguage":"ru-RU","potentialAction":[{"@type":"ReadAction","target":["https:\/\/valmeria.ee\/shop\/loikelilled\/chrysanthemum-white-suur\/"]}]},{"@type":"ImageObject","inLanguage":"ru-RU","@id":"https:\/\/valmeria.ee\/shop\/loikelilled\/chrysanthemum-white-suur\/#primaryimage","url":"https:\/\/valmeria.ee\/wp-content\/uploads\/2022\/02\/ChrysanthemumOneWhite_350-scaled.webp","contentUrl":"https:\/\/valmeria.ee\/wp-content\/uploads\/2022\/02\/ChrysanthemumOneWhite_350-scaled.webp","width":2560,"height":2560},{"@type":"BreadcrumbList","@id":"https:\/\/valmeria.ee\/shop\/loikelilled\/chrysanthemum-white-suur\/#breadcrumb","itemListElement":[{"@type":"ListItem","position":1,"name":"\u0413\u043b\u0430\u0432\u043d\u0430\u044f \u0441\u0442\u0440\u0430\u043d\u0438\u0446\u0430","item":"https:\/\/valmeria.ee\/"},{"@type":"ListItem","position":2,"name":"Lillepood","item":"https:\/\/valmeria.ee\/lillepood\/"},{"@type":"ListItem","position":3,"name":"Chrysanthemum White &#8211; Suur"}]},{"@type":"WebSite","@id":"https:\/\/valmeria.ee\/#website","url":"https:\/\/valmeria.ee\/","name":"Valmeria Lilled","description":"Lillepood Tallinnas kiire kuller 10&euro; Tallinna piires.","publisher":{"@id":"https:\/\/valmeria.ee\/#organization"},"potentialAction":[{"@type":"SearchAction","target":{"@type":"EntryPoint","urlTemplate":"https:\/\/valmeria.ee\/?s={search_term_string}"},"query-input":{"@type":"PropertyValueSpecification","valueRequired":true,"valueName":"search_term_string"}}],"inLanguage":"ru-RU"},{"@type":"Organization","@id":"https:\/\/valmeria.ee\/#organization","name":"Valmeria Lilled","url":"https:\/\/valmeria.ee\/","logo":{"@type":"ImageObject","inLanguage":"ru-RU","@id":"https:\/\/valmeria.ee\/#\/schema\/logo\/image\/","url":"https:\/\/valmeria.ee\/wp-content\/uploads\/2021\/12\/Valmeria-logo.png","contentUrl":"https:\/\/valmeria.ee\/wp-content\/uploads\/2021\/12\/Valmeria-logo.png","width":480,"height":240,"caption":"Valmeria Lilled"},"image":{"@id":"https:\/\/valmeria.ee\/#\/schema\/logo\/image\/"},"sameAs":["https:\/\/www.facebook.com\/valmeria.lilled","https:\/\/www.instagram.com\/valmeria.lilled\/"]}]}},"_links":{"self":[{"href":"https:\/\/valmeria.ee\/ru\/wp-json\/wp\/v2\/product\/9607","targetHints":{"allow":["GET"]}}],"collection":[{"href":"https:\/\/valmeria.ee\/ru\/wp-json\/wp\/v2\/product"}],"about":[{"href":"https:\/\/valmeria.ee\/ru\/wp-json\/wp\/v2\/types\/product"}],"wp:featuredmedia":[{"embeddable":true,"href":"https:\/\/valmeria.ee\/ru\/wp-json\/wp\/v2\/media\/9410"}],"wp:attachment":[{"href":"https:\/\/valmeria.ee\/ru\/wp-json\/wp\/v2\/media?parent=9607"}],"wp:term":[{"taxonomy":"product_brand","embeddable":true,"href":"https:\/\/valmeria.ee\/ru\/wp-json\/wp\/v2\/product_brand?post=9607"},{"taxonomy":"product_cat","embeddable":true,"href":"https:\/\/valmeria.ee\/ru\/wp-json\/wp\/v2\/product_cat?post=9607"},{"taxonomy":"product_tag","embeddable":true,"href":"https:\/\/valmeria.ee\/ru\/wp-json\/wp\/v2\/product_tag?post=9607"}],"curies":[{"name":"wp","href":"https:\/\/api.w.org\/{rel}","templated":true}]}}