{"id":9610,"date":"2022-02-01T18:13:20","date_gmt":"2022-02-01T16:13:20","guid":{"rendered":"https:\/\/valmeria.ee\/\u043c\u0430\u0433\u0430\u0437\u0438\u043d\/maaratlemata\/gerbera\/"},"modified":"2025-10-21T15:46:57","modified_gmt":"2025-10-21T12:46:57","slug":"gerbera","status":"publish","type":"product","link":"https:\/\/valmeria.ee\/ru\/shop\/loikelilled\/gerbera\/","title":{"rendered":"Gerbera &#8220;Germini&#8221;"},"content":{"rendered":"<p>R\u00f5\u00f5msav\u00e4rviline kimp erinevatest gerberatest toob p\u00e4ikese ja hea tuju igasse p\u00e4eva ning sobib suurep\u00e4raseks kingituseks.<\/p>\n<p>Gerbera, 1tk, erinevad v\u00e4rvid<\/p>","protected":false},"excerpt":{"rendered":"<p>R\u00f5\u00f5msav\u00e4rviline kimp erinevatest gerberatest toob p\u00e4ikese ja hea tuju igasse p\u00e4eva ning sobib suurep\u00e4raseks kingituseks. Gerbera, 1tk, erinevad v\u00e4rvid<\/p>","protected":false},"featured_media":9407,"template":"","meta":[],"product_brand":[],"product_cat":[106],"product_tag":[113],"class_list":{"0":"post-9610","1":"product","2":"type-product","3":"status-publish","4":"has-post-thumbnail","6":"product_cat-loikelilled","7":"product_tag-gerbera","9":"first","10":"instock","11":"taxable","12":"shipping-taxable","13":"purchasable","14":"product-type-variable","15":"has-default-attributes"},"yoast_head":"<!-- This site is optimized with the Yoast SEO plugin v26.6 - https:\/\/yoast.com\/wordpress\/plugins\/seo\/ -->\n<title>Gerbera &quot;Germini&quot; &#8212; Valmeria Lilled<\/title>\n<meta name=\"description\" content=\"R\u00f5\u00f5msav\u00e4rviline kimp erinevatest gerberatest toob p\u00e4ikese ja hea tuju igasse p\u00e4eva ning sobib suurep\u00e4raseks kingituseks.\" \/>\n<meta name=\"robots\" content=\"index, follow, max-snippet:-1, max-image-preview:large, max-video-preview:-1\" \/>\n<link rel=\"canonical\" href=\"https:\/\/valmeria.ee\/ru\/shop\/loikelilled\/gerbera\/\" \/>\n<meta property=\"og:locale\" content=\"ru_RU\" \/>\n<meta property=\"og:type\" content=\"article\" \/>\n<meta property=\"og:title\" content=\"Gerbera &quot;Germini&quot; &#8212; Valmeria Lilled\" \/>\n<meta property=\"og:description\" content=\"R\u00f5\u00f5msav\u00e4rviline kimp erinevatest gerberatest toob p\u00e4ikese ja hea tuju igasse p\u00e4eva ning sobib suurep\u00e4raseks kingituseks.\" \/>\n<meta property=\"og:url\" content=\"https:\/\/valmeria.ee\/ru\/shop\/loikelilled\/gerbera\/\" \/>\n<meta property=\"og:site_name\" content=\"Valmeria Lilled\" \/>\n<meta property=\"article:publisher\" content=\"https:\/\/www.facebook.com\/valmeria.lilled\" \/>\n<meta property=\"article:modified_time\" content=\"2025-10-21T12:46:57+00:00\" \/>\n<meta property=\"og:image\" content=\"https:\/\/valmeria.ee\/wp-content\/uploads\/2022\/02\/Gerbera_1.50-scaled.webp\" \/>\n\t<meta property=\"og:image:width\" content=\"2560\" \/>\n\t<meta property=\"og:image:height\" content=\"2560\" \/>\n\t<meta property=\"og:image:type\" content=\"image\/jpeg\" \/>\n<meta name=\"twitter:card\" content=\"summary_large_image\" \/>\n<script type=\"application\/ld+json\" class=\"yoast-schema-graph\">{\"@context\":\"https:\/\/schema.org\",\"@graph\":[{\"@type\":\"WebPage\",\"@id\":\"https:\/\/valmeria.ee\/shop\/loikelilled\/gerbera\/\",\"url\":\"https:\/\/valmeria.ee\/shop\/loikelilled\/gerbera\/\",\"name\":\"Gerbera \\\"Germini\\\" &#8212; Valmeria Lilled\",\"isPartOf\":{\"@id\":\"https:\/\/valmeria.ee\/#website\"},\"primaryImageOfPage\":{\"@id\":\"https:\/\/valmeria.ee\/shop\/loikelilled\/gerbera\/#primaryimage\"},\"image\":{\"@id\":\"https:\/\/valmeria.ee\/shop\/loikelilled\/gerbera\/#primaryimage\"},\"thumbnailUrl\":\"https:\/\/valmeria.ee\/wp-content\/uploads\/2022\/02\/Gerbera_1.50-scaled.webp\",\"datePublished\":\"2022-02-01T16:13:20+00:00\",\"dateModified\":\"2025-10-21T12:46:57+00:00\",\"description\":\"R\u00f5\u00f5msav\u00e4rviline kimp erinevatest gerberatest toob p\u00e4ikese ja hea tuju igasse p\u00e4eva ning sobib suurep\u00e4raseks kingituseks.\",\"breadcrumb\":{\"@id\":\"https:\/\/valmeria.ee\/shop\/loikelilled\/gerbera\/#breadcrumb\"},\"inLanguage\":\"ru-RU\",\"potentialAction\":[{\"@type\":\"ReadAction\",\"target\":[\"https:\/\/valmeria.ee\/shop\/loikelilled\/gerbera\/\"]}]},{\"@type\":\"ImageObject\",\"inLanguage\":\"ru-RU\",\"@id\":\"https:\/\/valmeria.ee\/shop\/loikelilled\/gerbera\/#primaryimage\",\"url\":\"https:\/\/valmeria.ee\/wp-content\/uploads\/2022\/02\/Gerbera_1.50-scaled.webp\",\"contentUrl\":\"https:\/\/valmeria.ee\/wp-content\/uploads\/2022\/02\/Gerbera_1.50-scaled.webp\",\"width\":2560,\"height\":2560},{\"@type\":\"BreadcrumbList\",\"@id\":\"https:\/\/valmeria.ee\/shop\/loikelilled\/gerbera\/#breadcrumb\",\"itemListElement\":[{\"@type\":\"ListItem\",\"position\":1,\"name\":\"\u0413\u043b\u0430\u0432\u043d\u0430\u044f \u0441\u0442\u0440\u0430\u043d\u0438\u0446\u0430\",\"item\":\"https:\/\/valmeria.ee\/\"},{\"@type\":\"ListItem\",\"position\":2,\"name\":\"Lillepood\",\"item\":\"https:\/\/valmeria.ee\/lillepood\/\"},{\"@type\":\"ListItem\",\"position\":3,\"name\":\"Gerbera &#8220;Germini&#8221;\"}]},{\"@type\":\"WebSite\",\"@id\":\"https:\/\/valmeria.ee\/#website\",\"url\":\"https:\/\/valmeria.ee\/\",\"name\":\"Valmeria Lilled\",\"description\":\"Lillepood Tallinnas kiire kuller 10&euro; Tallinna piires.\",\"publisher\":{\"@id\":\"https:\/\/valmeria.ee\/#organization\"},\"potentialAction\":[{\"@type\":\"SearchAction\",\"target\":{\"@type\":\"EntryPoint\",\"urlTemplate\":\"https:\/\/valmeria.ee\/?s={search_term_string}\"},\"query-input\":{\"@type\":\"PropertyValueSpecification\",\"valueRequired\":true,\"valueName\":\"search_term_string\"}}],\"inLanguage\":\"ru-RU\"},{\"@type\":\"Organization\",\"@id\":\"https:\/\/valmeria.ee\/#organization\",\"name\":\"Valmeria Lilled\",\"url\":\"https:\/\/valmeria.ee\/\",\"logo\":{\"@type\":\"ImageObject\",\"inLanguage\":\"ru-RU\",\"@id\":\"https:\/\/valmeria.ee\/#\/schema\/logo\/image\/\",\"url\":\"https:\/\/valmeria.ee\/wp-content\/uploads\/2021\/12\/Valmeria-logo.png\",\"contentUrl\":\"https:\/\/valmeria.ee\/wp-content\/uploads\/2021\/12\/Valmeria-logo.png\",\"width\":480,\"height\":240,\"caption\":\"Valmeria Lilled\"},\"image\":{\"@id\":\"https:\/\/valmeria.ee\/#\/schema\/logo\/image\/\"},\"sameAs\":[\"https:\/\/www.facebook.com\/valmeria.lilled\",\"https:\/\/www.instagram.com\/valmeria.lilled\/\"]}]}<\/script>\n<!-- \/ Yoast SEO plugin. -->","yoast_head_json":{"title":"Gerbera \"Germini\" &#8212; Valmeria Lilled","description":"R\u00f5\u00f5msav\u00e4rviline kimp erinevatest gerberatest toob p\u00e4ikese ja hea tuju igasse p\u00e4eva ning sobib suurep\u00e4raseks kingituseks.","robots":{"index":"index","follow":"follow","max-snippet":"max-snippet:-1","max-image-preview":"max-image-preview:large","max-video-preview":"max-video-preview:-1"},"canonical":"https:\/\/valmeria.ee\/ru\/shop\/loikelilled\/gerbera\/","og_locale":"ru_RU","og_type":"article","og_title":"Gerbera \"Germini\" &#8212; Valmeria Lilled","og_description":"R\u00f5\u00f5msav\u00e4rviline kimp erinevatest gerberatest toob p\u00e4ikese ja hea tuju igasse p\u00e4eva ning sobib suurep\u00e4raseks kingituseks.","og_url":"https:\/\/valmeria.ee\/ru\/shop\/loikelilled\/gerbera\/","og_site_name":"Valmeria Lilled","article_publisher":"https:\/\/www.facebook.com\/valmeria.lilled","article_modified_time":"2025-10-21T12:46:57+00:00","og_image":[{"width":2560,"height":2560,"url":"https:\/\/valmeria.ee\/wp-content\/uploads\/2022\/02\/Gerbera_1.50-scaled.webp","type":"image\/jpeg"}],"twitter_card":"summary_large_image","schema":{"@context":"https:\/\/schema.org","@graph":[{"@type":"WebPage","@id":"https:\/\/valmeria.ee\/shop\/loikelilled\/gerbera\/","url":"https:\/\/valmeria.ee\/shop\/loikelilled\/gerbera\/","name":"Gerbera \"Germini\" &#8212; Valmeria Lilled","isPartOf":{"@id":"https:\/\/valmeria.ee\/#website"},"primaryImageOfPage":{"@id":"https:\/\/valmeria.ee\/shop\/loikelilled\/gerbera\/#primaryimage"},"image":{"@id":"https:\/\/valmeria.ee\/shop\/loikelilled\/gerbera\/#primaryimage"},"thumbnailUrl":"https:\/\/valmeria.ee\/wp-content\/uploads\/2022\/02\/Gerbera_1.50-scaled.webp","datePublished":"2022-02-01T16:13:20+00:00","dateModified":"2025-10-21T12:46:57+00:00","description":"R\u00f5\u00f5msav\u00e4rviline kimp erinevatest gerberatest toob p\u00e4ikese ja hea tuju igasse p\u00e4eva ning sobib suurep\u00e4raseks kingituseks.","breadcrumb":{"@id":"https:\/\/valmeria.ee\/shop\/loikelilled\/gerbera\/#breadcrumb"},"inLanguage":"ru-RU","potentialAction":[{"@type":"ReadAction","target":["https:\/\/valmeria.ee\/shop\/loikelilled\/gerbera\/"]}]},{"@type":"ImageObject","inLanguage":"ru-RU","@id":"https:\/\/valmeria.ee\/shop\/loikelilled\/gerbera\/#primaryimage","url":"https:\/\/valmeria.ee\/wp-content\/uploads\/2022\/02\/Gerbera_1.50-scaled.webp","contentUrl":"https:\/\/valmeria.ee\/wp-content\/uploads\/2022\/02\/Gerbera_1.50-scaled.webp","width":2560,"height":2560},{"@type":"BreadcrumbList","@id":"https:\/\/valmeria.ee\/shop\/loikelilled\/gerbera\/#breadcrumb","itemListElement":[{"@type":"ListItem","position":1,"name":"\u0413\u043b\u0430\u0432\u043d\u0430\u044f \u0441\u0442\u0440\u0430\u043d\u0438\u0446\u0430","item":"https:\/\/valmeria.ee\/"},{"@type":"ListItem","position":2,"name":"Lillepood","item":"https:\/\/valmeria.ee\/lillepood\/"},{"@type":"ListItem","position":3,"name":"Gerbera &#8220;Germini&#8221;"}]},{"@type":"WebSite","@id":"https:\/\/valmeria.ee\/#website","url":"https:\/\/valmeria.ee\/","name":"Valmeria Lilled","description":"Lillepood Tallinnas kiire kuller 10&euro; Tallinna piires.","publisher":{"@id":"https:\/\/valmeria.ee\/#organization"},"potentialAction":[{"@type":"SearchAction","target":{"@type":"EntryPoint","urlTemplate":"https:\/\/valmeria.ee\/?s={search_term_string}"},"query-input":{"@type":"PropertyValueSpecification","valueRequired":true,"valueName":"search_term_string"}}],"inLanguage":"ru-RU"},{"@type":"Organization","@id":"https:\/\/valmeria.ee\/#organization","name":"Valmeria Lilled","url":"https:\/\/valmeria.ee\/","logo":{"@type":"ImageObject","inLanguage":"ru-RU","@id":"https:\/\/valmeria.ee\/#\/schema\/logo\/image\/","url":"https:\/\/valmeria.ee\/wp-content\/uploads\/2021\/12\/Valmeria-logo.png","contentUrl":"https:\/\/valmeria.ee\/wp-content\/uploads\/2021\/12\/Valmeria-logo.png","width":480,"height":240,"caption":"Valmeria Lilled"},"image":{"@id":"https:\/\/valmeria.ee\/#\/schema\/logo\/image\/"},"sameAs":["https:\/\/www.facebook.com\/valmeria.lilled","https:\/\/www.instagram.com\/valmeria.lilled\/"]}]}},"_links":{"self":[{"href":"https:\/\/valmeria.ee\/ru\/wp-json\/wp\/v2\/product\/9610","targetHints":{"allow":["GET"]}}],"collection":[{"href":"https:\/\/valmeria.ee\/ru\/wp-json\/wp\/v2\/product"}],"about":[{"href":"https:\/\/valmeria.ee\/ru\/wp-json\/wp\/v2\/types\/product"}],"wp:featuredmedia":[{"embeddable":true,"href":"https:\/\/valmeria.ee\/ru\/wp-json\/wp\/v2\/media\/9407"}],"wp:attachment":[{"href":"https:\/\/valmeria.ee\/ru\/wp-json\/wp\/v2\/media?parent=9610"}],"wp:term":[{"taxonomy":"product_brand","embeddable":true,"href":"https:\/\/valmeria.ee\/ru\/wp-json\/wp\/v2\/product_brand?post=9610"},{"taxonomy":"product_cat","embeddable":true,"href":"https:\/\/valmeria.ee\/ru\/wp-json\/wp\/v2\/product_cat?post=9610"},{"taxonomy":"product_tag","embeddable":true,"href":"https:\/\/valmeria.ee\/ru\/wp-json\/wp\/v2\/product_tag?post=9610"}],"curies":[{"name":"wp","href":"https:\/\/api.w.org\/{rel}","templated":true}]}}